{"id":395,"date":"2020-12-28T14:07:47","date_gmt":"2020-12-28T14:07:47","guid":{"rendered":"https:\/\/migrate.worlddancemovement.com\/?page_id=395"},"modified":"2023-07-26T17:10:20","modified_gmt":"2023-07-26T17:10:20","slug":"bruno-collinet","status":"publish","type":"page","link":"https:\/\/worlddancemovement.com\/fr\/faculty-italy\/bruno-collinet\/","title":{"rendered":"Bruno Collinet"},"content":{"rendered":"<div data-elementor-type=\"wp-page\" data-elementor-id=\"395\" class=\"elementor elementor-395\" data-elementor-post-type=\"page\">\n\t\t\t\t\t\t<section class=\"elementor-section elementor-top-section elementor-element elementor-element-94ec49d elementor-section-full_width elementor-section-height-min-height elementor-section-height-default elementor-section-items-middle\" data-id=\"94ec49d\" data-element_type=\"section\" data-e-type=\"section\" data-settings=\"{&quot;background_background&quot;:&quot;classic&quot;}\">\n\t\t\t\t\t\t\t<div class=\"elementor-background-overlay\"><\/div>\n\t\t\t\t\t\t\t<div class=\"elementor-container elementor-column-gap-no\">\n\t\t\t\t\t<div class=\"elementor-column elementor-col-100 elementor-top-column elementor-element elementor-element-8268956\" data-id=\"8268956\" data-element_type=\"column\" data-e-type=\"column\">\n\t\t\t<div class=\"elementor-widget-wrap elementor-element-populated\">\n\t\t\t\t\t\t<div class=\"elementor-element elementor-element-5016628 elementor-widget elementor-widget-heading\" data-id=\"5016628\" data-element_type=\"widget\" data-e-type=\"widget\" data-widget_type=\"heading.default\">\n\t\t\t\t<div class=\"elementor-widget-container\">\n\t\t\t\t\t<h2 class=\"elementor-heading-title elementor-size-default\">BRUNO COLLINET<\/h2>\t\t\t\t<\/div>\n\t\t\t\t<\/div>\n\t\t\t\t<div class=\"elementor-element elementor-element-a86216f elementor-widget-divider--view-line elementor-widget elementor-widget-divider\" data-id=\"a86216f\" data-element_type=\"widget\" data-e-type=\"widget\" data-widget_type=\"divider.default\">\n\t\t\t\t<div class=\"elementor-widget-container\">\n\t\t\t\t\t\t\t<div class=\"elementor-divider\">\n\t\t\t<span class=\"elementor-divider-separator\">\n\t\t\t\t\t\t<\/span>\n\t\t<\/div>\n\t\t\t\t\t\t<\/div>\n\t\t\t\t<\/div>\n\t\t\t\t\t<\/div>\n\t\t<\/div>\n\t\t\t\t\t<\/div>\n\t\t<\/section>\n\t\t\t\t<section class=\"elementor-section elementor-top-section elementor-element elementor-element-a2d6cca elementor-section-full_width elementor-section-height-default elementor-section-height-default\" data-id=\"a2d6cca\" data-element_type=\"section\" data-e-type=\"section\">\n\t\t\t\t\t\t<div class=\"elementor-container elementor-column-gap-default\">\n\t\t\t\t\t<div class=\"elementor-column elementor-col-100 elementor-top-column elementor-element elementor-element-a45c6d3\" data-id=\"a45c6d3\" data-element_type=\"column\" data-e-type=\"column\">\n\t\t\t<div class=\"elementor-widget-wrap elementor-element-populated\">\n\t\t\t\t\t\t<div class=\"elementor-element elementor-element-f854b1f elementor-widget elementor-widget-heading\" data-id=\"f854b1f\" data-element_type=\"widget\" data-e-type=\"widget\" data-widget_type=\"heading.default\">\n\t\t\t\t<div class=\"elementor-widget-container\">\n\t\t\t\t\t<h2 class=\"elementor-heading-title elementor-size-default\">CONTEMPORAIN - FRANCE\n\n\n\n\n<\/h2>\t\t\t\t<\/div>\n\t\t\t\t<\/div>\n\t\t\t\t<div class=\"elementor-element elementor-element-3947f8e elementor-widget elementor-widget-text-editor\" data-id=\"3947f8e\" data-element_type=\"widget\" data-e-type=\"widget\" data-widget_type=\"text-editor.default\">\n\t\t\t\t<div class=\"elementor-widget-container\">\n\t\t\t\t\t\t\t\t\t<p>Chor\u00e9graphe de la nouvelle vague, Bruno Collinet puise son originalit\u00e9 dans son grand sens de la mise en sc\u00e8ne tant chor\u00e9graphique que technique. De formation classique, jazz moderne et contemporaine, Bruno s&#039;enrichit des techniques du son, de la lumi\u00e8re, des costumes et de la musique.<\/p><p>Professeur de renomm\u00e9e internationale, il \u00e9volue et promeut son style unique \u00e0 travers diverses compagnies en Isra\u00ebl, Italie, Su\u00e8de, Norv\u00e8ge, S\u00e9n\u00e9gal, Asie et Am\u00e9rique. En 1994, il fonde sa propre compagnie \u00ab Les Espaces Inquiets \u00bb et cr\u00e9e de nombreuses chor\u00e9graphies pour les Hivers d&#039;Avignon et les Estivales Studio Harmonic du Th\u00e9\u00e2tre des Bouffes du Nord.<\/p><p>Li\u00e9 \u00e0 l&#039;art du th\u00e9\u00e2tre depuis ses d\u00e9buts, il collabore avec plusieurs cr\u00e9ateurs de sc\u00e8ne tels que James Thor, Jacques Dombrowski et Marjorie Nakache. Il est \u00e9galement chor\u00e9graphe de nombreuses revues de Music Hall. En revanche, il assiste aux \u00e9missions de t\u00e9l\u00e9vision Line Renaud, Cl\u00e9mentine C\u00e9lari\u00e9, Pauline Esther, Else, Brigitte Lahaie, Philippe L\u00e9otard et chor\u00e9graphie pour la t\u00e9l\u00e9vision italienne et espagnole les \u00e9missions de Rafaella Cara.<\/p><p>Son parcours \u00e9clectique et diversifi\u00e9 le conduit vers la com\u00e9die musicale o\u00f9 il chor\u00e9graphie \u00ab De Fred Astaire \u00e0 nos jours \u00bb et \u00ab Piaf je t&#039;aime \u00bb avec Nathalie Cerda au Cirque d&#039;Hiver. Int\u00e9ress\u00e9 par toutes les formes de spectacles, au b\u00e9n\u00e9fice de ses diverses \u00ab exp\u00e9riences \u00bb, synth\u00e8se de sa pens\u00e9e de danseur, professeur, chor\u00e9graphe mais aussi spectateur.<\/p><p>Son cours est construit sur des \u00e9l\u00e9ments simples : poids corporel, contact au sol, kinesph\u00e8re et rel\u00e2chement articulaire. Ses exercices compos\u00e9s conduisent \u00e0 une restructuration musculaire, \u00e0 un placement de base efficace et solide qui permet l&#039;ex\u00e9cution naturelle de la difficult\u00e9. Il propose, \u00e0 travers ses variations, un travail diff\u00e9rent sur les mouvements du haut du corps en d\u00e9s\u00e9quilibre, les \u00ab pauses \u00bb \u00e9nerg\u00e9tiques, l&#039;\u00e9coute de musique. \u00ab Il y a une intelligence corporelle, une logique articulaire et musculaire, qui permet de progresser rapidement et efficacement. \u00bb\u00a0<\/p><p>Regardez l&#039;une des pi\u00e8ces qu&#039;il a chor\u00e9graphi\u00e9es pour WDM Italie <a href=\"https:\/\/www.youtube.com\/watch?v=cOFm0yFkL_8\" target=\"_blank\" rel=\"noopener\">ici<\/a>.<\/p><p>Vous pouvez acheter son DVD dans notre boutique en ligne : <a href=\"https:\/\/worlddancemovement.com\/fr\/produit\/contemporary-warm-up-dvd-with-bruno-collinet\/\" target=\"_blank\" rel=\"noopener\">\u00c9chauffement contemporain avec Bruno Collinet.<\/a><\/p>\t\t\t\t\t\t\t\t<\/div>\n\t\t\t\t<\/div>\n\t\t\t\t\t<\/div>\n\t\t<\/div>\n\t\t\t\t\t<\/div>\n\t\t<\/section>\n\t\t\t\t<\/div>","protected":false},"excerpt":{"rendered":"<p>BRUNO COLLINET CONTEMPORARY &#8211; FRANCE Choreographer of the new wave, Bruno Collinet draws his originality in his great sense of staging both choreographic and technical. From classical, modern jazz and contemporary training, Bruno enriches himself with techniques of sound, light, costumes and music. Internationally renowned professor, he evolves and promotes his unique style through various [&hellip;]<\/p>\n","protected":false},"author":6,"featured_media":0,"parent":329,"menu_order":0,"comment_status":"closed","ping_status":"closed","template":"","meta":{"_acf_changed":false,"site-sidebar-layout":"no-sidebar","site-content-layout":"page-builder","ast-site-content-layout":"default","site-content-style":"default","site-sidebar-style":"default","ast-global-header-display":"","ast-banner-title-visibility":"","ast-main-header-display":"","ast-hfb-above-header-display":"","ast-hfb-below-header-display":"","ast-hfb-mobile-header-display":"","site-post-title":"disabled","ast-breadcrumbs-content":"","ast-featured-img":"disabled","footer-sml-layout":"","ast-disable-related-posts":"","theme-transparent-header-meta":"default","adv-header-id-meta":"","stick-header-meta":"default","header-above-stick-meta":"","header-main-stick-meta":"","header-below-stick-meta":"","astra-migrate-meta-layouts":"default","ast-page-background-enabled":"default","ast-page-background-meta":{"desktop":{"background-color":"","background-image":"","background-repeat":"repeat","background-position":"center center","background-size":"auto","background-attachment":"scroll","background-type":"","background-media":"","overlay-type":"","overlay-color":"","overlay-opacity":"","overlay-gradient":""},"tablet":{"background-color":"","background-image":"","background-repeat":"repeat","background-position":"center center","background-size":"auto","background-attachment":"scroll","background-type":"","background-media":"","overlay-type":"","overlay-color":"","overlay-opacity":"","overlay-gradient":""},"mobile":{"background-color":"","background-image":"","background-repeat":"repeat","background-position":"center center","background-size":"auto","background-attachment":"scroll","background-type":"","background-media":"","overlay-type":"","overlay-color":"","overlay-opacity":"","overlay-gradient":""}},"ast-content-background-meta":{"desktop":{"background-color":"var(--ast-global-color-5)","background-image":"","background-repeat":"repeat","background-position":"center center","background-size":"auto","background-attachment":"scroll","background-type":"","background-media":"","overlay-type":"","overlay-color":"","overlay-opacity":"","overlay-gradient":""},"tablet":{"background-color":"var(--ast-global-color-5)","background-image":"","background-repeat":"repeat","background-position":"center center","background-size":"auto","background-attachment":"scroll","background-type":"","background-media":"","overlay-type":"","overlay-color":"","overlay-opacity":"","overlay-gradient":""},"mobile":{"background-color":"var(--ast-global-color-5)","background-image":"","background-repeat":"repeat","background-position":"center center","background-size":"auto","background-attachment":"scroll","background-type":"","background-media":"","overlay-type":"","overlay-color":"","overlay-opacity":"","overlay-gradient":""}},"footnotes":""},"class_list":["post-395","page","type-page","status-publish","hentry"],"acf":[],"jetpack_sharing_enabled":true,"_links":{"self":[{"href":"https:\/\/worlddancemovement.com\/fr\/wp-json\/wp\/v2\/pages\/395","targetHints":{"allow":["GET"]}}],"collection":[{"href":"https:\/\/worlddancemovement.com\/fr\/wp-json\/wp\/v2\/pages"}],"about":[{"href":"https:\/\/worlddancemovement.com\/fr\/wp-json\/wp\/v2\/types\/page"}],"author":[{"embeddable":true,"href":"https:\/\/worlddancemovement.com\/fr\/wp-json\/wp\/v2\/users\/6"}],"replies":[{"embeddable":true,"href":"https:\/\/worlddancemovement.com\/fr\/wp-json\/wp\/v2\/comments?post=395"}],"version-history":[{"count":10,"href":"https:\/\/worlddancemovement.com\/fr\/wp-json\/wp\/v2\/pages\/395\/revisions"}],"predecessor-version":[{"id":11724,"href":"https:\/\/worlddancemovement.com\/fr\/wp-json\/wp\/v2\/pages\/395\/revisions\/11724"}],"up":[{"embeddable":true,"href":"https:\/\/worlddancemovement.com\/fr\/wp-json\/wp\/v2\/pages\/329"}],"wp:attachment":[{"href":"https:\/\/worlddancemovement.com\/fr\/wp-json\/wp\/v2\/media?parent=395"}],"curies":[{"name":"wp","href":"https:\/\/api.w.org\/{rel}","templated":true}]}}