{"id":415,"date":"2020-12-28T14:15:19","date_gmt":"2020-12-28T14:15:19","guid":{"rendered":"https:\/\/migrate.worlddancemovement.com\/?page_id=415"},"modified":"2024-01-24T16:52:57","modified_gmt":"2024-01-24T16:52:57","slug":"joshua-pelatzky-cd","status":"publish","type":"page","link":"https:\/\/worlddancemovement.com\/fr\/faculty-italy\/joshua-pelatzky-cd\/","title":{"rendered":"JOSHUA PELATZKI"},"content":{"rendered":"<div data-elementor-type=\"wp-page\" data-elementor-id=\"415\" class=\"elementor elementor-415\" data-elementor-post-type=\"page\">\n\t\t\t\t\t\t<section class=\"elementor-section elementor-top-section elementor-element elementor-element-94ec49d elementor-section-full_width elementor-section-height-min-height elementor-section-height-default elementor-section-items-middle\" data-id=\"94ec49d\" data-element_type=\"section\" data-e-type=\"section\" data-settings=\"{&quot;background_background&quot;:&quot;classic&quot;}\">\n\t\t\t\t\t\t\t<div class=\"elementor-background-overlay\"><\/div>\n\t\t\t\t\t\t\t<div class=\"elementor-container elementor-column-gap-no\">\n\t\t\t\t\t<div class=\"elementor-column elementor-col-100 elementor-top-column elementor-element elementor-element-8268956\" data-id=\"8268956\" data-element_type=\"column\" data-e-type=\"column\">\n\t\t\t<div class=\"elementor-widget-wrap elementor-element-populated\">\n\t\t\t\t\t\t<div class=\"elementor-element elementor-element-5016628 elementor-widget elementor-widget-heading\" data-id=\"5016628\" data-element_type=\"widget\" data-e-type=\"widget\" data-widget_type=\"heading.default\">\n\t\t\t\t<div class=\"elementor-widget-container\">\n\t\t\t\t\t<h2 class=\"elementor-heading-title elementor-size-default\">JOSHUA PELATZKI\n<\/h2>\t\t\t\t<\/div>\n\t\t\t\t<\/div>\n\t\t\t\t<div class=\"elementor-element elementor-element-a86216f elementor-widget-divider--view-line elementor-widget elementor-widget-divider\" data-id=\"a86216f\" data-element_type=\"widget\" data-e-type=\"widget\" data-widget_type=\"divider.default\">\n\t\t\t\t<div class=\"elementor-widget-container\">\n\t\t\t\t\t\t\t<div class=\"elementor-divider\">\n\t\t\t<span class=\"elementor-divider-separator\">\n\t\t\t\t\t\t<\/span>\n\t\t<\/div>\n\t\t\t\t\t\t<\/div>\n\t\t\t\t<\/div>\n\t\t\t\t\t<\/div>\n\t\t<\/div>\n\t\t\t\t\t<\/div>\n\t\t<\/section>\n\t\t\t\t<section class=\"elementor-section elementor-top-section elementor-element elementor-element-a2d6cca elementor-section-full_width elementor-section-height-default elementor-section-height-default\" data-id=\"a2d6cca\" data-element_type=\"section\" data-e-type=\"section\">\n\t\t\t\t\t\t<div class=\"elementor-container elementor-column-gap-default\">\n\t\t\t\t\t<div class=\"elementor-column elementor-col-100 elementor-top-column elementor-element elementor-element-a45c6d3\" data-id=\"a45c6d3\" data-element_type=\"column\" data-e-type=\"column\">\n\t\t\t<div class=\"elementor-widget-wrap elementor-element-populated\">\n\t\t\t\t\t\t<div class=\"elementor-element elementor-element-f854b1f elementor-widget elementor-widget-heading\" data-id=\"f854b1f\" data-element_type=\"widget\" data-e-type=\"widget\" data-widget_type=\"heading.default\">\n\t\t\t\t<div class=\"elementor-widget-container\">\n\t\t\t\t\t<h2 class=\"elementor-heading-title elementor-size-default\">JOSHUA PELATZKI <font color=\"#000000\"><span style=\"font-weight: 400\"> <\/span><\/font>- \ud83c\uddfa\ud83c\uddf8 \u00c9tats-Unis<br>COURS\u00a0: VID\u00c9O CONTEMPORAINE ET COMMERCIALE + PR\u00c9PARATION DU DANSEUR DE SECOURS\n\n\n\n\n\n\n\n<\/h2>\t\t\t\t<\/div>\n\t\t\t\t<\/div>\n\t\t\t\t<div class=\"elementor-element elementor-element-494939a elementor-widget elementor-widget-gallery\" data-id=\"494939a\" data-element_type=\"widget\" data-e-type=\"widget\" data-settings=\"{&quot;columns&quot;:3,&quot;lazyload&quot;:&quot;yes&quot;,&quot;gallery_layout&quot;:&quot;grid&quot;,&quot;columns_tablet&quot;:2,&quot;columns_mobile&quot;:1,&quot;gap&quot;:{&quot;unit&quot;:&quot;px&quot;,&quot;size&quot;:10,&quot;sizes&quot;:[]},&quot;gap_tablet&quot;:{&quot;unit&quot;:&quot;px&quot;,&quot;size&quot;:10,&quot;sizes&quot;:[]},&quot;gap_mobile&quot;:{&quot;unit&quot;:&quot;px&quot;,&quot;size&quot;:10,&quot;sizes&quot;:[]},&quot;link_to&quot;:&quot;file&quot;,&quot;aspect_ratio&quot;:&quot;3:2&quot;,&quot;overlay_background&quot;:&quot;yes&quot;,&quot;content_hover_animation&quot;:&quot;fade-in&quot;}\" data-widget_type=\"gallery.default\">\n\t\t\t\t<div class=\"elementor-widget-container\">\n\t\t\t\t\t\t\t<div class=\"elementor-gallery__container\">\n\t\t\t\t\t\t\t<a class=\"e-gallery-item elementor-gallery-item elementor-animated-content\" href=\"https:\/\/worlddancemovement.com\/wp-content\/uploads\/2022\/01\/JOSHUA-PELATZKY.jpg\" data-elementor-open-lightbox=\"yes\" data-elementor-lightbox-slideshow=\"494939a\" data-elementor-lightbox-title=\"JOSHUA PELATZKY\" data-e-action-hash=\"#elementor-action%3Aaction%3Dlightbox%26settings%3DeyJpZCI6NjcyMiwidXJsIjoiaHR0cHM6XC9cL3dvcmxkZGFuY2Vtb3ZlbWVudC5jb21cL3dwLWNvbnRlbnRcL3VwbG9hZHNcLzIwMjJcLzAxXC9KT1NIVUEtUEVMQVRaS1kuanBnIiwic2xpZGVzaG93IjoiNDk0OTM5YSJ9\">\n\t\t\t\t\t<div class=\"e-gallery-image elementor-gallery-item__image\" data-thumbnail=\"https:\/\/worlddancemovement.com\/wp-content\/uploads\/2022\/01\/JOSHUA-PELATZKY.jpg\" data-width=\"800\" data-height=\"640\" aria-label=\"\" role=\"img\" ><\/div>\n\t\t\t\t\t\t\t\t\t\t\t<div class=\"elementor-gallery-item__overlay\"><\/div>\n\t\t\t\t\t\t\t\t\t\t\t\t\t\t<\/a>\n\t\t\t\t\t\t\t<a class=\"e-gallery-item elementor-gallery-item elementor-animated-content\" href=\"https:\/\/worlddancemovement.com\/wp-content\/uploads\/2022\/01\/Joshua-Pelatzky-1.png\" data-elementor-open-lightbox=\"yes\" data-elementor-lightbox-slideshow=\"494939a\" data-elementor-lightbox-title=\"Joshua Pelatzky\" data-e-action-hash=\"#elementor-action%3Aaction%3Dlightbox%26settings%3DeyJpZCI6NzMwOSwidXJsIjoiaHR0cHM6XC9cL3dvcmxkZGFuY2Vtb3ZlbWVudC5jb21cL3dwLWNvbnRlbnRcL3VwbG9hZHNcLzIwMjJcLzAxXC9Kb3NodWEtUGVsYXR6a3ktMS5wbmciLCJzbGlkZXNob3ciOiI0OTQ5MzlhIn0%3D\">\n\t\t\t\t\t<div class=\"e-gallery-image elementor-gallery-item__image\" data-thumbnail=\"https:\/\/worlddancemovement.com\/wp-content\/uploads\/2022\/01\/Joshua-Pelatzky-1-1024x683.png\" data-width=\"1024\" data-height=\"683\" aria-label=\"Joshua Pelatzky - World Dance Movement - atelier de danse\" role=\"img\" ><\/div>\n\t\t\t\t\t\t\t\t\t\t\t<div class=\"elementor-gallery-item__overlay\"><\/div>\n\t\t\t\t\t\t\t\t\t\t\t\t\t\t<\/a>\n\t\t\t\t\t\t\t<a class=\"e-gallery-item elementor-gallery-item elementor-animated-content\" href=\"https:\/\/worlddancemovement.com\/wp-content\/uploads\/2022\/01\/joshua-15.png\" data-elementor-open-lightbox=\"yes\" data-elementor-lightbox-slideshow=\"494939a\" data-elementor-lightbox-title=\"Joshua Pelatzky\" data-e-action-hash=\"#elementor-action%3Aaction%3Dlightbox%26settings%3DeyJpZCI6NzMzOCwidXJsIjoiaHR0cHM6XC9cL3dvcmxkZGFuY2Vtb3ZlbWVudC5jb21cL3dwLWNvbnRlbnRcL3VwbG9hZHNcLzIwMjJcLzAxXC9qb3NodWEtMTUucG5nIiwic2xpZGVzaG93IjoiNDk0OTM5YSJ9\">\n\t\t\t\t\t<div class=\"e-gallery-image elementor-gallery-item__image\" data-thumbnail=\"https:\/\/worlddancemovement.com\/wp-content\/uploads\/2022\/01\/joshua-15-819x1024.png\" data-width=\"819\" data-height=\"1024\" aria-label=\"Joshua Pelatzky - World Dance Movement - atelier de danse\" role=\"img\" ><\/div>\n\t\t\t\t\t\t\t\t\t\t\t<div class=\"elementor-gallery-item__overlay\"><\/div>\n\t\t\t\t\t\t\t\t\t\t\t\t\t\t<\/a>\n\t\t\t\t\t<\/div>\n\t\t\t\t\t<\/div>\n\t\t\t\t<\/div>\n\t\t\t\t<div class=\"elementor-element elementor-element-3947f8e elementor-widget elementor-widget-text-editor\" data-id=\"3947f8e\" data-element_type=\"widget\" data-e-type=\"widget\" data-widget_type=\"text-editor.default\">\n\t\t\t\t<div class=\"elementor-widget-container\">\n\t\t\t\t\t\t\t\t\tJoshua Pelatzky, originaire de Californie, a re\u00e7u l&#039;essentiel de sa formation \u00e0 Dallas, au Texas, commen\u00e7ant par la danse Irish Step, puis passant \u00e0 d&#039;autres formes. \u00c0 15 ans, on lui propose de rejoindre la Bruce Wood Modern Dance Company comme apprenti avant de devenir membre de la compagnie la saison suivante. Il poursuit sa formation \u00e0 l\u2019Alvin Ailey School, au Broadway Theatre Project et au Ballet Magnificat. \n\n\t\t\t\t\t\t\t\t<\/div>\n\t\t\t\t<\/div>\n\t\t\t\t<div class=\"elementor-element elementor-element-b0ff2af elementor-widget elementor-widget-text-editor\" data-id=\"b0ff2af\" data-element_type=\"widget\" data-e-type=\"widget\" data-widget_type=\"text-editor.default\">\n\t\t\t\t<div class=\"elementor-widget-container\">\n\t\t\t\t\t\t\t\t\t<p>Joshua est en tourn\u00e9e avec Betty Who depuis 7 ans. Il a jou\u00e9 dans des com\u00e9dies musicales telles que The Music Man, Bye Bye Birdie et Joseph and the Amazing Technicolor Dreamcoat et s&#039;est vu offrir un r\u00f4le de swing lors de la premi\u00e8re tourn\u00e9e nationale de &quot;CATS&quot; \u00e0 16 ans. Joshua a \u00e9galement \u00e9t\u00e9 vu dans des productions industrielles pour Bob Mackie, JC Penney, L&#039;Or\u00e9al et la Designers Institute Foundation Fighting AIDS. Il a mis en sc\u00e8ne une production industrielle pour Diesel dans le sud de l&#039;Italie, pour laquelle il a \u00e9galement jou\u00e9. Il a fait une apparition dans &#039;<i>A\u00efda&#039;<\/i>\u00a0dans le comt\u00e9 d&#039;Orange, en tant qu&#039;assistant chor\u00e9graphe. Joshua a \u00e9t\u00e9 pr\u00e9sent\u00e9 sur Style.com\/Vogue dans leur s\u00e9rie \u00ab Model Challenge \u00bb. Il a aid\u00e9 Mich\u00e8le Assaf dans de nombreux projets, l&#039;un des derniers en date \u00e9tant Medical Miracles de Learning Channel avec Phineas Newborn et la s\u00e9rie Tezero Live @ DVD, o\u00f9 il a \u00e9galement \u00e9t\u00e9 pr\u00e9sent\u00e9 en tant que professeur et danseur. Joshua a interpr\u00e9t\u00e9 des pi\u00e8ces de nombreux chor\u00e9graphes, parmi les plus populaires du moment \u00e9tant Mandy Moore, Desmond Richardson, Wes Veldink, Margie Gilis et Bruno Collinet. R\u00e9cemment, il a \u00e9t\u00e9 vu dans la chor\u00e9graphie de Travis Wall sur MTV VMA. Et a \u00e9t\u00e9 un artiste vedette du \u00ab Mental Head Circus \u00bb de Terry Beeman. Joshua vient de rentrer d&#039;Australie o\u00f9 il \u00e9tait membre du casting de &quot;Freeze Frame&quot; de Debbie Allen.<\/p>\t\t\t\t\t\t\t\t<\/div>\n\t\t\t\t<\/div>\n\t\t\t\t<div class=\"elementor-element elementor-element-055ec71 elementor-widget elementor-widget-video\" data-id=\"055ec71\" data-element_type=\"widget\" data-e-type=\"widget\" data-settings=\"{&quot;youtube_url&quot;:&quot;https:\\\/\\\/www.youtube.com\\\/watch?v=Ym_WobgA8WM&quot;,&quot;video_type&quot;:&quot;youtube&quot;,&quot;controls&quot;:&quot;yes&quot;}\" data-widget_type=\"video.default\">\n\t\t\t\t<div class=\"elementor-widget-container\">\n\t\t\t\t\t\t\t<div class=\"elementor-wrapper elementor-open-inline\">\n\t\t\t<div class=\"elementor-video\"><\/div>\t\t<\/div>\n\t\t\t\t\t\t<\/div>\n\t\t\t\t<\/div>\n\t\t\t\t<div class=\"elementor-element elementor-element-e38c931 elementor-widget elementor-widget-text-editor\" data-id=\"e38c931\" data-element_type=\"widget\" data-e-type=\"widget\" data-widget_type=\"text-editor.default\">\n\t\t\t\t<div class=\"elementor-widget-container\">\n\t\t\t\t\t\t\t\t\t<p>Joshua a re\u00e7u de nombreux prix en chor\u00e9graphie, dont celui de chor\u00e9graphe de l&#039;ann\u00e9e et de jeune chor\u00e9graphe de l&#039;ann\u00e9e. Il a \u00e9t\u00e9 pr\u00e9sent\u00e9 dans plusieurs vitrines internationales, notamment Carnival, Broadway Underground, Sirens After Dark, Botega, World Dance Movement et Broadway a Tropea. Joshua a chor\u00e9graphi\u00e9 et dans\u00e9 dans le clip \u00ab DNA \u00bb de Darwin Deez, ce qui lui a valu une nomination pour un UK Music Video Award. Il a \u00e9galement \u00e9t\u00e9 charg\u00e9 de r\u00e9aliser des travaux sp\u00e9cifiques au site pour les ouvertures de galeries d&#039;art. Il a enseign\u00e9 le jazz contemporain et de rue au Japon, au Canada, en France, en Italie, en Pologne, en R\u00e9publique tch\u00e8que, en Suisse, aux Pays-Bas, en Espagne et en Isra\u00ebl. Joshua est membre du corps professoral du Broadway Dance Center \u00e0 New York et du EDGE \u00e0 Los Angeles. Suivez-le \u00e9galement \u00e0 travers le monde au World Dance Movement.<\/p><p><br><\/p>\n<p><\/p>\n<h4 style=\"font-size: 1.111111rem; font-style: normal;\"><b>Pour apprendre plus<\/b><\/h4>\n<p style=\"font-size: 18px; font-style: normal; caret-color: #000000; color: #000000; font-family: Oswald, sans-serif;\"><a style=\"font-size: 18px; transition-property: all;\" href=\"https:\/\/www.weflowexperience.com\/\">SITE WEB DE JOSHUA<\/a><\/p>\n<p style=\"font-size: 18px; font-style: normal; caret-color: #000000; color: #000000; font-family: Oswald, sans-serif;\"><a style=\"font-size: 18px; transition-property: all;\" href=\"https:\/\/www.instagram.com\/romeevdmeent\/\">INSTAGRAM DE JOSHUA<\/a><\/p>\t\t\t\t\t\t\t\t<\/div>\n\t\t\t\t<\/div>\n\t\t\t\t\t<\/div>\n\t\t<\/div>\n\t\t\t\t\t<\/div>\n\t\t<\/section>\n\t\t\t\t<\/div>","protected":false},"excerpt":{"rendered":"<p>JOSHUA PELATZKY JOSHUA PELATZKY &#8211; \ud83c\uddfa\ud83c\uddf8 USACLASS: CONTEMPORARY AND COMMERCIAL VIDEO + BACKUP DANCER PREP Joshua Pelatzky, originally from California, received most of his training in Dallas, Texas, beginning with Irish Step dancing then moving into other forms. At 15, he was asked to join the Bruce Wood Modern Dance Company as an apprentice before [&hellip;]<\/p>\n","protected":false},"author":6,"featured_media":0,"parent":329,"menu_order":0,"comment_status":"closed","ping_status":"closed","template":"","meta":{"_acf_changed":false,"site-sidebar-layout":"no-sidebar","site-content-layout":"page-builder","ast-site-content-layout":"default","site-content-style":"default","site-sidebar-style":"default","ast-global-header-display":"","ast-banner-title-visibility":"","ast-main-header-display":"","ast-hfb-above-header-display":"","ast-hfb-below-header-display":"","ast-hfb-mobile-header-display":"","site-post-title":"disabled","ast-breadcrumbs-content":"","ast-featured-img":"disabled","footer-sml-layout":"","ast-disable-related-posts":"","theme-transparent-header-meta":"default","adv-header-id-meta":"","stick-header-meta":"default","header-above-stick-meta":"","header-main-stick-meta":"","header-below-stick-meta":"","astra-migrate-meta-layouts":"default","ast-page-background-enabled":"default","ast-page-background-meta":{"desktop":{"background-color":"","background-image":"","background-repeat":"repeat","background-position":"center center","background-size":"auto","background-attachment":"scroll","background-type":"","background-media":"","overlay-type":"","overlay-color":"","overlay-opacity":"","overlay-gradient":""},"tablet":{"background-color":"","background-image":"","background-repeat":"repeat","background-position":"center center","background-size":"auto","background-attachment":"scroll","background-type":"","background-media":"","overlay-type":"","overlay-color":"","overlay-opacity":"","overlay-gradient":""},"mobile":{"background-color":"","background-image":"","background-repeat":"repeat","background-position":"center center","background-size":"auto","background-attachment":"scroll","background-type":"","background-media":"","overlay-type":"","overlay-color":"","overlay-opacity":"","overlay-gradient":""}},"ast-content-background-meta":{"desktop":{"background-color":"var(--ast-global-color-5)","background-image":"","background-repeat":"repeat","background-position":"center center","background-size":"auto","background-attachment":"scroll","background-type":"","background-media":"","overlay-type":"","overlay-color":"","overlay-opacity":"","overlay-gradient":""},"tablet":{"background-color":"var(--ast-global-color-5)","background-image":"","background-repeat":"repeat","background-position":"center center","background-size":"auto","background-attachment":"scroll","background-type":"","background-media":"","overlay-type":"","overlay-color":"","overlay-opacity":"","overlay-gradient":""},"mobile":{"background-color":"var(--ast-global-color-5)","background-image":"","background-repeat":"repeat","background-position":"center center","background-size":"auto","background-attachment":"scroll","background-type":"","background-media":"","overlay-type":"","overlay-color":"","overlay-opacity":"","overlay-gradient":""}},"footnotes":""},"class_list":["post-415","page","type-page","status-publish","hentry"],"acf":[],"jetpack_sharing_enabled":true,"_links":{"self":[{"href":"https:\/\/worlddancemovement.com\/fr\/wp-json\/wp\/v2\/pages\/415","targetHints":{"allow":["GET"]}}],"collection":[{"href":"https:\/\/worlddancemovement.com\/fr\/wp-json\/wp\/v2\/pages"}],"about":[{"href":"https:\/\/worlddancemovement.com\/fr\/wp-json\/wp\/v2\/types\/page"}],"author":[{"embeddable":true,"href":"https:\/\/worlddancemovement.com\/fr\/wp-json\/wp\/v2\/users\/6"}],"replies":[{"embeddable":true,"href":"https:\/\/worlddancemovement.com\/fr\/wp-json\/wp\/v2\/comments?post=415"}],"version-history":[{"count":11,"href":"https:\/\/worlddancemovement.com\/fr\/wp-json\/wp\/v2\/pages\/415\/revisions"}],"predecessor-version":[{"id":14879,"href":"https:\/\/worlddancemovement.com\/fr\/wp-json\/wp\/v2\/pages\/415\/revisions\/14879"}],"up":[{"embeddable":true,"href":"https:\/\/worlddancemovement.com\/fr\/wp-json\/wp\/v2\/pages\/329"}],"wp:attachment":[{"href":"https:\/\/worlddancemovement.com\/fr\/wp-json\/wp\/v2\/media?parent=415"}],"curies":[{"name":"wp","href":"https:\/\/api.w.org\/{rel}","templated":true}]}}