{"id":435,"date":"2020-12-28T14:24:30","date_gmt":"2020-12-28T14:24:30","guid":{"rendered":"https:\/\/migrate.worlddancemovement.com\/?page_id=435"},"modified":"2023-10-05T21:52:05","modified_gmt":"2023-10-05T21:52:05","slug":"bill-goodson","status":"publish","type":"page","link":"https:\/\/worlddancemovement.com\/fr\/faculty-italy\/bill-goodson\/","title":{"rendered":"BILL GOODSON"},"content":{"rendered":"<div data-elementor-type=\"wp-page\" data-elementor-id=\"435\" class=\"elementor elementor-435\" data-elementor-post-type=\"page\">\n\t\t\t\t\t\t<section class=\"elementor-section elementor-top-section elementor-element elementor-element-94ec49d elementor-section-full_width elementor-section-height-min-height elementor-section-height-default elementor-section-items-middle\" data-id=\"94ec49d\" data-element_type=\"section\" data-e-type=\"section\" data-settings=\"{&quot;background_background&quot;:&quot;classic&quot;}\">\n\t\t\t\t\t\t\t<div class=\"elementor-background-overlay\"><\/div>\n\t\t\t\t\t\t\t<div class=\"elementor-container elementor-column-gap-no\">\n\t\t\t\t\t<div class=\"elementor-column elementor-col-100 elementor-top-column elementor-element elementor-element-8268956\" data-id=\"8268956\" data-element_type=\"column\" data-e-type=\"column\">\n\t\t\t<div class=\"elementor-widget-wrap elementor-element-populated\">\n\t\t\t\t\t\t<div class=\"elementor-element elementor-element-5016628 elementor-widget elementor-widget-heading\" data-id=\"5016628\" data-element_type=\"widget\" data-e-type=\"widget\" data-widget_type=\"heading.default\">\n\t\t\t\t<div class=\"elementor-widget-container\">\n\t\t\t\t\t<h2 class=\"elementor-heading-title elementor-size-default\">BILL GOODSON\n<\/h2>\t\t\t\t<\/div>\n\t\t\t\t<\/div>\n\t\t\t\t<div class=\"elementor-element elementor-element-a86216f elementor-widget-divider--view-line elementor-widget elementor-widget-divider\" data-id=\"a86216f\" data-element_type=\"widget\" data-e-type=\"widget\" data-widget_type=\"divider.default\">\n\t\t\t\t<div class=\"elementor-widget-container\">\n\t\t\t\t\t\t\t<div class=\"elementor-divider\">\n\t\t\t<span class=\"elementor-divider-separator\">\n\t\t\t\t\t\t<\/span>\n\t\t<\/div>\n\t\t\t\t\t\t<\/div>\n\t\t\t\t<\/div>\n\t\t\t\t\t<\/div>\n\t\t<\/div>\n\t\t\t\t\t<\/div>\n\t\t<\/section>\n\t\t\t\t<section class=\"elementor-section elementor-top-section elementor-element elementor-element-a2d6cca elementor-section-full_width elementor-section-height-default elementor-section-height-default\" data-id=\"a2d6cca\" data-element_type=\"section\" data-e-type=\"section\">\n\t\t\t\t\t\t<div class=\"elementor-container elementor-column-gap-default\">\n\t\t\t\t\t<div class=\"elementor-column elementor-col-100 elementor-top-column elementor-element elementor-element-a45c6d3\" data-id=\"a45c6d3\" data-element_type=\"column\" data-e-type=\"column\">\n\t\t\t<div class=\"elementor-widget-wrap elementor-element-populated\">\n\t\t\t\t\t\t<div class=\"elementor-element elementor-element-f854b1f elementor-widget elementor-widget-heading\" data-id=\"f854b1f\" data-element_type=\"widget\" data-e-type=\"widget\" data-widget_type=\"heading.default\">\n\t\t\t\t<div class=\"elementor-widget-container\">\n\t\t\t\t\t<h2 class=\"elementor-heading-title elementor-size-default\">JAZZ FUNK - ITALIE\n\n\n\n\n\n\n\n<\/h2>\t\t\t\t<\/div>\n\t\t\t\t<\/div>\n\t\t\t\t<div class=\"elementor-element elementor-element-3947f8e elementor-widget elementor-widget-text-editor\" data-id=\"3947f8e\" data-element_type=\"widget\" data-e-type=\"widget\" data-widget_type=\"text-editor.default\">\n\t\t\t\t<div class=\"elementor-widget-container\">\n\t\t\t\t\t\t\t\t\t<p>Chor\u00e9graphe de renomm\u00e9e mondiale, Bill Goodson a collabor\u00e9 avec des artistes embl\u00e9matiques tels que : Michael Jackson, Diana Ross, Paula Abdul, Stevie Wonder, Gloria Estefan. Il a travaill\u00e9 pour les Grammy Awards et dans des films tels que \u00ab Electric Boogaloo \u00bb et \u00ab Jewel of the Nile \u00bb.<\/p><p>Il est le chor\u00e9graphe du c\u00e9l\u00e8bre Moulin Rouge \u00e0 Paris.<\/p><p>En Italie, il est chor\u00e9graphe de programmes t\u00e9l\u00e9vis\u00e9s populaires et de plusieurs productions th\u00e9\u00e2trales et a travaill\u00e9 avec des artistes c\u00e9l\u00e8bres tels que Giorgio Panariello, Lucio Dalla, Sabrina Ferilli, Pippo Baudo, Paola Barale, Maria De Filippi, Piero Chiambretti, Michelle Hunziker, Enrico. Brignano et Renato Z\u00e9ro.<\/p><p>CHOR\u00c9GRAPHE \u2013 DANSEUR :<\/p><p>TV \u2013 VID\u00c9O \u2013 FILM : Michael Jackson, Diane Ross, Paula Abdul, Stevie Wonder, Gloria Estefan, The Jaksons, Grammy Awards, Electric Boogaloo Break&#039;n Il, Jewel of the Nile, Back to School<\/p><p>LAS VEGAS : Casears Palace \u2013 Diana Rose Live, Desert Inn \u2013 Show Stoppers, Venetian \u2013 Main Event, Rieviera \u2013 Splash I, II, Stardust \u2013 Phares et tuyaux d&#039;\u00e9chappement<\/p><p>TH\u00c9\u00c2TRE \u2013 CIN\u00c9MA \u2013 MUSICALES : Moulin Rouge : Formidable \u2013 Feerie, GB Show ( \u00e9d. 7-8 ) : Gino Bramieri Sistina Anna ei Cinque : Sabrina Ferilli Hairspray : PeepArrow Prod, La Cage Aux Folles : E. Iacchetti et M. Columbro, Full Monty : PeepArrow Prod, Mi Scappa da Ridere : Michelle Hunziker, Tutto Suo Padre : Enrico Brignano<\/p><p>RENATO ZERO TOURS: Cattura il Sogno 2005 Il Sogno Continua 2005, MP Zero 2007 Amo Tour 2013<\/p><p>T\u00c9L\u00c9VISION : Torno Sabato (\u00e9d. 2-3) : Giorgio Panariello (Rai 1), La Bella e la Bestia : Lucio Dalla et Sabrina Ferilli (Rai 1), Numero Uno : Pippo Baudo et Paola Barale (Rai 1), Il Ballo delle Debuttanti : Rita Dalla Chiesa (Mediaset), Amici : Maria De Filippi (Mediaset), Chiambretti Night : Piero Chiambretti (Mediaset), Panariello Non Esiste : Giorgio Panariello (Mediaset).<\/p>\t\t\t\t\t\t\t\t<\/div>\n\t\t\t\t<\/div>\n\t\t\t\t\t<\/div>\n\t\t<\/div>\n\t\t\t\t\t<\/div>\n\t\t<\/section>\n\t\t\t\t<\/div>","protected":false},"excerpt":{"rendered":"<p>BILL GOODSON JAZZ FUNK &#8211; ITALY World-renowned choreographer, Bill Goodson collaborated with iconic artists such as: Michael Jackson, Diana Ross, Paula Abdul, Stevie Wonder, Gloria Estefan. He worked for the Grammy Awards and in movies such as \u2018\u2019Electric Boogaloo \u2018\u2019and \u2018\u2019 Jewel of the Nile\u2019\u2019. He is the choreographer for the famous Moulin Rouge in [&hellip;]<\/p>\n","protected":false},"author":6,"featured_media":0,"parent":329,"menu_order":0,"comment_status":"closed","ping_status":"closed","template":"","meta":{"_acf_changed":false,"site-sidebar-layout":"no-sidebar","site-content-layout":"page-builder","ast-site-content-layout":"default","site-content-style":"default","site-sidebar-style":"default","ast-global-header-display":"","ast-banner-title-visibility":"","ast-main-header-display":"","ast-hfb-above-header-display":"","ast-hfb-below-header-display":"","ast-hfb-mobile-header-display":"","site-post-title":"disabled","ast-breadcrumbs-content":"","ast-featured-img":"disabled","footer-sml-layout":"","ast-disable-related-posts":"","theme-transparent-header-meta":"default","adv-header-id-meta":"","stick-header-meta":"default","header-above-stick-meta":"","header-main-stick-meta":"","header-below-stick-meta":"","astra-migrate-meta-layouts":"default","ast-page-background-enabled":"default","ast-page-background-meta":{"desktop":{"background-color":"","background-image":"","background-repeat":"repeat","background-position":"center center","background-size":"auto","background-attachment":"scroll","background-type":"","background-media":"","overlay-type":"","overlay-color":"","overlay-opacity":"","overlay-gradient":""},"tablet":{"background-color":"","background-image":"","background-repeat":"repeat","background-position":"center center","background-size":"auto","background-attachment":"scroll","background-type":"","background-media":"","overlay-type":"","overlay-color":"","overlay-opacity":"","overlay-gradient":""},"mobile":{"background-color":"","background-image":"","background-repeat":"repeat","background-position":"center center","background-size":"auto","background-attachment":"scroll","background-type":"","background-media":"","overlay-type":"","overlay-color":"","overlay-opacity":"","overlay-gradient":""}},"ast-content-background-meta":{"desktop":{"background-color":"var(--ast-global-color-5)","background-image":"","background-repeat":"repeat","background-position":"center center","background-size":"auto","background-attachment":"scroll","background-type":"","background-media":"","overlay-type":"","overlay-color":"","overlay-opacity":"","overlay-gradient":""},"tablet":{"background-color":"var(--ast-global-color-5)","background-image":"","background-repeat":"repeat","background-position":"center center","background-size":"auto","background-attachment":"scroll","background-type":"","background-media":"","overlay-type":"","overlay-color":"","overlay-opacity":"","overlay-gradient":""},"mobile":{"background-color":"var(--ast-global-color-5)","background-image":"","background-repeat":"repeat","background-position":"center center","background-size":"auto","background-attachment":"scroll","background-type":"","background-media":"","overlay-type":"","overlay-color":"","overlay-opacity":"","overlay-gradient":""}},"footnotes":""},"class_list":["post-435","page","type-page","status-publish","hentry"],"acf":[],"jetpack_sharing_enabled":true,"_links":{"self":[{"href":"https:\/\/worlddancemovement.com\/fr\/wp-json\/wp\/v2\/pages\/435","targetHints":{"allow":["GET"]}}],"collection":[{"href":"https:\/\/worlddancemovement.com\/fr\/wp-json\/wp\/v2\/pages"}],"about":[{"href":"https:\/\/worlddancemovement.com\/fr\/wp-json\/wp\/v2\/types\/page"}],"author":[{"embeddable":true,"href":"https:\/\/worlddancemovement.com\/fr\/wp-json\/wp\/v2\/users\/6"}],"replies":[{"embeddable":true,"href":"https:\/\/worlddancemovement.com\/fr\/wp-json\/wp\/v2\/comments?post=435"}],"version-history":[{"count":10,"href":"https:\/\/worlddancemovement.com\/fr\/wp-json\/wp\/v2\/pages\/435\/revisions"}],"predecessor-version":[{"id":13340,"href":"https:\/\/worlddancemovement.com\/fr\/wp-json\/wp\/v2\/pages\/435\/revisions\/13340"}],"up":[{"embeddable":true,"href":"https:\/\/worlddancemovement.com\/fr\/wp-json\/wp\/v2\/pages\/329"}],"wp:attachment":[{"href":"https:\/\/worlddancemovement.com\/fr\/wp-json\/wp\/v2\/media?parent=435"}],"curies":[{"name":"wp","href":"https:\/\/api.w.org\/{rel}","templated":true}]}}