{"id":440,"date":"2020-12-28T14:26:13","date_gmt":"2020-12-28T14:26:13","guid":{"rendered":"https:\/\/migrate.worlddancemovement.com\/?page_id=440"},"modified":"2023-10-05T20:56:41","modified_gmt":"2023-10-05T20:56:41","slug":"claudia-cavalli","status":"publish","type":"page","link":"https:\/\/worlddancemovement.com\/fr\/faculty-italy\/claudia-cavalli\/","title":{"rendered":"CLAUDIA CAVALLI"},"content":{"rendered":"<div data-elementor-type=\"wp-page\" data-elementor-id=\"440\" class=\"elementor elementor-440\" data-elementor-post-type=\"page\">\n\t\t\t\t\t\t<section class=\"elementor-section elementor-top-section elementor-element elementor-element-94ec49d elementor-section-full_width elementor-section-height-min-height elementor-section-height-default elementor-section-items-middle\" data-id=\"94ec49d\" data-element_type=\"section\" data-e-type=\"section\" data-settings=\"{&quot;background_background&quot;:&quot;classic&quot;}\">\n\t\t\t\t\t\t\t<div class=\"elementor-background-overlay\"><\/div>\n\t\t\t\t\t\t\t<div class=\"elementor-container elementor-column-gap-no\">\n\t\t\t\t\t<div class=\"elementor-column elementor-col-100 elementor-top-column elementor-element elementor-element-8268956\" data-id=\"8268956\" data-element_type=\"column\" data-e-type=\"column\">\n\t\t\t<div class=\"elementor-widget-wrap elementor-element-populated\">\n\t\t\t\t\t\t<div class=\"elementor-element elementor-element-5016628 elementor-widget elementor-widget-heading\" data-id=\"5016628\" data-element_type=\"widget\" data-e-type=\"widget\" data-widget_type=\"heading.default\">\n\t\t\t\t<div class=\"elementor-widget-container\">\n\t\t\t\t\t<h2 class=\"elementor-heading-title elementor-size-default\">CLAUDIA CAVALLI<\/h2>\t\t\t\t<\/div>\n\t\t\t\t<\/div>\n\t\t\t\t<div class=\"elementor-element elementor-element-a86216f elementor-widget-divider--view-line elementor-widget elementor-widget-divider\" data-id=\"a86216f\" data-element_type=\"widget\" data-e-type=\"widget\" data-widget_type=\"divider.default\">\n\t\t\t\t<div class=\"elementor-widget-container\">\n\t\t\t\t\t\t\t<div class=\"elementor-divider\">\n\t\t\t<span class=\"elementor-divider-separator\">\n\t\t\t\t\t\t<\/span>\n\t\t<\/div>\n\t\t\t\t\t\t<\/div>\n\t\t\t\t<\/div>\n\t\t\t\t\t<\/div>\n\t\t<\/div>\n\t\t\t\t\t<\/div>\n\t\t<\/section>\n\t\t\t\t<section class=\"elementor-section elementor-top-section elementor-element elementor-element-a2d6cca elementor-section-full_width elementor-section-height-default elementor-section-height-default\" data-id=\"a2d6cca\" data-element_type=\"section\" data-e-type=\"section\">\n\t\t\t\t\t\t<div class=\"elementor-container elementor-column-gap-default\">\n\t\t\t\t\t<div class=\"elementor-column elementor-col-100 elementor-top-column elementor-element elementor-element-a45c6d3\" data-id=\"a45c6d3\" data-element_type=\"column\" data-e-type=\"column\">\n\t\t\t<div class=\"elementor-widget-wrap elementor-element-populated\">\n\t\t\t\t\t\t<div class=\"elementor-element elementor-element-f854b1f elementor-widget elementor-widget-heading\" data-id=\"f854b1f\" data-element_type=\"widget\" data-e-type=\"widget\" data-widget_type=\"heading.default\">\n\t\t\t\t<div class=\"elementor-widget-container\">\n\t\t\t\t\t<h2 class=\"elementor-heading-title elementor-size-default\">Acrobaties et a\u00e9riens pour danseurs - Italie\n<\/h2>\t\t\t\t<\/div>\n\t\t\t\t<\/div>\n\t\t\t\t\t<\/div>\n\t\t<\/div>\n\t\t\t\t\t<\/div>\n\t\t<\/section>\n\t\t\t\t<section class=\"elementor-section elementor-top-section elementor-element elementor-element-f5b32bd elementor-section-full_width elementor-section-height-default elementor-section-height-default\" data-id=\"f5b32bd\" data-element_type=\"section\" data-e-type=\"section\">\n\t\t\t\t\t\t<div class=\"elementor-container elementor-column-gap-default\">\n\t\t\t\t\t<div class=\"elementor-column elementor-col-100 elementor-top-column elementor-element elementor-element-5014bc3\" data-id=\"5014bc3\" data-element_type=\"column\" data-e-type=\"column\">\n\t\t\t<div class=\"elementor-widget-wrap elementor-element-populated\">\n\t\t\t\t\t\t<div class=\"elementor-element elementor-element-714f52d elementor-widget elementor-widget-text-editor\" data-id=\"714f52d\" data-element_type=\"widget\" data-e-type=\"widget\" data-widget_type=\"text-editor.default\">\n\t\t\t\t<div class=\"elementor-widget-container\">\n\t\t\t\t\t\t\t\t\t<h4>CR\u00c9DITS:<\/h4><p><span class=\"JsGRdQ\">SOCI\u00c9T\u00c9 Mvula Sungani |\u00a0<\/span><span class=\"JsGRdQ\">Tournoi a\u00e9rien PPS |\u00a0<\/span><span class=\"JsGRdQ\">Compagnie de Th\u00e9\u00e2tre de Danse Athl\u00e9tique Katakl\u00f2 |\u00a0<\/span><span class=\"JsGRdQ\">Concours international de danse a\u00e9rienne EDC |\u00a0<\/span><span class=\"JsGRdQ\">Championnats du monde de ski nordique |\u00a0<\/span><span class=\"JsGRdQ\">Compagnie Harry Albert |\u00a0<\/span><span class=\"JsGRdQ\">El\u00e9ina D. Entreprise |\u00a0<\/span><span class=\"JsGRdQ\">L&#039;enfer dans la grotte<\/span><\/p><h4>BIO :<\/h4><ul><li>A rejoint la compagnie de danse Mvula Sungani, se produisant sur les sc\u00e8nes des th\u00e9\u00e2tres les plus importants d&#039;Italie, de France et d&#039;Allemagne ; lors de galas internationaux de danse et dans des \u00e9missions de t\u00e9l\u00e9vision.<\/li><li><span style=\"font-size: 16px;\">A travaill\u00e9 pour la Katakl\u00f2 Athletic Dance Theatre Company de Giulia Staccioli dans la production UP.<\/span><\/li><li><span style=\"font-size: 16px;\">Participation \u00e0 la production \u00ab Le Destin des Images \u00bb avec la Compagnie Harry Albert de Lyon (France)\u00a0<\/span><\/li><li><span style=\"font-size: 16px;\">A remport\u00e9 le prix de la critique au premier Concours international de danse a\u00e9rienne EDC \u00e0 Rome, se qualifiant pour participer \u00e0 la finale du Concours international de Hong Kong. <\/span><\/li><li><span style=\"font-size: 16px;\">Participation \u00e0 la c\u00e9r\u00e9monie d&#039;ouverture des Championnats du monde de ski nordique avec la soci\u00e9t\u00e9 ResExtensa, organis\u00e9e par Studio Festi et dirig\u00e9e par Monica Maimone. <\/span><\/li><li><span style=\"font-size: 16px;\">Participation \u00e0 la finale internationale du Tournoi de Performance A\u00e9rienne PPS, Sheung Wan Civic Center \u2013 Hong Kong, repr\u00e9sentant l&#039;Italie dans la cat\u00e9gorie soie (tissu), remportant : Meilleur Costume, Meilleure Showgirl (Prix de la Critique) ; Champion Professionnel des Soies (premi\u00e8re cat\u00e9gorie de tissus class\u00e9s), Champion Ultime (premi\u00e8re place au classement g\u00e9n\u00e9ral).<\/span><\/li><li><span style=\"font-size: 16px;\">Participation \u00e0 la production \u00ab PUZZLE \u00bb avec le Katakl\u00f2 Athletic Dance Theatre de Giulia Staccioli pour des tourn\u00e9es en Italie, aux Pays-Bas, au Br\u00e9sil et en Turquie.<\/span><\/li><li><span style=\"font-size: 16px;\">Enseignement de la technique de danse a\u00e9rienne \u00e0 l&#039;Acad\u00e9mie Katakl\u00f2 de Milan AERIAL <\/span><\/li><li><span style=\"font-size: 16px;\">A \u00e9t\u00e9 responsable de la chor\u00e9graphie a\u00e9rienne du spectacle permanent HELL IN THE CAVE pr\u00e9sent\u00e9 dans les Grottes de Castellana.<\/span><\/li><li><span style=\"font-size: 16px;\">Participation en tant qu&#039;invit\u00e9 et juge au TOURNOI DE PERFORMANCE A\u00c9RIENNE PPS au Sheung Wan Civic Center \u2013 Hong Kong.<\/span><\/li><li><span style=\"font-size: 16px;\">Professeur \u00e0 MOVE IT \u00e0 Londres.<\/span><\/li><li><span style=\"font-size: 16px;\">R\u00e9alis\u00e9 pour La Fura dels Baus en collaboration avec KATAKLO&#039;, pour le pavillon du Kowe\u00eft \u00e0 Milan-EXPO. <\/span><\/li><li><span style=\"font-size: 16px;\">Dans\u00e9 avec la Compagnie Eleina D., au lever et au coucher du soleil, au Th\u00e9\u00e2tre Margherita de Bari pour \u00ab Le Monde de Saint Nicolas \u00bb organis\u00e9 par la Fondation Nikolaos en collaboration avec CinEthic et la Ville de Bari.<\/span><\/li><li><span style=\"font-size: 16px;\">Participation au tournage du film \u00ab ERMA \u00bb du r\u00e9alisateur Luciano Toriello produit par Apulia Film Commission avec la soci\u00e9t\u00e9 Eleina D.<\/span><\/li><\/ul><h4>DES CLASSES:<\/h4><p>Acrobaties pour danseurs | Antenne pour danseurs<\/p>\t\t\t\t\t\t\t\t<\/div>\n\t\t\t\t<\/div>\n\t\t\t\t\t<\/div>\n\t\t<\/div>\n\t\t\t\t\t<\/div>\n\t\t<\/section>\n\t\t\t\t<\/div>","protected":false},"excerpt":{"rendered":"<p>CLAUDIA CAVALLI Acrobatics &amp; Aerial for Dancers &#8211; Italy CREDITS: Mvula Sungani COMPANY |\u00a0P.P.S. Aerial Tournament |\u00a0Katakl\u00f2 Athletic Dance Theater Company |\u00a0EDC International Aerial Dance Competition |\u00a0Nordic Ski World Championships |\u00a0Harry Albert Company |\u00a0Eleina d. Company |\u00a0Hell in the Cave BIO: Joined Mvula Sungani Dance Company performing on the stages of the most important theaters [&hellip;]<\/p>\n","protected":false},"author":6,"featured_media":0,"parent":329,"menu_order":0,"comment_status":"closed","ping_status":"closed","template":"","meta":{"_acf_changed":false,"site-sidebar-layout":"no-sidebar","site-content-layout":"page-builder","ast-site-content-layout":"default","site-content-style":"default","site-sidebar-style":"default","ast-global-header-display":"","ast-banner-title-visibility":"","ast-main-header-display":"","ast-hfb-above-header-display":"","ast-hfb-below-header-display":"","ast-hfb-mobile-header-display":"","site-post-title":"disabled","ast-breadcrumbs-content":"","ast-featured-img":"disabled","footer-sml-layout":"","ast-disable-related-posts":"","theme-transparent-header-meta":"default","adv-header-id-meta":"","stick-header-meta":"default","header-above-stick-meta":"","header-main-stick-meta":"","header-below-stick-meta":"","astra-migrate-meta-layouts":"default","ast-page-background-enabled":"default","ast-page-background-meta":{"desktop":{"background-color":"","background-image":"","background-repeat":"repeat","background-position":"center center","background-size":"auto","background-attachment":"scroll","background-type":"","background-media":"","overlay-type":"","overlay-color":"","overlay-opacity":"","overlay-gradient":""},"tablet":{"background-color":"","background-image":"","background-repeat":"repeat","background-position":"center center","background-size":"auto","background-attachment":"scroll","background-type":"","background-media":"","overlay-type":"","overlay-color":"","overlay-opacity":"","overlay-gradient":""},"mobile":{"background-color":"","background-image":"","background-repeat":"repeat","background-position":"center center","background-size":"auto","background-attachment":"scroll","background-type":"","background-media":"","overlay-type":"","overlay-color":"","overlay-opacity":"","overlay-gradient":""}},"ast-content-background-meta":{"desktop":{"background-color":"var(--ast-global-color-5)","background-image":"","background-repeat":"repeat","background-position":"center center","background-size":"auto","background-attachment":"scroll","background-type":"","background-media":"","overlay-type":"","overlay-color":"","overlay-opacity":"","overlay-gradient":""},"tablet":{"background-color":"var(--ast-global-color-5)","background-image":"","background-repeat":"repeat","background-position":"center center","background-size":"auto","background-attachment":"scroll","background-type":"","background-media":"","overlay-type":"","overlay-color":"","overlay-opacity":"","overlay-gradient":""},"mobile":{"background-color":"var(--ast-global-color-5)","background-image":"","background-repeat":"repeat","background-position":"center center","background-size":"auto","background-attachment":"scroll","background-type":"","background-media":"","overlay-type":"","overlay-color":"","overlay-opacity":"","overlay-gradient":""}},"footnotes":""},"class_list":["post-440","page","type-page","status-publish","hentry"],"acf":[],"jetpack_sharing_enabled":true,"_links":{"self":[{"href":"https:\/\/worlddancemovement.com\/fr\/wp-json\/wp\/v2\/pages\/440","targetHints":{"allow":["GET"]}}],"collection":[{"href":"https:\/\/worlddancemovement.com\/fr\/wp-json\/wp\/v2\/pages"}],"about":[{"href":"https:\/\/worlddancemovement.com\/fr\/wp-json\/wp\/v2\/types\/page"}],"author":[{"embeddable":true,"href":"https:\/\/worlddancemovement.com\/fr\/wp-json\/wp\/v2\/users\/6"}],"replies":[{"embeddable":true,"href":"https:\/\/worlddancemovement.com\/fr\/wp-json\/wp\/v2\/comments?post=440"}],"version-history":[{"count":10,"href":"https:\/\/worlddancemovement.com\/fr\/wp-json\/wp\/v2\/pages\/440\/revisions"}],"predecessor-version":[{"id":13295,"href":"https:\/\/worlddancemovement.com\/fr\/wp-json\/wp\/v2\/pages\/440\/revisions\/13295"}],"up":[{"embeddable":true,"href":"https:\/\/worlddancemovement.com\/fr\/wp-json\/wp\/v2\/pages\/329"}],"wp:attachment":[{"href":"https:\/\/worlddancemovement.com\/fr\/wp-json\/wp\/v2\/media?parent=440"}],"curies":[{"name":"wp","href":"https:\/\/api.w.org\/{rel}","templated":true}]}}