{"id":4981,"date":"2021-11-03T19:35:30","date_gmt":"2021-11-03T19:35:30","guid":{"rendered":"https:\/\/migrate.worlddancemovement.com\/?page_id=4981"},"modified":"2021-11-03T19:51:27","modified_gmt":"2021-11-03T19:51:27","slug":"streaming_products","status":"publish","type":"page","link":"https:\/\/worlddancemovement.com\/fr\/streaming_products\/","title":{"rendered":"produits de diffusion en continu"},"content":{"rendered":"<div data-elementor-type=\"wp-page\" data-elementor-id=\"4981\" class=\"elementor elementor-4981\" data-elementor-post-type=\"page\">\n\t\t\t\t\t\t<section class=\"elementor-section elementor-top-section elementor-element elementor-element-452c418 elementor-section-boxed elementor-section-height-default elementor-section-height-default\" data-id=\"452c418\" data-element_type=\"section\" data-e-type=\"section\">\n\t\t\t\t\t\t<div class=\"elementor-container elementor-column-gap-default\">\n\t\t\t\t\t<div class=\"elementor-column elementor-col-100 elementor-top-column elementor-element elementor-element-8595008\" data-id=\"8595008\" data-element_type=\"column\" data-e-type=\"column\">\n\t\t\t<div class=\"elementor-widget-wrap elementor-element-populated\">\n\t\t\t\t\t\t<div class=\"elementor-element elementor-element-141f3ef eael-product-grid-column-5 elementor-widget elementor-widget-eicon-woocommerce\" data-id=\"141f3ef\" data-element_type=\"widget\" data-e-type=\"widget\" data-widget_type=\"eicon-woocommerce.default\">\n\t\t\t\t<div class=\"elementor-widget-container\">\n\t\t\t\t\t\n        <div class=\"eael-product-grid eael-product-simple masonry\" id=\"eael-product-grid\" data-widget-id=\"141f3ef\" data-page-id=\"4981\" data-nonce=\"d54a4cfd66\" >\n            <div class=\"woocommerce\">\n                <ul class=\"products eael-post-appender eael-post-appender-141f3ef\" data-ssi-desktop=\"no\" data-ssi-tablet=\"no\" data-ssi-mobile=\"no\" data-layout-mode=\"masonry\"> <li class=\"product\">\n<div class=\"eael-product-wrap\" data-src=\"\" data-src-hover=\"\">\n    <img fetchpriority=\"high\" decoding=\"async\" width=\"300\" height=\"300\" src=\"https:\/\/worlddancemovement.com\/wp-content\/uploads\/woocommerce-placeholder-300x300.png\" class=\"attachment-woocommerce_thumbnail size-woocommerce_thumbnail wvs-archive-product-image\" alt=\"Etiquette\" loading=\"eager\" srcset=\"https:\/\/worlddancemovement.com\/wp-content\/uploads\/woocommerce-placeholder-300x300.png 300w, https:\/\/worlddancemovement.com\/wp-content\/uploads\/woocommerce-placeholder.png 1200w, https:\/\/worlddancemovement.com\/wp-content\/uploads\/woocommerce-placeholder-100x100.png 100w, https:\/\/worlddancemovement.com\/wp-content\/uploads\/woocommerce-placeholder-600x600.png 600w, https:\/\/worlddancemovement.com\/wp-content\/uploads\/woocommerce-placeholder-1024x1024.png 1024w, https:\/\/worlddancemovement.com\/wp-content\/uploads\/woocommerce-placeholder-150x150.png 150w, https:\/\/worlddancemovement.com\/wp-content\/uploads\/woocommerce-placeholder-768x768.png 768w\" sizes=\"(max-width: 300px) 100vw, 300px\" data-no-translation-alt=\"\" \/><div class=\"eael-product-title\">\n    <a href=\"https:\/\/worlddancemovement.com\/fr\/produit\/jermaine-browne-beg-1\/\" class=\"woocommerce-LoopProduct-link woocommerce-loop-product__link\"><h2 class=\"woocommerce-loop-product__title\">Jermaine Browne \u2013 BEG 1<\/h2><\/a>\n    <\/div><div class=\"eael-star-rating star-rating\"><span style=\"width:0%\" data-no-translation=\"\" data-trp-gettext=\"\">Note <strong class=\"rating\">0<\/strong> sur 5<\/span><\/div><div class=\"eael-product-price\"><\/div>    <a href=\"https:\/\/worlddancemovement.com\/fr\/produit\/jermaine-browne-beg-1\/\" aria-describedby=\"woocommerce_loop_add_to_cart_link_describedby_14802\" data-quantity=\"1\" class=\"button product_type_simple\" data-product_id=\"14802\" data-product_sku=\"\" aria-label=\"En savoir plus sur \u201cJermaine Browne \u2013 BEG 1\u201d\" rel=\"nofollow\" data-success_message=\"\" data-no-translation=\"\" data-trp-gettext=\"\" data-no-translation-aria-label=\"\">Lire la suite<\/a>\t<span id=\"woocommerce_loop_add_to_cart_link_describedby_14802\" class=\"screen-reader-text\">\n\t\t\t<\/span>\n    \n<\/div>\n\n<\/li> <li class=\"product\">\n<div class=\"eael-product-wrap\" data-src=\"\" data-src-hover=\"\">\n    <img fetchpriority=\"high\" decoding=\"async\" width=\"300\" height=\"300\" src=\"https:\/\/worlddancemovement.com\/wp-content\/uploads\/woocommerce-placeholder-300x300.png\" class=\"attachment-woocommerce_thumbnail size-woocommerce_thumbnail wvs-archive-product-image\" alt=\"Etiquette\" loading=\"eager\" srcset=\"https:\/\/worlddancemovement.com\/wp-content\/uploads\/woocommerce-placeholder-300x300.png 300w, https:\/\/worlddancemovement.com\/wp-content\/uploads\/woocommerce-placeholder.png 1200w, https:\/\/worlddancemovement.com\/wp-content\/uploads\/woocommerce-placeholder-100x100.png 100w, https:\/\/worlddancemovement.com\/wp-content\/uploads\/woocommerce-placeholder-600x600.png 600w, https:\/\/worlddancemovement.com\/wp-content\/uploads\/woocommerce-placeholder-1024x1024.png 1024w, https:\/\/worlddancemovement.com\/wp-content\/uploads\/woocommerce-placeholder-150x150.png 150w, https:\/\/worlddancemovement.com\/wp-content\/uploads\/woocommerce-placeholder-768x768.png 768w\" sizes=\"(max-width: 300px) 100vw, 300px\" data-no-translation-alt=\"\" \/><div class=\"eael-product-title\">\n    <a href=\"https:\/\/worlddancemovement.com\/fr\/produit\/jermaine-browne-int-1\/\" class=\"woocommerce-LoopProduct-link woocommerce-loop-product__link\"><h2 class=\"woocommerce-loop-product__title\">Jermaine Browne \u2013 INT 1<\/h2><\/a>\n    <\/div><div class=\"eael-star-rating star-rating\"><span style=\"width:0%\" data-no-translation=\"\" data-trp-gettext=\"\">Note <strong class=\"rating\">0<\/strong> sur 5<\/span><\/div><div class=\"eael-product-price\"><\/div>    <a href=\"https:\/\/worlddancemovement.com\/fr\/produit\/jermaine-browne-int-1\/\" aria-describedby=\"woocommerce_loop_add_to_cart_link_describedby_14801\" data-quantity=\"1\" class=\"button product_type_simple\" data-product_id=\"14801\" data-product_sku=\"\" aria-label=\"En savoir plus sur \u201cJermaine Browne \u2013 INT 1\u201d\" rel=\"nofollow\" data-success_message=\"\" data-no-translation=\"\" data-trp-gettext=\"\" data-no-translation-aria-label=\"\">Lire la suite<\/a>\t<span id=\"woocommerce_loop_add_to_cart_link_describedby_14801\" class=\"screen-reader-text\">\n\t\t\t<\/span>\n    \n<\/div>\n\n<\/li> <li class=\"product\">\n<div class=\"eael-product-wrap\" data-src=\"\" data-src-hover=\"\">\n    <img fetchpriority=\"high\" decoding=\"async\" width=\"300\" height=\"300\" src=\"https:\/\/worlddancemovement.com\/wp-content\/uploads\/woocommerce-placeholder-300x300.png\" class=\"attachment-woocommerce_thumbnail size-woocommerce_thumbnail wvs-archive-product-image\" alt=\"Etiquette\" loading=\"eager\" srcset=\"https:\/\/worlddancemovement.com\/wp-content\/uploads\/woocommerce-placeholder-300x300.png 300w, https:\/\/worlddancemovement.com\/wp-content\/uploads\/woocommerce-placeholder.png 1200w, https:\/\/worlddancemovement.com\/wp-content\/uploads\/woocommerce-placeholder-100x100.png 100w, https:\/\/worlddancemovement.com\/wp-content\/uploads\/woocommerce-placeholder-600x600.png 600w, https:\/\/worlddancemovement.com\/wp-content\/uploads\/woocommerce-placeholder-1024x1024.png 1024w, https:\/\/worlddancemovement.com\/wp-content\/uploads\/woocommerce-placeholder-150x150.png 150w, https:\/\/worlddancemovement.com\/wp-content\/uploads\/woocommerce-placeholder-768x768.png 768w\" sizes=\"(max-width: 300px) 100vw, 300px\" data-no-translation-alt=\"\" \/><div class=\"eael-product-title\">\n    <a href=\"https:\/\/worlddancemovement.com\/fr\/produit\/mandy-moore-weight-change-int\/\" class=\"woocommerce-LoopProduct-link woocommerce-loop-product__link\"><h2 class=\"woocommerce-loop-product__title\">Mandy Moore \u2013 Changement de poids \u2013 INT<\/h2><\/a>\n    <\/div><div class=\"eael-star-rating star-rating\"><span style=\"width:0%\" data-no-translation=\"\" data-trp-gettext=\"\">Note <strong class=\"rating\">0<\/strong> sur 5<\/span><\/div><div class=\"eael-product-price\"><\/div>    <a href=\"https:\/\/worlddancemovement.com\/fr\/produit\/mandy-moore-weight-change-int\/\" aria-describedby=\"woocommerce_loop_add_to_cart_link_describedby_14787\" data-quantity=\"1\" class=\"button product_type_simple\" data-product_id=\"14787\" data-product_sku=\"\" aria-label=\"En savoir plus sur \u201cMandy Moore \u2013 Weight Change - INT\u201d\" rel=\"nofollow\" data-success_message=\"\" data-no-translation=\"\" data-trp-gettext=\"\" data-no-translation-aria-label=\"\">Lire la suite<\/a>\t<span id=\"woocommerce_loop_add_to_cart_link_describedby_14787\" class=\"screen-reader-text\">\n\t\t\t<\/span>\n    \n<\/div>\n\n<\/li> <li class=\"product\">\n<div class=\"eael-product-wrap\" data-src=\"\" data-src-hover=\"\">\n    <img fetchpriority=\"high\" decoding=\"async\" width=\"300\" height=\"300\" src=\"https:\/\/worlddancemovement.com\/wp-content\/uploads\/woocommerce-placeholder-300x300.png\" class=\"attachment-woocommerce_thumbnail size-woocommerce_thumbnail wvs-archive-product-image\" alt=\"Etiquette\" loading=\"eager\" srcset=\"https:\/\/worlddancemovement.com\/wp-content\/uploads\/woocommerce-placeholder-300x300.png 300w, https:\/\/worlddancemovement.com\/wp-content\/uploads\/woocommerce-placeholder.png 1200w, https:\/\/worlddancemovement.com\/wp-content\/uploads\/woocommerce-placeholder-100x100.png 100w, https:\/\/worlddancemovement.com\/wp-content\/uploads\/woocommerce-placeholder-600x600.png 600w, https:\/\/worlddancemovement.com\/wp-content\/uploads\/woocommerce-placeholder-1024x1024.png 1024w, https:\/\/worlddancemovement.com\/wp-content\/uploads\/woocommerce-placeholder-150x150.png 150w, https:\/\/worlddancemovement.com\/wp-content\/uploads\/woocommerce-placeholder-768x768.png 768w\" sizes=\"(max-width: 300px) 100vw, 300px\" data-no-translation-alt=\"\" \/><div class=\"eael-product-title\">\n    <a href=\"https:\/\/worlddancemovement.com\/fr\/produit\/mandy-moore-weight-change-beg\/\" class=\"woocommerce-LoopProduct-link woocommerce-loop-product__link\"><h2 class=\"woocommerce-loop-product__title\">Mandy Moore \u2013 Changement de poids \u2013 BEG<\/h2><\/a>\n    <\/div><div class=\"eael-star-rating star-rating\"><span style=\"width:0%\" data-no-translation=\"\" data-trp-gettext=\"\">Note <strong class=\"rating\">0<\/strong> sur 5<\/span><\/div><div class=\"eael-product-price\"><\/div>    <a href=\"https:\/\/worlddancemovement.com\/fr\/produit\/mandy-moore-weight-change-beg\/\" aria-describedby=\"woocommerce_loop_add_to_cart_link_describedby_14786\" data-quantity=\"1\" class=\"button product_type_simple\" data-product_id=\"14786\" data-product_sku=\"\" aria-label=\"En savoir plus sur \u201cMandy Moore \u2013 Weight Change - BEG\u201d\" rel=\"nofollow\" data-success_message=\"\" data-no-translation=\"\" data-trp-gettext=\"\" data-no-translation-aria-label=\"\">Lire la suite<\/a>\t<span id=\"woocommerce_loop_add_to_cart_link_describedby_14786\" class=\"screen-reader-text\">\n\t\t\t<\/span>\n    \n<\/div>\n\n<\/li> <li class=\"product\">\n<div class=\"eael-product-wrap\" data-src=\"\" data-src-hover=\"\">\n    <img fetchpriority=\"high\" decoding=\"async\" width=\"300\" height=\"300\" src=\"https:\/\/worlddancemovement.com\/wp-content\/uploads\/woocommerce-placeholder-300x300.png\" class=\"attachment-woocommerce_thumbnail size-woocommerce_thumbnail wvs-archive-product-image\" alt=\"Etiquette\" loading=\"eager\" srcset=\"https:\/\/worlddancemovement.com\/wp-content\/uploads\/woocommerce-placeholder-300x300.png 300w, https:\/\/worlddancemovement.com\/wp-content\/uploads\/woocommerce-placeholder.png 1200w, https:\/\/worlddancemovement.com\/wp-content\/uploads\/woocommerce-placeholder-100x100.png 100w, https:\/\/worlddancemovement.com\/wp-content\/uploads\/woocommerce-placeholder-600x600.png 600w, https:\/\/worlddancemovement.com\/wp-content\/uploads\/woocommerce-placeholder-1024x1024.png 1024w, https:\/\/worlddancemovement.com\/wp-content\/uploads\/woocommerce-placeholder-150x150.png 150w, https:\/\/worlddancemovement.com\/wp-content\/uploads\/woocommerce-placeholder-768x768.png 768w\" sizes=\"(max-width: 300px) 100vw, 300px\" data-no-translation-alt=\"\" \/><div class=\"eael-product-title\">\n    <a href=\"https:\/\/worlddancemovement.com\/fr\/produit\/mandy-moore-weight-change-adv\/\" class=\"woocommerce-LoopProduct-link woocommerce-loop-product__link\"><h2 class=\"woocommerce-loop-product__title\">Mandy Moore \u2013 Changement de poids \u2013 ADV<\/h2><\/a>\n    <\/div><div class=\"eael-star-rating star-rating\"><span style=\"width:0%\" data-no-translation=\"\" data-trp-gettext=\"\">Note <strong class=\"rating\">0<\/strong> sur 5<\/span><\/div><div class=\"eael-product-price\"><\/div>    <a href=\"https:\/\/worlddancemovement.com\/fr\/produit\/mandy-moore-weight-change-adv\/\" aria-describedby=\"woocommerce_loop_add_to_cart_link_describedby_14785\" data-quantity=\"1\" class=\"button product_type_simple\" data-product_id=\"14785\" data-product_sku=\"\" aria-label=\"En savoir plus sur \u201cMandy Moore \u2013 Weight Change - ADV\u201d\" rel=\"nofollow\" data-success_message=\"\" data-no-translation=\"\" data-trp-gettext=\"\" data-no-translation-aria-label=\"\">Lire la suite<\/a>\t<span id=\"woocommerce_loop_add_to_cart_link_describedby_14785\" class=\"screen-reader-text\">\n\t\t\t<\/span>\n    \n<\/div>\n\n<\/li><\/ul>            <div class=\"eael-load-more-button-wrap eael-force-hide\">\n                <button class=\"eael-load-more-button\" id=\"eael-load-more-btn-141f3ef\" data-widget-id=\"141f3ef\" data-widget=\"141f3ef\" data-page-id=\"4981\" data-template=\"{&quot;dir&quot;:&quot;lite&quot;,&quot;file_name&quot;:&quot;simple.php&quot;,&quot;name&quot;:&quot;Eicon-Woocommerce&quot;}\" data-class=\"Essential_Addons_Elementor\\Elements\\Product_Grid\" data-layout=\"masonry\" data-page=\"1\" data-args=\"post_type=product&amp;post_status%5B0%5D=publish&amp;post_status%5B1%5D=pending&amp;post_status%5B2%5D=future&amp;posts_per_page=5&amp;order=desc&amp;offset=0&amp;tax_query%5Brelation%5D=AND&amp;tax_query%5B0%5D%5Btaxonomy%5D=product_visibility&amp;tax_query%5B0%5D%5Bfield%5D=name&amp;tax_query%5B0%5D%5Bterms%5D%5B0%5D=exclude-from-search&amp;tax_query%5B0%5D%5Bterms%5D%5B1%5D=exclude-from-catalog&amp;tax_query%5B0%5D%5Boperator%5D=NOT+IN&amp;tax_query%5B1%5D%5Btaxonomy%5D=product_cat&amp;tax_query%5B1%5D%5Bfield%5D=slug&amp;tax_query%5B1%5D%5Bterms%5D%5B0%5D=streaming&amp;tax_query%5B1%5D%5Boperator%5D=IN&amp;meta_query%5Brelation%5D=AND&amp;orderby=date&amp;total_post=142\" data-max-page=\"29\">\n                    <span class=\"eael-btn-loader button__loader\"><\/span>\n                    <span class=\"eael_load_more_text\"><\/span>\n                <\/button>\n            <\/div>\n                        <\/div>\n        <\/div>\n\n        <script type=\"text\/javascript\">\n            jQuery(document).ready(function($) {\n                var $scope = jQuery(\".elementor-element-141f3ef\");\n                var $products = $('.products', $scope);\n                var $layout_mode = $products.data('layout-mode');\n                \n                if ( $layout_mode === 'masonry' ) {\n                    \/\/ init isotope\n                    var $isotope_products = $products.isotope({\n                        itemSelector: \"li.product\",\n                        layoutMode: $layout_mode,\n                        percentPosition: true\n                    });\n\n                    $isotope_products.imagesLoaded().progress( function() {\n                        $isotope_products.isotope('layout');\n                    })\n                    \n                }\n            });\n        <\/script>\n        \t\t\t\t<\/div>\n\t\t\t\t<\/div>\n\t\t\t\t\t<\/div>\n\t\t<\/div>\n\t\t\t\t\t<\/div>\n\t\t<\/section>\n\t\t\t\t<\/div>","protected":false},"excerpt":{"rendered":"<p>BC_C_ADV_1 Not\u00e9 0 sur 5$0.00 Ajouter au panier CJ_HH_Adv_1 Not\u00e9 0 sur 5$0.00 Ajouter au panier CJ_HH_Beg_1 Not\u00e9 0 sur 5$0.00 Ajouter au panier CJ_HH_Int_1 Not\u00e9 0 sur 5$0.00 Ajouter au panier DR_DFK_1 Not\u00e9 0 sur 5$0 .00 Ajouter au panier<\/p>","protected":false},"author":6,"featured_media":0,"parent":0,"menu_order":0,"comment_status":"closed","ping_status":"closed","template":"elementor_canvas","meta":{"_acf_changed":false,"site-sidebar-layout":"no-sidebar","site-content-layout":"page-builder","ast-site-content-layout":"default","site-content-style":"default","site-sidebar-style":"default","ast-global-header-display":"","ast-banner-title-visibility":"","ast-main-header-display":"","ast-hfb-above-header-display":"","ast-hfb-below-header-display":"","ast-hfb-mobile-header-display":"","site-post-title":"disabled","ast-breadcrumbs-content":"","ast-featured-img":"disabled","footer-sml-layout":"","ast-disable-related-posts":"","theme-transparent-header-meta":"default","adv-header-id-meta":"","stick-header-meta":"default","header-above-stick-meta":"","header-main-stick-meta":"","header-below-stick-meta":"","astra-migrate-meta-layouts":"default","ast-page-background-enabled":"default","ast-page-background-meta":{"desktop":{"background-color":"","background-image":"","background-repeat":"repeat","background-position":"center center","background-size":"auto","background-attachment":"scroll","background-type":"","background-media":"","overlay-type":"","overlay-color":"","overlay-opacity":"","overlay-gradient":""},"tablet":{"background-color":"","background-image":"","background-repeat":"repeat","background-position":"center center","background-size":"auto","background-attachment":"scroll","background-type":"","background-media":"","overlay-type":"","overlay-color":"","overlay-opacity":"","overlay-gradient":""},"mobile":{"background-color":"","background-image":"","background-repeat":"repeat","background-position":"center center","background-size":"auto","background-attachment":"scroll","background-type":"","background-media":"","overlay-type":"","overlay-color":"","overlay-opacity":"","overlay-gradient":""}},"ast-content-background-meta":{"desktop":{"background-color":"var(--ast-global-color-5)","background-image":"","background-repeat":"repeat","background-position":"center center","background-size":"auto","background-attachment":"scroll","background-type":"","background-media":"","overlay-type":"","overlay-color":"","overlay-opacity":"","overlay-gradient":""},"tablet":{"background-color":"var(--ast-global-color-5)","background-image":"","background-repeat":"repeat","background-position":"center center","background-size":"auto","background-attachment":"scroll","background-type":"","background-media":"","overlay-type":"","overlay-color":"","overlay-opacity":"","overlay-gradient":""},"mobile":{"background-color":"var(--ast-global-color-5)","background-image":"","background-repeat":"repeat","background-position":"center center","background-size":"auto","background-attachment":"scroll","background-type":"","background-media":"","overlay-type":"","overlay-color":"","overlay-opacity":"","overlay-gradient":""}},"footnotes":""},"class_list":["post-4981","page","type-page","status-publish","hentry","desktop-align-left","tablet-align-left","mobile-align-left"],"acf":[],"jetpack_sharing_enabled":true,"_links":{"self":[{"href":"https:\/\/worlddancemovement.com\/fr\/wp-json\/wp\/v2\/pages\/4981","targetHints":{"allow":["GET"]}}],"collection":[{"href":"https:\/\/worlddancemovement.com\/fr\/wp-json\/wp\/v2\/pages"}],"about":[{"href":"https:\/\/worlddancemovement.com\/fr\/wp-json\/wp\/v2\/types\/page"}],"author":[{"embeddable":true,"href":"https:\/\/worlddancemovement.com\/fr\/wp-json\/wp\/v2\/users\/6"}],"replies":[{"embeddable":true,"href":"https:\/\/worlddancemovement.com\/fr\/wp-json\/wp\/v2\/comments?post=4981"}],"version-history":[{"count":10,"href":"https:\/\/worlddancemovement.com\/fr\/wp-json\/wp\/v2\/pages\/4981\/revisions"}],"predecessor-version":[{"id":4997,"href":"https:\/\/worlddancemovement.com\/fr\/wp-json\/wp\/v2\/pages\/4981\/revisions\/4997"}],"wp:attachment":[{"href":"https:\/\/worlddancemovement.com\/fr\/wp-json\/wp\/v2\/media?parent=4981"}],"curies":[{"name":"wp","href":"https:\/\/api.w.org\/{rel}","templated":true}]}}