{"id":508,"date":"2020-12-28T15:06:20","date_gmt":"2020-12-28T15:06:20","guid":{"rendered":"https:\/\/migrate.worlddancemovement.com\/?page_id=508"},"modified":"2022-08-09T19:22:17","modified_gmt":"2022-08-09T19:22:17","slug":"wdm-faculty-booking-inquiry-form","status":"publish","type":"page","link":"https:\/\/worlddancemovement.com\/fr\/wdm-faculty-booking-inquiry-form\/","title":{"rendered":"FORMULAIRE DE DEMANDE DE R\u00c9SERVATION DE FACULT\u00c9 WDM"},"content":{"rendered":"\t\t<div data-elementor-type=\"wp-page\" data-elementor-id=\"508\" class=\"elementor elementor-508\" data-elementor-post-type=\"page\">\n\t\t\t\t\t\t<section class=\"elementor-section elementor-top-section elementor-element elementor-element-4d95b89 elementor-section-full_width elementor-section-height-min-height elementor-section-height-default elementor-section-items-middle\" data-id=\"4d95b89\" data-element_type=\"section\" data-e-type=\"section\" data-settings=\"{&quot;background_background&quot;:&quot;classic&quot;}\">\n\t\t\t\t\t\t\t<div class=\"elementor-background-overlay\"><\/div>\n\t\t\t\t\t\t\t<div class=\"elementor-container elementor-column-gap-no\">\n\t\t\t\t\t<div class=\"elementor-column elementor-col-100 elementor-top-column elementor-element elementor-element-fe4eee5\" data-id=\"fe4eee5\" data-element_type=\"column\" data-e-type=\"column\">\n\t\t\t<div class=\"elementor-widget-wrap elementor-element-populated\">\n\t\t\t\t\t\t<div class=\"elementor-element elementor-element-43ee55e elementor-widget elementor-widget-heading\" data-id=\"43ee55e\" data-element_type=\"widget\" data-e-type=\"widget\" data-widget_type=\"heading.default\">\n\t\t\t\t<div class=\"elementor-widget-container\">\n\t\t\t\t\t<h2 class=\"elementor-heading-title elementor-size-default\">WDM FACULTY BOOKING INQUIRY FORM\n\n<\/h2>\t\t\t\t<\/div>\n\t\t\t\t<\/div>\n\t\t\t\t<div class=\"elementor-element elementor-element-1dcdb74 elementor-widget-divider--view-line elementor-widget elementor-widget-divider\" data-id=\"1dcdb74\" data-element_type=\"widget\" data-e-type=\"widget\" data-widget_type=\"divider.default\">\n\t\t\t\t<div class=\"elementor-widget-container\">\n\t\t\t\t\t\t\t<div class=\"elementor-divider\">\n\t\t\t<span class=\"elementor-divider-separator\">\n\t\t\t\t\t\t<\/span>\n\t\t<\/div>\n\t\t\t\t\t\t<\/div>\n\t\t\t\t<\/div>\n\t\t\t\t\t<\/div>\n\t\t<\/div>\n\t\t\t\t\t<\/div>\n\t\t<\/section>\n\t\t\t\t<section class=\"elementor-section elementor-top-section elementor-element elementor-element-72a9970 elementor-section-boxed elementor-section-height-default elementor-section-height-default\" data-id=\"72a9970\" data-element_type=\"section\" data-e-type=\"section\">\n\t\t\t\t\t\t<div class=\"elementor-container elementor-column-gap-default\">\n\t\t\t\t\t<div class=\"elementor-column elementor-col-100 elementor-top-column elementor-element elementor-element-e977049\" data-id=\"e977049\" data-element_type=\"column\" data-e-type=\"column\">\n\t\t\t<div class=\"elementor-widget-wrap elementor-element-populated\">\n\t\t\t\t\t\t<div class=\"elementor-element elementor-element-4ab003a eael-wpforms-labels-yes eael-wpforms-form-button-custom elementor-widget elementor-widget-eael-wpforms\" data-id=\"4ab003a\" data-element_type=\"widget\" data-e-type=\"widget\" data-widget_type=\"eael-wpforms.default\">\n\t\t\t\t<div class=\"elementor-widget-container\">\n\t\t\t\t\t            <div class=\"eael-contact-form eael-wpforms eael-custom-radio-checkbox eael-wpforms-align-left\">\n                                <div class=\"wpforms-container wpforms-container-full\" id=\"wpforms-514\"><form id=\"wpforms-form-514\" class=\"wpforms-validate wpforms-form\" data-formid=\"514\" method=\"post\" enctype=\"multipart\/form-data\" action=\"\/fr\/wp-json\/wp\/v2\/pages\/508\" data-token=\"61d545323a694efaee6c915500c58b54\"><div class=\"wpforms-head-container\"><\/div><noscript class=\"wpforms-error-noscript\">Veuillez activer JavaScript dans votre navigateur pour remplir ce formulaire.<\/noscript><div class=\"wpforms-field-container\"><div id=\"wpforms-514-field_1-container\" class=\"wpforms-field wpforms-field-email\" data-field-id=\"1\"><label class=\"wpforms-field-label\" for=\"wpforms-514-field_1\">Email Address <span class=\"wpforms-required-label\">*<\/span><\/label><input type=\"email\" id=\"wpforms-514-field_1\" class=\"wpforms-field-large wpforms-field-required\" name=\"wpforms[fields][1]\" placeholder=\"Email Address\" required><\/div><div id=\"wpforms-514-field_2-container\" class=\"wpforms-field wpforms-field-name\" data-field-id=\"2\"><label class=\"wpforms-field-label\" for=\"wpforms-514-field_2\">Name <span class=\"wpforms-required-label\">*<\/span><\/label><input type=\"text\" id=\"wpforms-514-field_2\" class=\"wpforms-field-large wpforms-field-required\" name=\"wpforms[fields][2]\" placeholder=\"Name\" required><\/div><div id=\"wpforms-514-field_3-container\" class=\"wpforms-field wpforms-field-text\" data-field-id=\"3\"><label class=\"wpforms-field-label\" for=\"wpforms-514-field_3\">Studio Affiliation<\/label><input type=\"text\" id=\"wpforms-514-field_3\" class=\"wpforms-field-large\" name=\"wpforms[fields][3]\" placeholder=\"Studio Affiliation\" ><\/div><div id=\"wpforms-514-field_4-container\" class=\"wpforms-field wpforms-field-text\" data-field-id=\"4\"><label class=\"wpforms-field-label\" for=\"wpforms-514-field_4\">Location<\/label><input type=\"text\" id=\"wpforms-514-field_4\" class=\"wpforms-field-large\" name=\"wpforms[fields][4]\" placeholder=\"Location\" ><\/div><div id=\"wpforms-514-field_5-container\" class=\"wpforms-field wpforms-field-text\" data-field-id=\"5\"><label class=\"wpforms-field-label\" for=\"wpforms-514-field_5\">Preferred Teacher<\/label><input type=\"text\" id=\"wpforms-514-field_5\" class=\"wpforms-field-large\" name=\"wpforms[fields][5]\" placeholder=\"Preferred Teacher\" ><\/div><div id=\"wpforms-514-field_7-container\" class=\"wpforms-field wpforms-field-textarea\" data-field-id=\"7\"><label class=\"wpforms-field-label\" for=\"wpforms-514-field_7\">Preferred Dates<\/label><textarea id=\"wpforms-514-field_7\" class=\"wpforms-field-medium\" name=\"wpforms[fields][7]\" placeholder=\"Preferred Dates\" ><\/textarea><\/div><div id=\"wpforms-514-field_8-container\" class=\"wpforms-field wpforms-field-textarea\" data-field-id=\"8\"><label class=\"wpforms-field-label\" for=\"wpforms-514-field_8\">Style of Class<\/label><textarea id=\"wpforms-514-field_8\" class=\"wpforms-field-medium\" name=\"wpforms[fields][8]\" placeholder=\"Style of Class\" ><\/textarea><\/div><div id=\"wpforms-514-field_9-container\" class=\"wpforms-field wpforms-field-text\" data-field-id=\"9\"><label class=\"wpforms-field-label\" for=\"wpforms-514-field_9\">Length Of Class<\/label><input type=\"text\" id=\"wpforms-514-field_9\" class=\"wpforms-field-large\" name=\"wpforms[fields][9]\" placeholder=\"Length Of Class\" ><\/div><div id=\"wpforms-514-field_10-container\" class=\"wpforms-field wpforms-field-text\" data-field-id=\"10\"><label class=\"wpforms-field-label\" for=\"wpforms-514-field_10\">Number Of Classes<\/label><input type=\"text\" id=\"wpforms-514-field_10\" class=\"wpforms-field-large\" name=\"wpforms[fields][10]\" placeholder=\"Number Of Classes\" ><\/div><div id=\"wpforms-514-field_11-container\" class=\"wpforms-field wpforms-field-checkbox wpforms-list-inline\" data-field-id=\"11\"><label class=\"wpforms-field-label\" for=\"wpforms-514-field_11\">Class Level<\/label><ul id=\"wpforms-514-field_11\"><li class=\"choice-1 depth-1\"><input type=\"checkbox\" id=\"wpforms-514-field_11_1\" name=\"wpforms[fields][11][]\" value=\"Beginner\"  ><label class=\"wpforms-field-label-inline\" for=\"wpforms-514-field_11_1\">Beginner<\/label><\/li><li class=\"choice-2 depth-1\"><input type=\"checkbox\" id=\"wpforms-514-field_11_2\" name=\"wpforms[fields][11][]\" value=\"Intermediate\"  ><label class=\"wpforms-field-label-inline\" for=\"wpforms-514-field_11_2\">Intermediate<\/label><\/li><li class=\"choice-3 depth-1\"><input type=\"checkbox\" id=\"wpforms-514-field_11_3\" name=\"wpforms[fields][11][]\" value=\"Advanced\"  ><label class=\"wpforms-field-label-inline\" for=\"wpforms-514-field_11_3\">Advanced<\/label><\/li><\/ul><\/div><div id=\"wpforms-514-field_15-container\" class=\"wpforms-field wpforms-field-checkbox\" data-field-id=\"15\"><ul id=\"wpforms-514-field_15\"><li class=\"choice-1 depth-1\"><input type=\"checkbox\" id=\"wpforms-514-field_15_1\" name=\"wpforms[fields][15][]\" value=\"Choreography Needed\"  ><label class=\"wpforms-field-label-inline\" for=\"wpforms-514-field_15_1\">Choreography Needed<\/label><\/li><\/ul><\/div><div id=\"wpforms-514-field_12-container\" class=\"wpforms-field wpforms-field-textarea\" data-field-id=\"12\"><label class=\"wpforms-field-label\" for=\"wpforms-514-field_12\">Number and Age of Dancers<\/label><textarea id=\"wpforms-514-field_12\" class=\"wpforms-field-medium\" name=\"wpforms[fields][12]\" placeholder=\"Number and Age of Dancers\" ><\/textarea><\/div><div id=\"wpforms-514-field_13-container\" class=\"wpforms-field wpforms-field-date-time\" data-field-id=\"13\"><label class=\"wpforms-field-label\" for=\"wpforms-514-field_13\">Preferred Confirmation Date<\/label><div class=\"wpforms-datepicker-wrap\"><input type=\"text\" id=\"wpforms-514-field_13\" class=\"wpforms-field-date-time-date wpforms-datepicker wpforms-field-large\" data-date-format=\"m\/d\/Y\" data-disable-past-dates=\"0\" data-input=\"true\" name=\"wpforms[fields][13][date]\" ><a title=\"Effacer la date\" data-clear class=\"wpforms-datepicker-clear\" style=\"display:none;\"><\/a><\/div><\/div><\/div><div class=\"wpforms-recaptcha-container\" ><div class=\"g-recaptcha\" data-sitekey=\"6LcR7HEqAAAAAJokaDnvhCmOZdVe0uESod4ZZlBT\"><\/div><input type=\"text\" name=\"g-recaptcha-hidden\" class=\"wpforms-recaptcha-hidden\" style=\"position:absolute!important;clip:rect(0,0,0,0)!important;height:1px!important;width:1px!important;border:0!important;overflow:hidden!important;padding:0!important;margin:0!important;\" required><\/div><div class=\"wpforms-submit-container\" ><input type=\"hidden\" name=\"wpforms[id]\" value=\"514\"><input type=\"hidden\" name=\"wpforms[author]\" value=\"6\"><button type=\"submit\" name=\"wpforms[submit]\" class=\"wpforms-submit \" id=\"wpforms-submit-514\" value=\"wpforms-submit\" aria-live=\"assertive\" data-alt-text=\"Sending...\" data-submit-text=\"Submit\">Submit<\/button><\/div><\/form><\/div>  <!-- .wpforms-container -->            <\/div>\n\t\t\t\t<\/div>\n\t\t\t\t<\/div>\n\t\t\t\t\t<\/div>\n\t\t<\/div>\n\t\t\t\t\t<\/div>\n\t\t<\/section>\n\t\t\t\t<\/div>\n\t\t","protected":false},"excerpt":{"rendered":"<p>FORMULAIRE DE DEMANDE DE R\u00c9SERVATION DE FACULT\u00c9 WDM Veuillez activer JavaScript dans votre navigateur pour remplir ce formulaire.Adresse e-mail *Nom *Affiliation au studioEmplacementEnseignant pr\u00e9f\u00e9r\u00e9Dates pr\u00e9f\u00e9r\u00e9esStyle de classeDur\u00e9e de la classeNombre de classesNiveau de classe D\u00e9butant Interm\u00e9diaire Avanc\u00e9 Chor\u00e9graphie requise Nombre et \u00e2ge des danseursDate de confirmation pr\u00e9f\u00e9r\u00e9eEnvoyer<\/p>","protected":false},"author":6,"featured_media":0,"parent":0,"menu_order":0,"comment_status":"closed","ping_status":"closed","template":"","meta":{"_acf_changed":false,"site-sidebar-layout":"no-sidebar","site-content-layout":"page-builder","ast-site-content-layout":"default","site-content-style":"default","site-sidebar-style":"default","ast-global-header-display":"","ast-banner-title-visibility":"","ast-main-header-display":"","ast-hfb-above-header-display":"","ast-hfb-below-header-display":"","ast-hfb-mobile-header-display":"","site-post-title":"disabled","ast-breadcrumbs-content":"","ast-featured-img":"disabled","footer-sml-layout":"","ast-disable-related-posts":"","theme-transparent-header-meta":"default","adv-header-id-meta":"","stick-header-meta":"default","header-above-stick-meta":"","header-main-stick-meta":"","header-below-stick-meta":"","astra-migrate-meta-layouts":"default","ast-page-background-enabled":"default","ast-page-background-meta":{"desktop":{"background-color":"","background-image":"","background-repeat":"repeat","background-position":"center center","background-size":"auto","background-attachment":"scroll","background-type":"","background-media":"","overlay-type":"","overlay-color":"","overlay-opacity":"","overlay-gradient":""},"tablet":{"background-color":"","background-image":"","background-repeat":"repeat","background-position":"center center","background-size":"auto","background-attachment":"scroll","background-type":"","background-media":"","overlay-type":"","overlay-color":"","overlay-opacity":"","overlay-gradient":""},"mobile":{"background-color":"","background-image":"","background-repeat":"repeat","background-position":"center center","background-size":"auto","background-attachment":"scroll","background-type":"","background-media":"","overlay-type":"","overlay-color":"","overlay-opacity":"","overlay-gradient":""}},"ast-content-background-meta":{"desktop":{"background-color":"var(--ast-global-color-5)","background-image":"","background-repeat":"repeat","background-position":"center center","background-size":"auto","background-attachment":"scroll","background-type":"","background-media":"","overlay-type":"","overlay-color":"","overlay-opacity":"","overlay-gradient":""},"tablet":{"background-color":"var(--ast-global-color-5)","background-image":"","background-repeat":"repeat","background-position":"center center","background-size":"auto","background-attachment":"scroll","background-type":"","background-media":"","overlay-type":"","overlay-color":"","overlay-opacity":"","overlay-gradient":""},"mobile":{"background-color":"var(--ast-global-color-5)","background-image":"","background-repeat":"repeat","background-position":"center center","background-size":"auto","background-attachment":"scroll","background-type":"","background-media":"","overlay-type":"","overlay-color":"","overlay-opacity":"","overlay-gradient":""}},"footnotes":""},"class_list":["post-508","page","type-page","status-publish","hentry"],"acf":[],"jetpack_sharing_enabled":true,"_links":{"self":[{"href":"https:\/\/worlddancemovement.com\/fr\/wp-json\/wp\/v2\/pages\/508","targetHints":{"allow":["GET"]}}],"collection":[{"href":"https:\/\/worlddancemovement.com\/fr\/wp-json\/wp\/v2\/pages"}],"about":[{"href":"https:\/\/worlddancemovement.com\/fr\/wp-json\/wp\/v2\/types\/page"}],"author":[{"embeddable":true,"href":"https:\/\/worlddancemovement.com\/fr\/wp-json\/wp\/v2\/users\/6"}],"replies":[{"embeddable":true,"href":"https:\/\/worlddancemovement.com\/fr\/wp-json\/wp\/v2\/comments?post=508"}],"version-history":[{"count":10,"href":"https:\/\/worlddancemovement.com\/fr\/wp-json\/wp\/v2\/pages\/508\/revisions"}],"predecessor-version":[{"id":9909,"href":"https:\/\/worlddancemovement.com\/fr\/wp-json\/wp\/v2\/pages\/508\/revisions\/9909"}],"wp:attachment":[{"href":"https:\/\/worlddancemovement.com\/fr\/wp-json\/wp\/v2\/media?parent=508"}],"curies":[{"name":"wp","href":"https:\/\/api.w.org\/{rel}","templated":true}]}}