{"id":9867,"date":"2022-08-09T00:16:53","date_gmt":"2022-08-09T00:16:53","guid":{"rendered":"https:\/\/worlddancemovement.com\/?page_id=9867"},"modified":"2023-08-21T21:26:49","modified_gmt":"2023-08-21T21:26:49","slug":"wdmpa","status":"publish","type":"page","link":"https:\/\/worlddancemovement.com\/fr\/wdmpa\/","title":{"rendered":"WDMPA"},"content":{"rendered":"<div data-elementor-type=\"wp-page\" data-elementor-id=\"9867\" class=\"elementor elementor-9867\" data-elementor-post-type=\"page\">\n\t\t\t\t\t\t<section class=\"elementor-section elementor-top-section elementor-element elementor-element-d6b256e elementor-section-full_width elementor-section-height-min-height elementor-section-height-default elementor-section-items-middle\" data-id=\"d6b256e\" data-element_type=\"section\" data-e-type=\"section\" data-settings=\"{&quot;background_background&quot;:&quot;classic&quot;}\">\n\t\t\t\t\t\t\t<div class=\"elementor-background-overlay\"><\/div>\n\t\t\t\t\t\t\t<div class=\"elementor-container elementor-column-gap-no\">\n\t\t\t\t\t<div class=\"elementor-column elementor-col-100 elementor-top-column elementor-element elementor-element-8487314\" data-id=\"8487314\" data-element_type=\"column\" data-e-type=\"column\">\n\t\t\t<div class=\"elementor-widget-wrap elementor-element-populated\">\n\t\t\t\t\t\t<div class=\"elementor-element elementor-element-28cfa2f elementor-widget elementor-widget-heading\" data-id=\"28cfa2f\" data-element_type=\"widget\" data-e-type=\"widget\" data-widget_type=\"heading.default\">\n\t\t\t\t<div class=\"elementor-widget-container\">\n\t\t\t\t\t<h2 class=\"elementor-heading-title elementor-size-default\">Acad\u00e9mie de Performance du Mouvement de Danse Mondiale<\/h2>\t\t\t\t<\/div>\n\t\t\t\t<\/div>\n\t\t\t\t<div class=\"elementor-element elementor-element-30e40b3 elementor-widget-divider--view-line elementor-widget elementor-widget-divider\" data-id=\"30e40b3\" data-element_type=\"widget\" data-e-type=\"widget\" data-widget_type=\"divider.default\">\n\t\t\t\t<div class=\"elementor-widget-container\">\n\t\t\t\t\t\t\t<div class=\"elementor-divider\">\n\t\t\t<span class=\"elementor-divider-separator\">\n\t\t\t\t\t\t<\/span>\n\t\t<\/div>\n\t\t\t\t\t\t<\/div>\n\t\t\t\t<\/div>\n\t\t\t\t\t<\/div>\n\t\t<\/div>\n\t\t\t\t\t<\/div>\n\t\t<\/section>\n\t\t\t\t<section class=\"elementor-section elementor-top-section elementor-element elementor-element-6bcb72e elementor-section-full_width elementor-section-height-default elementor-section-height-default\" data-id=\"6bcb72e\" data-element_type=\"section\" data-e-type=\"section\">\n\t\t\t\t\t\t<div class=\"elementor-container elementor-column-gap-default\">\n\t\t\t\t\t<div class=\"elementor-column elementor-col-100 elementor-top-column elementor-element elementor-element-92cbde1\" data-id=\"92cbde1\" data-element_type=\"column\" data-e-type=\"column\">\n\t\t\t<div class=\"elementor-widget-wrap elementor-element-populated\">\n\t\t\t\t\t\t<div class=\"elementor-element elementor-element-3e7f6f8 elementor-widget elementor-widget-heading\" data-id=\"3e7f6f8\" data-element_type=\"widget\" data-e-type=\"widget\" data-widget_type=\"heading.default\">\n\t\t\t\t<div class=\"elementor-widget-container\">\n\t\t\t\t\t<h2 class=\"elementor-heading-title elementor-size-default\">Offrir aux danseurs la possibilit\u00e9 de concourir et de s&#039;entra\u00eener partout dans le monde tout en restant connect\u00e9s, une saison de comp\u00e9tition \u00e0 la fois\u00a0!\n<\/h2>\t\t\t\t<\/div>\n\t\t\t\t<\/div>\n\t\t\t\t<div class=\"elementor-element elementor-element-0f8c2ab elementor-widget elementor-widget-heading\" data-id=\"0f8c2ab\" data-element_type=\"widget\" data-e-type=\"widget\" data-widget_type=\"heading.default\">\n\t\t\t\t<div class=\"elementor-widget-container\">\n\t\t\t\t\t<h3 class=\"elementor-heading-title elementor-size-default\">La WDM Performance Academy forme vos danseurs \u00e0 atteindre l&#039;excellence personnelle avec un horaire compatible avec les exigences de votre famille.<\/h3>\t\t\t\t<\/div>\n\t\t\t\t<\/div>\n\t\t\t\t<div class=\"elementor-element elementor-element-77d9332 elementor-widget elementor-widget-text-editor\" data-id=\"77d9332\" data-element_type=\"widget\" data-e-type=\"widget\" data-widget_type=\"text-editor.default\">\n\t\t\t\t<div class=\"elementor-widget-container\">\n\t\t\t\t\t\t\t\t\t<p>Bas\u00e9s en Caroline du Nord, les danseurs de niveau \u00e9lite peuvent assister \u00e0 des cours r\u00e9guliers chaque semaine en Caroline du Nord et du Sud (les lieux varient) et avoir la possibilit\u00e9 d&#039;\u00e9laborer un programme hebdomadaire rempli de techniques priv\u00e9es sp\u00e9cifiques au danseur, en personne ou sur zoom, de cette fa\u00e7on. les danseurs peuvent s\u2019entra\u00eener o\u00f9 qu\u2019ils se trouvent dans le monde\u00a0!<\/p>\t\t\t\t\t\t\t\t<\/div>\n\t\t\t\t<\/div>\n\t\t\t\t<div class=\"elementor-element elementor-element-5ede9af elementor-widget elementor-widget-heading\" data-id=\"5ede9af\" data-element_type=\"widget\" data-e-type=\"widget\" data-widget_type=\"heading.default\">\n\t\t\t\t<div class=\"elementor-widget-container\">\n\t\t\t\t\t<h2 class=\"elementor-heading-title elementor-size-default\">LE CHOIX T&#039;APPARTIENT!<\/h2>\t\t\t\t<\/div>\n\t\t\t\t<\/div>\n\t\t\t\t<div class=\"elementor-element elementor-element-d106ffc elementor-icon-list--layout-traditional elementor-list-item-link-full_width elementor-widget elementor-widget-icon-list\" data-id=\"d106ffc\" data-element_type=\"widget\" data-e-type=\"widget\" data-widget_type=\"icon-list.default\">\n\t\t\t\t<div class=\"elementor-widget-container\">\n\t\t\t\t\t\t\t<ul class=\"elementor-icon-list-items\">\n\t\t\t\t\t\t\t<li class=\"elementor-icon-list-item\">\n\t\t\t\t\t\t\t\t\t\t\t<span class=\"elementor-icon-list-icon\">\n\t\t\t\t\t\t\t<i aria-hidden=\"true\" class=\"fas fa-dot-circle\"><\/i>\t\t\t\t\t\t<\/span>\n\t\t\t\t\t\t\t\t\t\t<span class=\"elementor-icon-list-text\">Vous pouvez faire partie de l&#039;\u00e9quipe, \u00e9laborer votre programme d&#039;entra\u00eenement et commencer votre pi\u00e8ce pour la saison.<\/span>\n\t\t\t\t\t\t\t\t\t<\/li>\n\t\t\t\t\t\t\t\t<li class=\"elementor-icon-list-item\">\n\t\t\t\t\t\t\t\t\t\t\t<span class=\"elementor-icon-list-icon\">\n\t\t\t\t\t\t\t<i aria-hidden=\"true\" class=\"fas fa-dot-circle\"><\/i>\t\t\t\t\t\t<\/span>\n\t\t\t\t\t\t\t\t\t\t<span class=\"elementor-icon-list-text\">Vous pouvez r\u00e9server uniquement un chor\u00e9graphe pour d\u00e9finir une pi\u00e8ce pour la saison de comp\u00e9tition de votre home studio, avec la possibilit\u00e9 pour votre chor\u00e9graphe de travailler avec vous via zoom tout au long de la saison pour vous tenir en haleine\u00a0!<\/span>\n\t\t\t\t\t\t\t\t\t<\/li>\n\t\t\t\t\t\t\t\t<li class=\"elementor-icon-list-item\">\n\t\t\t\t\t\t\t\t\t\t\t<span class=\"elementor-icon-list-icon\">\n\t\t\t\t\t\t\t<i aria-hidden=\"true\" class=\"fas fa-dot-circle\"><\/i>\t\t\t\t\t\t<\/span>\n\t\t\t\t\t\t\t\t\t\t<span class=\"elementor-icon-list-text\">En plus de notre programme pr\u00e9-professionnel et de nos r\u00e9servations de chor\u00e9graphies, nous proposons \u00e9galement des critiques et des commentaires sur les pi\u00e8ces de comp\u00e9tition de votre saison.<\/span>\n\t\t\t\t\t\t\t\t\t<\/li>\n\t\t\t\t\t\t<\/ul>\n\t\t\t\t\t\t<\/div>\n\t\t\t\t<\/div>\n\t\t\t\t<div class=\"elementor-element elementor-element-559bda3 elementor-widget elementor-widget-heading\" data-id=\"559bda3\" data-element_type=\"widget\" data-e-type=\"widget\" data-widget_type=\"heading.default\">\n\t\t\t\t<div class=\"elementor-widget-container\">\n\t\t\t\t\t<h2 class=\"elementor-heading-title elementor-size-default\">RENCONTREZ LE DIRECTEUR\u00a0!<\/h2>\t\t\t\t<\/div>\n\t\t\t\t<\/div>\n\t\t\t\t<div class=\"elementor-element elementor-element-967deae elementor-position-left elementor-vertical-align-top elementor-widget elementor-widget-image-box\" data-id=\"967deae\" data-element_type=\"widget\" data-e-type=\"widget\" data-widget_type=\"image-box.default\">\n\t\t\t\t<div class=\"elementor-widget-container\">\n\t\t\t\t\t<div class=\"elementor-image-box-wrapper\"><figure class=\"elementor-image-box-img\"><img fetchpriority=\"high\" decoding=\"async\" width=\"1536\" height=\"1536\" src=\"https:\/\/worlddancemovement.com\/wp-content\/uploads\/2022\/08\/Randi-Lee_WDMPA-1536x1536.png\" class=\"attachment-1536x1536 size-1536x1536 wp-image-9900\" alt=\"\" srcset=\"https:\/\/worlddancemovement.com\/wp-content\/uploads\/2022\/08\/Randi-Lee_WDMPA-1536x1536.png 1536w, https:\/\/worlddancemovement.com\/wp-content\/uploads\/2022\/08\/Randi-Lee_WDMPA-300x300.png 300w, https:\/\/worlddancemovement.com\/wp-content\/uploads\/2022\/08\/Randi-Lee_WDMPA-1024x1024.png 1024w, https:\/\/worlddancemovement.com\/wp-content\/uploads\/2022\/08\/Randi-Lee_WDMPA-150x150.png 150w, https:\/\/worlddancemovement.com\/wp-content\/uploads\/2022\/08\/Randi-Lee_WDMPA-768x768.png 768w, https:\/\/worlddancemovement.com\/wp-content\/uploads\/2022\/08\/Randi-Lee_WDMPA-12x12.png 12w, https:\/\/worlddancemovement.com\/wp-content\/uploads\/2022\/08\/Randi-Lee_WDMPA-1320x1320.png 1320w, https:\/\/worlddancemovement.com\/wp-content\/uploads\/2022\/08\/Randi-Lee_WDMPA.png 1200w, https:\/\/worlddancemovement.com\/wp-content\/uploads\/2022\/08\/Randi-Lee_WDMPA-100x100.png 100w\" sizes=\"(max-width: 1536px) 100vw, 1536px\" \/><\/figure><div class=\"elementor-image-box-content\"><h3 class=\"elementor-image-box-title\">RANDI LEE<\/h3><p class=\"elementor-image-box-description\">Randi Lee a commenc\u00e9 \u00e0 danser d\u00e8s l&#039;\u00e2ge de deux ans. Elle s&#039;est ensuite form\u00e9e dans diff\u00e9rents studios de Caroline du Nord. Apr\u00e8s avoir obtenu son dipl\u00f4me, elle a pass\u00e9 de nombreuses ann\u00e9es \u00e0 New York \u00e0 parfaire sa formation, tout en enseignant et en se produisant sur sc\u00e8ne\u00a0! Elle a enseign\u00e9 \u00e0 l&#039;American Musical and Dramatic Academy (AMDA, coll\u00e8ge\/conservatoire) et au programme pour enfants et adolescents du Broadway Dance Center\u00a0! Ses \u00e9t\u00e9s, elle a travaill\u00e9 et s&#039;est entra\u00een\u00e9e en Europe avec le World Dance Movement. Elle y a assist\u00e9 Michele Assaf et a \u00e9t\u00e9 membre du jury du concours international. Randi a donn\u00e9 des master classes sur toute la c\u00f4te Est et passe la plupart de ses week-ends \u00e0 juger divers concours de danse. Randi ma\u00eetrise parfaitement l&#039;acrobatie, le ballet, les claquettes, le lyrique, le hip-hop, le th\u00e9\u00e2tre musical, la pointe, le contemporain, le jazz classique, commercial et contemporain, l&#039;improvisation et la danse moderne. Danseuse de comp\u00e9tition pendant 15\u00a0ans, elle a \u00e9t\u00e9 \u00e9lue Miss Danse de Caroline du Nord en\u00a02010 et\u00a02012. Aujourd&#039;hui, Randi enseigne, chor\u00e9graphie et est membre du jury r\u00e9guli\u00e8rement. Elle est convaincue que la technique, le mouvement et le c\u0153ur forment la combinaison id\u00e9ale pour cr\u00e9er et enrichir les jeunes danseurs\u00a0! Retrouvez-la en ligne sur @therandilee.<\/p><\/div><\/div>\t\t\t\t<\/div>\n\t\t\t\t<\/div>\n\t\t\t\t<div class=\"elementor-element elementor-element-3c395bc elementor-widget elementor-widget-eael-creative-button\" data-id=\"3c395bc\" data-element_type=\"widget\" data-e-type=\"widget\" data-widget_type=\"eael-creative-button.default\">\n\t\t\t\t<div class=\"elementor-widget-container\">\n\t\t\t\t\t        <div class=\"eael-creative-button-wrapper\">\n\n            <a class=\"eael-creative-button eael-creative-button--rayen eael-cb-icon-position-\" href=\"https:\/\/worlddancemovement.com\/fr\/wdm-faculty-booking-inquiry-form\/\" data-text=\"INQUIRE HERE\">\n            \t    \n                <div class=\"creative-button-inner\">\n\n                    \n                    <span class=\"cretive-button-text\">RENSEIGNEZ-VOUS ICI<\/span>\n\n                                    <\/div>\n\t                        <\/a>\n        <\/div>\n        \t\t\t\t<\/div>\n\t\t\t\t<\/div>\n\t\t\t\t\t<\/div>\n\t\t<\/div>\n\t\t\t\t\t<\/div>\n\t\t<\/section>\n\t\t\t\t<\/div>","protected":false},"excerpt":{"rendered":"<p>World Dance Movement Performance Academy Providing opportunities for dancers to compete and train all over the world while staying connected one competition season at a time! The WDM Performance Academy trains your dancers to reach personal excellence with a schedule that is compatible to your family\u2019s demands. Based out of North Carolina, elite level dancers [&hellip;]<\/p>\n","protected":false},"author":6,"featured_media":0,"parent":0,"menu_order":0,"comment_status":"closed","ping_status":"closed","template":"","meta":{"_acf_changed":false,"site-sidebar-layout":"no-sidebar","site-content-layout":"page-builder","ast-site-content-layout":"default","site-content-style":"default","site-sidebar-style":"default","ast-global-header-display":"","ast-banner-title-visibility":"","ast-main-header-display":"","ast-hfb-above-header-display":"","ast-hfb-below-header-display":"","ast-hfb-mobile-header-display":"","site-post-title":"disabled","ast-breadcrumbs-content":"","ast-featured-img":"disabled","footer-sml-layout":"","ast-disable-related-posts":"","theme-transparent-header-meta":"default","adv-header-id-meta":"","stick-header-meta":"default","header-above-stick-meta":"","header-main-stick-meta":"","header-below-stick-meta":"","astra-migrate-meta-layouts":"default","ast-page-background-enabled":"default","ast-page-background-meta":{"desktop":{"background-color":"","background-image":"","background-repeat":"repeat","background-position":"center center","background-size":"auto","background-attachment":"scroll","background-type":"","background-media":"","overlay-type":"","overlay-color":"","overlay-opacity":"","overlay-gradient":""},"tablet":{"background-color":"","background-image":"","background-repeat":"repeat","background-position":"center center","background-size":"auto","background-attachment":"scroll","background-type":"","background-media":"","overlay-type":"","overlay-color":"","overlay-opacity":"","overlay-gradient":""},"mobile":{"background-color":"","background-image":"","background-repeat":"repeat","background-position":"center center","background-size":"auto","background-attachment":"scroll","background-type":"","background-media":"","overlay-type":"","overlay-color":"","overlay-opacity":"","overlay-gradient":""}},"ast-content-background-meta":{"desktop":{"background-color":"var(--ast-global-color-5)","background-image":"","background-repeat":"repeat","background-position":"center center","background-size":"auto","background-attachment":"scroll","background-type":"","background-media":"","overlay-type":"","overlay-color":"","overlay-opacity":"","overlay-gradient":""},"tablet":{"background-color":"var(--ast-global-color-5)","background-image":"","background-repeat":"repeat","background-position":"center center","background-size":"auto","background-attachment":"scroll","background-type":"","background-media":"","overlay-type":"","overlay-color":"","overlay-opacity":"","overlay-gradient":""},"mobile":{"background-color":"var(--ast-global-color-5)","background-image":"","background-repeat":"repeat","background-position":"center center","background-size":"auto","background-attachment":"scroll","background-type":"","background-media":"","overlay-type":"","overlay-color":"","overlay-opacity":"","overlay-gradient":""}},"footnotes":""},"class_list":["post-9867","page","type-page","status-publish","hentry"],"acf":[],"jetpack_sharing_enabled":true,"_links":{"self":[{"href":"https:\/\/worlddancemovement.com\/fr\/wp-json\/wp\/v2\/pages\/9867","targetHints":{"allow":["GET"]}}],"collection":[{"href":"https:\/\/worlddancemovement.com\/fr\/wp-json\/wp\/v2\/pages"}],"about":[{"href":"https:\/\/worlddancemovement.com\/fr\/wp-json\/wp\/v2\/types\/page"}],"author":[{"embeddable":true,"href":"https:\/\/worlddancemovement.com\/fr\/wp-json\/wp\/v2\/users\/6"}],"replies":[{"embeddable":true,"href":"https:\/\/worlddancemovement.com\/fr\/wp-json\/wp\/v2\/comments?post=9867"}],"version-history":[{"count":10,"href":"https:\/\/worlddancemovement.com\/fr\/wp-json\/wp\/v2\/pages\/9867\/revisions"}],"predecessor-version":[{"id":12260,"href":"https:\/\/worlddancemovement.com\/fr\/wp-json\/wp\/v2\/pages\/9867\/revisions\/12260"}],"wp:attachment":[{"href":"https:\/\/worlddancemovement.com\/fr\/wp-json\/wp\/v2\/media?parent=9867"}],"curies":[{"name":"wp","href":"https:\/\/api.w.org\/{rel}","templated":true}]}}