{"id":13059,"date":"2023-09-29T17:08:19","date_gmt":"2023-09-29T17:08:19","guid":{"rendered":"https:\/\/worlddancemovement.com\/?post_type=product&#038;p=13059"},"modified":"2023-09-29T17:09:36","modified_gmt":"2023-09-29T17:09:36","slug":"wdm-italy-2023-con-te-mimmo-showcase-july-13-video-file","status":"publish","type":"product","link":"https:\/\/worlddancemovement.com\/fr\/produit\/wdm-italy-2023-con-te-mimmo-showcase-july-13-video-file\/","title":{"rendered":"WDM Italie 2023 \u2013 VITRINE &#039;Con Te Mimmo&#039; \u2013 13 juillet \u2013 Fichier vid\u00e9o"},"content":{"rendered":"","protected":false},"excerpt":{"rendered":"<div class=\"area offsets-products\">\n<p>\u00a0WORLD DANCE MOVEMENT 2023 \u2013 Vitrine &#039;Con Te Mimmo&#039; \u2013 13 juillet<\/p>\n<p>Le FICHIER VID\u00c9O vous sera envoy\u00e9 par e-mail apr\u00e8s le 15 octobre 2023 (ce n&#039;est pas un DVD papier)<\/p>\n<p>Un hommage au pr\u00e9sident de WDM, Domenico \u00ab Mimmo \u00bb Daoli. D\u00c9CHIRER.<\/p>\n<p>Voici ce que vous recevrez :<\/p>\n<p>Fichier \u00e9lectronique vid\u00e9o \u00e9dit\u00e9 par des professionnels de la vitrine \u00ab Con Te Mimmo \u00bb (13 juillet)<\/p>\n<p>&nbsp;<\/p>\n<\/div>","protected":false},"featured_media":13060,"comment_status":"closed","ping_status":"closed","template":"","meta":{"_acf_changed":false,"site-sidebar-layout":"default","site-content-layout":"default","ast-site-content-layout":"default","site-content-style":"default","site-sidebar-style":"default","ast-global-header-display":"","ast-banner-title-visibility":"","ast-main-header-display":"","ast-hfb-above-header-display":"","ast-hfb-below-header-display":"","ast-hfb-mobile-header-display":"","site-post-title":"","ast-breadcrumbs-content":"","ast-featured-img":"","footer-sml-layout":"","ast-disable-related-posts":"","theme-transparent-header-meta":"default","adv-header-id-meta":"","stick-header-meta":"default","header-above-stick-meta":"","header-main-stick-meta":"","header-below-stick-meta":"","astra-migrate-meta-layouts":"set","ast-page-background-enabled":"default","ast-page-background-meta":{"desktop":{"background-color":"","background-image":"","background-repeat":"repeat","background-position":"center center","background-size":"auto","background-attachment":"scroll","background-type":"","background-media":"","overlay-type":"","overlay-color":"","overlay-opacity":"","overlay-gradient":""},"tablet":{"background-color":"","background-image":"","background-repeat":"repeat","background-position":"center center","background-size":"auto","background-attachment":"scroll","background-type":"","background-media":"","overlay-type":"","overlay-color":"","overlay-opacity":"","overlay-gradient":""},"mobile":{"background-color":"","background-image":"","background-repeat":"repeat","background-position":"center center","background-size":"auto","background-attachment":"scroll","background-type":"","background-media":"","overlay-type":"","overlay-color":"","overlay-opacity":"","overlay-gradient":""}},"ast-content-background-meta":{"desktop":{"background-color":"var(--ast-global-color-5)","background-image":"","background-repeat":"repeat","background-position":"center center","background-size":"auto","background-attachment":"scroll","background-type":"","background-media":"","overlay-type":"","overlay-color":"","overlay-opacity":"","overlay-gradient":""},"tablet":{"background-color":"var(--ast-global-color-5)","background-image":"","background-repeat":"repeat","background-position":"center center","background-size":"auto","background-attachment":"scroll","background-type":"","background-media":"","overlay-type":"","overlay-color":"","overlay-opacity":"","overlay-gradient":""},"mobile":{"background-color":"var(--ast-global-color-5)","background-image":"","background-repeat":"repeat","background-position":"center center","background-size":"auto","background-attachment":"scroll","background-type":"","background-media":"","overlay-type":"","overlay-color":"","overlay-opacity":"","overlay-gradient":""}}},"product_brand":[],"product_cat":[43],"product_tag":[],"wpstream_actors":[],"wpstream_category":[],"wpstream_movie_rating":[],"class_list":{"0":"post-13059","1":"product","2":"type-product","3":"status-publish","4":"has-post-thumbnail","6":"product_cat-wdm-videos","7":"desktop-align-left","8":"tablet-align-left","9":"mobile-align-left","11":"first","12":"instock","13":"virtual","14":"purchasable","15":"product-type-simple"},"acf":[],"jetpack_sharing_enabled":true,"_links":{"self":[{"href":"https:\/\/worlddancemovement.com\/fr\/wp-json\/wp\/v2\/product\/13059","targetHints":{"allow":["GET"]}}],"collection":[{"href":"https:\/\/worlddancemovement.com\/fr\/wp-json\/wp\/v2\/product"}],"about":[{"href":"https:\/\/worlddancemovement.com\/fr\/wp-json\/wp\/v2\/types\/product"}],"replies":[{"embeddable":true,"href":"https:\/\/worlddancemovement.com\/fr\/wp-json\/wp\/v2\/comments?post=13059"}],"wp:featuredmedia":[{"embeddable":true,"href":"https:\/\/worlddancemovement.com\/fr\/wp-json\/wp\/v2\/media\/13060"}],"wp:attachment":[{"href":"https:\/\/worlddancemovement.com\/fr\/wp-json\/wp\/v2\/media?parent=13059"}],"wp:term":[{"taxonomy":"product_brand","embeddable":true,"href":"https:\/\/worlddancemovement.com\/fr\/wp-json\/wp\/v2\/product_brand?post=13059"},{"taxonomy":"product_cat","embeddable":true,"href":"https:\/\/worlddancemovement.com\/fr\/wp-json\/wp\/v2\/product_cat?post=13059"},{"taxonomy":"product_tag","embeddable":true,"href":"https:\/\/worlddancemovement.com\/fr\/wp-json\/wp\/v2\/product_tag?post=13059"},{"taxonomy":"wpstream_actors","embeddable":true,"href":"https:\/\/worlddancemovement.com\/fr\/wp-json\/wp\/v2\/wpstream_actors?post=13059"},{"taxonomy":"wpstream_category","embeddable":true,"href":"https:\/\/worlddancemovement.com\/fr\/wp-json\/wp\/v2\/wpstream_category?post=13059"},{"taxonomy":"wpstream_movie_rating","embeddable":true,"href":"https:\/\/worlddancemovement.com\/fr\/wp-json\/wp\/v2\/wpstream_movie_rating?post=13059"}],"curies":[{"name":"wp","href":"https:\/\/api.w.org\/{rel}","templated":true}]}}