{"id":18586,"date":"2025-07-22T17:51:48","date_gmt":"2025-07-22T17:51:48","guid":{"rendered":"https:\/\/worlddancemovement.com\/?post_type=product&#038;p=18586"},"modified":"2025-08-21T20:43:49","modified_gmt":"2025-08-21T20:43:49","slug":"wdm-italy-2025-international-dance-competition-photo-files-per-entry","status":"publish","type":"product","link":"https:\/\/worlddancemovement.com\/fr\/produit\/wdm-italy-2025-international-dance-competition-photo-files-per-entry\/","title":{"rendered":"WDM Italie 2025 \u2013 CONCOURS INTERNATIONAL DE DANSE (13 juillet) \u2013 Photos (par participant)"},"content":{"rendered":"<p>&nbsp;<\/p>\n<p>&nbsp;<\/p>\n<p>&nbsp;<\/p>","protected":false},"excerpt":{"rendered":"<p>Vous recevrez entre 12 et 15 photos professionnelles (par participation) de votre performance lors du Concours International WDM (13 juillet) \u00e0 Castellana Grotte (BA), en Italie. Ces images vous seront envoy\u00e9es par courriel via un lien de t\u00e9l\u00e9chargement, que vous pourrez utiliser pour les enregistrer sur votre appareil personnel.<\/p>\n<p>REMARQUE\u00a0: Vous devez commander un groupe de photos pour chaque participation ($35 par participation). Vous recevrez de 12 \u00e0 15 photos par participation. <strong>Veuillez nous envoyer un e-mail et nous indiquer quelle entr\u00e9e vous achetez (nom du danseur et nom de l&#039;entr\u00e9e).<\/strong> Le lien sera envoy\u00e9 d&#039;ici le 15 octobre 2025, ou d\u00e8s que nous recevrons le mat\u00e9riel \u00e9dit\u00e9 du photographe.<\/p>","protected":false},"featured_media":19003,"comment_status":"closed","ping_status":"closed","template":"","meta":{"_acf_changed":false,"site-sidebar-layout":"default","site-content-layout":"default","ast-site-content-layout":"default","site-content-style":"default","site-sidebar-style":"default","ast-global-header-display":"","ast-banner-title-visibility":"","ast-main-header-display":"","ast-hfb-above-header-display":"","ast-hfb-below-header-display":"","ast-hfb-mobile-header-display":"","site-post-title":"","ast-breadcrumbs-content":"","ast-featured-img":"","footer-sml-layout":"","ast-disable-related-posts":"","theme-transparent-header-meta":"default","adv-header-id-meta":"","stick-header-meta":"default","header-above-stick-meta":"","header-main-stick-meta":"","header-below-stick-meta":"","astra-migrate-meta-layouts":"set","ast-page-background-enabled":"default","ast-page-background-meta":{"desktop":{"background-color":"","background-image":"","background-repeat":"repeat","background-position":"center center","background-size":"auto","background-attachment":"scroll","background-type":"","background-media":"","overlay-type":"","overlay-color":"","overlay-opacity":"","overlay-gradient":""},"tablet":{"background-color":"","background-image":"","background-repeat":"repeat","background-position":"center center","background-size":"auto","background-attachment":"scroll","background-type":"","background-media":"","overlay-type":"","overlay-color":"","overlay-opacity":"","overlay-gradient":""},"mobile":{"background-color":"","background-image":"","background-repeat":"repeat","background-position":"center center","background-size":"auto","background-attachment":"scroll","background-type":"","background-media":"","overlay-type":"","overlay-color":"","overlay-opacity":"","overlay-gradient":""}},"ast-content-background-meta":{"desktop":{"background-color":"var(--ast-global-color-5)","background-image":"","background-repeat":"repeat","background-position":"center center","background-size":"auto","background-attachment":"scroll","background-type":"","background-media":"","overlay-type":"","overlay-color":"","overlay-opacity":"","overlay-gradient":""},"tablet":{"background-color":"var(--ast-global-color-5)","background-image":"","background-repeat":"repeat","background-position":"center center","background-size":"auto","background-attachment":"scroll","background-type":"","background-media":"","overlay-type":"","overlay-color":"","overlay-opacity":"","overlay-gradient":""},"mobile":{"background-color":"var(--ast-global-color-5)","background-image":"","background-repeat":"repeat","background-position":"center center","background-size":"auto","background-attachment":"scroll","background-type":"","background-media":"","overlay-type":"","overlay-color":"","overlay-opacity":"","overlay-gradient":""}}},"product_brand":[],"product_cat":[24,109],"product_tag":[],"wpstream_actors":[],"wpstream_category":[],"wpstream_movie_rating":[],"class_list":{"0":"post-18586","1":"product","2":"type-product","3":"status-publish","4":"has-post-thumbnail","6":"product_cat-wdm-products","7":"product_cat-wdm-photos","8":"desktop-align-left","9":"tablet-align-left","10":"mobile-align-left","12":"first","13":"instock","14":"virtual","15":"purchasable","16":"product-type-simple"},"acf":[],"jetpack_sharing_enabled":true,"_links":{"self":[{"href":"https:\/\/worlddancemovement.com\/fr\/wp-json\/wp\/v2\/product\/18586","targetHints":{"allow":["GET"]}}],"collection":[{"href":"https:\/\/worlddancemovement.com\/fr\/wp-json\/wp\/v2\/product"}],"about":[{"href":"https:\/\/worlddancemovement.com\/fr\/wp-json\/wp\/v2\/types\/product"}],"replies":[{"embeddable":true,"href":"https:\/\/worlddancemovement.com\/fr\/wp-json\/wp\/v2\/comments?post=18586"}],"wp:featuredmedia":[{"embeddable":true,"href":"https:\/\/worlddancemovement.com\/fr\/wp-json\/wp\/v2\/media\/19003"}],"wp:attachment":[{"href":"https:\/\/worlddancemovement.com\/fr\/wp-json\/wp\/v2\/media?parent=18586"}],"wp:term":[{"taxonomy":"product_brand","embeddable":true,"href":"https:\/\/worlddancemovement.com\/fr\/wp-json\/wp\/v2\/product_brand?post=18586"},{"taxonomy":"product_cat","embeddable":true,"href":"https:\/\/worlddancemovement.com\/fr\/wp-json\/wp\/v2\/product_cat?post=18586"},{"taxonomy":"product_tag","embeddable":true,"href":"https:\/\/worlddancemovement.com\/fr\/wp-json\/wp\/v2\/product_tag?post=18586"},{"taxonomy":"wpstream_actors","embeddable":true,"href":"https:\/\/worlddancemovement.com\/fr\/wp-json\/wp\/v2\/wpstream_actors?post=18586"},{"taxonomy":"wpstream_category","embeddable":true,"href":"https:\/\/worlddancemovement.com\/fr\/wp-json\/wp\/v2\/wpstream_category?post=18586"},{"taxonomy":"wpstream_movie_rating","embeddable":true,"href":"https:\/\/worlddancemovement.com\/fr\/wp-json\/wp\/v2\/wpstream_movie_rating?post=18586"}],"curies":[{"name":"wp","href":"https:\/\/api.w.org\/{rel}","templated":true}]}}