{"id":4099,"date":"2021-09-13T12:17:07","date_gmt":"2021-09-13T12:17:07","guid":{"rendered":"https:\/\/migrate.worlddancemovement.com\/?post_type=product&#038;p=4099"},"modified":"2022-08-16T03:21:16","modified_gmt":"2022-08-16T03:21:16","slug":"the-care-and-feeding-of-a-dancer-dvd","status":"publish","type":"product","link":"https:\/\/worlddancemovement.com\/fr\/produit\/the-care-and-feeding-of-a-dancer-dvd\/","title":{"rendered":"DVD Les soins et l\u2019alimentation d\u2019un danseur"},"content":{"rendered":"","protected":false},"excerpt":{"rendered":"<p>Rejoignez-nous alors que Toni Branner, physiologiste de l&#039;exercice, auteur et (surtout) m\u00e8re d&#039;un danseur, pr\u00e9sente les derni\u00e8res recherches sur les dommages caus\u00e9s par les radicaux libres et le stress oxydatif chez les danseurs et les athl\u00e8tes. D\u00e9veloppez votre syst\u00e8me de d\u00e9fense contre les radicaux libres en mangeant des aliments contenant les bons nutriments. Apprenez des solutions r\u00e9elles et simples pour am\u00e9liorer la nutrition de votre famille. Pr\u00e9venez les maladies, renforcez votre syst\u00e8me immunitaire et atteignez une sant\u00e9 optimale. Les recherches concernant la pr\u00e9vention de la perte de m\u00e9moire, des maladies cardiaques, du cancer, du diab\u00e8te, de l&#039;arthrite, de la maladie de Parkinson, de la maladie d&#039;Alzheimer et du vieillissement seront partag\u00e9es. C&#039;est votre chance d&#039;avoir un impact plus significatif sur votre avenir et celui de votre danseur.<\/p>\n<p>Toni Tickel Branner, MA est physiologiste de l&#039;exercice, conf\u00e9rencier professionnel et consultant en bien-\u00eatre. Ancienne professeure au d\u00e9partement des sciences de l&#039;exercice et de m\u00e9decine du sport de l&#039;UNC-Chapel Hill, directrice du fitness : Mecklenburg Aquatic Club, Charlotte, Caroline du Nord, elle propose des s\u00e9minaires et des ateliers sur la sant\u00e9 pour les enfants, les adultes et les personnes \u00e2g\u00e9es depuis plus de 20 ans. Elle est \u00e9galement l&#039;auteur de plusieurs livres, dont Wilby&#039;s Fitness Book pour enfants, The Care and Feeding of a Dancer et The Care and Feeding of an Athlete.<\/p>\n<p>Ancienne danseuse et capitaine de l&#039;\u00e9quipe de cheerleading Tarheel de l&#039;UNC-Chapel Hill, Toni est titulaire de dipl\u00f4mes de premier cycle en biologie et en \u00e9ducation physique et a obtenu sa ma\u00eetrise en physiologie de l&#039;exercice de l&#039;Universit\u00e9 de Caroline du Nord \u00e0 Chapel Hill, o\u00f9 elle a \u00e9galement \u00e9t\u00e9 directrice de l&#039;employ\u00e9 de l&#039;UNC. Centre de sant\u00e9 et de remise en forme et membre du corps professoral du D\u00e9partement d&#039;\u00e9ducation physique, d&#039;exercice et de sciences du sport.<\/p>\n<p>Gr\u00e2ce \u00e0 22 ans de cours de bien-\u00eatre pour enfants, adultes et personnes \u00e2g\u00e9es, ainsi qu&#039;\u00e0 de nombreuses allocutions, ateliers et pr\u00e9sentations acad\u00e9miques, Toni a montr\u00e9 \u00e0 des milliers de personnes comment pr\u00e9venir les maladies, effectuer une remise en forme efficace et sans blessure et atteindre une sant\u00e9 optimale. C&#039;est une enseignante talentueuse et passionn\u00e9e par l&#039;id\u00e9e de faire une diff\u00e9rence dans la sant\u00e9 des familles.<\/p>\n<p>Le DVD Soins et alimentation d\u2019un danseur est un guide incontournable pour les danseurs qui souhaitent passer au niveau sup\u00e9rieur.<\/p>","protected":false},"featured_media":7027,"comment_status":"closed","ping_status":"closed","template":"","meta":{"_acf_changed":false,"site-sidebar-layout":"default","site-content-layout":"default","ast-site-content-layout":"default","site-content-style":"default","site-sidebar-style":"default","ast-global-header-display":"","ast-banner-title-visibility":"","ast-main-header-display":"","ast-hfb-above-header-display":"","ast-hfb-below-header-display":"","ast-hfb-mobile-header-display":"","site-post-title":"","ast-breadcrumbs-content":"","ast-featured-img":"","footer-sml-layout":"","ast-disable-related-posts":"","theme-transparent-header-meta":"default","adv-header-id-meta":"","stick-header-meta":"default","header-above-stick-meta":"","header-main-stick-meta":"","header-below-stick-meta":"","astra-migrate-meta-layouts":"default","ast-page-background-enabled":"default","ast-page-background-meta":{"desktop":{"background-color":"","background-image":"","background-repeat":"repeat","background-position":"center center","background-size":"auto","background-attachment":"scroll","background-type":"","background-media":"","overlay-type":"","overlay-color":"","overlay-opacity":"","overlay-gradient":""},"tablet":{"background-color":"","background-image":"","background-repeat":"repeat","background-position":"center center","background-size":"auto","background-attachment":"scroll","background-type":"","background-media":"","overlay-type":"","overlay-color":"","overlay-opacity":"","overlay-gradient":""},"mobile":{"background-color":"","background-image":"","background-repeat":"repeat","background-position":"center center","background-size":"auto","background-attachment":"scroll","background-type":"","background-media":"","overlay-type":"","overlay-color":"","overlay-opacity":"","overlay-gradient":""}},"ast-content-background-meta":{"desktop":{"background-color":"var(--ast-global-color-5)","background-image":"","background-repeat":"repeat","background-position":"center center","background-size":"auto","background-attachment":"scroll","background-type":"","background-media":"","overlay-type":"","overlay-color":"","overlay-opacity":"","overlay-gradient":""},"tablet":{"background-color":"var(--ast-global-color-5)","background-image":"","background-repeat":"repeat","background-position":"center center","background-size":"auto","background-attachment":"scroll","background-type":"","background-media":"","overlay-type":"","overlay-color":"","overlay-opacity":"","overlay-gradient":""},"mobile":{"background-color":"var(--ast-global-color-5)","background-image":"","background-repeat":"repeat","background-position":"center center","background-size":"auto","background-attachment":"scroll","background-type":"","background-media":"","overlay-type":"","overlay-color":"","overlay-opacity":"","overlay-gradient":""}}},"product_brand":[],"product_cat":[58,25,26,27,28,29],"product_tag":[],"wpstream_actors":[],"wpstream_category":[],"wpstream_movie_rating":[],"class_list":{"0":"post-4099","1":"product","2":"type-product","3":"status-publish","4":"has-post-thumbnail","6":"product_cat-dance-videos","7":"product_cat-health-and-nutrition","8":"product_cat-jazz","9":"product_cat-kids","10":"product_cat-stretch-strength","11":"product_cat-warm-up","12":"desktop-align-left","13":"tablet-align-left","14":"mobile-align-left","16":"first","17":"instock","18":"sale","19":"shipping-taxable","20":"purchasable","21":"product-type-simple"},"acf":[],"jetpack_sharing_enabled":true,"_links":{"self":[{"href":"https:\/\/worlddancemovement.com\/fr\/wp-json\/wp\/v2\/product\/4099","targetHints":{"allow":["GET"]}}],"collection":[{"href":"https:\/\/worlddancemovement.com\/fr\/wp-json\/wp\/v2\/product"}],"about":[{"href":"https:\/\/worlddancemovement.com\/fr\/wp-json\/wp\/v2\/types\/product"}],"replies":[{"embeddable":true,"href":"https:\/\/worlddancemovement.com\/fr\/wp-json\/wp\/v2\/comments?post=4099"}],"wp:featuredmedia":[{"embeddable":true,"href":"https:\/\/worlddancemovement.com\/fr\/wp-json\/wp\/v2\/media\/7027"}],"wp:attachment":[{"href":"https:\/\/worlddancemovement.com\/fr\/wp-json\/wp\/v2\/media?parent=4099"}],"wp:term":[{"taxonomy":"product_brand","embeddable":true,"href":"https:\/\/worlddancemovement.com\/fr\/wp-json\/wp\/v2\/product_brand?post=4099"},{"taxonomy":"product_cat","embeddable":true,"href":"https:\/\/worlddancemovement.com\/fr\/wp-json\/wp\/v2\/product_cat?post=4099"},{"taxonomy":"product_tag","embeddable":true,"href":"https:\/\/worlddancemovement.com\/fr\/wp-json\/wp\/v2\/product_tag?post=4099"},{"taxonomy":"wpstream_actors","embeddable":true,"href":"https:\/\/worlddancemovement.com\/fr\/wp-json\/wp\/v2\/wpstream_actors?post=4099"},{"taxonomy":"wpstream_category","embeddable":true,"href":"https:\/\/worlddancemovement.com\/fr\/wp-json\/wp\/v2\/wpstream_category?post=4099"},{"taxonomy":"wpstream_movie_rating","embeddable":true,"href":"https:\/\/worlddancemovement.com\/fr\/wp-json\/wp\/v2\/wpstream_movie_rating?post=4099"}],"curies":[{"name":"wp","href":"https:\/\/api.w.org\/{rel}","templated":true}]}}