{"id":4100,"date":"2021-09-13T12:17:08","date_gmt":"2021-09-13T12:17:08","guid":{"rendered":"https:\/\/migrate.worlddancemovement.com\/?post_type=product&#038;p=4100"},"modified":"2022-11-16T16:36:37","modified_gmt":"2022-11-16T16:36:37","slug":"dancemix-w-tyce-diorio-and-krista-saab-vol-ii","status":"publish","type":"product","link":"https:\/\/worlddancemovement.com\/fr\/produit\/dancemix-w-tyce-diorio-and-krista-saab-vol-ii\/","title":{"rendered":"DanceMIX avec Tyce Diorio et Krista Saab VOL II"},"content":{"rendered":"","protected":false},"excerpt":{"rendered":"<p>DANCE MIX VOL II AVEC TYCE DIORIO ET KRISTA SAAB<\/p>\n<p>DANCE MIX, le DVD fr\u00e8re de HOPSDance VOl I, est un programme p\u00e9dagogique de danse unique qui int\u00e8gre une mise en sc\u00e8ne cr\u00e9ative comme feuille de route pour l&#039;apprentissage. Si vous avez d\u00e9j\u00e0 jou\u00e9 \u00e0 des jeux de plateforme de danse ou si vous souhaitez apprendre \u00e0 danser, vous remarquerez peut-\u00eatre qu&#039;il manque une chose\u2026. INSTRUCTIONS EN DIRECT. C\u2019est l\u00e0 que DANCE MIX est unique. Vous recevez des cours de danse EN DIRECT pour vous aider \u00e0 mieux comprendre et apprendre les bases fondamentales de la danse ! Id\u00e9al pour le danseur d\u00e9butant et un excellent outil pour enseigner aux enfants, DANCE MIX vous fera d\u00e9couvrir diff\u00e9rents styles d&#039;une mani\u00e8re amusante, cr\u00e9ative et facile \u00e0 comprendre.<\/p>\n<p>Tyce Diorio et Krista Saab vous feront d\u00e9couvrir des combinaisons de jazz, de hip-hop, de th\u00e9\u00e2tre et de danse latine en utilisant les tapis dans diverses formations pour vous aider \u00e0 guider les pas et vous enseigner la conscience spatiale. Apprenez d&#039;eux et mettez-vous au d\u00e9fi de devenir le chor\u00e9graphe\u00a0! Vous avez la libert\u00e9 de placer les tapis dans de nombreuses formations diff\u00e9rentes et de cr\u00e9er des motifs visuellement \u00e9poustouflants. Id\u00e9al pour les grands groupes\u00a0!<\/p>\n<p>DANCE MIX est un programme amusant et \u00e9nergique qui fait augmenter votre fr\u00e9quence cardiaque et fait bouger votre corps d&#039;une mani\u00e8re innovante.<\/p>\n<p>Conform\u00e9ment aux instructions de Tyce et Krista sur le DVD, vous pouvez\u00a0:<\/p>\n<p>1. Utilisez un tapis HOPSports<br \/>\n2. Collez votre sol dans la configuration des tapis ou m\u00eame faites simplement des X sur votre sol<br \/>\n3. Apprenez et ex\u00e9cutez la chor\u00e9graphie sans les limites du tapis.<\/p>\n<p>(REMARQUE\u00a0! Toutes les chor\u00e9graphies peuvent \u00e9galement \u00eatre apprises et ex\u00e9cut\u00e9es sans les tapis HOPSports\u00a0!)<\/p>\n<p>Pour acheter le tapis HOPSports, veuillez nous contacter \u00e0 info@tezoroproductions.com ou appeler <a href=\"\/fr\/t\u00e9l:1-212-582-1090\/\">+1-212-582-1090<\/a>.<\/p>","protected":false},"featured_media":4130,"comment_status":"closed","ping_status":"closed","template":"","meta":{"_acf_changed":false,"site-sidebar-layout":"default","site-content-layout":"default","ast-site-content-layout":"default","site-content-style":"default","site-sidebar-style":"default","ast-global-header-display":"","ast-banner-title-visibility":"","ast-main-header-display":"","ast-hfb-above-header-display":"","ast-hfb-below-header-display":"","ast-hfb-mobile-header-display":"","site-post-title":"","ast-breadcrumbs-content":"","ast-featured-img":"","footer-sml-layout":"","ast-disable-related-posts":"","theme-transparent-header-meta":"default","adv-header-id-meta":"","stick-header-meta":"default","header-above-stick-meta":"","header-main-stick-meta":"","header-below-stick-meta":"","astra-migrate-meta-layouts":"default","ast-page-background-enabled":"default","ast-page-background-meta":{"desktop":{"background-color":"","background-image":"","background-repeat":"repeat","background-position":"center center","background-size":"auto","background-attachment":"scroll","background-type":"","background-media":"","overlay-type":"","overlay-color":"","overlay-opacity":"","overlay-gradient":""},"tablet":{"background-color":"","background-image":"","background-repeat":"repeat","background-position":"center center","background-size":"auto","background-attachment":"scroll","background-type":"","background-media":"","overlay-type":"","overlay-color":"","overlay-opacity":"","overlay-gradient":""},"mobile":{"background-color":"","background-image":"","background-repeat":"repeat","background-position":"center center","background-size":"auto","background-attachment":"scroll","background-type":"","background-media":"","overlay-type":"","overlay-color":"","overlay-opacity":"","overlay-gradient":""}},"ast-content-background-meta":{"desktop":{"background-color":"var(--ast-global-color-5)","background-image":"","background-repeat":"repeat","background-position":"center center","background-size":"auto","background-attachment":"scroll","background-type":"","background-media":"","overlay-type":"","overlay-color":"","overlay-opacity":"","overlay-gradient":""},"tablet":{"background-color":"var(--ast-global-color-5)","background-image":"","background-repeat":"repeat","background-position":"center center","background-size":"auto","background-attachment":"scroll","background-type":"","background-media":"","overlay-type":"","overlay-color":"","overlay-opacity":"","overlay-gradient":""},"mobile":{"background-color":"var(--ast-global-color-5)","background-image":"","background-repeat":"repeat","background-position":"center center","background-size":"auto","background-attachment":"scroll","background-type":"","background-media":"","overlay-type":"","overlay-color":"","overlay-opacity":"","overlay-gradient":""}}},"product_brand":[],"product_cat":[58,30,26,27,42,31],"product_tag":[],"wpstream_actors":[],"wpstream_category":[],"wpstream_movie_rating":[],"class_list":{"0":"post-4100","1":"product","2":"type-product","3":"status-publish","4":"has-post-thumbnail","6":"product_cat-dance-videos","7":"product_cat-hip-hop","8":"product_cat-jazz","9":"product_cat-kids","10":"product_cat-new-releases","11":"product_cat-theatre","12":"desktop-align-left","13":"tablet-align-left","14":"mobile-align-left","16":"first","17":"instock","18":"sale","19":"shipping-taxable","20":"purchasable","21":"product-type-simple"},"acf":[],"jetpack_sharing_enabled":true,"_links":{"self":[{"href":"https:\/\/worlddancemovement.com\/fr\/wp-json\/wp\/v2\/product\/4100","targetHints":{"allow":["GET"]}}],"collection":[{"href":"https:\/\/worlddancemovement.com\/fr\/wp-json\/wp\/v2\/product"}],"about":[{"href":"https:\/\/worlddancemovement.com\/fr\/wp-json\/wp\/v2\/types\/product"}],"replies":[{"embeddable":true,"href":"https:\/\/worlddancemovement.com\/fr\/wp-json\/wp\/v2\/comments?post=4100"}],"wp:featuredmedia":[{"embeddable":true,"href":"https:\/\/worlddancemovement.com\/fr\/wp-json\/wp\/v2\/media\/4130"}],"wp:attachment":[{"href":"https:\/\/worlddancemovement.com\/fr\/wp-json\/wp\/v2\/media?parent=4100"}],"wp:term":[{"taxonomy":"product_brand","embeddable":true,"href":"https:\/\/worlddancemovement.com\/fr\/wp-json\/wp\/v2\/product_brand?post=4100"},{"taxonomy":"product_cat","embeddable":true,"href":"https:\/\/worlddancemovement.com\/fr\/wp-json\/wp\/v2\/product_cat?post=4100"},{"taxonomy":"product_tag","embeddable":true,"href":"https:\/\/worlddancemovement.com\/fr\/wp-json\/wp\/v2\/product_tag?post=4100"},{"taxonomy":"wpstream_actors","embeddable":true,"href":"https:\/\/worlddancemovement.com\/fr\/wp-json\/wp\/v2\/wpstream_actors?post=4100"},{"taxonomy":"wpstream_category","embeddable":true,"href":"https:\/\/worlddancemovement.com\/fr\/wp-json\/wp\/v2\/wpstream_category?post=4100"},{"taxonomy":"wpstream_movie_rating","embeddable":true,"href":"https:\/\/worlddancemovement.com\/fr\/wp-json\/wp\/v2\/wpstream_movie_rating?post=4100"}],"curies":[{"name":"wp","href":"https:\/\/api.w.org\/{rel}","templated":true}]}}