{"id":4102,"date":"2021-09-13T12:17:08","date_gmt":"2021-09-13T12:17:08","guid":{"rendered":"https:\/\/migrate.worlddancemovement.com\/?post_type=product&#038;p=4102"},"modified":"2022-11-16T16:36:59","modified_gmt":"2022-11-16T16:36:59","slug":"street-funk-with-joe-loera-vol-ii","status":"publish","type":"product","link":"https:\/\/worlddancemovement.com\/fr\/produit\/street-funk-with-joe-loera-vol-ii\/","title":{"rendered":"STREET FUNK avec Joe Loera \u2013 VOL II"},"content":{"rendered":"","protected":false},"excerpt":{"rendered":"<p>Il s&#039;agit du DVD fr\u00e8re de Street Funk VOL I. Rejoignez Joe Loera alors que lui et ses danseurs vous apprennent des combinaisons de danse sportives et \u00e9nergiques que tout le monde peut faire ! Cr\u00e9\u00e9 pour les d\u00e9butants comme pour les novices, ce DVD Street Funk propose une chor\u00e9graphie et des cours de danse de classe mondiale que seul Tezoro Productions peut proposer.<\/p>\n<p>Tourn\u00e9 sous plusieurs angles de cam\u00e9ra, apprenez 4 combos comme si vous \u00e9tiez en classe avec Joe et ses danseurs. Devenez un danseur meilleur et plus intelligent en comprenant le mariage entre musicalit\u00e9, technique et transitions. Vous serez initi\u00e9 aux bases du style Street Funk combinant les bases du jazz classique et les styles urbains du Hip Hop. D\u00e9tendez votre esprit et pr\u00e9parez-vous pour ce style de mouvement qui fait monter l&#039;adr\u00e9naline.<\/p>\n<p>\u00c0 propos de Joe\u00a0:<\/p>\n<p>Joe Loera est le fondateur de 2inspire Productions, LLC, une soci\u00e9t\u00e9 de production sp\u00e9cialis\u00e9e qui d\u00e9veloppe des projets d&#039;avant-garde qui \u00e9duquent, mettent au d\u00e9fi et inspirent les enfants, les adolescents et les jeunes adultes \u00e0 vivre leur r\u00eave\u00a0! Joe a co-\u00e9crit et produit les \u00e9missions off-Broadway \u00ab Us \u00bb, \u00ab Break Through \u00bb et \u00ab Champions \u00bb, ainsi que deux documentaires actuellement en production, \u00ab Soul Escape \u00bb et \u00ab Driven \u00bb. Il produit actuellement des programmes de motivation pour adolescents pour la t\u00e9l\u00e9vision \u00e0 Los Angeles, en Californie.<\/p>\n<p>Joe voyage \u00e0 travers les \u00c9tats-Unis et \u00e0 l&#039;\u00e9tranger pour enseigner, chor\u00e9graphier et encadrer des dizaines de milliers de jeunes \u00e9tudiants pour deux des plus grandes conventions de danse du pays, LA Dance Magic et LA Underground.<\/p>\n<p>Joe est le fondateur et producteur de \u00ab kamp NYC \u00bb, le plus intensif. Camp de th\u00e9\u00e2tre musical innovant \u00e0 New York pour jeunes chanteurs, acteurs et danseurs talentueux \u00e2g\u00e9s de 12 \u00e0 17 ans.<\/p>","protected":false},"featured_media":4132,"comment_status":"closed","ping_status":"closed","template":"","meta":{"_acf_changed":false,"site-sidebar-layout":"default","site-content-layout":"default","ast-site-content-layout":"default","site-content-style":"default","site-sidebar-style":"default","ast-global-header-display":"","ast-banner-title-visibility":"","ast-main-header-display":"","ast-hfb-above-header-display":"","ast-hfb-below-header-display":"","ast-hfb-mobile-header-display":"","site-post-title":"","ast-breadcrumbs-content":"","ast-featured-img":"","footer-sml-layout":"","ast-disable-related-posts":"","theme-transparent-header-meta":"default","adv-header-id-meta":"","stick-header-meta":"default","header-above-stick-meta":"","header-main-stick-meta":"","header-below-stick-meta":"","astra-migrate-meta-layouts":"default","ast-page-background-enabled":"default","ast-page-background-meta":{"desktop":{"background-color":"","background-image":"","background-repeat":"repeat","background-position":"center center","background-size":"auto","background-attachment":"scroll","background-type":"","background-media":"","overlay-type":"","overlay-color":"","overlay-opacity":"","overlay-gradient":""},"tablet":{"background-color":"","background-image":"","background-repeat":"repeat","background-position":"center center","background-size":"auto","background-attachment":"scroll","background-type":"","background-media":"","overlay-type":"","overlay-color":"","overlay-opacity":"","overlay-gradient":""},"mobile":{"background-color":"","background-image":"","background-repeat":"repeat","background-position":"center center","background-size":"auto","background-attachment":"scroll","background-type":"","background-media":"","overlay-type":"","overlay-color":"","overlay-opacity":"","overlay-gradient":""}},"ast-content-background-meta":{"desktop":{"background-color":"var(--ast-global-color-5)","background-image":"","background-repeat":"repeat","background-position":"center center","background-size":"auto","background-attachment":"scroll","background-type":"","background-media":"","overlay-type":"","overlay-color":"","overlay-opacity":"","overlay-gradient":""},"tablet":{"background-color":"var(--ast-global-color-5)","background-image":"","background-repeat":"repeat","background-position":"center center","background-size":"auto","background-attachment":"scroll","background-type":"","background-media":"","overlay-type":"","overlay-color":"","overlay-opacity":"","overlay-gradient":""},"mobile":{"background-color":"var(--ast-global-color-5)","background-image":"","background-repeat":"repeat","background-position":"center center","background-size":"auto","background-attachment":"scroll","background-type":"","background-media":"","overlay-type":"","overlay-color":"","overlay-opacity":"","overlay-gradient":""}}},"product_brand":[],"product_cat":[32,58,30,26,27,42],"product_tag":[],"wpstream_actors":[],"wpstream_category":[],"wpstream_movie_rating":[],"class_list":{"0":"post-4102","1":"product","2":"type-product","3":"status-publish","4":"has-post-thumbnail","6":"product_cat-choreography","7":"product_cat-dance-videos","8":"product_cat-hip-hop","9":"product_cat-jazz","10":"product_cat-kids","11":"product_cat-new-releases","12":"desktop-align-left","13":"tablet-align-left","14":"mobile-align-left","16":"first","17":"instock","18":"sale","19":"shipping-taxable","20":"purchasable","21":"product-type-simple"},"acf":[],"jetpack_sharing_enabled":true,"_links":{"self":[{"href":"https:\/\/worlddancemovement.com\/fr\/wp-json\/wp\/v2\/product\/4102","targetHints":{"allow":["GET"]}}],"collection":[{"href":"https:\/\/worlddancemovement.com\/fr\/wp-json\/wp\/v2\/product"}],"about":[{"href":"https:\/\/worlddancemovement.com\/fr\/wp-json\/wp\/v2\/types\/product"}],"replies":[{"embeddable":true,"href":"https:\/\/worlddancemovement.com\/fr\/wp-json\/wp\/v2\/comments?post=4102"}],"wp:featuredmedia":[{"embeddable":true,"href":"https:\/\/worlddancemovement.com\/fr\/wp-json\/wp\/v2\/media\/4132"}],"wp:attachment":[{"href":"https:\/\/worlddancemovement.com\/fr\/wp-json\/wp\/v2\/media?parent=4102"}],"wp:term":[{"taxonomy":"product_brand","embeddable":true,"href":"https:\/\/worlddancemovement.com\/fr\/wp-json\/wp\/v2\/product_brand?post=4102"},{"taxonomy":"product_cat","embeddable":true,"href":"https:\/\/worlddancemovement.com\/fr\/wp-json\/wp\/v2\/product_cat?post=4102"},{"taxonomy":"product_tag","embeddable":true,"href":"https:\/\/worlddancemovement.com\/fr\/wp-json\/wp\/v2\/product_tag?post=4102"},{"taxonomy":"wpstream_actors","embeddable":true,"href":"https:\/\/worlddancemovement.com\/fr\/wp-json\/wp\/v2\/wpstream_actors?post=4102"},{"taxonomy":"wpstream_category","embeddable":true,"href":"https:\/\/worlddancemovement.com\/fr\/wp-json\/wp\/v2\/wpstream_category?post=4102"},{"taxonomy":"wpstream_movie_rating","embeddable":true,"href":"https:\/\/worlddancemovement.com\/fr\/wp-json\/wp\/v2\/wpstream_movie_rating?post=4102"}],"curies":[{"name":"wp","href":"https:\/\/api.w.org\/{rel}","templated":true}]}}