{"id":4104,"date":"2021-09-13T12:17:08","date_gmt":"2021-09-13T12:17:08","guid":{"rendered":"https:\/\/migrate.worlddancemovement.com\/?post_type=product&#038;p=4104"},"modified":"2022-11-16T16:37:24","modified_gmt":"2022-11-16T16:37:24","slug":"dance-for-kids-8-dvd-with-desmond-richardson","status":"publish","type":"product","link":"https:\/\/worlddancemovement.com\/fr\/produit\/dance-for-kids-8-dvd-with-desmond-richardson\/","title":{"rendered":"DVD Danse pour les enfants 8+ avec Desmond Richardson"},"content":{"rendered":"","protected":false},"excerpt":{"rendered":"<p>Danse pour les enfants de 8 ans et plus avec Desmond Richardson<\/p>\n<p>Dans ce DVD p\u00e9dagogique de danse exclusif pour les enfants de 8 ans et plus, Desmond vous guide \u00e0 travers un \u00ab \u00e9chauffement de base \u00bb pour rendre vos muscles agr\u00e9ables et souples. Vous apprendrez \u00e9galement quelques combinaisons \u00ab\u00a0\u00e0 travers le sol\u00a0\u00bb tr\u00e8s efficaces. Cela ne s&#039;arr\u00eate pas l\u00e0 ! Desmond a cr\u00e9\u00e9 une combinaison de danse contemporaine chor\u00e9graphi\u00e9e passionnante et unique en son genre, mettant l&#039;accent sur\u00a0: musicalit\u00e9, changements de niveaux, dynamique et conscience spatiale.<\/p>\n<p>Les DVD p\u00e9dagogiques de danse sont parfaits pour apprendre\u00a0! Vous pouvez toujours mettre le DVD en pause et revenir en arri\u00e8re\u00a0! Vous pouvez d\u00e9sormais apprendre \u00e0 votre rythme, rapide ou lent, aupr\u00e8s de l&#039;un des danseurs les plus l\u00e9gendaires de notre \u00e9poque.<\/p>\n<p>\u00ab N&#039;oubliez pas de vous amuser ! J&#039;aime l&#039;art de la danse et c&#039;est mon plus grand plaisir de le partager avec vous\u2026 \u00bb -Desmond S Richardson<\/p>\n<p>Salu\u00e9 par le New York Times comme l&#039;un des grands danseurs de sa g\u00e9n\u00e9ration, Desmond Richardson est un artiste aux multiples talents, laur\u00e9at du Presidential Scholar, des prix Apex et Bessie et r\u00e9cipiendaire du \u00ab Dance Magazine Award \u00bb 2007. Il a \u00e9t\u00e9 danseur principal du Alvin Ailey American Dance Theater, du Frankfurt Ballet, de l&#039;American Ballet Theatre et en tant qu&#039;artiste invit\u00e9 du Teatro al la Scala, du Royal Swedish Opera Ballet, du Washington Ballet et du San Francisco Ballet.<\/p>\n<p>M. Richardson est apparu \u00e0 Broadway en chantant dans les spectacles The Look Of Love, Movin&#039; Out (Tony) de Twyla Tharp et a re\u00e7u une nomination aux Tony Awards pour son r\u00f4le dans la s\u00e9rie \u00e0 succ\u00e8s de Broadway Fosse. On peut le voir sur DVD dans le film oscaris\u00e9 \u00ab Chicago \u00bb, dans le r\u00f4le titre d&#039;Othello (San Francisco Ballet), dans le film de Patrick Swayze\/Lisa Niemi \u00ab One Last Dance \u00bb et dans le film musical de Sony \u00ab Across The Universe \u00bb r\u00e9alis\u00e9. par Julie Taymor.<\/p>\n<p>M. Richardson est co-fondateur\/co-directeur du Complexions Contemporary Ballet avec Dwight Rhoden.<\/p>","protected":false},"featured_media":4134,"comment_status":"closed","ping_status":"closed","template":"","meta":{"_acf_changed":false,"site-sidebar-layout":"default","site-content-layout":"default","ast-site-content-layout":"default","site-content-style":"default","site-sidebar-style":"default","ast-global-header-display":"","ast-banner-title-visibility":"","ast-main-header-display":"","ast-hfb-above-header-display":"","ast-hfb-below-header-display":"","ast-hfb-mobile-header-display":"","site-post-title":"","ast-breadcrumbs-content":"","ast-featured-img":"","footer-sml-layout":"","ast-disable-related-posts":"","theme-transparent-header-meta":"default","adv-header-id-meta":"","stick-header-meta":"default","header-above-stick-meta":"","header-main-stick-meta":"","header-below-stick-meta":"","astra-migrate-meta-layouts":"default","ast-page-background-enabled":"default","ast-page-background-meta":{"desktop":{"background-color":"","background-image":"","background-repeat":"repeat","background-position":"center center","background-size":"auto","background-attachment":"scroll","background-type":"","background-media":"","overlay-type":"","overlay-color":"","overlay-opacity":"","overlay-gradient":""},"tablet":{"background-color":"","background-image":"","background-repeat":"repeat","background-position":"center center","background-size":"auto","background-attachment":"scroll","background-type":"","background-media":"","overlay-type":"","overlay-color":"","overlay-opacity":"","overlay-gradient":""},"mobile":{"background-color":"","background-image":"","background-repeat":"repeat","background-position":"center center","background-size":"auto","background-attachment":"scroll","background-type":"","background-media":"","overlay-type":"","overlay-color":"","overlay-opacity":"","overlay-gradient":""}},"ast-content-background-meta":{"desktop":{"background-color":"var(--ast-global-color-5)","background-image":"","background-repeat":"repeat","background-position":"center center","background-size":"auto","background-attachment":"scroll","background-type":"","background-media":"","overlay-type":"","overlay-color":"","overlay-opacity":"","overlay-gradient":""},"tablet":{"background-color":"var(--ast-global-color-5)","background-image":"","background-repeat":"repeat","background-position":"center center","background-size":"auto","background-attachment":"scroll","background-type":"","background-media":"","overlay-type":"","overlay-color":"","overlay-opacity":"","overlay-gradient":""},"mobile":{"background-color":"var(--ast-global-color-5)","background-image":"","background-repeat":"repeat","background-position":"center center","background-size":"auto","background-attachment":"scroll","background-type":"","background-media":"","overlay-type":"","overlay-color":"","overlay-opacity":"","overlay-gradient":""}}},"product_brand":[],"product_cat":[32,58,26,27,29],"product_tag":[],"wpstream_actors":[],"wpstream_category":[],"wpstream_movie_rating":[],"class_list":{"0":"post-4104","1":"product","2":"type-product","3":"status-publish","4":"has-post-thumbnail","6":"product_cat-choreography","7":"product_cat-dance-videos","8":"product_cat-jazz","9":"product_cat-kids","10":"product_cat-warm-up","11":"desktop-align-left","12":"tablet-align-left","13":"mobile-align-left","15":"first","16":"instock","17":"sale","18":"shipping-taxable","19":"purchasable","20":"product-type-simple"},"acf":[],"jetpack_sharing_enabled":true,"_links":{"self":[{"href":"https:\/\/worlddancemovement.com\/fr\/wp-json\/wp\/v2\/product\/4104","targetHints":{"allow":["GET"]}}],"collection":[{"href":"https:\/\/worlddancemovement.com\/fr\/wp-json\/wp\/v2\/product"}],"about":[{"href":"https:\/\/worlddancemovement.com\/fr\/wp-json\/wp\/v2\/types\/product"}],"replies":[{"embeddable":true,"href":"https:\/\/worlddancemovement.com\/fr\/wp-json\/wp\/v2\/comments?post=4104"}],"wp:featuredmedia":[{"embeddable":true,"href":"https:\/\/worlddancemovement.com\/fr\/wp-json\/wp\/v2\/media\/4134"}],"wp:attachment":[{"href":"https:\/\/worlddancemovement.com\/fr\/wp-json\/wp\/v2\/media?parent=4104"}],"wp:term":[{"taxonomy":"product_brand","embeddable":true,"href":"https:\/\/worlddancemovement.com\/fr\/wp-json\/wp\/v2\/product_brand?post=4104"},{"taxonomy":"product_cat","embeddable":true,"href":"https:\/\/worlddancemovement.com\/fr\/wp-json\/wp\/v2\/product_cat?post=4104"},{"taxonomy":"product_tag","embeddable":true,"href":"https:\/\/worlddancemovement.com\/fr\/wp-json\/wp\/v2\/product_tag?post=4104"},{"taxonomy":"wpstream_actors","embeddable":true,"href":"https:\/\/worlddancemovement.com\/fr\/wp-json\/wp\/v2\/wpstream_actors?post=4104"},{"taxonomy":"wpstream_category","embeddable":true,"href":"https:\/\/worlddancemovement.com\/fr\/wp-json\/wp\/v2\/wpstream_category?post=4104"},{"taxonomy":"wpstream_movie_rating","embeddable":true,"href":"https:\/\/worlddancemovement.com\/fr\/wp-json\/wp\/v2\/wpstream_movie_rating?post=4104"}],"curies":[{"name":"wp","href":"https:\/\/api.w.org\/{rel}","templated":true}]}}