{"id":4105,"date":"2021-09-13T12:17:08","date_gmt":"2021-09-13T12:17:08","guid":{"rendered":"https:\/\/migrate.worlddancemovement.com\/?post_type=product&#038;p=4105"},"modified":"2022-11-16T16:34:22","modified_gmt":"2022-11-16T16:34:22","slug":"latin-jazz-intro-to-partnering-dvd","status":"publish","type":"product","link":"https:\/\/worlddancemovement.com\/fr\/produit\/latin-jazz-intro-to-partnering-dvd\/","title":{"rendered":"DVD Latin Jazz et introduction au partenariat"},"content":{"rendered":"","protected":false},"excerpt":{"rendered":"<p><b>Pour tous les niveaux<\/b><\/p>\n<p><b>Maria Torres<\/b>\u00a0est mondialement connue pour sa chor\u00e9graphie innovante de latin jazz. Cette vid\u00e9o p\u00e9dagogique de danse pr\u00e9sente l&#039;art du mouvement, du rythme et du style latins, tout en utilisant la base Jazz. Maria vous montrera comment danser en isolant et en contr\u00f4lant les mouvements corporels afro-cubains\/latins, ainsi que les techniques de jazz avec pr\u00e9cision, force et clart\u00e9. Dans cette vid\u00e9o, Maria et ses danseurs vous pr\u00e9sentent les \u00e9l\u00e9ments de base, les techniques de virage et vous apprennent l&#039;une des combinaisons originales de Latin Jazz de Maria. Avec cette instruction, vous apprendrez l&#039;importance de la musicalit\u00e9 et du timing utilis\u00e9s dans ce style Salsa\/Mambo extr\u00eamement populaire.<\/p>\n<p>Maria Torres est une interpr\u00e8te, chor\u00e9graphe et r\u00e9alisatrice acclam\u00e9e poss\u00e9dant une vaste exp\u00e9rience dans les secteurs du th\u00e9\u00e2tre, du cin\u00e9ma, de la t\u00e9l\u00e9vision, de la vid\u00e9o et du commerce. Quel que soit le poste occup\u00e9 par Maria, son CV vante la diversit\u00e9 sous tous les angles. En tant qu&#039;interpr\u00e8te, Maria a honor\u00e9 \u00e0 la fois la sc\u00e8ne de Broadway, dans Swing\u00a0!, et le grand \u00e9cran dans &quot;Dance with Me&quot;, avec Chayanne et Vanessa Williams.<\/p>\n<p>Maria a travaill\u00e9 sur des projets dans l&#039;industrie musicale allant de la chor\u00e9graphie du clip du single \u00e0 succ\u00e8s Bailamos d&#039;Enrique Iglesias \u00e0 la tourn\u00e9e la plus r\u00e9cente de l&#039;artiste reggaeton Don Omar, King of Kings. Dans le monde du cin\u00e9ma, Maria a travaill\u00e9 avec des maisons de production et des r\u00e9alisateurs de renomm\u00e9e mondiale tels que MTV, NBC, HBO, BBC, Walt Disney et John Leguizamo. Plus r\u00e9cemment, le travail de Maria dans l&#039;industrie cin\u00e9matographique lui a permis de travailler avec John O&#039;Connell et de former des acteurs de renom tels que Patrick Dempsey et Amy Adams dans \u00ab Enchanted \u00bb de Disney jusqu&#039;\u00e0 la chor\u00e9graphie de Jennifer Lopez dans \u00ab El Cantante \u00bb. La chor\u00e9graphie de Maria peut \u00eatre vue cette saison dans l&#039;\u00e9mission \u00e0 succ\u00e8s \u00ab So You Think You Can Dance \u00bb.<\/p>\n<p>En tant que professeur, Maria a enseign\u00e9 partout dans le monde dans de nombreuses institutions de danse prestigieuses dans le but de partager sa culture latine avec des personnes de tous horizons.<\/p>","protected":false},"featured_media":4135,"comment_status":"closed","ping_status":"closed","template":"","meta":{"_acf_changed":false,"site-sidebar-layout":"default","site-content-layout":"default","ast-site-content-layout":"default","site-content-style":"default","site-sidebar-style":"default","ast-global-header-display":"","ast-banner-title-visibility":"","ast-main-header-display":"","ast-hfb-above-header-display":"","ast-hfb-below-header-display":"","ast-hfb-mobile-header-display":"","site-post-title":"","ast-breadcrumbs-content":"","ast-featured-img":"","footer-sml-layout":"","ast-disable-related-posts":"","theme-transparent-header-meta":"default","adv-header-id-meta":"","stick-header-meta":"default","header-above-stick-meta":"","header-main-stick-meta":"","header-below-stick-meta":"","astra-migrate-meta-layouts":"default","ast-page-background-enabled":"default","ast-page-background-meta":{"desktop":{"background-color":"","background-image":"","background-repeat":"repeat","background-position":"center center","background-size":"auto","background-attachment":"scroll","background-type":"","background-media":"","overlay-type":"","overlay-color":"","overlay-opacity":"","overlay-gradient":""},"tablet":{"background-color":"","background-image":"","background-repeat":"repeat","background-position":"center center","background-size":"auto","background-attachment":"scroll","background-type":"","background-media":"","overlay-type":"","overlay-color":"","overlay-opacity":"","overlay-gradient":""},"mobile":{"background-color":"","background-image":"","background-repeat":"repeat","background-position":"center center","background-size":"auto","background-attachment":"scroll","background-type":"","background-media":"","overlay-type":"","overlay-color":"","overlay-opacity":"","overlay-gradient":""}},"ast-content-background-meta":{"desktop":{"background-color":"var(--ast-global-color-5)","background-image":"","background-repeat":"repeat","background-position":"center center","background-size":"auto","background-attachment":"scroll","background-type":"","background-media":"","overlay-type":"","overlay-color":"","overlay-opacity":"","overlay-gradient":""},"tablet":{"background-color":"var(--ast-global-color-5)","background-image":"","background-repeat":"repeat","background-position":"center center","background-size":"auto","background-attachment":"scroll","background-type":"","background-media":"","overlay-type":"","overlay-color":"","overlay-opacity":"","overlay-gradient":""},"mobile":{"background-color":"var(--ast-global-color-5)","background-image":"","background-repeat":"repeat","background-position":"center center","background-size":"auto","background-attachment":"scroll","background-type":"","background-media":"","overlay-type":"","overlay-color":"","overlay-opacity":"","overlay-gradient":""}}},"product_brand":[],"product_cat":[32,58,26,33,34,31],"product_tag":[],"wpstream_actors":[],"wpstream_category":[],"wpstream_movie_rating":[],"class_list":{"0":"post-4105","1":"product","2":"type-product","3":"status-publish","4":"has-post-thumbnail","6":"product_cat-choreography","7":"product_cat-dance-videos","8":"product_cat-jazz","9":"product_cat-latin-dance","10":"product_cat-lifts-partnering","11":"product_cat-theatre","12":"desktop-align-left","13":"tablet-align-left","14":"mobile-align-left","16":"first","17":"instock","18":"sale","19":"shipping-taxable","20":"purchasable","21":"product-type-simple"},"acf":[],"jetpack_sharing_enabled":true,"_links":{"self":[{"href":"https:\/\/worlddancemovement.com\/fr\/wp-json\/wp\/v2\/product\/4105","targetHints":{"allow":["GET"]}}],"collection":[{"href":"https:\/\/worlddancemovement.com\/fr\/wp-json\/wp\/v2\/product"}],"about":[{"href":"https:\/\/worlddancemovement.com\/fr\/wp-json\/wp\/v2\/types\/product"}],"replies":[{"embeddable":true,"href":"https:\/\/worlddancemovement.com\/fr\/wp-json\/wp\/v2\/comments?post=4105"}],"wp:featuredmedia":[{"embeddable":true,"href":"https:\/\/worlddancemovement.com\/fr\/wp-json\/wp\/v2\/media\/4135"}],"wp:attachment":[{"href":"https:\/\/worlddancemovement.com\/fr\/wp-json\/wp\/v2\/media?parent=4105"}],"wp:term":[{"taxonomy":"product_brand","embeddable":true,"href":"https:\/\/worlddancemovement.com\/fr\/wp-json\/wp\/v2\/product_brand?post=4105"},{"taxonomy":"product_cat","embeddable":true,"href":"https:\/\/worlddancemovement.com\/fr\/wp-json\/wp\/v2\/product_cat?post=4105"},{"taxonomy":"product_tag","embeddable":true,"href":"https:\/\/worlddancemovement.com\/fr\/wp-json\/wp\/v2\/product_tag?post=4105"},{"taxonomy":"wpstream_actors","embeddable":true,"href":"https:\/\/worlddancemovement.com\/fr\/wp-json\/wp\/v2\/wpstream_actors?post=4105"},{"taxonomy":"wpstream_category","embeddable":true,"href":"https:\/\/worlddancemovement.com\/fr\/wp-json\/wp\/v2\/wpstream_category?post=4105"},{"taxonomy":"wpstream_movie_rating","embeddable":true,"href":"https:\/\/worlddancemovement.com\/fr\/wp-json\/wp\/v2\/wpstream_movie_rating?post=4105"}],"curies":[{"name":"wp","href":"https:\/\/api.w.org\/{rel}","templated":true}]}}