{"id":4106,"date":"2021-09-13T12:17:08","date_gmt":"2021-09-13T12:17:08","guid":{"rendered":"https:\/\/migrate.worlddancemovement.com\/?post_type=product&#038;p=4106"},"modified":"2022-11-16T16:34:36","modified_gmt":"2022-11-16T16:34:36","slug":"street-jazz-dvd-with-rhapsody","status":"publish","type":"product","link":"https:\/\/worlddancemovement.com\/fr\/produit\/street-jazz-dvd-with-rhapsody\/","title":{"rendered":"DVD Street Jazz avec Rhapsodie"},"content":{"rendered":"","protected":false},"excerpt":{"rendered":"<p>Si vous voulez \u00eatre au courant des derniers styles de danse hip hop et devenir un danseur et interpr\u00e8te hip-hop plus fort, cette vid\u00e9o est pour VOUS\u00a0!\u00a0\u00a0<b>Rhapsodie<\/b>\u00a0et sa compagnie de danse vous emm\u00e8nera en balade tout en apprenant les mouvements de danse qui balayent le pays. Le Street Jazz fusionne le hip-hop et le jazz et constitue le style signature de Rhapsody et de sa compagnie. Dans ce DVD Street Jazz, vous apprendrez trois routines chaudes pour les danseurs d\u00e9butants, interm\u00e9diaires et avanc\u00e9s. Rhapsody int\u00e8gre l&#039;utilisation de la m\u00e9canique corporelle, de la musicalit\u00e9 et de techniques de performance distinctives pour vous aider \u00e0 devenir un meilleur danseur hip-hop. Si vous aimez le travail acharn\u00e9, le d\u00e9vouement et le plaisir, alors cette vid\u00e9o est faite sur mesure pour vous\u00a0!<\/p>\n<p class=\"font_8\">Rhapsody James a commenc\u00e9 sa carri\u00e8re en tant que chor\u00e9graphe apr\u00e8s avoir obtenu son BFA Purchase College (NY). N\u00e9e \u00e0 Brooklyn, son premier emploi a \u00e9t\u00e9 chez Sony Music en tant qu&#039;assistante de direction, ce qui a jet\u00e9 les bases de son incursion dans l&#039;industrie de la danse commerciale. James est rapidement devenu chor\u00e9graphe principal de l&#039;\u00e9quipe de danse des New Jersey Nets de la NBA et danseur principal dans le c\u00e9l\u00e8bre clip vid\u00e9o Put You Hands Where My Eyes Can See de Busta Rhymes. Gardant son sens des affaires et de la chorographie, James a transform\u00e9 ces r\u00f4les en apparitions sur les plus grandes sc\u00e8nes du monde de la danse commerciale\u00a0: The Grind de MTV, Dance Party de VH-1 80, VH-1 Fashion Awards et Lip Service.<\/p>\n<p class=\"font_8\">Les distinctions de James dans le monde commercial lui ont ouvert la porte pour commencer \u00e0 enseigner au Broadway Dance Center. Aujourd&#039;hui, elle continue d&#039;\u00eatre l&#039;un des professeurs de hip-hop les plus populaires et g\u00e8re les relations entre la danse commerciale et le concert dans les murs du studio. James fait \u00e9galement partie du prestigieux corps professoral de la Monsters of Hip Hop Dance Convention et donne des master classes \u00e0 Los Angeles, Miami, au Japon, \u00e0 Londres, en Finlande, en Suisse, en Allemagne et en Australie.<\/p>\n<p class=\"font_8\">Ses cr\u00e9dits incluent : Beyonc\u00e9, Madonna, Britney Spears, Mariah Carey, J.Lo, Diddy-Dirty Money, Kalenna, SEVYN, The Jonas Brothers, The Pussycat Dolls, The Spice Girls, Cassie, Jay Sean, Donnie Klang, Step Up 2. : The Streets, Making The Band : Saison 4 et des publicit\u00e9s pour la NY Lottery, Citron Car Company et ESPN.<\/p>\n<p class=\"font_8\">N&#039;\u00e9tant pas du genre \u00e0 se limiter elle-m\u00eame ou aux \u00e9tudiants et aux danseurs avec lesquels elle travaille, James a plusieurs programmes dans lesquels elle continue de poursuivre ses inspirations artistiques. Elle est : la directrice artistique\/chor\u00e9graphe de RED \u2013 Rhapsody En Dance ; R\u00e9alisateur\/Cr\u00e9ateur d&#039;un spectacle de cabaret multim\u00e9dia Siren Assassins; et directrice artistique de son programme de formation en danse commerciale appel\u00e9 Motivating Excellence.<\/p>\n<p class=\"font_8\">Toutes ces entreprises permettent \u00e0 James, l&#039;exutoire cr\u00e9atif, de continuer \u00e0 poursuivre sa fusion unique de diff\u00e9rents styles de danse avec toutes les disciplines de l&#039;art, au-del\u00e0 de la performance.<\/p>","protected":false},"featured_media":4136,"comment_status":"closed","ping_status":"closed","template":"","meta":{"_acf_changed":false,"site-sidebar-layout":"default","site-content-layout":"default","ast-site-content-layout":"default","site-content-style":"default","site-sidebar-style":"default","ast-global-header-display":"","ast-banner-title-visibility":"","ast-main-header-display":"","ast-hfb-above-header-display":"","ast-hfb-below-header-display":"","ast-hfb-mobile-header-display":"","site-post-title":"","ast-breadcrumbs-content":"","ast-featured-img":"","footer-sml-layout":"","ast-disable-related-posts":"","theme-transparent-header-meta":"default","adv-header-id-meta":"","stick-header-meta":"default","header-above-stick-meta":"","header-main-stick-meta":"","header-below-stick-meta":"","astra-migrate-meta-layouts":"default","ast-page-background-enabled":"default","ast-page-background-meta":{"desktop":{"background-color":"","background-image":"","background-repeat":"repeat","background-position":"center center","background-size":"auto","background-attachment":"scroll","background-type":"","background-media":"","overlay-type":"","overlay-color":"","overlay-opacity":"","overlay-gradient":""},"tablet":{"background-color":"","background-image":"","background-repeat":"repeat","background-position":"center center","background-size":"auto","background-attachment":"scroll","background-type":"","background-media":"","overlay-type":"","overlay-color":"","overlay-opacity":"","overlay-gradient":""},"mobile":{"background-color":"","background-image":"","background-repeat":"repeat","background-position":"center center","background-size":"auto","background-attachment":"scroll","background-type":"","background-media":"","overlay-type":"","overlay-color":"","overlay-opacity":"","overlay-gradient":""}},"ast-content-background-meta":{"desktop":{"background-color":"var(--ast-global-color-5)","background-image":"","background-repeat":"repeat","background-position":"center center","background-size":"auto","background-attachment":"scroll","background-type":"","background-media":"","overlay-type":"","overlay-color":"","overlay-opacity":"","overlay-gradient":""},"tablet":{"background-color":"var(--ast-global-color-5)","background-image":"","background-repeat":"repeat","background-position":"center center","background-size":"auto","background-attachment":"scroll","background-type":"","background-media":"","overlay-type":"","overlay-color":"","overlay-opacity":"","overlay-gradient":""},"mobile":{"background-color":"var(--ast-global-color-5)","background-image":"","background-repeat":"repeat","background-position":"center center","background-size":"auto","background-attachment":"scroll","background-type":"","background-media":"","overlay-type":"","overlay-color":"","overlay-opacity":"","overlay-gradient":""}}},"product_brand":[],"product_cat":[32,58,30,26],"product_tag":[],"wpstream_actors":[],"wpstream_category":[],"wpstream_movie_rating":[],"class_list":{"0":"post-4106","1":"product","2":"type-product","3":"status-publish","4":"has-post-thumbnail","6":"product_cat-choreography","7":"product_cat-dance-videos","8":"product_cat-hip-hop","9":"product_cat-jazz","10":"desktop-align-left","11":"tablet-align-left","12":"mobile-align-left","14":"first","15":"instock","16":"sale","17":"shipping-taxable","18":"purchasable","19":"product-type-simple"},"acf":[],"jetpack_sharing_enabled":true,"_links":{"self":[{"href":"https:\/\/worlddancemovement.com\/fr\/wp-json\/wp\/v2\/product\/4106","targetHints":{"allow":["GET"]}}],"collection":[{"href":"https:\/\/worlddancemovement.com\/fr\/wp-json\/wp\/v2\/product"}],"about":[{"href":"https:\/\/worlddancemovement.com\/fr\/wp-json\/wp\/v2\/types\/product"}],"replies":[{"embeddable":true,"href":"https:\/\/worlddancemovement.com\/fr\/wp-json\/wp\/v2\/comments?post=4106"}],"wp:featuredmedia":[{"embeddable":true,"href":"https:\/\/worlddancemovement.com\/fr\/wp-json\/wp\/v2\/media\/4136"}],"wp:attachment":[{"href":"https:\/\/worlddancemovement.com\/fr\/wp-json\/wp\/v2\/media?parent=4106"}],"wp:term":[{"taxonomy":"product_brand","embeddable":true,"href":"https:\/\/worlddancemovement.com\/fr\/wp-json\/wp\/v2\/product_brand?post=4106"},{"taxonomy":"product_cat","embeddable":true,"href":"https:\/\/worlddancemovement.com\/fr\/wp-json\/wp\/v2\/product_cat?post=4106"},{"taxonomy":"product_tag","embeddable":true,"href":"https:\/\/worlddancemovement.com\/fr\/wp-json\/wp\/v2\/product_tag?post=4106"},{"taxonomy":"wpstream_actors","embeddable":true,"href":"https:\/\/worlddancemovement.com\/fr\/wp-json\/wp\/v2\/wpstream_actors?post=4106"},{"taxonomy":"wpstream_category","embeddable":true,"href":"https:\/\/worlddancemovement.com\/fr\/wp-json\/wp\/v2\/wpstream_category?post=4106"},{"taxonomy":"wpstream_movie_rating","embeddable":true,"href":"https:\/\/worlddancemovement.com\/fr\/wp-json\/wp\/v2\/wpstream_movie_rating?post=4106"}],"curies":[{"name":"wp","href":"https:\/\/api.w.org\/{rel}","templated":true}]}}