{"id":4107,"date":"2021-09-13T12:17:08","date_gmt":"2021-09-13T12:17:08","guid":{"rendered":"https:\/\/migrate.worlddancemovement.com\/?post_type=product&#038;p=4107"},"modified":"2022-11-16T16:34:50","modified_gmt":"2022-11-16T16:34:50","slug":"lyrical-jazz-dvd-with-joey-dowling","status":"publish","type":"product","link":"https:\/\/worlddancemovement.com\/fr\/produit\/lyrical-jazz-dvd-with-joey-dowling\/","title":{"rendered":"DVD Jazz Lyrique avec Joey Dowling"},"content":{"rendered":"","protected":false},"excerpt":{"rendered":"<p>Rejoignez l&#039;un des artistes les plus \u00e9poustouflants d&#039;aujourd&#039;hui, Joey Dowling, alors qu&#039;elle vous guide vers la ma\u00eetrise de l&#039;art de la danse jazz lyrique. Dans cette cassette, vous apprendrez \u00e0 ex\u00e9cuter des mouvements techniques et \u00e0 effectuer des transitions fluides, sans effort et organiques. Gr\u00e2ce \u00e0 sa chor\u00e9graphie, vous deviendrez un danseur meilleur et plus intelligent en analysant et en comprenant le mariage de la musicalit\u00e9, de la fluidit\u00e9, de la technique et de la transition. La vid\u00e9o contient trois combinaisons individuelles, diverses dans leur style de mouvement. Cette vid\u00e9o est destin\u00e9e aux danseurs interm\u00e9diaires \u00e0 avanc\u00e9s pour vraiment apprendre \u00e0 danser.<\/p>\n<p>Les cr\u00e9dits de th\u00e9\u00e2tre de Joey incluent la tourn\u00e9e nationale de A Funny Thing Happened on the Way to the Forum jouant Vibrata, GiGi, Soul Possessed, No Strings et le spectacle de Broadway Dance of the Vampires avec Michael Crawford. Apr\u00e8s avoir fr\u00e9quent\u00e9 la Tisch School of the Arts de NYU, Joey a tourn\u00e9 avec Mariah Carey lors de sa Butterfly World Tour. Elle a jou\u00e9 aux VHI Vogue Fashion Awards avec Macy Gray, aux MTV Music Awards avec Jennifer Lopez, et est all\u00e9e au Festival de Cannes et a jou\u00e9 avec Nicole Kidman pour le film \u00ab Moulin Rouge \u00bb. Elle est apparue dans \u00ab Sex &amp; the City \u00bb, \u00ab Cedric the Entertainer \u00bb et a \u00e9t\u00e9 danseuse vedette dans le film \u00ab Chicago \u00bb. Joey a jongl\u00e9 avec la performance et la chor\u00e9graphie dans tout le pays, enseignant aux gens les secrets du m\u00e9tier de danseur. Elle est chor\u00e9graphe et juge dans la c\u00e9l\u00e8bre \u00e9mission t\u00e9l\u00e9vis\u00e9e \u00e0 succ\u00e8s \u00ab So You Think You Can Dance \u00bb.<\/p>","protected":false},"featured_media":4137,"comment_status":"closed","ping_status":"closed","template":"","meta":{"_acf_changed":false,"site-sidebar-layout":"default","site-content-layout":"default","ast-site-content-layout":"default","site-content-style":"default","site-sidebar-style":"default","ast-global-header-display":"","ast-banner-title-visibility":"","ast-main-header-display":"","ast-hfb-above-header-display":"","ast-hfb-below-header-display":"","ast-hfb-mobile-header-display":"","site-post-title":"","ast-breadcrumbs-content":"","ast-featured-img":"","footer-sml-layout":"","ast-disable-related-posts":"","theme-transparent-header-meta":"default","adv-header-id-meta":"","stick-header-meta":"default","header-above-stick-meta":"","header-main-stick-meta":"","header-below-stick-meta":"","astra-migrate-meta-layouts":"default","ast-page-background-enabled":"default","ast-page-background-meta":{"desktop":{"background-color":"","background-image":"","background-repeat":"repeat","background-position":"center center","background-size":"auto","background-attachment":"scroll","background-type":"","background-media":"","overlay-type":"","overlay-color":"","overlay-opacity":"","overlay-gradient":""},"tablet":{"background-color":"","background-image":"","background-repeat":"repeat","background-position":"center center","background-size":"auto","background-attachment":"scroll","background-type":"","background-media":"","overlay-type":"","overlay-color":"","overlay-opacity":"","overlay-gradient":""},"mobile":{"background-color":"","background-image":"","background-repeat":"repeat","background-position":"center center","background-size":"auto","background-attachment":"scroll","background-type":"","background-media":"","overlay-type":"","overlay-color":"","overlay-opacity":"","overlay-gradient":""}},"ast-content-background-meta":{"desktop":{"background-color":"var(--ast-global-color-5)","background-image":"","background-repeat":"repeat","background-position":"center center","background-size":"auto","background-attachment":"scroll","background-type":"","background-media":"","overlay-type":"","overlay-color":"","overlay-opacity":"","overlay-gradient":""},"tablet":{"background-color":"var(--ast-global-color-5)","background-image":"","background-repeat":"repeat","background-position":"center center","background-size":"auto","background-attachment":"scroll","background-type":"","background-media":"","overlay-type":"","overlay-color":"","overlay-opacity":"","overlay-gradient":""},"mobile":{"background-color":"var(--ast-global-color-5)","background-image":"","background-repeat":"repeat","background-position":"center center","background-size":"auto","background-attachment":"scroll","background-type":"","background-media":"","overlay-type":"","overlay-color":"","overlay-opacity":"","overlay-gradient":""}}},"product_brand":[],"product_cat":[32,58,26],"product_tag":[],"wpstream_actors":[],"wpstream_category":[],"wpstream_movie_rating":[],"class_list":{"0":"post-4107","1":"product","2":"type-product","3":"status-publish","4":"has-post-thumbnail","6":"product_cat-choreography","7":"product_cat-dance-videos","8":"product_cat-jazz","9":"desktop-align-left","10":"tablet-align-left","11":"mobile-align-left","13":"first","14":"instock","15":"sale","16":"shipping-taxable","17":"purchasable","18":"product-type-simple"},"acf":[],"jetpack_sharing_enabled":true,"_links":{"self":[{"href":"https:\/\/worlddancemovement.com\/fr\/wp-json\/wp\/v2\/product\/4107","targetHints":{"allow":["GET"]}}],"collection":[{"href":"https:\/\/worlddancemovement.com\/fr\/wp-json\/wp\/v2\/product"}],"about":[{"href":"https:\/\/worlddancemovement.com\/fr\/wp-json\/wp\/v2\/types\/product"}],"replies":[{"embeddable":true,"href":"https:\/\/worlddancemovement.com\/fr\/wp-json\/wp\/v2\/comments?post=4107"}],"wp:featuredmedia":[{"embeddable":true,"href":"https:\/\/worlddancemovement.com\/fr\/wp-json\/wp\/v2\/media\/4137"}],"wp:attachment":[{"href":"https:\/\/worlddancemovement.com\/fr\/wp-json\/wp\/v2\/media?parent=4107"}],"wp:term":[{"taxonomy":"product_brand","embeddable":true,"href":"https:\/\/worlddancemovement.com\/fr\/wp-json\/wp\/v2\/product_brand?post=4107"},{"taxonomy":"product_cat","embeddable":true,"href":"https:\/\/worlddancemovement.com\/fr\/wp-json\/wp\/v2\/product_cat?post=4107"},{"taxonomy":"product_tag","embeddable":true,"href":"https:\/\/worlddancemovement.com\/fr\/wp-json\/wp\/v2\/product_tag?post=4107"},{"taxonomy":"wpstream_actors","embeddable":true,"href":"https:\/\/worlddancemovement.com\/fr\/wp-json\/wp\/v2\/wpstream_actors?post=4107"},{"taxonomy":"wpstream_category","embeddable":true,"href":"https:\/\/worlddancemovement.com\/fr\/wp-json\/wp\/v2\/wpstream_category?post=4107"},{"taxonomy":"wpstream_movie_rating","embeddable":true,"href":"https:\/\/worlddancemovement.com\/fr\/wp-json\/wp\/v2\/wpstream_movie_rating?post=4107"}],"curies":[{"name":"wp","href":"https:\/\/api.w.org\/{rel}","templated":true}]}}