{"id":4108,"date":"2021-09-13T12:17:08","date_gmt":"2021-09-13T12:17:08","guid":{"rendered":"https:\/\/migrate.worlddancemovement.com\/?post_type=product&#038;p=4108"},"modified":"2022-11-16T16:35:02","modified_gmt":"2022-11-16T16:35:02","slug":"jazz-for-kids-with-sheila-barker-vol-ii","status":"publish","type":"product","link":"https:\/\/worlddancemovement.com\/fr\/produit\/jazz-for-kids-with-sheila-barker-vol-ii\/","title":{"rendered":"Jazz pour les enfants avec Sheila Barker VOL II"},"content":{"rendered":"","protected":false},"excerpt":{"rendered":"<p>Sheila Barker et ses danseurs, Nathan de SYTYCD et Jessica continuent de vous enseigner des routines et des techniques de danse jazz innovantes et amusantes. Le DVD fr\u00e8re de Sheila&#039;s Jazz For Kids VOL I regorge d&#039;informations sur l&#039;histoire de la danse jazz. Apprenez les styles et genres uniques de danse jazz de Sheila pendant qu&#039;elle vous montre comment appliquer les m\u00eames principes \u00e0 chacun.<\/p>\n<p>Cela commence par un \u00e9chauffement facile et fluide pour \u00e9tirer vos muscles et vous connecter \u00e0 votre centre. Ensuite, Sheila vous fait d\u00e9couvrir les isolations utilis\u00e9es dans toutes les routines. Le tout se termine par quatre routines de Jazz dynamiques et diversifi\u00e9es qui vous donneront l&#039;impression de danser depuis des ann\u00e9es !<\/p>\n<p>Sheila Barker est \u00e9ducatrice, chor\u00e9graphe et interpr\u00e8te depuis 12 ans dans des pays comme le Br\u00e9sil, le Japon, le Mexique, le Canada, l&#039;Europe et les \u00c9tats-Unis. Elle a obtenu un baccalaur\u00e9at en beaux-arts en danse et poss\u00e8de une formation approfondie en jazz, ballet, moderne, claquettes, th\u00e9\u00e2tre africain\/Dunham et musical.<\/p>\n<p>Son exp\u00e9rience en mati\u00e8re d&#039;interpr\u00e9tation s&#039;\u00e9tend de Broadway et Off-Broadway aux films industriels, vid\u00e9oclips et feuilletons. Sheila a chor\u00e9graphi\u00e9 de nombreuses productions industrielles, vid\u00e9oclips et spectacles sur sc\u00e8ne pour des artistes du disque.<\/p>","protected":false},"featured_media":4138,"comment_status":"closed","ping_status":"closed","template":"","meta":{"_acf_changed":false,"site-sidebar-layout":"default","site-content-layout":"default","ast-site-content-layout":"default","site-content-style":"default","site-sidebar-style":"default","ast-global-header-display":"","ast-banner-title-visibility":"","ast-main-header-display":"","ast-hfb-above-header-display":"","ast-hfb-below-header-display":"","ast-hfb-mobile-header-display":"","site-post-title":"","ast-breadcrumbs-content":"","ast-featured-img":"","footer-sml-layout":"","ast-disable-related-posts":"","theme-transparent-header-meta":"default","adv-header-id-meta":"","stick-header-meta":"default","header-above-stick-meta":"","header-main-stick-meta":"","header-below-stick-meta":"","astra-migrate-meta-layouts":"default","ast-page-background-enabled":"default","ast-page-background-meta":{"desktop":{"background-color":"","background-image":"","background-repeat":"repeat","background-position":"center center","background-size":"auto","background-attachment":"scroll","background-type":"","background-media":"","overlay-type":"","overlay-color":"","overlay-opacity":"","overlay-gradient":""},"tablet":{"background-color":"","background-image":"","background-repeat":"repeat","background-position":"center center","background-size":"auto","background-attachment":"scroll","background-type":"","background-media":"","overlay-type":"","overlay-color":"","overlay-opacity":"","overlay-gradient":""},"mobile":{"background-color":"","background-image":"","background-repeat":"repeat","background-position":"center center","background-size":"auto","background-attachment":"scroll","background-type":"","background-media":"","overlay-type":"","overlay-color":"","overlay-opacity":"","overlay-gradient":""}},"ast-content-background-meta":{"desktop":{"background-color":"var(--ast-global-color-5)","background-image":"","background-repeat":"repeat","background-position":"center center","background-size":"auto","background-attachment":"scroll","background-type":"","background-media":"","overlay-type":"","overlay-color":"","overlay-opacity":"","overlay-gradient":""},"tablet":{"background-color":"var(--ast-global-color-5)","background-image":"","background-repeat":"repeat","background-position":"center center","background-size":"auto","background-attachment":"scroll","background-type":"","background-media":"","overlay-type":"","overlay-color":"","overlay-opacity":"","overlay-gradient":""},"mobile":{"background-color":"var(--ast-global-color-5)","background-image":"","background-repeat":"repeat","background-position":"center center","background-size":"auto","background-attachment":"scroll","background-type":"","background-media":"","overlay-type":"","overlay-color":"","overlay-opacity":"","overlay-gradient":""}}},"product_brand":[],"product_cat":[58,26,27,42],"product_tag":[],"wpstream_actors":[],"wpstream_category":[],"wpstream_movie_rating":[],"class_list":{"0":"post-4108","1":"product","2":"type-product","3":"status-publish","4":"has-post-thumbnail","6":"product_cat-dance-videos","7":"product_cat-jazz","8":"product_cat-kids","9":"product_cat-new-releases","10":"desktop-align-left","11":"tablet-align-left","12":"mobile-align-left","14":"first","15":"instock","16":"sale","17":"shipping-taxable","18":"purchasable","19":"product-type-simple"},"acf":[],"jetpack_sharing_enabled":true,"_links":{"self":[{"href":"https:\/\/worlddancemovement.com\/fr\/wp-json\/wp\/v2\/product\/4108","targetHints":{"allow":["GET"]}}],"collection":[{"href":"https:\/\/worlddancemovement.com\/fr\/wp-json\/wp\/v2\/product"}],"about":[{"href":"https:\/\/worlddancemovement.com\/fr\/wp-json\/wp\/v2\/types\/product"}],"replies":[{"embeddable":true,"href":"https:\/\/worlddancemovement.com\/fr\/wp-json\/wp\/v2\/comments?post=4108"}],"wp:featuredmedia":[{"embeddable":true,"href":"https:\/\/worlddancemovement.com\/fr\/wp-json\/wp\/v2\/media\/4138"}],"wp:attachment":[{"href":"https:\/\/worlddancemovement.com\/fr\/wp-json\/wp\/v2\/media?parent=4108"}],"wp:term":[{"taxonomy":"product_brand","embeddable":true,"href":"https:\/\/worlddancemovement.com\/fr\/wp-json\/wp\/v2\/product_brand?post=4108"},{"taxonomy":"product_cat","embeddable":true,"href":"https:\/\/worlddancemovement.com\/fr\/wp-json\/wp\/v2\/product_cat?post=4108"},{"taxonomy":"product_tag","embeddable":true,"href":"https:\/\/worlddancemovement.com\/fr\/wp-json\/wp\/v2\/product_tag?post=4108"},{"taxonomy":"wpstream_actors","embeddable":true,"href":"https:\/\/worlddancemovement.com\/fr\/wp-json\/wp\/v2\/wpstream_actors?post=4108"},{"taxonomy":"wpstream_category","embeddable":true,"href":"https:\/\/worlddancemovement.com\/fr\/wp-json\/wp\/v2\/wpstream_category?post=4108"},{"taxonomy":"wpstream_movie_rating","embeddable":true,"href":"https:\/\/worlddancemovement.com\/fr\/wp-json\/wp\/v2\/wpstream_movie_rating?post=4108"}],"curies":[{"name":"wp","href":"https:\/\/api.w.org\/{rel}","templated":true}]}}