{"id":4111,"date":"2021-09-13T12:17:09","date_gmt":"2021-09-13T12:17:09","guid":{"rendered":"https:\/\/migrate.worlddancemovement.com\/?post_type=product&#038;p=4111"},"modified":"2022-11-16T16:34:08","modified_gmt":"2022-11-16T16:34:08","slug":"breakdance-dvd-with-ephrat-aka-b-girl-bounce","status":"publish","type":"product","link":"https:\/\/worlddancemovement.com\/fr\/produit\/breakdance-dvd-with-ephrat-aka-b-girl-bounce\/","title":{"rendered":"DVD de breakdance avec Ephrat AKA B-girl Bounce"},"content":{"rendered":"","protected":false},"excerpt":{"rendered":"<p>Dans ce DVD p\u00e9dagogique de danse,\u00a0\u00a0<b>\u00c9phrat<\/b>\u00a0vous apprendra les bases du b-boying\/b-girling (une danse \u00e9galement connue sous le nom de break), y compris les freezes, le top rock, les chutes au sol, les pas et les mod\u00e8les de base du jeu de jambes. Vous serez initi\u00e9 aux mouvements de danse tels que le 6-step, le baby swipe, le chair freeze et bien plus encore. Le style d\u00e9contract\u00e9 d&#039;Ephrat vous aidera \u00e0 apprendre \u00e0 vous sentir plus \u00e0 l&#039;aise en style libre. Avec le temps et la pratique, vous ajouterez votre propre saveur \u00e0 ces pas et les conserverez dans votre vocabulaire de danse croissant, enrichissant votre travail de danseur et vous donnant une base solide \u00e0 partir de laquelle commencer votre formation dans cette danse brute et puissante.<\/p>\n<p><b>Ephrat \u00ab Rebondir \u00bb Asherie\u00a0<\/b>a suivi une formation approfondie en ballet et en danse moderne, mais a trouv\u00e9 son foyer artistique dans les formes de danse de rue du b-girling (breaking), du hip-hop et de la house. Ephrat a commenc\u00e9 le b-girling \u00e0 Brooklyn en 2002 sous la direction de Breakeasy (BIS Crew) et s&#039;est entra\u00een\u00e9 au hip-hop avec Leslie Feliciano. Peu de temps apr\u00e8s, elle a \u00e9t\u00e9 initi\u00e9e \u00e0 la house music et a depuis \u00e9t\u00e9 grandement influenc\u00e9e par la sc\u00e8ne des clubs new-yorkais.<\/p>\n<p>Ephrat a jou\u00e9 et enseign\u00e9 aux \u00c9tats-Unis et en Europe, ainsi qu&#039;au P\u00e9rou et en Afrique du Sud. Elle est apparue sur MTV, Comedy Central ainsi qu&#039;au Carnegie Hall, au Madison Square Garden et \u00e0 DTW. Ephrat est membre du groupe de break enti\u00e8rement f\u00e9minin FoxForceFive et de MAWU, un collectif de house dance. Elle a \u00e9t\u00e9 choisie par Dance Magazine comme l&#039;une des 25 personnes \u00e0 surveiller en 2007. Ephrat est co-fondatrice de l&#039;organisation de sensibilisation \u00e0 but non lucratif Dance for Peace : One Step at a Time. Elle a r\u00e9cemment jou\u00e9 lors de la premi\u00e8re de Bill Irwin de la Happiness Lecture \u00e0 la Philadelphia Theatre Company. Ephrat a re\u00e7u une subvention de la fondation Puffin pour la cr\u00e9ation d&#039;un programme de danse hip-hop au Grant Houses After-School Program \u00e0 Harlem, New York.<\/p>","protected":false},"featured_media":4141,"comment_status":"closed","ping_status":"closed","template":"","meta":{"_acf_changed":false,"site-sidebar-layout":"default","site-content-layout":"default","ast-site-content-layout":"default","site-content-style":"default","site-sidebar-style":"default","ast-global-header-display":"","ast-banner-title-visibility":"","ast-main-header-display":"","ast-hfb-above-header-display":"","ast-hfb-below-header-display":"","ast-hfb-mobile-header-display":"","site-post-title":"","ast-breadcrumbs-content":"","ast-featured-img":"","footer-sml-layout":"","ast-disable-related-posts":"","theme-transparent-header-meta":"default","adv-header-id-meta":"","stick-header-meta":"default","header-above-stick-meta":"","header-main-stick-meta":"","header-below-stick-meta":"","astra-migrate-meta-layouts":"default","ast-page-background-enabled":"default","ast-page-background-meta":{"desktop":{"background-color":"","background-image":"","background-repeat":"repeat","background-position":"center center","background-size":"auto","background-attachment":"scroll","background-type":"","background-media":"","overlay-type":"","overlay-color":"","overlay-opacity":"","overlay-gradient":""},"tablet":{"background-color":"","background-image":"","background-repeat":"repeat","background-position":"center center","background-size":"auto","background-attachment":"scroll","background-type":"","background-media":"","overlay-type":"","overlay-color":"","overlay-opacity":"","overlay-gradient":""},"mobile":{"background-color":"","background-image":"","background-repeat":"repeat","background-position":"center center","background-size":"auto","background-attachment":"scroll","background-type":"","background-media":"","overlay-type":"","overlay-color":"","overlay-opacity":"","overlay-gradient":""}},"ast-content-background-meta":{"desktop":{"background-color":"var(--ast-global-color-5)","background-image":"","background-repeat":"repeat","background-position":"center center","background-size":"auto","background-attachment":"scroll","background-type":"","background-media":"","overlay-type":"","overlay-color":"","overlay-opacity":"","overlay-gradient":""},"tablet":{"background-color":"var(--ast-global-color-5)","background-image":"","background-repeat":"repeat","background-position":"center center","background-size":"auto","background-attachment":"scroll","background-type":"","background-media":"","overlay-type":"","overlay-color":"","overlay-opacity":"","overlay-gradient":""},"mobile":{"background-color":"var(--ast-global-color-5)","background-image":"","background-repeat":"repeat","background-position":"center center","background-size":"auto","background-attachment":"scroll","background-type":"","background-media":"","overlay-type":"","overlay-color":"","overlay-opacity":"","overlay-gradient":""}}},"product_brand":[],"product_cat":[32,58,30],"product_tag":[],"wpstream_actors":[],"wpstream_category":[],"wpstream_movie_rating":[],"class_list":{"0":"post-4111","1":"product","2":"type-product","3":"status-publish","4":"has-post-thumbnail","6":"product_cat-choreography","7":"product_cat-dance-videos","8":"product_cat-hip-hop","9":"desktop-align-left","10":"tablet-align-left","11":"mobile-align-left","13":"first","14":"instock","15":"sale","16":"shipping-taxable","17":"purchasable","18":"product-type-simple"},"acf":[],"jetpack_sharing_enabled":true,"_links":{"self":[{"href":"https:\/\/worlddancemovement.com\/fr\/wp-json\/wp\/v2\/product\/4111","targetHints":{"allow":["GET"]}}],"collection":[{"href":"https:\/\/worlddancemovement.com\/fr\/wp-json\/wp\/v2\/product"}],"about":[{"href":"https:\/\/worlddancemovement.com\/fr\/wp-json\/wp\/v2\/types\/product"}],"replies":[{"embeddable":true,"href":"https:\/\/worlddancemovement.com\/fr\/wp-json\/wp\/v2\/comments?post=4111"}],"wp:featuredmedia":[{"embeddable":true,"href":"https:\/\/worlddancemovement.com\/fr\/wp-json\/wp\/v2\/media\/4141"}],"wp:attachment":[{"href":"https:\/\/worlddancemovement.com\/fr\/wp-json\/wp\/v2\/media?parent=4111"}],"wp:term":[{"taxonomy":"product_brand","embeddable":true,"href":"https:\/\/worlddancemovement.com\/fr\/wp-json\/wp\/v2\/product_brand?post=4111"},{"taxonomy":"product_cat","embeddable":true,"href":"https:\/\/worlddancemovement.com\/fr\/wp-json\/wp\/v2\/product_cat?post=4111"},{"taxonomy":"product_tag","embeddable":true,"href":"https:\/\/worlddancemovement.com\/fr\/wp-json\/wp\/v2\/product_tag?post=4111"},{"taxonomy":"wpstream_actors","embeddable":true,"href":"https:\/\/worlddancemovement.com\/fr\/wp-json\/wp\/v2\/wpstream_actors?post=4111"},{"taxonomy":"wpstream_category","embeddable":true,"href":"https:\/\/worlddancemovement.com\/fr\/wp-json\/wp\/v2\/wpstream_category?post=4111"},{"taxonomy":"wpstream_movie_rating","embeddable":true,"href":"https:\/\/worlddancemovement.com\/fr\/wp-json\/wp\/v2\/wpstream_movie_rating?post=4111"}],"curies":[{"name":"wp","href":"https:\/\/api.w.org\/{rel}","templated":true}]}}