{"id":4112,"date":"2021-09-13T12:17:09","date_gmt":"2021-09-13T12:17:09","guid":{"rendered":"https:\/\/migrate.worlddancemovement.com\/?post_type=product&#038;p=4112"},"modified":"2022-11-16T16:29:49","modified_gmt":"2022-11-16T16:29:49","slug":"hip-hop-funk-dvd-with-jermaine-browne","status":"publish","type":"product","link":"https:\/\/worlddancemovement.com\/fr\/produit\/hip-hop-funk-dvd-with-jermaine-browne\/","title":{"rendered":"DVD Hip Hop Funk avec Jermaine Browne"},"content":{"rendered":"","protected":false},"excerpt":{"rendered":"<p>Rejoindre\u00a0<b>Jermaine Browne\u00a0<\/b>alors qu&#039;il enseigne et interpr\u00e8te 60 minutes de son style de danse provocateur et fluide connu sous le nom de JFH. Fusionnant Jazz, Funk et Hip-Hop, la chor\u00e9graphie de Jermaine est technique, forte et d\u00e9bordante de passion et d&#039;\u00e9nergie. Des angles de cam\u00e9ra uniques face au miroir vous permettent d&#039;apprendre comme si vous \u00e9tiez un \u00e9l\u00e8ve de la classe. Jermaine et ses danseurs vous guideront pas \u00e0 pas \u00e0 travers trois routines. Une routine s\u00e9lectionn\u00e9e vous transportera dans un cours au Broadway Dance Center (New York) o\u00f9 vous vous joindrez \u00e0 l&#039;atmosph\u00e8re incroyable la mieux adapt\u00e9e pour le\u00a0<b>je<\/b>\u00c9tudiants interm\u00e9diaires \u00e0 interm\u00e9diaires-avanc\u00e9s<b>.<\/b><\/p>\n<p><b>celui de Jermaine\u00a0<\/b>une combinaison unique de force et de sensualit\u00e9 a attir\u00e9 l&#039;attention de l&#039;industrie musicale alors qu&#039;elle travaillait comme assistante chor\u00e9graphe pour un clip de Britney Spears. Cela l&#039;a amen\u00e9 \u00e0 cr\u00e9er une vid\u00e9o r\u00e9volutionnaire \u00ab Genie In a Bottle \u00bb pour Christina Aguilera et Asst. Chor\u00e9graphiez le clip vid\u00e9o \u00ab Love Don&#039;t Cost a Thing \u00bb pour Jennifer Lopez. En plus des vid\u00e9oclips, Jermaine a cr\u00e9\u00e9 et chor\u00e9graphi\u00e9 des spectacles pour des artistes tels que Thalia, Deborah Cox, Tamia et Melissa Jimenez. Il a \u00e9galement chor\u00e9graphi\u00e9 des performances sc\u00e9niques aux European MTV Music Awards 2005 \u00e0 Lisbonne, qui comprenaient, entre autres, la performance holographique de Gorillaz et Boret. Il a co-chor\u00e9graphi\u00e9 le d\u00e9fil\u00e9 de mode Victoria Secret 2006, qui comprenait l&#039;ouverture de Justin Timberlake. Jermaine a chor\u00e9graphi\u00e9 la performance de Leona Lewis de 40 danseurs pour les British Music Awards, le d\u00e9fil\u00e9 de mode Nike \u00e0 Manchester, en Angleterre ; a travaill\u00e9 avec le champion du monde de patinage sur glace Daisuke, a mis en sc\u00e8ne et chor\u00e9graphi\u00e9 une performance pour la tourn\u00e9e promotionnelle de Melissa Jimenez, The Angel Ball Fund Raiser, le spectacle The Box Cabaret ; il vient de rentrer de Russie o\u00f9 Absolute Vodka lui a demand\u00e9 de mettre ses empreintes sur leur NOUVELLE bouteille disco montrant une petite danse. Autres cr\u00e9dits : Chor\u00e9graphe interne pour le d\u00e9fil\u00e9 de mode Victoria&#039;s Secret \u00e0 Miami 2008\u2026 le plus r\u00e9ussi de tous les temps ! Chor\u00e9graphe pour le d\u00e9fil\u00e9 de chaussures Louis Vuitton, il a \u00e9galement cr\u00e9\u00e9 une danse signature pour le march\u00e9 sud-am\u00e9ricain Heineken \u00ab Green Synergy \u00bb. Cette publicit\u00e9 montrait 8 pas pouvant \u00eatre traduits en 3 styles de danse diff\u00e9rents (Hip Hop, Soca et Dancehall). Avec ce succ\u00e8s, Jermaine est pass\u00e9 du statut de chor\u00e9graphe \u00e0 celui de metteur en sc\u00e8ne. Ses d\u00e9buts en tant que r\u00e9alisateur \u00e9taient une publicit\u00e9 pour \u00ab Easy Glove \u00bb. Cependant, Jermaine se consacrera toujours \u00e0 son premier amour, la chor\u00e9graphie. Il continue de travailler avec des artistes du monde entier\u2026 Le c\u00e9l\u00e8bre groupe pop europ\u00e9en \u00ab Infernal \u00bb a travaill\u00e9 avec Jermaine sur leur dernier clip et maintenant la sensationnelle artiste grecque Anna Vissi a fait appel \u00e0 Jermaine pour sa prochaine tourn\u00e9e !<\/p>","protected":false},"featured_media":4142,"comment_status":"closed","ping_status":"closed","template":"","meta":{"_acf_changed":false,"site-sidebar-layout":"default","site-content-layout":"default","ast-site-content-layout":"default","site-content-style":"default","site-sidebar-style":"default","ast-global-header-display":"","ast-banner-title-visibility":"","ast-main-header-display":"","ast-hfb-above-header-display":"","ast-hfb-below-header-display":"","ast-hfb-mobile-header-display":"","site-post-title":"","ast-breadcrumbs-content":"","ast-featured-img":"","footer-sml-layout":"","ast-disable-related-posts":"","theme-transparent-header-meta":"default","adv-header-id-meta":"","stick-header-meta":"default","header-above-stick-meta":"","header-main-stick-meta":"","header-below-stick-meta":"","astra-migrate-meta-layouts":"default","ast-page-background-enabled":"default","ast-page-background-meta":{"desktop":{"background-color":"","background-image":"","background-repeat":"repeat","background-position":"center center","background-size":"auto","background-attachment":"scroll","background-type":"","background-media":"","overlay-type":"","overlay-color":"","overlay-opacity":"","overlay-gradient":""},"tablet":{"background-color":"","background-image":"","background-repeat":"repeat","background-position":"center center","background-size":"auto","background-attachment":"scroll","background-type":"","background-media":"","overlay-type":"","overlay-color":"","overlay-opacity":"","overlay-gradient":""},"mobile":{"background-color":"","background-image":"","background-repeat":"repeat","background-position":"center center","background-size":"auto","background-attachment":"scroll","background-type":"","background-media":"","overlay-type":"","overlay-color":"","overlay-opacity":"","overlay-gradient":""}},"ast-content-background-meta":{"desktop":{"background-color":"var(--ast-global-color-5)","background-image":"","background-repeat":"repeat","background-position":"center center","background-size":"auto","background-attachment":"scroll","background-type":"","background-media":"","overlay-type":"","overlay-color":"","overlay-opacity":"","overlay-gradient":""},"tablet":{"background-color":"var(--ast-global-color-5)","background-image":"","background-repeat":"repeat","background-position":"center center","background-size":"auto","background-attachment":"scroll","background-type":"","background-media":"","overlay-type":"","overlay-color":"","overlay-opacity":"","overlay-gradient":""},"mobile":{"background-color":"var(--ast-global-color-5)","background-image":"","background-repeat":"repeat","background-position":"center center","background-size":"auto","background-attachment":"scroll","background-type":"","background-media":"","overlay-type":"","overlay-color":"","overlay-opacity":"","overlay-gradient":""}}},"product_brand":[],"product_cat":[32,58,30],"product_tag":[],"wpstream_actors":[],"wpstream_category":[],"wpstream_movie_rating":[],"class_list":{"0":"post-4112","1":"product","2":"type-product","3":"status-publish","4":"has-post-thumbnail","6":"product_cat-choreography","7":"product_cat-dance-videos","8":"product_cat-hip-hop","9":"desktop-align-left","10":"tablet-align-left","11":"mobile-align-left","13":"first","14":"instock","15":"sale","16":"shipping-taxable","17":"purchasable","18":"product-type-simple"},"acf":[],"jetpack_sharing_enabled":true,"_links":{"self":[{"href":"https:\/\/worlddancemovement.com\/fr\/wp-json\/wp\/v2\/product\/4112","targetHints":{"allow":["GET"]}}],"collection":[{"href":"https:\/\/worlddancemovement.com\/fr\/wp-json\/wp\/v2\/product"}],"about":[{"href":"https:\/\/worlddancemovement.com\/fr\/wp-json\/wp\/v2\/types\/product"}],"replies":[{"embeddable":true,"href":"https:\/\/worlddancemovement.com\/fr\/wp-json\/wp\/v2\/comments?post=4112"}],"wp:featuredmedia":[{"embeddable":true,"href":"https:\/\/worlddancemovement.com\/fr\/wp-json\/wp\/v2\/media\/4142"}],"wp:attachment":[{"href":"https:\/\/worlddancemovement.com\/fr\/wp-json\/wp\/v2\/media?parent=4112"}],"wp:term":[{"taxonomy":"product_brand","embeddable":true,"href":"https:\/\/worlddancemovement.com\/fr\/wp-json\/wp\/v2\/product_brand?post=4112"},{"taxonomy":"product_cat","embeddable":true,"href":"https:\/\/worlddancemovement.com\/fr\/wp-json\/wp\/v2\/product_cat?post=4112"},{"taxonomy":"product_tag","embeddable":true,"href":"https:\/\/worlddancemovement.com\/fr\/wp-json\/wp\/v2\/product_tag?post=4112"},{"taxonomy":"wpstream_actors","embeddable":true,"href":"https:\/\/worlddancemovement.com\/fr\/wp-json\/wp\/v2\/wpstream_actors?post=4112"},{"taxonomy":"wpstream_category","embeddable":true,"href":"https:\/\/worlddancemovement.com\/fr\/wp-json\/wp\/v2\/wpstream_category?post=4112"},{"taxonomy":"wpstream_movie_rating","embeddable":true,"href":"https:\/\/worlddancemovement.com\/fr\/wp-json\/wp\/v2\/wpstream_movie_rating?post=4112"}],"curies":[{"name":"wp","href":"https:\/\/api.w.org\/{rel}","templated":true}]}}