{"id":4113,"date":"2021-09-13T12:17:09","date_gmt":"2021-09-13T12:17:09","guid":{"rendered":"https:\/\/migrate.worlddancemovement.com\/?post_type=product&#038;p=4113"},"modified":"2022-11-16T16:31:17","modified_gmt":"2022-11-16T16:31:17","slug":"be-the-music-in-hip-hop-dvd-with-jared-grimes","status":"publish","type":"product","link":"https:\/\/worlddancemovement.com\/fr\/produit\/be-the-music-in-hip-hop-dvd-with-jared-grimes\/","title":{"rendered":"soyez la musique du DVD HIP HOP avec Jared Grimes"},"content":{"rendered":"","protected":false},"excerpt":{"rendered":"<p>Pour niveau interm\u00e9diaire \u00e0 interm\u00e9diaire\/avanc\u00e9<\/p>\n<p>Ce DVD p\u00e9dagogique de danse explorera comment la musique est le fondement de tout mouvement Hip Hop. Jared met l&#039;accent sur la mani\u00e8re dont des instruments de musique sp\u00e9cifiques am\u00e9liorent les diff\u00e9rentes textures de la musique et inspirent directement la chor\u00e9graphie. Le premier combo, \u00ab Hittin&#039; \u00bb, d\u00e9veloppera votre force en accentuant les mouvements pour plus d&#039;impact et de pr\u00e9cision. Le deuxi\u00e8me combo, \u00ab Southern Groove \u00bb, vous apprendra \u00e0 \u00eatre fort et fluide tout en ex\u00e9cutant des mouvements complexes. Enfin, \u00ab\u00a0To the floor\u00a0\u00bb vous permettra simplement de vous jeter, en utilisant toutes les sensations possibles de la musique pour vous exprimer et simplement passer un bon moment. La le\u00e7on de Jared fera de vous un meilleur danseur. Laissez toujours la musique vous guider\u00a0!<\/p>\n<p><b>Jared Grimes<\/b>\u00a0est un jeune et dynamique additif dans le monde des arts o\u00f9 il s&#039;impose largement dans le Hip-Hop\/Street Jazz et les Tap. \u00c0 de nombreuses reprises, il a dans\u00e9 aux c\u00f4t\u00e9s de l\u00e9gendes telles que Gregory Hines, Fayard Nicholas, Author Duncan et a jou\u00e9 pour des ic\u00f4nes intemporelles telles que Ben Vereen, Debbie Allen et Jerry Lewis. Il est membre de \u00ab Rhapsody The Company \u00bb et s&#039;est produit aux \u00c9tats-Unis et \u00e0 l&#039;\u00e9tranger avec le North Carolina Youth Tap Ensemble.<\/p>\n<p>Grimes a r\u00e9cemment chor\u00e9graphi\u00e9 le c\u00e9l\u00e8bre spectacle du Cirque du Soleil \u00ab Banana Shpeel \u00bb.<\/p>\n<p>Il a \u00e9galement tourn\u00e9 avec la l\u00e9gende musicale Mariah Carey, sous la chor\u00e9graphie de Marty Kudelka, et a dans\u00e9 pour des artistes tels que Common, Salt-n-Pepa, Envogue et the Roots sous la chor\u00e9graphe Fatima. Les cr\u00e9dits de sc\u00e8ne de Jared incluent &quot;Babes in Arms&quot; au Goodspeed Opera House, &quot;Sammy&quot;, r\u00e9alis\u00e9 par Debbie Allen, la production GTC de Caroline du Nord de &quot;Sophisticated Ladies&quot; et &quot;Vaudeville&quot; r\u00e9alis\u00e9 par Chris D&#039;Amboise. Grimes est apparu dans des publicit\u00e9s pour Coca-Cola et des \u00e9missions de t\u00e9l\u00e9vision telles que \u00ab Star Search \u00bb de CBS, \u00ab Showtime at the Apollo \u00bb, \u00ab Dance Fever \u00bb de ABC Family et le t\u00e9l\u00e9thon Jerry Lewis. Ses longs m\u00e9trages incluent \u00ab Little Manhattan \u00bb de New Line Cinemas et \u00ab First Born \u00bb d&#039;Elevation Filmworks, avec Elizabeth Shue.<\/p>","protected":false},"featured_media":7030,"comment_status":"closed","ping_status":"closed","template":"","meta":{"_acf_changed":false,"site-sidebar-layout":"default","site-content-layout":"default","ast-site-content-layout":"default","site-content-style":"default","site-sidebar-style":"default","ast-global-header-display":"","ast-banner-title-visibility":"","ast-main-header-display":"","ast-hfb-above-header-display":"","ast-hfb-below-header-display":"","ast-hfb-mobile-header-display":"","site-post-title":"","ast-breadcrumbs-content":"","ast-featured-img":"","footer-sml-layout":"","ast-disable-related-posts":"","theme-transparent-header-meta":"default","adv-header-id-meta":"","stick-header-meta":"default","header-above-stick-meta":"","header-main-stick-meta":"","header-below-stick-meta":"","astra-migrate-meta-layouts":"default","ast-page-background-enabled":"default","ast-page-background-meta":{"desktop":{"background-color":"","background-image":"","background-repeat":"repeat","background-position":"center center","background-size":"auto","background-attachment":"scroll","background-type":"","background-media":"","overlay-type":"","overlay-color":"","overlay-opacity":"","overlay-gradient":""},"tablet":{"background-color":"","background-image":"","background-repeat":"repeat","background-position":"center center","background-size":"auto","background-attachment":"scroll","background-type":"","background-media":"","overlay-type":"","overlay-color":"","overlay-opacity":"","overlay-gradient":""},"mobile":{"background-color":"","background-image":"","background-repeat":"repeat","background-position":"center center","background-size":"auto","background-attachment":"scroll","background-type":"","background-media":"","overlay-type":"","overlay-color":"","overlay-opacity":"","overlay-gradient":""}},"ast-content-background-meta":{"desktop":{"background-color":"var(--ast-global-color-5)","background-image":"","background-repeat":"repeat","background-position":"center center","background-size":"auto","background-attachment":"scroll","background-type":"","background-media":"","overlay-type":"","overlay-color":"","overlay-opacity":"","overlay-gradient":""},"tablet":{"background-color":"var(--ast-global-color-5)","background-image":"","background-repeat":"repeat","background-position":"center center","background-size":"auto","background-attachment":"scroll","background-type":"","background-media":"","overlay-type":"","overlay-color":"","overlay-opacity":"","overlay-gradient":""},"mobile":{"background-color":"var(--ast-global-color-5)","background-image":"","background-repeat":"repeat","background-position":"center center","background-size":"auto","background-attachment":"scroll","background-type":"","background-media":"","overlay-type":"","overlay-color":"","overlay-opacity":"","overlay-gradient":""}}},"product_brand":[],"product_cat":[32,58,30],"product_tag":[],"wpstream_actors":[],"wpstream_category":[],"wpstream_movie_rating":[],"class_list":{"0":"post-4113","1":"product","2":"type-product","3":"status-publish","4":"has-post-thumbnail","6":"product_cat-choreography","7":"product_cat-dance-videos","8":"product_cat-hip-hop","9":"desktop-align-left","10":"tablet-align-left","11":"mobile-align-left","13":"first","14":"instock","15":"sale","16":"shipping-taxable","17":"purchasable","18":"product-type-simple"},"acf":[],"jetpack_sharing_enabled":true,"_links":{"self":[{"href":"https:\/\/worlddancemovement.com\/fr\/wp-json\/wp\/v2\/product\/4113","targetHints":{"allow":["GET"]}}],"collection":[{"href":"https:\/\/worlddancemovement.com\/fr\/wp-json\/wp\/v2\/product"}],"about":[{"href":"https:\/\/worlddancemovement.com\/fr\/wp-json\/wp\/v2\/types\/product"}],"replies":[{"embeddable":true,"href":"https:\/\/worlddancemovement.com\/fr\/wp-json\/wp\/v2\/comments?post=4113"}],"wp:featuredmedia":[{"embeddable":true,"href":"https:\/\/worlddancemovement.com\/fr\/wp-json\/wp\/v2\/media\/7030"}],"wp:attachment":[{"href":"https:\/\/worlddancemovement.com\/fr\/wp-json\/wp\/v2\/media?parent=4113"}],"wp:term":[{"taxonomy":"product_brand","embeddable":true,"href":"https:\/\/worlddancemovement.com\/fr\/wp-json\/wp\/v2\/product_brand?post=4113"},{"taxonomy":"product_cat","embeddable":true,"href":"https:\/\/worlddancemovement.com\/fr\/wp-json\/wp\/v2\/product_cat?post=4113"},{"taxonomy":"product_tag","embeddable":true,"href":"https:\/\/worlddancemovement.com\/fr\/wp-json\/wp\/v2\/product_tag?post=4113"},{"taxonomy":"wpstream_actors","embeddable":true,"href":"https:\/\/worlddancemovement.com\/fr\/wp-json\/wp\/v2\/wpstream_actors?post=4113"},{"taxonomy":"wpstream_category","embeddable":true,"href":"https:\/\/worlddancemovement.com\/fr\/wp-json\/wp\/v2\/wpstream_category?post=4113"},{"taxonomy":"wpstream_movie_rating","embeddable":true,"href":"https:\/\/worlddancemovement.com\/fr\/wp-json\/wp\/v2\/wpstream_movie_rating?post=4113"}],"curies":[{"name":"wp","href":"https:\/\/api.w.org\/{rel}","templated":true}]}}