{"id":4114,"date":"2021-09-13T12:17:09","date_gmt":"2021-09-13T12:17:09","guid":{"rendered":"https:\/\/migrate.worlddancemovement.com\/?post_type=product&#038;p=4114"},"modified":"2022-11-16T16:32:45","modified_gmt":"2022-11-16T16:32:45","slug":"hip-hop-with-dana-foglia-vol-iii-beginner-dvd","status":"publish","type":"product","link":"https:\/\/worlddancemovement.com\/fr\/produit\/hip-hop-with-dana-foglia-vol-iii-beginner-dvd\/","title":{"rendered":"HIP HOP avec Dana Foglia -VOL III-DVD d\u00e9butant"},"content":{"rendered":"","protected":false},"excerpt":{"rendered":"<p>Apprenez un superbe WARM-UP, puis FANCY FOOTWORK, HOUSE GROOVES et RAGGAE GROOVES, toutes des combinaisons du Hip Hop Volume III avec Dana Foglia. Continuez \u00e0 travailler avec Dana et ses danseurs pendant qu&#039;ils vous enseignent des mouvements de danse de rue innovants et plus avanc\u00e9s, cr\u00e9\u00e9s pour les danseurs d\u00e9butants de tout \u00e2ge. Au fur et \u00e0 mesure qu&#039;ils d\u00e9montreront diff\u00e9rents grooves n\u00e9cessaires \u00e0 ce style funky de danse hip hop, vous ajouterez de nouveaux pas \u00e0 votre r\u00e9pertoire. Vous verrez la chor\u00e9graphie sous des angles qui refl\u00e8tent un environnement de classe afin que vous ayez l&#039;impression d&#039;\u00eatre l\u00e0 avec Dana et ses danseurs. Tout le monde peut danser ! C&#039;est amusant et excitant, alors pr\u00e9parez-vous \u00e0 bouger comme les pros\u00a0!<\/p>\n<p>Dana Foglia a grandi \u00e0 Long Island, New York et danse depuis l&#039;\u00e2ge de huit ans. Elle a \u00e9t\u00e9 form\u00e9e dans divers styles de danse, notamment le ballet, le jazz, les claquettes, la moderne et le hip-hop. Sa formation de ballet a commenc\u00e9 \u00e0 la Seiskaya Ballet Academy. Apr\u00e8s avoir obtenu son dipl\u00f4me d&#039;\u00e9tudes secondaires, elle a remport\u00e9 une bourse compl\u00e8te \u00e0 l&#039;Ailey School de Manhattan, poursuivant ainsi ses \u00e9tudes en danse et lui offrant l&#039;opportunit\u00e9 de se produire avec la Alvin Ailey Company.<\/p>\n<p>Dana a tourn\u00e9 avec des artistes de renom, dont Janet Jackson, Beyonc\u00e9, Rihanna, Kelis, Thalia et Fantasia, pour n&#039;en nommer que quelques-uns. Elle a \u00e9galement jou\u00e9 dans de nombreuses vid\u00e9os avec des artistes de renom et est apparue dans de nombreuses publicit\u00e9s, notamment Acura et Haagen Dazs. Elle a utilis\u00e9 ses connaissances et son amour de la danse pour enseigner \u00e0 des \u00e9tudiants partout aux \u00c9tats-Unis et \u00e0 l&#039;\u00e9tranger.<\/p>","protected":false},"featured_media":4144,"comment_status":"closed","ping_status":"closed","template":"","meta":{"_acf_changed":false,"site-sidebar-layout":"default","site-content-layout":"default","ast-site-content-layout":"default","site-content-style":"default","site-sidebar-style":"default","ast-global-header-display":"","ast-banner-title-visibility":"","ast-main-header-display":"","ast-hfb-above-header-display":"","ast-hfb-below-header-display":"","ast-hfb-mobile-header-display":"","site-post-title":"","ast-breadcrumbs-content":"","ast-featured-img":"","footer-sml-layout":"","ast-disable-related-posts":"","theme-transparent-header-meta":"default","adv-header-id-meta":"","stick-header-meta":"default","header-above-stick-meta":"","header-main-stick-meta":"","header-below-stick-meta":"","astra-migrate-meta-layouts":"default","ast-page-background-enabled":"default","ast-page-background-meta":{"desktop":{"background-color":"","background-image":"","background-repeat":"repeat","background-position":"center center","background-size":"auto","background-attachment":"scroll","background-type":"","background-media":"","overlay-type":"","overlay-color":"","overlay-opacity":"","overlay-gradient":""},"tablet":{"background-color":"","background-image":"","background-repeat":"repeat","background-position":"center center","background-size":"auto","background-attachment":"scroll","background-type":"","background-media":"","overlay-type":"","overlay-color":"","overlay-opacity":"","overlay-gradient":""},"mobile":{"background-color":"","background-image":"","background-repeat":"repeat","background-position":"center center","background-size":"auto","background-attachment":"scroll","background-type":"","background-media":"","overlay-type":"","overlay-color":"","overlay-opacity":"","overlay-gradient":""}},"ast-content-background-meta":{"desktop":{"background-color":"var(--ast-global-color-5)","background-image":"","background-repeat":"repeat","background-position":"center center","background-size":"auto","background-attachment":"scroll","background-type":"","background-media":"","overlay-type":"","overlay-color":"","overlay-opacity":"","overlay-gradient":""},"tablet":{"background-color":"var(--ast-global-color-5)","background-image":"","background-repeat":"repeat","background-position":"center center","background-size":"auto","background-attachment":"scroll","background-type":"","background-media":"","overlay-type":"","overlay-color":"","overlay-opacity":"","overlay-gradient":""},"mobile":{"background-color":"var(--ast-global-color-5)","background-image":"","background-repeat":"repeat","background-position":"center center","background-size":"auto","background-attachment":"scroll","background-type":"","background-media":"","overlay-type":"","overlay-color":"","overlay-opacity":"","overlay-gradient":""}}},"product_brand":[],"product_cat":[32,58,30,27,42],"product_tag":[],"wpstream_actors":[],"wpstream_category":[],"wpstream_movie_rating":[],"class_list":{"0":"post-4114","1":"product","2":"type-product","3":"status-publish","4":"has-post-thumbnail","6":"product_cat-choreography","7":"product_cat-dance-videos","8":"product_cat-hip-hop","9":"product_cat-kids","10":"product_cat-new-releases","11":"desktop-align-left","12":"tablet-align-left","13":"mobile-align-left","15":"first","16":"instock","17":"sale","18":"shipping-taxable","19":"purchasable","20":"product-type-simple"},"acf":[],"jetpack_sharing_enabled":true,"_links":{"self":[{"href":"https:\/\/worlddancemovement.com\/fr\/wp-json\/wp\/v2\/product\/4114","targetHints":{"allow":["GET"]}}],"collection":[{"href":"https:\/\/worlddancemovement.com\/fr\/wp-json\/wp\/v2\/product"}],"about":[{"href":"https:\/\/worlddancemovement.com\/fr\/wp-json\/wp\/v2\/types\/product"}],"replies":[{"embeddable":true,"href":"https:\/\/worlddancemovement.com\/fr\/wp-json\/wp\/v2\/comments?post=4114"}],"wp:featuredmedia":[{"embeddable":true,"href":"https:\/\/worlddancemovement.com\/fr\/wp-json\/wp\/v2\/media\/4144"}],"wp:attachment":[{"href":"https:\/\/worlddancemovement.com\/fr\/wp-json\/wp\/v2\/media?parent=4114"}],"wp:term":[{"taxonomy":"product_brand","embeddable":true,"href":"https:\/\/worlddancemovement.com\/fr\/wp-json\/wp\/v2\/product_brand?post=4114"},{"taxonomy":"product_cat","embeddable":true,"href":"https:\/\/worlddancemovement.com\/fr\/wp-json\/wp\/v2\/product_cat?post=4114"},{"taxonomy":"product_tag","embeddable":true,"href":"https:\/\/worlddancemovement.com\/fr\/wp-json\/wp\/v2\/product_tag?post=4114"},{"taxonomy":"wpstream_actors","embeddable":true,"href":"https:\/\/worlddancemovement.com\/fr\/wp-json\/wp\/v2\/wpstream_actors?post=4114"},{"taxonomy":"wpstream_category","embeddable":true,"href":"https:\/\/worlddancemovement.com\/fr\/wp-json\/wp\/v2\/wpstream_category?post=4114"},{"taxonomy":"wpstream_movie_rating","embeddable":true,"href":"https:\/\/worlddancemovement.com\/fr\/wp-json\/wp\/v2\/wpstream_movie_rating?post=4114"}],"curies":[{"name":"wp","href":"https:\/\/api.w.org\/{rel}","templated":true}]}}