{"id":4117,"date":"2021-09-13T12:17:09","date_gmt":"2021-09-13T12:17:09","guid":{"rendered":"https:\/\/migrate.worlddancemovement.com\/?post_type=product&#038;p=4117"},"modified":"2022-11-16T16:31:43","modified_gmt":"2022-11-16T16:31:43","slug":"floorwork-vol-ii-dvd","status":"publish","type":"product","link":"https:\/\/worlddancemovement.com\/fr\/produit\/floorwork-vol-ii-dvd\/","title":{"rendered":"DVD de travaux de sol VOL II"},"content":{"rendered":"","protected":false},"excerpt":{"rendered":"<p><b>NIVEAUX INTERM\u00c9IDE \u00c0 AVANC\u00c9<\/b><\/p>\n<p>La s\u0153ur de Video to Floorwork Volume I, Calen et Chris continuent de vous guider \u00e0 travers leur innovation\u00a0<b>\u00ab Travaux de sol \u00bb<\/b>\u00a0aidant \u00e0 donner au danseur interm\u00e9diaire\/avanc\u00e9 un autre niveau de conscience spatiale. Ils d\u00e9composent les positions corporelles plus basiques et vous expliquent comment vous soutenir gr\u00e2ce \u00e0 l&#039;utilisation de votre formation technique. Ensuite, ils d\u00e9montrent certains de leurs pas et variations embl\u00e9matiques \u00e0 ajouter \u00e0 votre vocabulaire de danseur. Tout cela se termine par une d\u00e9composition \u00e9tape par \u00e9tape de deux combinaisons contemporaines, un jazz lyrique et une pi\u00e8ce moderne, qui illustrent les m\u00e9thodes permettant de cr\u00e9er des transitions fluides sur et hors du sol.<\/p>\n<p><b>Calen Kurka<\/b>\u00a0a enseign\u00e9 au Canada, aux \u00c9tats-Unis, en Irlande et au Japon. Il enseigne actuellement au Broadway Dance Center et enseigne \u00e9galement pour plusieurs grandes conventions en tourn\u00e9e aux \u00c9tats-Unis. Il enseigne actuellement pour Dance Masters of America en tant que l&#039;un de leurs professeurs de ma\u00eetrise, et fait \u00e9galement partie du corps professoral de Dance Educators of America. Sa chor\u00e9graphie a \u00e9t\u00e9 reconnue comme exceptionnelle lors de nombreux concours aux \u00c9tats-Unis et au Canada et a re\u00e7u de nombreux prix. En plus d&#039;enseigner \u00e0 New York et dans ses environs, il est \u00e9galement assistant du chor\u00e9graphe, metteur en sc\u00e8ne et instructeur Michele Assaf. Calen est le fondateur, directeur artistique et chor\u00e9graphe de \u00ab Pushing Progress \u00bb, une compagnie de spectacles contemporains et d&#039;ateliers \u00e9ducatifs. Les cr\u00e9dits d&#039;interpr\u00e9tation de Calen incluent le fait d&#039;\u00eatre un membre original de la premi\u00e8re tourn\u00e9e nationale de \u00ab A Few Good Men Dancin&#039; \u00bb de Jeff Amsden, largement acclam\u00e9, et de jouer avec l&#039;artiste d&#039;enregistrement Carmella lors d&#039;un concert hommage \u00e0 Cher. Il a \u00e9galement travaill\u00e9 en \u00e9troite collaboration avec le chor\u00e9graphe\/instructeur Chris Hale. En tant qu&#039;artiste vedette, Calen a pass\u00e9 un an sous contrat avec Tokyo Disney en tant qu&#039;interpr\u00e8te sur la sc\u00e8ne principale et a assum\u00e9 des r\u00f4les de premier plan tels que le capitaine Von Trapp dans &quot;The Sound of Music&quot; et Seymour dans &quot;Little Shop of Horrors&quot;. \u00bb dans les productions sc\u00e9niques r\u00e9gionales.<\/p>\n<p><b>Chris Hale\u00a0<\/b>a d\u00e9but\u00e9 sa carri\u00e8re en tant que metteur en sc\u00e8ne, chor\u00e9graphe et professeur au Hudson Valley Conservatory sous la direction de Samuel E.Wright (casting original \u00e0 Broadway de &quot;Mufasa&quot; du &quot;Roi Lion&quot; de Disney) et s&#039;impose progressivement comme l&#039;un des artistes les plus recherch\u00e9s. instructeurs de son \u00e9poque. Les cr\u00e9dits professionnels incluent le miracle de KTU sur la 34e rue o\u00f9 il s&#039;est produit avec des artistes tels que Mary J. Blige, Deborah Cox, Tamia, Gloria Gaynor et Michael Jackson. Parmi ses autres cr\u00e9dits, citons\u00a0: danseur principal dans la production de Carmen du Houston Grand Opera avec la r\u00e9alisatrice et chor\u00e9graphe Mich\u00e8le Assaf, se produisant avec la sensation internationale de la chanson Anastasia lors du tirage au sort final de la Coupe du Monde de la FIFA \u00e0 Busan, en Cor\u00e9e, travaillant avec le chor\u00e9graphe Jeff Amsden en 2003 sur une production de son spectacle renomm\u00e9 \u00ab A Few Good Men Dancin&#039; \u00bb. Les cr\u00e9dits t\u00e9l\u00e9vis\u00e9s incluent une s\u00e9rie de concerts Disney avec Jason Raize et Jessica Simpson, ainsi que des apparitions dans Saturday Night Live avec des animateurs tels qu&#039;Al Gore et Selma Hayek. Chris a \u00e9galement eu le plaisir de participer \u00e0 la derni\u00e8re saison de \u00ab\u00a0Sex and the City\u00a0\u00bb de HBO, aux c\u00f4t\u00e9s de Kim Catrall. Chris est actuellement membre du corps professoral du Braodway Dance Center.<\/p>","protected":false},"featured_media":4164,"comment_status":"closed","ping_status":"closed","template":"","meta":{"_acf_changed":false,"site-sidebar-layout":"default","site-content-layout":"default","ast-site-content-layout":"default","site-content-style":"default","site-sidebar-style":"default","ast-global-header-display":"","ast-banner-title-visibility":"","ast-main-header-display":"","ast-hfb-above-header-display":"","ast-hfb-below-header-display":"","ast-hfb-mobile-header-display":"","site-post-title":"","ast-breadcrumbs-content":"","ast-featured-img":"","footer-sml-layout":"","ast-disable-related-posts":"","theme-transparent-header-meta":"default","adv-header-id-meta":"","stick-header-meta":"default","header-above-stick-meta":"","header-main-stick-meta":"","header-below-stick-meta":"","astra-migrate-meta-layouts":"default","ast-page-background-enabled":"default","ast-page-background-meta":{"desktop":{"background-color":"","background-image":"","background-repeat":"repeat","background-position":"center center","background-size":"auto","background-attachment":"scroll","background-type":"","background-media":"","overlay-type":"","overlay-color":"","overlay-opacity":"","overlay-gradient":""},"tablet":{"background-color":"","background-image":"","background-repeat":"repeat","background-position":"center center","background-size":"auto","background-attachment":"scroll","background-type":"","background-media":"","overlay-type":"","overlay-color":"","overlay-opacity":"","overlay-gradient":""},"mobile":{"background-color":"","background-image":"","background-repeat":"repeat","background-position":"center center","background-size":"auto","background-attachment":"scroll","background-type":"","background-media":"","overlay-type":"","overlay-color":"","overlay-opacity":"","overlay-gradient":""}},"ast-content-background-meta":{"desktop":{"background-color":"var(--ast-global-color-5)","background-image":"","background-repeat":"repeat","background-position":"center center","background-size":"auto","background-attachment":"scroll","background-type":"","background-media":"","overlay-type":"","overlay-color":"","overlay-opacity":"","overlay-gradient":""},"tablet":{"background-color":"var(--ast-global-color-5)","background-image":"","background-repeat":"repeat","background-position":"center center","background-size":"auto","background-attachment":"scroll","background-type":"","background-media":"","overlay-type":"","overlay-color":"","overlay-opacity":"","overlay-gradient":""},"mobile":{"background-color":"var(--ast-global-color-5)","background-image":"","background-repeat":"repeat","background-position":"center center","background-size":"auto","background-attachment":"scroll","background-type":"","background-media":"","overlay-type":"","overlay-color":"","overlay-opacity":"","overlay-gradient":""}}},"product_brand":[],"product_cat":[32,35,58,36],"product_tag":[],"wpstream_actors":[],"wpstream_category":[],"wpstream_movie_rating":[],"class_list":{"0":"post-4117","1":"product","2":"type-product","3":"status-publish","4":"has-post-thumbnail","6":"product_cat-choreography","7":"product_cat-contemporary","8":"product_cat-dance-videos","9":"product_cat-technique","10":"desktop-align-left","11":"tablet-align-left","12":"mobile-align-left","14":"first","15":"instock","16":"sale","17":"shipping-taxable","18":"purchasable","19":"product-type-simple"},"acf":[],"jetpack_sharing_enabled":true,"_links":{"self":[{"href":"https:\/\/worlddancemovement.com\/fr\/wp-json\/wp\/v2\/product\/4117","targetHints":{"allow":["GET"]}}],"collection":[{"href":"https:\/\/worlddancemovement.com\/fr\/wp-json\/wp\/v2\/product"}],"about":[{"href":"https:\/\/worlddancemovement.com\/fr\/wp-json\/wp\/v2\/types\/product"}],"replies":[{"embeddable":true,"href":"https:\/\/worlddancemovement.com\/fr\/wp-json\/wp\/v2\/comments?post=4117"}],"wp:featuredmedia":[{"embeddable":true,"href":"https:\/\/worlddancemovement.com\/fr\/wp-json\/wp\/v2\/media\/4164"}],"wp:attachment":[{"href":"https:\/\/worlddancemovement.com\/fr\/wp-json\/wp\/v2\/media?parent=4117"}],"wp:term":[{"taxonomy":"product_brand","embeddable":true,"href":"https:\/\/worlddancemovement.com\/fr\/wp-json\/wp\/v2\/product_brand?post=4117"},{"taxonomy":"product_cat","embeddable":true,"href":"https:\/\/worlddancemovement.com\/fr\/wp-json\/wp\/v2\/product_cat?post=4117"},{"taxonomy":"product_tag","embeddable":true,"href":"https:\/\/worlddancemovement.com\/fr\/wp-json\/wp\/v2\/product_tag?post=4117"},{"taxonomy":"wpstream_actors","embeddable":true,"href":"https:\/\/worlddancemovement.com\/fr\/wp-json\/wp\/v2\/wpstream_actors?post=4117"},{"taxonomy":"wpstream_category","embeddable":true,"href":"https:\/\/worlddancemovement.com\/fr\/wp-json\/wp\/v2\/wpstream_category?post=4117"},{"taxonomy":"wpstream_movie_rating","embeddable":true,"href":"https:\/\/worlddancemovement.com\/fr\/wp-json\/wp\/v2\/wpstream_movie_rating?post=4117"}],"curies":[{"name":"wp","href":"https:\/\/api.w.org\/{rel}","templated":true}]}}