{"id":4119,"date":"2021-09-13T12:17:09","date_gmt":"2021-09-13T12:17:09","guid":{"rendered":"https:\/\/migrate.worlddancemovement.com\/?post_type=product&#038;p=4119"},"modified":"2022-11-16T16:32:06","modified_gmt":"2022-11-16T16:32:06","slug":"contemporary-jazz-dvd-with-brice-mousset","status":"publish","type":"product","link":"https:\/\/worlddancemovement.com\/fr\/produit\/contemporary-jazz-dvd-with-brice-mousset\/","title":{"rendered":"DVD Jazz Contemporain avec Brice Mousset"},"content":{"rendered":"","protected":false},"excerpt":{"rendered":"<p>En direct de France, rejoignez\u00a0<b>Brice Mousset<\/b>\u00a0alors qu&#039;il pr\u00e9sente son style provocateur de jazz contemporain ; une fusion du contemporain europ\u00e9en, du jazz et du ballet. La chor\u00e9graphie de Brice est fluide, organique et sensuelle mais technique. Il m\u00e9lange un vocabulaire innovant de mouvement et d&#039;\u00e9motion.<\/p>\n<p>Dans cette vid\u00e9o de 60 minutes, Brice vous guide pas \u00e0 pas \u00e0 travers trois routines diff\u00e9rentes, chacune \u00e9tant enseign\u00e9e d&#039;abord au niveau avanc\u00e9-d\u00e9butant puis en faisant progresser les aspects techniques de la chor\u00e9graphie, au niveau interm\u00e9diaire-avanc\u00e9, vous permettant pour d\u00e9velopper vos comp\u00e9tences \u00e0 votre rythme. Dans ce programme, vous travaillerez la dynamique de la musique, la qualit\u00e9 du mouvement et les tempos vari\u00e9s de la chor\u00e9graphie. Il s\u2019agit d\u2019une \u00e9dition essentielle \u00e0 votre collection En direct \u00e0 BDC.\u00a0\u00a0<b>Brice a re\u00e7u le prix de la meilleure vid\u00e9o p\u00e9dagogique de danse par la voix du professeur sur DanceMind.com pour son travail sur cette vid\u00e9o !<\/b><\/p>\n<p>Talent polyvalent au parcours \u00e9clectique, N\u00e9 en France, Brice Mousset a dans\u00e9 dans de prestigieuses com\u00e9dies musicales, op\u00e9ras, concerts, \u00e9missions de t\u00e9l\u00e9vision, d\u00e9fil\u00e9s de mode et avec des compagnies du monde entier. Il est un enseignant tr\u00e8s demand\u00e9 et un jur\u00e9 international. Non seulement il enseigne au c\u00e9l\u00e8bre Broadway Dance Center, mais Brice a \u00e9galement enseign\u00e9 pour The PULSE on Tour.<\/p>\n<p>Les exp\u00e9riences vari\u00e9es de Brice ont conduit \u00e0 une expression personnelle unique dans la chor\u00e9graphie. Volant entre l&#039;Am\u00e9rique et l&#039;Europe, du travail commercial au travail en compagnie, il compte parmi ses cr\u00e9dits en tant que chor\u00e9graphe : les \u00e9v\u00e9nements de haute couture pour les cr\u00e9ateurs Marith\u00e9 &amp; Fran\u00e7ois Girbaud, l&#039;envo\u00fbtant spectacle de cabaret du Casino de Deauville (France) et la com\u00e9die musicale Attention Mesdames. et Messieurs (Paris). Il a \u00e9t\u00e9 tr\u00e8s appr\u00e9ci\u00e9 pour sa chor\u00e9graphie inattendue pour l&#039;Op\u00e9ra AIDA de Verdi, qui a ouvert le Festival d&#039;Avignon fran\u00e7ais. \u00c0 la t\u00e9l\u00e9vision, vous pouvez voir les chor\u00e9graphies et le travail de Brice dans les MTV Music Awards europ\u00e9ens, les British Music Awards, les NRJ Music Awards fran\u00e7ais, le glamour Victoria Secret Fashion Show, la s\u00e9rie t\u00e9l\u00e9vis\u00e9e fran\u00e7aise prim\u00e9e \u00ab le r\u00e9veil des bonnes \u00bb, la t\u00e9l\u00e9vision fran\u00e7aise l&#039;\u00e9mission de t\u00e9l\u00e9r\u00e9alit\u00e9 \u00ab La Musicale \u00bb, l&#039;\u00e9mission polonaise \u00ab So You Think You Can Dance \u00bb et l&#039;\u00e9mission am\u00e9ricaine NBC \u00ab LXTV \u00bb. Brice a \u00e9galement chor\u00e9graphi\u00e9 pour le programme d&#039;\u00e9t\u00e9 du Joffrey Ballet, le Manhattan Youth Ballet et de nombreuses pi\u00e8ces pour les acad\u00e9mies de danse de tout le pays. Brice Mousset est le cr\u00e9ateur, directeur artistique et chor\u00e9graphe de la \u00ab Compagnie Brice Mousset \u00bb. La compagnie s&#039;est produite dans des festivals de danse tels que la s\u00e9rie Lab, Hatch, Bloom Green Space, MMAC, Uptown Performances Series, Dumbo Art Festival et plus encore.<\/p>\n<p>Pour en savoir plus sur Brice Mousset, visitez\u00a0<a href=\"https:\/\/www.bricemousset.com\/\" target=\"_blank\" rel=\"noopener\">www.bricemousset.com<\/a>.<\/p>\n<p>Langues : anglais et fran\u00e7ais<\/p>","protected":false},"featured_media":4166,"comment_status":"closed","ping_status":"closed","template":"","meta":{"_acf_changed":false,"site-sidebar-layout":"default","site-content-layout":"default","ast-site-content-layout":"default","site-content-style":"default","site-sidebar-style":"default","ast-global-header-display":"","ast-banner-title-visibility":"","ast-main-header-display":"","ast-hfb-above-header-display":"","ast-hfb-below-header-display":"","ast-hfb-mobile-header-display":"","site-post-title":"","ast-breadcrumbs-content":"","ast-featured-img":"","footer-sml-layout":"","ast-disable-related-posts":"","theme-transparent-header-meta":"default","adv-header-id-meta":"","stick-header-meta":"default","header-above-stick-meta":"","header-main-stick-meta":"","header-below-stick-meta":"","astra-migrate-meta-layouts":"default","ast-page-background-enabled":"default","ast-page-background-meta":{"desktop":{"background-color":"","background-image":"","background-repeat":"repeat","background-position":"center center","background-size":"auto","background-attachment":"scroll","background-type":"","background-media":"","overlay-type":"","overlay-color":"","overlay-opacity":"","overlay-gradient":""},"tablet":{"background-color":"","background-image":"","background-repeat":"repeat","background-position":"center center","background-size":"auto","background-attachment":"scroll","background-type":"","background-media":"","overlay-type":"","overlay-color":"","overlay-opacity":"","overlay-gradient":""},"mobile":{"background-color":"","background-image":"","background-repeat":"repeat","background-position":"center center","background-size":"auto","background-attachment":"scroll","background-type":"","background-media":"","overlay-type":"","overlay-color":"","overlay-opacity":"","overlay-gradient":""}},"ast-content-background-meta":{"desktop":{"background-color":"var(--ast-global-color-5)","background-image":"","background-repeat":"repeat","background-position":"center center","background-size":"auto","background-attachment":"scroll","background-type":"","background-media":"","overlay-type":"","overlay-color":"","overlay-opacity":"","overlay-gradient":""},"tablet":{"background-color":"var(--ast-global-color-5)","background-image":"","background-repeat":"repeat","background-position":"center center","background-size":"auto","background-attachment":"scroll","background-type":"","background-media":"","overlay-type":"","overlay-color":"","overlay-opacity":"","overlay-gradient":""},"mobile":{"background-color":"var(--ast-global-color-5)","background-image":"","background-repeat":"repeat","background-position":"center center","background-size":"auto","background-attachment":"scroll","background-type":"","background-media":"","overlay-type":"","overlay-color":"","overlay-opacity":"","overlay-gradient":""}}},"product_brand":[],"product_cat":[32,35,58],"product_tag":[],"wpstream_actors":[],"wpstream_category":[],"wpstream_movie_rating":[],"class_list":{"0":"post-4119","1":"product","2":"type-product","3":"status-publish","4":"has-post-thumbnail","6":"product_cat-choreography","7":"product_cat-contemporary","8":"product_cat-dance-videos","9":"desktop-align-left","10":"tablet-align-left","11":"mobile-align-left","13":"first","14":"instock","15":"sale","16":"shipping-taxable","17":"purchasable","18":"product-type-simple"},"acf":[],"jetpack_sharing_enabled":true,"_links":{"self":[{"href":"https:\/\/worlddancemovement.com\/fr\/wp-json\/wp\/v2\/product\/4119","targetHints":{"allow":["GET"]}}],"collection":[{"href":"https:\/\/worlddancemovement.com\/fr\/wp-json\/wp\/v2\/product"}],"about":[{"href":"https:\/\/worlddancemovement.com\/fr\/wp-json\/wp\/v2\/types\/product"}],"replies":[{"embeddable":true,"href":"https:\/\/worlddancemovement.com\/fr\/wp-json\/wp\/v2\/comments?post=4119"}],"wp:featuredmedia":[{"embeddable":true,"href":"https:\/\/worlddancemovement.com\/fr\/wp-json\/wp\/v2\/media\/4166"}],"wp:attachment":[{"href":"https:\/\/worlddancemovement.com\/fr\/wp-json\/wp\/v2\/media?parent=4119"}],"wp:term":[{"taxonomy":"product_brand","embeddable":true,"href":"https:\/\/worlddancemovement.com\/fr\/wp-json\/wp\/v2\/product_brand?post=4119"},{"taxonomy":"product_cat","embeddable":true,"href":"https:\/\/worlddancemovement.com\/fr\/wp-json\/wp\/v2\/product_cat?post=4119"},{"taxonomy":"product_tag","embeddable":true,"href":"https:\/\/worlddancemovement.com\/fr\/wp-json\/wp\/v2\/product_tag?post=4119"},{"taxonomy":"wpstream_actors","embeddable":true,"href":"https:\/\/worlddancemovement.com\/fr\/wp-json\/wp\/v2\/wpstream_actors?post=4119"},{"taxonomy":"wpstream_category","embeddable":true,"href":"https:\/\/worlddancemovement.com\/fr\/wp-json\/wp\/v2\/wpstream_category?post=4119"},{"taxonomy":"wpstream_movie_rating","embeddable":true,"href":"https:\/\/worlddancemovement.com\/fr\/wp-json\/wp\/v2\/wpstream_movie_rating?post=4119"}],"curies":[{"name":"wp","href":"https:\/\/api.w.org\/{rel}","templated":true}]}}