{"id":4121,"date":"2021-09-13T12:17:09","date_gmt":"2021-09-13T12:17:09","guid":{"rendered":"https:\/\/migrate.worlddancemovement.com\/?post_type=product&#038;p=4121"},"modified":"2022-11-16T16:32:29","modified_gmt":"2022-11-16T16:32:29","slug":"contemporary-dance-improvisation-vol-i-dvd","status":"publish","type":"product","link":"https:\/\/worlddancemovement.com\/fr\/produit\/contemporary-dance-improvisation-vol-i-dvd\/","title":{"rendered":"Danse Contemporaine &amp; Improvisation \u2013 VOL I DVD"},"content":{"rendered":"","protected":false},"excerpt":{"rendered":"<p><big><small>Dans ce DVD exclusif, le l\u00e9gendaire Desmond Richardson, directeur artistique du Complexions Contemporary Ballet, vous apprendra une combinaison innovante de danse contemporaine. Desmond partage \u00e9galement ses conseils sur la fa\u00e7on d&#039;incorporer l&#039;improvisation dans le mouvement avec des explications d\u00e9taill\u00e9es et des exemples \u00e0 couper le souffle. Les comp\u00e9tences en improvisation sont tr\u00e8s importantes car elles sont utilis\u00e9es dans les cours de danse, les auditions et sont souvent requises dans les emplois professionnels. Profitez de l&#039;occasion unique de regarder Desmond danser le mouvement tel qu&#039;il a \u00e9t\u00e9 imagin\u00e9.<\/small><\/big><\/p>\n<p>\u00ab N&#039;oubliez pas de vous amuser ! J\u2019aime l\u2019art de la danse et c\u2019est mon plus grand plaisir de le partager avec vous\u2026 \u00bb<br \/>\n\u2013 Desmond Richardson<\/p>\n<p>Salu\u00e9 par le New York Times comme l&#039;un des grands danseurs modernes de son \u00e9poque,\u00a0<b>Desmond Richardson<\/b>\u00a0est un artiste aux multiples talents qui ma\u00eetrise un large \u00e9ventail de formes de danse, notamment classique, moderne et contemporaine. L&#039;immense talent de Richardson a \u00e9t\u00e9 reconnu pour la premi\u00e8re fois alors qu&#039;il \u00e9tait \u00e9tudiant \u00e0 la New York High School for the Performing Arts, p\u00e9riode pendant laquelle il a re\u00e7u une bourse d&#039;excellence de l&#039;Alvin Ailey American Dance Center (1983-1986) et de l&#039;International Academie des Tanz de Cologne, en Allemagne (1984). -1985). Il est \u00e9galement r\u00e9cipiendaire d&#039;un Presidential Scholar Award for the Arts (1986).<\/p>\n<p>En 1987, Richardson rejoint l&#039;Alvin Ailey American Dance Theatre o\u00f9 il est danseur principal pendant sept ans. Apr\u00e8s avoir quitt\u00e9 la Ailey Company, il se rend en Allemagne o\u00f9 il se produit avec le Ballet Frankfurt. Richardson s&#039;est produit en tant qu&#039;artiste invit\u00e9 avec plusieurs compagnies de renomm\u00e9e mondiale, dont le Ballet de l&#039;Op\u00e9ra su\u00e9dois, le Washington Ballet, le Teatro de La Scala et le San Francisco Ballet. En 1997, il rejoint l&#039;American Ballet Theatre o\u00f9 il interpr\u00e8te le r\u00f4le principal dans la premi\u00e8re production mondiale d&#039;Othello de la compagnie. Dans sa description de la performance de Richardson dans ce r\u00f4le, le New York Times l&#039;a d\u00e9crit comme l&#039;un des danseurs les plus majestueux \u00e0 avoir jamais foul\u00e9 la sc\u00e8ne du MET.<\/p>\n<p>En 1998, Richardson a rejoint le premier casting de la com\u00e9die musicale Broadway Fosse pour laquelle il a re\u00e7u une nomination aux Tony Awards 1999. Il est \u00e9galement apparu \u00e0 Broadway dans la com\u00e9die musicale The Look of Love et dans Movin&#039; Out, acclam\u00e9 par la critique. Il a jou\u00e9 un r\u00f4le principal dans la pr\u00e9sentation de danse et de th\u00e9\u00e2tre de Debbie Allen, Soul Possessed, dont la premi\u00e8re a eu lieu au John F. Kennedy Center for the Performing Arts en 1999.<\/p>\n<p>Richardson a travaill\u00e9 dans les domaines de la t\u00e9l\u00e9vision, du cin\u00e9ma et de la vid\u00e9o aux \u00c9tats-Unis et \u00e0 l&#039;\u00e9tranger. Ces exp\u00e9riences lui ont permis de se produire avec des artistes musicaux tels que Michael Jackson, Prince, Aretha Franklin et Madonna. Il appara\u00eet dans le film de Patrick Swayze et Lisa Niemi, One Last Dance et dans Chicago, laur\u00e9at d&#039;un Oscar. Il a fait ses d\u00e9buts en tant que chanteur dans le film de Charles Randolph Wright en 2005, Preaching to the Choir, a interpr\u00e9t\u00e9 le r\u00f4le principal de Beowulf dans Grendel de Julie Taymor \u00e0 l&#039;Op\u00e9ra de Los Angeles et est r\u00e9cemment apparu dans le film de Taymor, Across the Universe.<\/p>\n<p>Ses distinctions incluent le prix Apex 2006 de l&#039;Alvin Ailey School et le prestigieux Dance Magazine Award 2007. R\u00e9cemment, Richardson s&#039;est associ\u00e9 et a jou\u00e9 avec Diana Vishneva, dans son spectacle f\u00e9minin Beauty in Motion, au centre-ville de New York et \u00e0 Saint-P\u00e9tersbourg, en Russie, et est l&#039;un des deux danseurs invit\u00e9s par le pr\u00e9sident des \u00c9tats-Unis \u00e0 se produire dans le 60e Conf\u00e9rence pr\u00e9sidentielle en Isra\u00ebl.<\/p>","protected":false},"featured_media":4168,"comment_status":"closed","ping_status":"closed","template":"","meta":{"_acf_changed":false,"site-sidebar-layout":"default","site-content-layout":"default","ast-site-content-layout":"default","site-content-style":"default","site-sidebar-style":"default","ast-global-header-display":"","ast-banner-title-visibility":"","ast-main-header-display":"","ast-hfb-above-header-display":"","ast-hfb-below-header-display":"","ast-hfb-mobile-header-display":"","site-post-title":"","ast-breadcrumbs-content":"","ast-featured-img":"","footer-sml-layout":"","ast-disable-related-posts":"","theme-transparent-header-meta":"default","adv-header-id-meta":"","stick-header-meta":"default","header-above-stick-meta":"","header-main-stick-meta":"","header-below-stick-meta":"","astra-migrate-meta-layouts":"default","ast-page-background-enabled":"default","ast-page-background-meta":{"desktop":{"background-color":"","background-image":"","background-repeat":"repeat","background-position":"center center","background-size":"auto","background-attachment":"scroll","background-type":"","background-media":"","overlay-type":"","overlay-color":"","overlay-opacity":"","overlay-gradient":""},"tablet":{"background-color":"","background-image":"","background-repeat":"repeat","background-position":"center center","background-size":"auto","background-attachment":"scroll","background-type":"","background-media":"","overlay-type":"","overlay-color":"","overlay-opacity":"","overlay-gradient":""},"mobile":{"background-color":"","background-image":"","background-repeat":"repeat","background-position":"center center","background-size":"auto","background-attachment":"scroll","background-type":"","background-media":"","overlay-type":"","overlay-color":"","overlay-opacity":"","overlay-gradient":""}},"ast-content-background-meta":{"desktop":{"background-color":"var(--ast-global-color-5)","background-image":"","background-repeat":"repeat","background-position":"center center","background-size":"auto","background-attachment":"scroll","background-type":"","background-media":"","overlay-type":"","overlay-color":"","overlay-opacity":"","overlay-gradient":""},"tablet":{"background-color":"var(--ast-global-color-5)","background-image":"","background-repeat":"repeat","background-position":"center center","background-size":"auto","background-attachment":"scroll","background-type":"","background-media":"","overlay-type":"","overlay-color":"","overlay-opacity":"","overlay-gradient":""},"mobile":{"background-color":"var(--ast-global-color-5)","background-image":"","background-repeat":"repeat","background-position":"center center","background-size":"auto","background-attachment":"scroll","background-type":"","background-media":"","overlay-type":"","overlay-color":"","overlay-opacity":"","overlay-gradient":""}}},"product_brand":[],"product_cat":[32,35,58],"product_tag":[],"wpstream_actors":[],"wpstream_category":[],"wpstream_movie_rating":[],"class_list":{"0":"post-4121","1":"product","2":"type-product","3":"status-publish","4":"has-post-thumbnail","6":"product_cat-choreography","7":"product_cat-contemporary","8":"product_cat-dance-videos","9":"desktop-align-left","10":"tablet-align-left","11":"mobile-align-left","13":"first","14":"instock","15":"sale","16":"shipping-taxable","17":"purchasable","18":"product-type-simple"},"acf":[],"jetpack_sharing_enabled":true,"_links":{"self":[{"href":"https:\/\/worlddancemovement.com\/fr\/wp-json\/wp\/v2\/product\/4121","targetHints":{"allow":["GET"]}}],"collection":[{"href":"https:\/\/worlddancemovement.com\/fr\/wp-json\/wp\/v2\/product"}],"about":[{"href":"https:\/\/worlddancemovement.com\/fr\/wp-json\/wp\/v2\/types\/product"}],"replies":[{"embeddable":true,"href":"https:\/\/worlddancemovement.com\/fr\/wp-json\/wp\/v2\/comments?post=4121"}],"wp:featuredmedia":[{"embeddable":true,"href":"https:\/\/worlddancemovement.com\/fr\/wp-json\/wp\/v2\/media\/4168"}],"wp:attachment":[{"href":"https:\/\/worlddancemovement.com\/fr\/wp-json\/wp\/v2\/media?parent=4121"}],"wp:term":[{"taxonomy":"product_brand","embeddable":true,"href":"https:\/\/worlddancemovement.com\/fr\/wp-json\/wp\/v2\/product_brand?post=4121"},{"taxonomy":"product_cat","embeddable":true,"href":"https:\/\/worlddancemovement.com\/fr\/wp-json\/wp\/v2\/product_cat?post=4121"},{"taxonomy":"product_tag","embeddable":true,"href":"https:\/\/worlddancemovement.com\/fr\/wp-json\/wp\/v2\/product_tag?post=4121"},{"taxonomy":"wpstream_actors","embeddable":true,"href":"https:\/\/worlddancemovement.com\/fr\/wp-json\/wp\/v2\/wpstream_actors?post=4121"},{"taxonomy":"wpstream_category","embeddable":true,"href":"https:\/\/worlddancemovement.com\/fr\/wp-json\/wp\/v2\/wpstream_category?post=4121"},{"taxonomy":"wpstream_movie_rating","embeddable":true,"href":"https:\/\/worlddancemovement.com\/fr\/wp-json\/wp\/v2\/wpstream_movie_rating?post=4121"}],"curies":[{"name":"wp","href":"https:\/\/api.w.org\/{rel}","templated":true}]}}