{"id":4122,"date":"2021-09-13T12:17:09","date_gmt":"2021-09-13T12:17:09","guid":{"rendered":"https:\/\/migrate.worlddancemovement.com\/?post_type=product&#038;p=4122"},"modified":"2022-11-16T16:33:38","modified_gmt":"2022-11-16T16:33:38","slug":"contemporary-warm-up-dvd-with-bruno-collinet","status":"publish","type":"product","link":"https:\/\/worlddancemovement.com\/fr\/produit\/contemporary-warm-up-dvd-with-bruno-collinet\/","title":{"rendered":"DVD d&#039;\u00e9chauffement contemporain avec Bruno Collinet"},"content":{"rendered":"","protected":false},"excerpt":{"rendered":"<p>Bruno Collinet fait partie de cette nouvelle g\u00e9n\u00e9ration de professeurs qui d\u00e9passe les limites de la technique pure pour apporter \u00e0 son style une \u00e9volution ouverte de la chor\u00e9graphie. Il se consacre \u00e0 l&#039;enseignement depuis de nombreuses ann\u00e9es et propose un style et une m\u00e9thode d&#039;enseignement originales sur les 5 continents. \u00c0 l&#039;\u00e9coute des diff\u00e9rentes cultures, des diverses tendances et des nouvelles g\u00e9n\u00e9rations, Bruno aborde son enseignement avec des objectifs vari\u00e9s. Pour Bruno, il est important de d\u00e9finir l&#039;objectif avant de commencer \u00e0 travailler le corps. Utilisant des \u00e9l\u00e9ments simples tels que le poids du corps, le contact avec le sol, l&#039;appui, la kinest\u00e9tique et le rel\u00e2chement des articulations, les exercices cr\u00e9ent un placement de base fort et efficace de restructuration musculaire\/corps pour permettre une ex\u00e9cution naturelle de la difficult\u00e9. A travers son interpr\u00e9tation de la chor\u00e9graphie, Bruno exprime une nouvelle technique de mouvements du haut du corps en d\u00e9s\u00e9quilibre, ruptures d&#039;\u00e9nergie, musicalit\u00e9 et interpr\u00e9tation. Pour Bruno, la danse est et doit rester \u00e0 l&#039;\u00e9tat naturel.<\/p>\n<p>Bruno Collinet fait partie de cette nouvelle vague de professeur de danse d\u00e9passant les fronti\u00e8res d&#039;une technique pure pour apporter \u00e0 son style, l&#039;ouverture de l&#039;\u00e9volution de l&#039;art chor\u00e9graphique. Il se consacre depuis plusieurs ann\u00e9es \u00e0 l&#039;enseignement et propose un style particulier, une m\u00e9thode originale sur les cinq continents. A l&#039;\u00e9coute des diff\u00e9rentes cultures, diverses tendances et nouvelles g\u00e9n\u00e9rations, son travail p\u00e9dagogique permet d&#039;appr\u00e9hender le cours avec des objectifs diff\u00e9rents et divers. Pour Bruno Collinet, il est important de cerner le but, le r\u00e9sultat avant m\u00eame d&#039;aborder le travail du corps. Construit sur des \u00e9l\u00e9ments simples : le poids du corps, le contact au sol, l&#039;appui, la kinesph\u00e8re, le rel\u00e2chement articulaire ; les exercices propos\u00e9s amenent \u00e0 une restructuration musculaire, \u00e0 un placement de base efficace et solide qui permet l&#039;ex\u00e9cution naturelle de la difficult\u00e9 ;<br \/>\nBruno Collinet contr\u00f4le \u00e0 travers son interpr\u00e9tation de l&#039;art chor\u00e9graphique, un travail nouveau sur les mouvements du haut du corps dans le d\u00e9s\u00e9quilibre, sur les cassures d&#039;\u00e9nergies, la musicalit\u00e9 et l&#039;interpr\u00e9tation. Pour lui, la danse est et doit rester dans un \u00e9tat naturel.<\/p>","protected":false},"featured_media":6074,"comment_status":"closed","ping_status":"closed","template":"","meta":{"_acf_changed":false,"site-sidebar-layout":"default","site-content-layout":"default","ast-site-content-layout":"default","site-content-style":"default","site-sidebar-style":"default","ast-global-header-display":"","ast-banner-title-visibility":"","ast-main-header-display":"","ast-hfb-above-header-display":"","ast-hfb-below-header-display":"","ast-hfb-mobile-header-display":"","site-post-title":"","ast-breadcrumbs-content":"","ast-featured-img":"","footer-sml-layout":"","ast-disable-related-posts":"","theme-transparent-header-meta":"default","adv-header-id-meta":"","stick-header-meta":"default","header-above-stick-meta":"","header-main-stick-meta":"","header-below-stick-meta":"","astra-migrate-meta-layouts":"default","ast-page-background-enabled":"default","ast-page-background-meta":{"desktop":{"background-color":"","background-image":"","background-repeat":"repeat","background-position":"center center","background-size":"auto","background-attachment":"scroll","background-type":"","background-media":"","overlay-type":"","overlay-color":"","overlay-opacity":"","overlay-gradient":""},"tablet":{"background-color":"","background-image":"","background-repeat":"repeat","background-position":"center center","background-size":"auto","background-attachment":"scroll","background-type":"","background-media":"","overlay-type":"","overlay-color":"","overlay-opacity":"","overlay-gradient":""},"mobile":{"background-color":"","background-image":"","background-repeat":"repeat","background-position":"center center","background-size":"auto","background-attachment":"scroll","background-type":"","background-media":"","overlay-type":"","overlay-color":"","overlay-opacity":"","overlay-gradient":""}},"ast-content-background-meta":{"desktop":{"background-color":"var(--ast-global-color-5)","background-image":"","background-repeat":"repeat","background-position":"center center","background-size":"auto","background-attachment":"scroll","background-type":"","background-media":"","overlay-type":"","overlay-color":"","overlay-opacity":"","overlay-gradient":""},"tablet":{"background-color":"var(--ast-global-color-5)","background-image":"","background-repeat":"repeat","background-position":"center center","background-size":"auto","background-attachment":"scroll","background-type":"","background-media":"","overlay-type":"","overlay-color":"","overlay-opacity":"","overlay-gradient":""},"mobile":{"background-color":"var(--ast-global-color-5)","background-image":"","background-repeat":"repeat","background-position":"center center","background-size":"auto","background-attachment":"scroll","background-type":"","background-media":"","overlay-type":"","overlay-color":"","overlay-opacity":"","overlay-gradient":""}}},"product_brand":[],"product_cat":[58,29],"product_tag":[],"wpstream_actors":[],"wpstream_category":[],"wpstream_movie_rating":[],"class_list":{"0":"post-4122","1":"product","2":"type-product","3":"status-publish","4":"has-post-thumbnail","6":"product_cat-dance-videos","7":"product_cat-warm-up","8":"desktop-align-left","9":"tablet-align-left","10":"mobile-align-left","12":"first","13":"instock","14":"sale","15":"shipping-taxable","16":"purchasable","17":"product-type-simple"},"acf":[],"jetpack_sharing_enabled":true,"_links":{"self":[{"href":"https:\/\/worlddancemovement.com\/fr\/wp-json\/wp\/v2\/product\/4122","targetHints":{"allow":["GET"]}}],"collection":[{"href":"https:\/\/worlddancemovement.com\/fr\/wp-json\/wp\/v2\/product"}],"about":[{"href":"https:\/\/worlddancemovement.com\/fr\/wp-json\/wp\/v2\/types\/product"}],"replies":[{"embeddable":true,"href":"https:\/\/worlddancemovement.com\/fr\/wp-json\/wp\/v2\/comments?post=4122"}],"wp:featuredmedia":[{"embeddable":true,"href":"https:\/\/worlddancemovement.com\/fr\/wp-json\/wp\/v2\/media\/6074"}],"wp:attachment":[{"href":"https:\/\/worlddancemovement.com\/fr\/wp-json\/wp\/v2\/media?parent=4122"}],"wp:term":[{"taxonomy":"product_brand","embeddable":true,"href":"https:\/\/worlddancemovement.com\/fr\/wp-json\/wp\/v2\/product_brand?post=4122"},{"taxonomy":"product_cat","embeddable":true,"href":"https:\/\/worlddancemovement.com\/fr\/wp-json\/wp\/v2\/product_cat?post=4122"},{"taxonomy":"product_tag","embeddable":true,"href":"https:\/\/worlddancemovement.com\/fr\/wp-json\/wp\/v2\/product_tag?post=4122"},{"taxonomy":"wpstream_actors","embeddable":true,"href":"https:\/\/worlddancemovement.com\/fr\/wp-json\/wp\/v2\/wpstream_actors?post=4122"},{"taxonomy":"wpstream_category","embeddable":true,"href":"https:\/\/worlddancemovement.com\/fr\/wp-json\/wp\/v2\/wpstream_category?post=4122"},{"taxonomy":"wpstream_movie_rating","embeddable":true,"href":"https:\/\/worlddancemovement.com\/fr\/wp-json\/wp\/v2\/wpstream_movie_rating?post=4122"}],"curies":[{"name":"wp","href":"https:\/\/api.w.org\/{rel}","templated":true}]}}