{"id":4123,"date":"2021-09-13T12:17:09","date_gmt":"2021-09-13T12:17:09","guid":{"rendered":"https:\/\/migrate.worlddancemovement.com\/?post_type=product&#038;p=4123"},"modified":"2022-08-16T03:27:58","modified_gmt":"2022-08-16T03:27:58","slug":"country-line-dance-with-summyr-whaley-vol-i","status":"publish","type":"product","link":"https:\/\/worlddancemovement.com\/fr\/produit\/country-line-dance-with-summyr-whaley-vol-i\/","title":{"rendered":"Country Line Dance avec Summyr Whaley \u2013 VOL I"},"content":{"rendered":"","protected":false},"excerpt":{"rendered":"<p>AJOUTER AU PANIER \u2013 Acheter un DVD papier<br \/>\nSTREAM \u2013 Diffusez chaque Line Dance s\u00e9par\u00e9ment ou la vid\u00e9o enti\u00e8re<\/p>\n<p>Ce tome I\u00a0<b>Danse en ligne country<\/b>\u00a0Le DVD commence par les \u00e9tapes fondamentales n\u00e9cessaires pour apprendre 1 \u00e0 4 danses en ligne wall country. Il montre \u00e9galement des fa\u00e7ons amusantes et faciles de danser avec un partenaire. Cette vid\u00e9o est un excellent moyen d&#039;apprendre \u00e0 chacun comment suivre un rythme et cr\u00e9er un superbe motif au sol en m\u00eame temps\u00a0! Si vous n&#039;avez jamais dans\u00e9 auparavant, ce n&#039;est pas un probl\u00e8me ! Ce DVD est un \u00ab\u00a0must have\u00a0\u00bb pour les d\u00e9butants car les instructions sont claires, compr\u00e9hensibles et toutes les \u00e9tapes sont enti\u00e8rement r\u00e9alisables. Ce DVD a \u00e9t\u00e9 con\u00e7u pour donner aux d\u00e9butants absolus une belle apparence et confiance en moins de 2 heures. Film\u00e9 en HD et compl\u00e9t\u00e9 par plusieurs angles de cam\u00e9ra avec des \u00e9l\u00e9ments graphiques innovants et amusants, ce programme est parfait pour amener l&#039;exp\u00e9rience d&#039;apprentissage de la Country Line Dance directement dans votre salon !<\/p>\n<p>En un rien de temps, vous apprendrez des classiques de la danse comme l&#039;Electric Slide, le Cotton Eyed Joe, le Cowboy Strut et le Cheeseburger, ainsi que de toutes nouvelles danses country en ligne ! Faisons de la danse country\u00a0!<b><big><\/big><\/b><\/p>\n<p>\u00c0 propos de Summer :<br \/>\n<i><br \/>\nSummyr M. Whaley est une Radio City Rockette et attend avec impatience l&#039;ann\u00e9e prochaine\u00a0! On peut \u00e9galement la voir comme danseuse principale et comme Miss Utah dans le grand film \u00ab Miss Congeniality \u00bb, avec Sandra Bullock et Michael Cain. Summyr \u00e9tait Iris Kelly lors de la tourn\u00e9e europ\u00e9enne de \u00ab Fame \u00bb the Musical, et \u00e9tait \u00e9galement danseur secondaire pour la pop-star grecque Nikos Vertis \u00e0 Ath\u00e8nes, en Gr\u00e8ce. D&#039;autres cr\u00e9dits r\u00e9gionaux incluent &quot;Annie Get Your Gun&quot;, &quot;Chicago&quot; et &quot;Music Man&quot;. Summyr \u00e9tait le capitaine de danse du Richland High School Dixie Belles \u00e0 Fort Worth et chor\u00e9graphie actuellement pour des \u00e9quipes de forage\/danse et des studios de danse au Texas. Elle est dipl\u00f4m\u00e9e de l&#039;Universit\u00e9 du Texas \u00e0 Austin avec un baccalaur\u00e9at en beaux-arts en danse. Summyr est \u00e9galement un fier ancien membre du programme de jazz du Jacob&#039;s Pillow Dance Festival sous la direction de Chet Walker. Elle est \u00e9galement r\u00e9dactrice pour Stage Door Access (stagedooraccess.com), un site Web con\u00e7u pour les artistes. Summyr termine sa 4e saison avec Starpower Dance Competition en tant que juge r\u00e9gional et national. Elle est enseignante\/chor\u00e9graphe depuis 10 ans. Les opportunit\u00e9s d&#039;enseignement lui ont permis de voyager \u00e0 travers le pays pour donner des master classes de danseurs, des chor\u00e9graphies et des s\u00e9minaires de danse pr\u00e9professionnels. Summyr est apparue dans de nombreuses \u00e9missions sp\u00e9ciales t\u00e9l\u00e9vis\u00e9es, publicit\u00e9s et \u00e9missions industrielles dans son Texas natal et \u00e0 New York.<\/i><\/p>","protected":false},"featured_media":4170,"comment_status":"closed","ping_status":"closed","template":"","meta":{"_acf_changed":false,"site-sidebar-layout":"default","site-content-layout":"default","ast-site-content-layout":"default","site-content-style":"default","site-sidebar-style":"default","ast-global-header-display":"","ast-banner-title-visibility":"","ast-main-header-display":"","ast-hfb-above-header-display":"","ast-hfb-below-header-display":"","ast-hfb-mobile-header-display":"","site-post-title":"","ast-breadcrumbs-content":"","ast-featured-img":"","footer-sml-layout":"","ast-disable-related-posts":"","theme-transparent-header-meta":"default","adv-header-id-meta":"","stick-header-meta":"default","header-above-stick-meta":"","header-main-stick-meta":"","header-below-stick-meta":"","astra-migrate-meta-layouts":"default","ast-page-background-enabled":"default","ast-page-background-meta":{"desktop":{"background-color":"","background-image":"","background-repeat":"repeat","background-position":"center center","background-size":"auto","background-attachment":"scroll","background-type":"","background-media":"","overlay-type":"","overlay-color":"","overlay-opacity":"","overlay-gradient":""},"tablet":{"background-color":"","background-image":"","background-repeat":"repeat","background-position":"center center","background-size":"auto","background-attachment":"scroll","background-type":"","background-media":"","overlay-type":"","overlay-color":"","overlay-opacity":"","overlay-gradient":""},"mobile":{"background-color":"","background-image":"","background-repeat":"repeat","background-position":"center center","background-size":"auto","background-attachment":"scroll","background-type":"","background-media":"","overlay-type":"","overlay-color":"","overlay-opacity":"","overlay-gradient":""}},"ast-content-background-meta":{"desktop":{"background-color":"var(--ast-global-color-5)","background-image":"","background-repeat":"repeat","background-position":"center center","background-size":"auto","background-attachment":"scroll","background-type":"","background-media":"","overlay-type":"","overlay-color":"","overlay-opacity":"","overlay-gradient":""},"tablet":{"background-color":"var(--ast-global-color-5)","background-image":"","background-repeat":"repeat","background-position":"center center","background-size":"auto","background-attachment":"scroll","background-type":"","background-media":"","overlay-type":"","overlay-color":"","overlay-opacity":"","overlay-gradient":""},"mobile":{"background-color":"var(--ast-global-color-5)","background-image":"","background-repeat":"repeat","background-position":"center center","background-size":"auto","background-attachment":"scroll","background-type":"","background-media":"","overlay-type":"","overlay-color":"","overlay-opacity":"","overlay-gradient":""}}},"product_brand":[],"product_cat":[32,58,27,42,31],"product_tag":[],"wpstream_actors":[],"wpstream_category":[],"wpstream_movie_rating":[],"class_list":{"0":"post-4123","1":"product","2":"type-product","3":"status-publish","4":"has-post-thumbnail","6":"product_cat-choreography","7":"product_cat-dance-videos","8":"product_cat-kids","9":"product_cat-new-releases","10":"product_cat-theatre","11":"desktop-align-left","12":"tablet-align-left","13":"mobile-align-left","15":"first","16":"instock","17":"sale","18":"shipping-taxable","19":"purchasable","20":"product-type-simple"},"acf":[],"jetpack_sharing_enabled":true,"_links":{"self":[{"href":"https:\/\/worlddancemovement.com\/fr\/wp-json\/wp\/v2\/product\/4123","targetHints":{"allow":["GET"]}}],"collection":[{"href":"https:\/\/worlddancemovement.com\/fr\/wp-json\/wp\/v2\/product"}],"about":[{"href":"https:\/\/worlddancemovement.com\/fr\/wp-json\/wp\/v2\/types\/product"}],"replies":[{"embeddable":true,"href":"https:\/\/worlddancemovement.com\/fr\/wp-json\/wp\/v2\/comments?post=4123"}],"wp:featuredmedia":[{"embeddable":true,"href":"https:\/\/worlddancemovement.com\/fr\/wp-json\/wp\/v2\/media\/4170"}],"wp:attachment":[{"href":"https:\/\/worlddancemovement.com\/fr\/wp-json\/wp\/v2\/media?parent=4123"}],"wp:term":[{"taxonomy":"product_brand","embeddable":true,"href":"https:\/\/worlddancemovement.com\/fr\/wp-json\/wp\/v2\/product_brand?post=4123"},{"taxonomy":"product_cat","embeddable":true,"href":"https:\/\/worlddancemovement.com\/fr\/wp-json\/wp\/v2\/product_cat?post=4123"},{"taxonomy":"product_tag","embeddable":true,"href":"https:\/\/worlddancemovement.com\/fr\/wp-json\/wp\/v2\/product_tag?post=4123"},{"taxonomy":"wpstream_actors","embeddable":true,"href":"https:\/\/worlddancemovement.com\/fr\/wp-json\/wp\/v2\/wpstream_actors?post=4123"},{"taxonomy":"wpstream_category","embeddable":true,"href":"https:\/\/worlddancemovement.com\/fr\/wp-json\/wp\/v2\/wpstream_category?post=4123"},{"taxonomy":"wpstream_movie_rating","embeddable":true,"href":"https:\/\/worlddancemovement.com\/fr\/wp-json\/wp\/v2\/wpstream_movie_rating?post=4123"}],"curies":[{"name":"wp","href":"https:\/\/api.w.org\/{rel}","templated":true}]}}