{"id":4125,"date":"2021-09-13T12:12:09","date_gmt":"2021-09-13T12:12:09","guid":{"rendered":"https:\/\/migrate.worlddancemovement.com\/?post_type=product&#038;p=4125"},"modified":"2022-11-16T16:37:36","modified_gmt":"2022-11-16T16:37:36","slug":"latin-dance-with-luis-salgado-vol-i-plena","status":"publish","type":"product","link":"https:\/\/worlddancemovement.com\/fr\/produit\/latin-dance-with-luis-salgado-vol-i-plena\/","title":{"rendered":"DANSE LATINE avec Luis Salgado-VOL I \u2013 PLENA"},"content":{"rendered":"","protected":false},"excerpt":{"rendered":"<p>Dans cette vid\u00e9o de 60 minutes, Luis vous apprendra les techniques de base de la danse latine en commen\u00e7ant par l&#039;\u00e9l\u00e9ment folklorique de \u00ab Plena \u00bb. Cette vid\u00e9o \u00e0 haute \u00e9nergie pr\u00e9sente l&#039;art du mouvement, du rythme et du style latins, tout en utilisant la base Jazz. Luis se concentrera sur l&#039;ouverture du c\u0153ur \u00e0 la danse comme premi\u00e8re \u00e9tape pour s&#039;amuser et d\u00e9velopper des comp\u00e9tences de performance, tout en br\u00fblant des calories et en restant en bonne sant\u00e9. ! Ce style unique vous est apport\u00e9 directement depuis la maison natale de Luis, Porto Rico.<\/p>\n<p>Ce cours comprend des exercices d&#039;isolation, de coordination, de cardio, de force et quelques exercices de flexibilit\u00e9. D&#039;une mani\u00e8re tr\u00e8s optimiste mais stimulante, Luis pousse ses \u00e9l\u00e8ves \u00e0 faire ressortir le meilleur d&#039;eux-m\u00eames. Film\u00e9 en classe, l&#039;apprentissage de Luis est facilit\u00e9 car il enseigne \u00e0 un niveau d\u00e9butant, permettant \u00e0 tout danseur de d\u00e9velopper une compr\u00e9hension de ce style et de cette musicalit\u00e9. Vous passerez de bons moments \u00e0 apprendre de Luis gr\u00e2ce \u00e0 son \u00e9nergie contagieuse ! Ce DVD est un ajout imp\u00e9ratif \u00e0 votre biblioth\u00e8que Tezoro LIVE.<\/p>\n<p><b>\u00c0 propos de Luis<\/b><\/p>\n<p>Luis Salgado joue \u00ab Jos\u00e9 \u00bb et est l&#039;assistant chor\u00e9graphe latin du nouveau succ\u00e8s musical de Broadway \u00ab In The Heights \u2013 MEILLEUR MUSICAL 2008 aux Tony Awards. A d\u00e9m\u00e9nag\u00e9 \u00e0 New York en 2002, r\u00eavant de r\u00e9aliser sa passion de se produire sur une sc\u00e8ne de Broadway. \u00c0 ce jour, Luis a jou\u00e9 dans des spectacles comme The Mambo Kings (Frankie Suarez), Fame on 42nd Street (Joe Vegas u\/s) et Aida, entre autres. Les cr\u00e9dits du film comprennent : Step Up 2 The Streets (Alejandro). Dirty Dancing 2 (Diego Luna&#039;s Dance Double), Enchanted, Across the Universe, American Gangster et The Great Observer. Luis a chor\u00e9graphi\u00e9 les com\u00e9dies musicales Serenade et The Drop Outs \u00e0 New York et a co-r\u00e9alis\u00e9\/chor\u00e9graphi\u00e9 le spectacle original Mezcla au P\u00e9rou. Luis a \u00e9t\u00e9\u00a0<span class=\"details\">capable d&#039;assister des chor\u00e9graphes comme\u00a0<\/span><span class=\"yshortcuts\">Maria Torres<\/span><span class=\"details\">\u00a0dans le film Enchant\u00e9 ; Jamal Sims dans le film\u00a0<\/span><span class=\"yshortcuts\">Intensifiez 2 les rues<\/span><span class=\"details\">\u00a0et est ravi de repr\u00e9senter sa culture en tant qu&#039;assistant chor\u00e9graphe latin \u00e0 In The Heights.\u00a0<span class=\"yshortcuts\"><u>BroadwayWorld.com<\/u><\/span>\u00a0Gitane du mois et un\u00a0<\/span><span class=\"yshortcuts\">Prix Drama Desk<\/span><span class=\"details\">\u00a0pour Ensemble exceptionnel pour\u00a0<\/span><span class=\"yshortcuts\">Dans les hauteurs<\/span><span class=\"details\">. Luis a coproduit son propre DVD \u00ab Latin Fusion with Luis Salgado \u00bb et est le directeur de R.Evolucion Latina \u2013 DARE TO GO BEYOND !, un mouvement artistique qui c\u00e9l\u00e8bre la vie, les carri\u00e8res, les triomphes et l&#039;existence de tous les artistes latino-am\u00e9ricains. de la\u00a0<\/span><span class=\"yshortcuts\">New York<\/span><span class=\"details\">\u00a0<\/span><span class=\"yshortcuts\">Communaut\u00e9 des arts du spectacle<\/span><span class=\"details\">.<\/span><\/p>\n<p><b><big><small><span class=\"details\">\u00ab Si vous choisissez de suivre le chemin de vos r\u00eaves, engagez-vous sur ce chemin. Acceptez votre chemin.<br \/>\n<\/span><\/small><\/big><\/b><\/p>","protected":false},"featured_media":4172,"comment_status":"closed","ping_status":"closed","template":"","meta":{"_acf_changed":false,"site-sidebar-layout":"default","site-content-layout":"default","ast-site-content-layout":"default","site-content-style":"default","site-sidebar-style":"default","ast-global-header-display":"","ast-banner-title-visibility":"","ast-main-header-display":"","ast-hfb-above-header-display":"","ast-hfb-below-header-display":"","ast-hfb-mobile-header-display":"","site-post-title":"","ast-breadcrumbs-content":"","ast-featured-img":"","footer-sml-layout":"","ast-disable-related-posts":"","theme-transparent-header-meta":"default","adv-header-id-meta":"","stick-header-meta":"default","header-above-stick-meta":"","header-main-stick-meta":"","header-below-stick-meta":"","astra-migrate-meta-layouts":"default","ast-page-background-enabled":"default","ast-page-background-meta":{"desktop":{"background-color":"","background-image":"","background-repeat":"repeat","background-position":"center center","background-size":"auto","background-attachment":"scroll","background-type":"","background-media":"","overlay-type":"","overlay-color":"","overlay-opacity":"","overlay-gradient":""},"tablet":{"background-color":"","background-image":"","background-repeat":"repeat","background-position":"center center","background-size":"auto","background-attachment":"scroll","background-type":"","background-media":"","overlay-type":"","overlay-color":"","overlay-opacity":"","overlay-gradient":""},"mobile":{"background-color":"","background-image":"","background-repeat":"repeat","background-position":"center center","background-size":"auto","background-attachment":"scroll","background-type":"","background-media":"","overlay-type":"","overlay-color":"","overlay-opacity":"","overlay-gradient":""}},"ast-content-background-meta":{"desktop":{"background-color":"var(--ast-global-color-5)","background-image":"","background-repeat":"repeat","background-position":"center center","background-size":"auto","background-attachment":"scroll","background-type":"","background-media":"","overlay-type":"","overlay-color":"","overlay-opacity":"","overlay-gradient":""},"tablet":{"background-color":"var(--ast-global-color-5)","background-image":"","background-repeat":"repeat","background-position":"center center","background-size":"auto","background-attachment":"scroll","background-type":"","background-media":"","overlay-type":"","overlay-color":"","overlay-opacity":"","overlay-gradient":""},"mobile":{"background-color":"var(--ast-global-color-5)","background-image":"","background-repeat":"repeat","background-position":"center center","background-size":"auto","background-attachment":"scroll","background-type":"","background-media":"","overlay-type":"","overlay-color":"","overlay-opacity":"","overlay-gradient":""}}},"product_brand":[],"product_cat":[32,58,27,33,42,31],"product_tag":[],"wpstream_actors":[],"wpstream_category":[],"wpstream_movie_rating":[],"class_list":{"0":"post-4125","1":"product","2":"type-product","3":"status-publish","4":"has-post-thumbnail","6":"product_cat-choreography","7":"product_cat-dance-videos","8":"product_cat-kids","9":"product_cat-latin-dance","10":"product_cat-new-releases","11":"product_cat-theatre","12":"desktop-align-left","13":"tablet-align-left","14":"mobile-align-left","16":"first","17":"instock","18":"sale","19":"shipping-taxable","20":"purchasable","21":"product-type-simple"},"acf":[],"jetpack_sharing_enabled":true,"_links":{"self":[{"href":"https:\/\/worlddancemovement.com\/fr\/wp-json\/wp\/v2\/product\/4125","targetHints":{"allow":["GET"]}}],"collection":[{"href":"https:\/\/worlddancemovement.com\/fr\/wp-json\/wp\/v2\/product"}],"about":[{"href":"https:\/\/worlddancemovement.com\/fr\/wp-json\/wp\/v2\/types\/product"}],"replies":[{"embeddable":true,"href":"https:\/\/worlddancemovement.com\/fr\/wp-json\/wp\/v2\/comments?post=4125"}],"wp:featuredmedia":[{"embeddable":true,"href":"https:\/\/worlddancemovement.com\/fr\/wp-json\/wp\/v2\/media\/4172"}],"wp:attachment":[{"href":"https:\/\/worlddancemovement.com\/fr\/wp-json\/wp\/v2\/media?parent=4125"}],"wp:term":[{"taxonomy":"product_brand","embeddable":true,"href":"https:\/\/worlddancemovement.com\/fr\/wp-json\/wp\/v2\/product_brand?post=4125"},{"taxonomy":"product_cat","embeddable":true,"href":"https:\/\/worlddancemovement.com\/fr\/wp-json\/wp\/v2\/product_cat?post=4125"},{"taxonomy":"product_tag","embeddable":true,"href":"https:\/\/worlddancemovement.com\/fr\/wp-json\/wp\/v2\/product_tag?post=4125"},{"taxonomy":"wpstream_actors","embeddable":true,"href":"https:\/\/worlddancemovement.com\/fr\/wp-json\/wp\/v2\/wpstream_actors?post=4125"},{"taxonomy":"wpstream_category","embeddable":true,"href":"https:\/\/worlddancemovement.com\/fr\/wp-json\/wp\/v2\/wpstream_category?post=4125"},{"taxonomy":"wpstream_movie_rating","embeddable":true,"href":"https:\/\/worlddancemovement.com\/fr\/wp-json\/wp\/v2\/wpstream_movie_rating?post=4125"}],"curies":[{"name":"wp","href":"https:\/\/api.w.org\/{rel}","templated":true}]}}