{"id":4146,"date":"2021-09-13T12:17:31","date_gmt":"2021-09-13T12:17:31","guid":{"rendered":"https:\/\/migrate.worlddancemovement.com\/?post_type=product&#038;p=4146"},"modified":"2022-11-16T16:28:37","modified_gmt":"2022-11-16T16:28:37","slug":"latin-dance-w-luis-salgado-vol-v-carnival","status":"publish","type":"product","link":"https:\/\/worlddancemovement.com\/fr\/produit\/latin-dance-w-luis-salgado-vol-v-carnival\/","title":{"rendered":"DANSE LATINE avec Luis Salgado \u2013 VOL V \u2013 CARNAVAL"},"content":{"rendered":"","protected":false},"excerpt":{"rendered":"<p>Dans cette vid\u00e9o de 45 minutes, Luis rentrera \u00c0 LA MAISON pour vous apprendre la technique de base de la danse latine qui c\u00e9l\u00e8bre l&#039;\u00e9nergie d&#039;un CARNAVAL TRADITIONNEL. Cette vid\u00e9o pleine d&#039;\u00e9nergie pr\u00e9sente l&#039;art du mouvement, du rythme et du style latins, tout en utilisant les fondements du Jazz. Luis se concentrera sur l&#039;ouverture du c\u0153ur \u00e0 la danse comme premi\u00e8re \u00e9tape pour s&#039;amuser et d\u00e9velopper des comp\u00e9tences de performance, tout en br\u00fblant des calories et en restant en bonne sant\u00e9 sur le ton d&#039;une COMPARSA PORTORICAINE\u00a0! Ce style unique est tr\u00e8s \u00e9nergique et s&#039;inspire de la maison natale de Luis, Porto Rico.<\/p>\n<p>Ce cours comprend des isolations, des sauts, de la coordination, du cardio, de la force et quelques exercices de flexibilit\u00e9. Film\u00e9 en classe, l&#039;apprentissage de Luis est facilit\u00e9 car il enseigne \u00e0 un niveau d\u00e9butant, permettant \u00e0 tout danseur de d\u00e9velopper une compr\u00e9hension de ce style et de cette musicalit\u00e9. Vous passerez de bons moments \u00e0 apprendre de Luis gr\u00e2ce \u00e0 son \u00e9nergie contagieuse ! Compl\u00e9tez votre collection de danses latines avec Luis Salgado en ajoutant aux volumes I-IV.<\/p>","protected":false},"featured_media":4186,"comment_status":"closed","ping_status":"closed","template":"","meta":{"_acf_changed":false,"site-sidebar-layout":"default","site-content-layout":"default","ast-site-content-layout":"default","site-content-style":"default","site-sidebar-style":"default","ast-global-header-display":"","ast-banner-title-visibility":"","ast-main-header-display":"","ast-hfb-above-header-display":"","ast-hfb-below-header-display":"","ast-hfb-mobile-header-display":"","site-post-title":"","ast-breadcrumbs-content":"","ast-featured-img":"","footer-sml-layout":"","ast-disable-related-posts":"","theme-transparent-header-meta":"default","adv-header-id-meta":"","stick-header-meta":"default","header-above-stick-meta":"","header-main-stick-meta":"","header-below-stick-meta":"","astra-migrate-meta-layouts":"default","ast-page-background-enabled":"default","ast-page-background-meta":{"desktop":{"background-color":"","background-image":"","background-repeat":"repeat","background-position":"center center","background-size":"auto","background-attachment":"scroll","background-type":"","background-media":"","overlay-type":"","overlay-color":"","overlay-opacity":"","overlay-gradient":""},"tablet":{"background-color":"","background-image":"","background-repeat":"repeat","background-position":"center center","background-size":"auto","background-attachment":"scroll","background-type":"","background-media":"","overlay-type":"","overlay-color":"","overlay-opacity":"","overlay-gradient":""},"mobile":{"background-color":"","background-image":"","background-repeat":"repeat","background-position":"center center","background-size":"auto","background-attachment":"scroll","background-type":"","background-media":"","overlay-type":"","overlay-color":"","overlay-opacity":"","overlay-gradient":""}},"ast-content-background-meta":{"desktop":{"background-color":"var(--ast-global-color-5)","background-image":"","background-repeat":"repeat","background-position":"center center","background-size":"auto","background-attachment":"scroll","background-type":"","background-media":"","overlay-type":"","overlay-color":"","overlay-opacity":"","overlay-gradient":""},"tablet":{"background-color":"var(--ast-global-color-5)","background-image":"","background-repeat":"repeat","background-position":"center center","background-size":"auto","background-attachment":"scroll","background-type":"","background-media":"","overlay-type":"","overlay-color":"","overlay-opacity":"","overlay-gradient":""},"mobile":{"background-color":"var(--ast-global-color-5)","background-image":"","background-repeat":"repeat","background-position":"center center","background-size":"auto","background-attachment":"scroll","background-type":"","background-media":"","overlay-type":"","overlay-color":"","overlay-opacity":"","overlay-gradient":""}}},"product_brand":[],"product_cat":[32,58,27,33,42,31],"product_tag":[],"wpstream_actors":[],"wpstream_category":[],"wpstream_movie_rating":[],"class_list":{"0":"post-4146","1":"product","2":"type-product","3":"status-publish","4":"has-post-thumbnail","6":"product_cat-choreography","7":"product_cat-dance-videos","8":"product_cat-kids","9":"product_cat-latin-dance","10":"product_cat-new-releases","11":"product_cat-theatre","12":"desktop-align-left","13":"tablet-align-left","14":"mobile-align-left","16":"first","17":"instock","18":"sale","19":"shipping-taxable","20":"purchasable","21":"product-type-simple"},"acf":[],"jetpack_sharing_enabled":true,"_links":{"self":[{"href":"https:\/\/worlddancemovement.com\/fr\/wp-json\/wp\/v2\/product\/4146","targetHints":{"allow":["GET"]}}],"collection":[{"href":"https:\/\/worlddancemovement.com\/fr\/wp-json\/wp\/v2\/product"}],"about":[{"href":"https:\/\/worlddancemovement.com\/fr\/wp-json\/wp\/v2\/types\/product"}],"replies":[{"embeddable":true,"href":"https:\/\/worlddancemovement.com\/fr\/wp-json\/wp\/v2\/comments?post=4146"}],"wp:featuredmedia":[{"embeddable":true,"href":"https:\/\/worlddancemovement.com\/fr\/wp-json\/wp\/v2\/media\/4186"}],"wp:attachment":[{"href":"https:\/\/worlddancemovement.com\/fr\/wp-json\/wp\/v2\/media?parent=4146"}],"wp:term":[{"taxonomy":"product_brand","embeddable":true,"href":"https:\/\/worlddancemovement.com\/fr\/wp-json\/wp\/v2\/product_brand?post=4146"},{"taxonomy":"product_cat","embeddable":true,"href":"https:\/\/worlddancemovement.com\/fr\/wp-json\/wp\/v2\/product_cat?post=4146"},{"taxonomy":"product_tag","embeddable":true,"href":"https:\/\/worlddancemovement.com\/fr\/wp-json\/wp\/v2\/product_tag?post=4146"},{"taxonomy":"wpstream_actors","embeddable":true,"href":"https:\/\/worlddancemovement.com\/fr\/wp-json\/wp\/v2\/wpstream_actors?post=4146"},{"taxonomy":"wpstream_category","embeddable":true,"href":"https:\/\/worlddancemovement.com\/fr\/wp-json\/wp\/v2\/wpstream_category?post=4146"},{"taxonomy":"wpstream_movie_rating","embeddable":true,"href":"https:\/\/worlddancemovement.com\/fr\/wp-json\/wp\/v2\/wpstream_movie_rating?post=4146"}],"curies":[{"name":"wp","href":"https:\/\/api.w.org\/{rel}","templated":true}]}}