{"id":4147,"date":"2021-09-13T12:17:31","date_gmt":"2021-09-13T12:17:31","guid":{"rendered":"https:\/\/migrate.worlddancemovement.com\/?post_type=product&#038;p=4147"},"modified":"2022-11-16T16:29:03","modified_gmt":"2022-11-16T16:29:03","slug":"creative-movement-dvd-for-3-4-year-olds","status":"publish","type":"product","link":"https:\/\/worlddancemovement.com\/fr\/produit\/creative-movement-dvd-for-3-4-year-olds\/","title":{"rendered":"DVD Mouvement Cr\u00e9atif pour les 3 et 4 ans"},"content":{"rendered":"","protected":false},"excerpt":{"rendered":"<p>Les ressources les plus pr\u00e9cieuses d&#039;un enseignant sont les plus petits danseurs qui franchissent la porte en trottinant. Les enseigner et les garder est l\u2019un des principaux d\u00e9fis de l\u2019enseignement de la danse. Toni Noblett, propri\u00e9taire de studio et enseignant chevronn\u00e9, vous guidera tout au long de ces premiers jours de cours intimidants avec des conseils et des id\u00e9es pratiques, honn\u00eates et inventives. Cette vid\u00e9o vous donnera les outils de base pour planifier un programme qui pr\u00e9sente le mouvement cr\u00e9atif comme programme d&#039;\u00e9tudes initial pour les danseurs d\u00e9butants. Il propose des jeux qui permettront aux plus jeunes \u00e9l\u00e8ves de fonctionner dans le cours de claquettes, de ballet ou de danse jazz de l&#039;ann\u00e9e prochaine, et il vous encourage \u00e0 permettre aux enfants d&#039;\u00eatre des enfants pendant au moins un an suppl\u00e9mentaire\u2026<\/p>\n<p><b>Toni Noblett\u00a0<\/b>la formation en \u00e9ducation \u00e0 la danse est substantielle. Pendant vingt-six ans, elle a dirig\u00e9 un studio \u00e0 Roxboro, en Caroline du Nord, o\u00f9 des cours de danse pour enfants et adultes \u00e9taient con\u00e7us pour inculquer l&#039;appr\u00e9ciation des arts, l&#039;autodiscipline et le respect. Les classes comprenaient des enfants ayant des besoins sp\u00e9ciaux, et ces enfants sont devenus ses mentors. Depuis 1989, Mme Noblett fait partie du personnel du National Dance Institute de Jacques d&#039;Amboise \u00e0 New York. En 1998, elle a con\u00e7u et produit localement un projet pr\u00e9sent\u00e9 dans l&#039;\u00e9mission \u00ab\u00a0Sunday Morning with Bill Geist\u00a0\u00bb de CBS. Elle a enseign\u00e9 la claquette pour enfants \u00e0 BDC et enseigne actuellement pour \u00ab Rosie&#039;s Broadway Kids \u00bb de Rosie O&#039;Donnell. Ses deux enfants, Casey Noblett Callahan et Cassidy Noblett, sont des danseurs professionnels et des professeurs respect\u00e9s.<\/p>","protected":false},"featured_media":4187,"comment_status":"closed","ping_status":"closed","template":"","meta":{"_acf_changed":false,"site-sidebar-layout":"default","site-content-layout":"default","ast-site-content-layout":"default","site-content-style":"default","site-sidebar-style":"default","ast-global-header-display":"","ast-banner-title-visibility":"","ast-main-header-display":"","ast-hfb-above-header-display":"","ast-hfb-below-header-display":"","ast-hfb-mobile-header-display":"","site-post-title":"","ast-breadcrumbs-content":"","ast-featured-img":"","footer-sml-layout":"","ast-disable-related-posts":"","theme-transparent-header-meta":"default","adv-header-id-meta":"","stick-header-meta":"default","header-above-stick-meta":"","header-main-stick-meta":"","header-below-stick-meta":"","astra-migrate-meta-layouts":"default","ast-page-background-enabled":"default","ast-page-background-meta":{"desktop":{"background-color":"","background-image":"","background-repeat":"repeat","background-position":"center center","background-size":"auto","background-attachment":"scroll","background-type":"","background-media":"","overlay-type":"","overlay-color":"","overlay-opacity":"","overlay-gradient":""},"tablet":{"background-color":"","background-image":"","background-repeat":"repeat","background-position":"center center","background-size":"auto","background-attachment":"scroll","background-type":"","background-media":"","overlay-type":"","overlay-color":"","overlay-opacity":"","overlay-gradient":""},"mobile":{"background-color":"","background-image":"","background-repeat":"repeat","background-position":"center center","background-size":"auto","background-attachment":"scroll","background-type":"","background-media":"","overlay-type":"","overlay-color":"","overlay-opacity":"","overlay-gradient":""}},"ast-content-background-meta":{"desktop":{"background-color":"var(--ast-global-color-5)","background-image":"","background-repeat":"repeat","background-position":"center center","background-size":"auto","background-attachment":"scroll","background-type":"","background-media":"","overlay-type":"","overlay-color":"","overlay-opacity":"","overlay-gradient":""},"tablet":{"background-color":"var(--ast-global-color-5)","background-image":"","background-repeat":"repeat","background-position":"center center","background-size":"auto","background-attachment":"scroll","background-type":"","background-media":"","overlay-type":"","overlay-color":"","overlay-opacity":"","overlay-gradient":""},"mobile":{"background-color":"var(--ast-global-color-5)","background-image":"","background-repeat":"repeat","background-position":"center center","background-size":"auto","background-attachment":"scroll","background-type":"","background-media":"","overlay-type":"","overlay-color":"","overlay-opacity":"","overlay-gradient":""}}},"product_brand":[],"product_cat":[58,27,29],"product_tag":[],"wpstream_actors":[],"wpstream_category":[],"wpstream_movie_rating":[],"class_list":{"0":"post-4147","1":"product","2":"type-product","3":"status-publish","4":"has-post-thumbnail","6":"product_cat-dance-videos","7":"product_cat-kids","8":"product_cat-warm-up","9":"desktop-align-left","10":"tablet-align-left","11":"mobile-align-left","13":"first","14":"instock","15":"sale","16":"shipping-taxable","17":"purchasable","18":"product-type-simple"},"acf":[],"jetpack_sharing_enabled":true,"_links":{"self":[{"href":"https:\/\/worlddancemovement.com\/fr\/wp-json\/wp\/v2\/product\/4147","targetHints":{"allow":["GET"]}}],"collection":[{"href":"https:\/\/worlddancemovement.com\/fr\/wp-json\/wp\/v2\/product"}],"about":[{"href":"https:\/\/worlddancemovement.com\/fr\/wp-json\/wp\/v2\/types\/product"}],"replies":[{"embeddable":true,"href":"https:\/\/worlddancemovement.com\/fr\/wp-json\/wp\/v2\/comments?post=4147"}],"wp:featuredmedia":[{"embeddable":true,"href":"https:\/\/worlddancemovement.com\/fr\/wp-json\/wp\/v2\/media\/4187"}],"wp:attachment":[{"href":"https:\/\/worlddancemovement.com\/fr\/wp-json\/wp\/v2\/media?parent=4147"}],"wp:term":[{"taxonomy":"product_brand","embeddable":true,"href":"https:\/\/worlddancemovement.com\/fr\/wp-json\/wp\/v2\/product_brand?post=4147"},{"taxonomy":"product_cat","embeddable":true,"href":"https:\/\/worlddancemovement.com\/fr\/wp-json\/wp\/v2\/product_cat?post=4147"},{"taxonomy":"product_tag","embeddable":true,"href":"https:\/\/worlddancemovement.com\/fr\/wp-json\/wp\/v2\/product_tag?post=4147"},{"taxonomy":"wpstream_actors","embeddable":true,"href":"https:\/\/worlddancemovement.com\/fr\/wp-json\/wp\/v2\/wpstream_actors?post=4147"},{"taxonomy":"wpstream_category","embeddable":true,"href":"https:\/\/worlddancemovement.com\/fr\/wp-json\/wp\/v2\/wpstream_category?post=4147"},{"taxonomy":"wpstream_movie_rating","embeddable":true,"href":"https:\/\/worlddancemovement.com\/fr\/wp-json\/wp\/v2\/wpstream_movie_rating?post=4147"}],"curies":[{"name":"wp","href":"https:\/\/api.w.org\/{rel}","templated":true}]}}