{"id":4148,"date":"2021-09-13T12:17:31","date_gmt":"2021-09-13T12:17:31","guid":{"rendered":"https:\/\/migrate.worlddancemovement.com\/?post_type=product&#038;p=4148"},"modified":"2022-11-16T16:29:34","modified_gmt":"2022-11-16T16:29:34","slug":"lifts-vol-i-dvd-with-jeff-amsden","status":"publish","type":"product","link":"https:\/\/worlddancemovement.com\/fr\/produit\/lifts-vol-i-dvd-with-jeff-amsden\/","title":{"rendered":"Ascenseurs VOL I DVD avec Jeff Amsden"},"content":{"rendered":"","protected":false},"excerpt":{"rendered":"<p>Dans cette vid\u00e9o, Jeff Amsden enseigne la technique appropri\u00e9e pour ex\u00e9cuter des lev\u00e9es. Rejoignez-le alors qu&#039;il aborde des sujets tels que le placement des mains, l&#039;utilisation de vos jambes lors du levage, le soutien du bas du dos, le timing et de nombreux autres facteurs importants n\u00e9cessaires pour ex\u00e9cuter les levages en toute s\u00e9curit\u00e9. Les ascenseurs pr\u00e9sent\u00e9s dans cette vid\u00e9o vont de difficult\u00e9 interm\u00e9diaire \u00e0 avanc\u00e9e avec une section sp\u00e9ciale qui couvre les filles soulevant des filles. Enfin, ces lev\u00e9es \u00e0 couper le souffle sont d\u00e9taill\u00e9es \u00e9tape par \u00e9tape afin que chacun puisse apprendre \u00e0 les r\u00e9aliser. L&#039;ajout de ces beaux mouvements \u00e0 votre chor\u00e9graphie apportera un \u00e9l\u00e9ment passionnant \u00e0 tout style de chor\u00e9graphie, qu&#039;il s&#039;agisse de ballet, lyrique-contemporain, de jazz ou de th\u00e9\u00e2tre musical. C&#039;est un incontournable pour la biblioth\u00e8que de tout danseur.<\/p>\n<p><b>Cr\u00e9dits de Jeff Amsden\u00a0:<\/b>\u00a0Compagnies de danse\u00a0: Joffrey Ballet Concert Group, Chamber Ballet USA. T\u00e9l\u00e9vision : Les Oscars, les American Music Awards, Dancin&#039; to the Hits, Blowing Kisses in the Wind en partenariat avec Paula Abdul, 100e anniversaire de la Statue de la Libert\u00e9, Sp\u00e9cial TV, Coach, The Tracy Ullman Show, The Guiding Light. Film : \u00ab Cendrillon \u00bb avec Brandy et Whitney Houston, \u00ab Retour vers le futur 2 \u00bb, \u00ab And the Band Played On \u00bb. Publicit\u00e9s\u00a0: Stickletts Gum, biscuits Teddy Grahams et Miller Lite. Th\u00e9\u00e2tre : Phantom of the Opera (casting original de Los Angeles), Broadway de Jerome Robbins (production originale en atelier). Chor\u00e9graphie : A Few Good Men Dancin&#039;, Grease at the Paper Mill Playhouse, All My Children, The Guiding Light, chor\u00e9graphe adjoint : Saturday Night Fever (production originale du West End), \u00e0 Mich\u00e8le Assaf pour la chor\u00e9graphie de la production de Pagliacci du Houston Grand Opera , Les Elan Awards honorant Susan Stroman. www.jamsden.com<\/p>\n<p>Jeff est \u00e9galement ma\u00eetre enseignant dans un certain nombre de styles de danse divers, notamment le jazz, le chant et le ballet. Il a \u00e9t\u00e9 professeur invit\u00e9 au Japon, en Italie, aux Pineapple Studios de Londres, \u00e0 l&#039;Universit\u00e9 de l&#039;Idaho, au Cornish Institute of the Arts, \u00e0 la Texas Christian University, \u00e0 la Colorado State University et dans d&#039;autres studios \u00e0 travers le monde. Jeff enseigne actuellement au Broadway Dance Center de New York et \u00e0 la Tremaine Dance Convention.<\/p>\n<p><b>Katy Spreadbury<\/b>\u00a0est danseuse\/enseignante\/chor\u00e9graphe de Worcester, Massachusetts. Dans sa jeunesse, son talent \u00e9tait reconnu aussi bien par les concours que par les magazines. Elle a \u00e9t\u00e9 nomm\u00e9e Miss Dance of America, chor\u00e9graphe am\u00e9ricaine de l&#039;ann\u00e9e et Future Star de Capezio, et est apparue en tant qu&#039;artiste vedette dans Dance et Dance Spirit Magazine. En tant que professionnelle, la danse de Katy l&#039;a amen\u00e9e \u00e0 parcourir tout le pays. Elle est continuellement recherch\u00e9e en tant qu&#039;artiste invit\u00e9e, s&#039;est produite aux c\u00f4t\u00e9s de l\u00e9gendes telles que Ben Vereen et Karen Ziemba et a r\u00e9cemment dans\u00e9 en tant qu&#039;interpr\u00e8te vedette pour les Astaire Awards \u00e0 New York. Un artiste extraordinaire qui enseigne avec un c\u0153ur bienveillant et une forte volont\u00e9. Sa technique ind\u00e9niable et sa passion pour la danse sont \u00e9videntes \u00e0 chaque fois qu&#039;elle enseigne. En tant qu&#039;instructrice, Katy est reconnue pour \u00eatre une incroyable motivatrice, un esprit positif et une source de connaissances. Elle est rapidement devenue la ch\u00e9rie du circuit des congr\u00e8s et continue d&#039;\u00eatre tr\u00e8s demand\u00e9e dans tout le pays en tant qu&#039;enseignante d\u00e9sireuse de faire une diff\u00e9rence. Actuellement, elle fait partie du corps professoral et est en tourn\u00e9e avec JUMP \u2013 la convention de danse.<\/p>","protected":false},"featured_media":4188,"comment_status":"closed","ping_status":"closed","template":"","meta":{"_acf_changed":false,"site-sidebar-layout":"default","site-content-layout":"default","ast-site-content-layout":"default","site-content-style":"default","site-sidebar-style":"default","ast-global-header-display":"","ast-banner-title-visibility":"","ast-main-header-display":"","ast-hfb-above-header-display":"","ast-hfb-below-header-display":"","ast-hfb-mobile-header-display":"","site-post-title":"","ast-breadcrumbs-content":"","ast-featured-img":"","footer-sml-layout":"","ast-disable-related-posts":"","theme-transparent-header-meta":"default","adv-header-id-meta":"","stick-header-meta":"default","header-above-stick-meta":"","header-main-stick-meta":"","header-below-stick-meta":"","astra-migrate-meta-layouts":"default","ast-page-background-enabled":"default","ast-page-background-meta":{"desktop":{"background-color":"","background-image":"","background-repeat":"repeat","background-position":"center center","background-size":"auto","background-attachment":"scroll","background-type":"","background-media":"","overlay-type":"","overlay-color":"","overlay-opacity":"","overlay-gradient":""},"tablet":{"background-color":"","background-image":"","background-repeat":"repeat","background-position":"center center","background-size":"auto","background-attachment":"scroll","background-type":"","background-media":"","overlay-type":"","overlay-color":"","overlay-opacity":"","overlay-gradient":""},"mobile":{"background-color":"","background-image":"","background-repeat":"repeat","background-position":"center center","background-size":"auto","background-attachment":"scroll","background-type":"","background-media":"","overlay-type":"","overlay-color":"","overlay-opacity":"","overlay-gradient":""}},"ast-content-background-meta":{"desktop":{"background-color":"var(--ast-global-color-5)","background-image":"","background-repeat":"repeat","background-position":"center center","background-size":"auto","background-attachment":"scroll","background-type":"","background-media":"","overlay-type":"","overlay-color":"","overlay-opacity":"","overlay-gradient":""},"tablet":{"background-color":"var(--ast-global-color-5)","background-image":"","background-repeat":"repeat","background-position":"center center","background-size":"auto","background-attachment":"scroll","background-type":"","background-media":"","overlay-type":"","overlay-color":"","overlay-opacity":"","overlay-gradient":""},"mobile":{"background-color":"var(--ast-global-color-5)","background-image":"","background-repeat":"repeat","background-position":"center center","background-size":"auto","background-attachment":"scroll","background-type":"","background-media":"","overlay-type":"","overlay-color":"","overlay-opacity":"","overlay-gradient":""}}},"product_brand":[],"product_cat":[32,58,34,36],"product_tag":[],"wpstream_actors":[],"wpstream_category":[],"wpstream_movie_rating":[],"class_list":{"0":"post-4148","1":"product","2":"type-product","3":"status-publish","4":"has-post-thumbnail","6":"product_cat-choreography","7":"product_cat-dance-videos","8":"product_cat-lifts-partnering","9":"product_cat-technique","10":"desktop-align-left","11":"tablet-align-left","12":"mobile-align-left","14":"first","15":"instock","16":"sale","17":"shipping-taxable","18":"purchasable","19":"product-type-simple"},"acf":[],"jetpack_sharing_enabled":true,"_links":{"self":[{"href":"https:\/\/worlddancemovement.com\/fr\/wp-json\/wp\/v2\/product\/4148","targetHints":{"allow":["GET"]}}],"collection":[{"href":"https:\/\/worlddancemovement.com\/fr\/wp-json\/wp\/v2\/product"}],"about":[{"href":"https:\/\/worlddancemovement.com\/fr\/wp-json\/wp\/v2\/types\/product"}],"replies":[{"embeddable":true,"href":"https:\/\/worlddancemovement.com\/fr\/wp-json\/wp\/v2\/comments?post=4148"}],"wp:featuredmedia":[{"embeddable":true,"href":"https:\/\/worlddancemovement.com\/fr\/wp-json\/wp\/v2\/media\/4188"}],"wp:attachment":[{"href":"https:\/\/worlddancemovement.com\/fr\/wp-json\/wp\/v2\/media?parent=4148"}],"wp:term":[{"taxonomy":"product_brand","embeddable":true,"href":"https:\/\/worlddancemovement.com\/fr\/wp-json\/wp\/v2\/product_brand?post=4148"},{"taxonomy":"product_cat","embeddable":true,"href":"https:\/\/worlddancemovement.com\/fr\/wp-json\/wp\/v2\/product_cat?post=4148"},{"taxonomy":"product_tag","embeddable":true,"href":"https:\/\/worlddancemovement.com\/fr\/wp-json\/wp\/v2\/product_tag?post=4148"},{"taxonomy":"wpstream_actors","embeddable":true,"href":"https:\/\/worlddancemovement.com\/fr\/wp-json\/wp\/v2\/wpstream_actors?post=4148"},{"taxonomy":"wpstream_category","embeddable":true,"href":"https:\/\/worlddancemovement.com\/fr\/wp-json\/wp\/v2\/wpstream_category?post=4148"},{"taxonomy":"wpstream_movie_rating","embeddable":true,"href":"https:\/\/worlddancemovement.com\/fr\/wp-json\/wp\/v2\/wpstream_movie_rating?post=4148"}],"curies":[{"name":"wp","href":"https:\/\/api.w.org\/{rel}","templated":true}]}}