{"id":4149,"date":"2021-09-13T12:17:32","date_gmt":"2021-09-13T12:17:32","guid":{"rendered":"https:\/\/migrate.worlddancemovement.com\/?post_type=product&#038;p=4149"},"modified":"2022-11-16T16:28:14","modified_gmt":"2022-11-16T16:28:14","slug":"turns-turn-combos-dvd-with-michele-assaf","status":"publish","type":"product","link":"https:\/\/worlddancemovement.com\/fr\/produit\/turns-turn-combos-dvd-with-michele-assaf\/","title":{"rendered":"DVD Turns &amp; Turn Combos avec Mich\u00e8le Assaf"},"content":{"rendered":"","protected":false},"excerpt":{"rendered":"<p>Rejoignez la r\u00e9alisatrice, chor\u00e9graphe et professeur de renomm\u00e9e internationale Mich\u00e8le Assaf pour pr\u00e9senter un aper\u00e7u approfondi des techniques fondamentales des \u00ab Turns \u00bb. Ce \u00ab dictionnaire \u00bb essentiel est parfait pour les \u00e9tudiants en danse, d\u00e9butants \u00e0 avanc\u00e9s. Les professeurs de danse trouveront ce guide indispensable, car les comp\u00e9tences uniques de Mich\u00e8le assemblent des tours individuels en de belles combinaisons r\u00e9fl\u00e9chies mettant l&#039;accent sur les changements de direction ainsi qu&#039;une grande vari\u00e9t\u00e9 de pr\u00e9parations et de transitions dans et hors des tours. Les tours peuvent \u00eatre utilis\u00e9s aussi bien pour les cours de technique que pour la chor\u00e9graphie. Chaque tour est d\u00e9compos\u00e9 en trois niveaux, depuis son \u00e9tat de base jusqu&#039;\u00e0 sa progression pour l&#039;\u00e9l\u00e8ve le plus avanc\u00e9. Entendre Mich\u00e8le proposer des corrections \u00e0 son groupe diversifi\u00e9 de danseurs ainsi que regarder certains mouvements analys\u00e9s au ralenti augmentent les \u00e9normes b\u00e9n\u00e9fices offerts dans cette vid\u00e9o de 60 minutes.<\/p>\n<p><b>Mich\u00e8le Assaf\u00a0<\/b>a travaill\u00e9 sur des projets de th\u00e9\u00e2tre Broadway, Off-Broadway, r\u00e9gionaux et internationaux. Mich\u00e8le a dirig\u00e9 et chor\u00e9graphi\u00e9 The Mariah Carey Charmbracelet World Tour, Mick Jagger Solo Tour, Michael Bolton 2002-6 Tour, Matchbox Twenty, les op\u00e9ras multim\u00e9dias de renomm\u00e9e internationale du Houston Grand Opera ; Carmen, Pagliacci et Madame Butterfly, et le gala du 50e anniversaire de HGO ainsi que Aida, Samson et Delilah d&#039;Opera Pacific, Candide, Opera Odyssey 2001. D&#039;autres projets th\u00e9\u00e2traux incluent: Starmites (nomination Tony), Bring In The Morning, Scenes From an Execution, Neuf Arm\u00e9niens, c&#039;est un oiseau\u2026 c&#039;est un avion\u2026 c&#039;est Superman, Sweet Charity, Jesus Christ Superstar, Mata Hari, Bring In The Morning, Can Can, Jeanne La Pucelle, Strides, Topper et Annie. Elle a dirig\u00e9 la com\u00e9die musicale destin\u00e9e \u00e0 Broadway, The Alchemist. Elle est la fondatrice du World Dance Movement \u2013 The International Workshop and Competition.\u00a0<a href=\"https:\/\/worlddancemovement.com\/fr\/\" target=\"_blank\" rel=\"noopener\">www.worlddancemovement.com<\/a>. Sa formation en enseignement est vaste, puisqu&#039;elle a form\u00e9 des danseurs\/enseignants et des chor\u00e9graphes de renom de New York \u00e0 Los Angeles et \u00e0 l&#039;\u00e9chelle internationale au cours des 30 derni\u00e8res ann\u00e9es.<\/p>","protected":false},"featured_media":4189,"comment_status":"closed","ping_status":"closed","template":"","meta":{"_acf_changed":false,"site-sidebar-layout":"default","site-content-layout":"default","ast-site-content-layout":"default","site-content-style":"default","site-sidebar-style":"default","ast-global-header-display":"","ast-banner-title-visibility":"","ast-main-header-display":"","ast-hfb-above-header-display":"","ast-hfb-below-header-display":"","ast-hfb-mobile-header-display":"","site-post-title":"","ast-breadcrumbs-content":"","ast-featured-img":"","footer-sml-layout":"","ast-disable-related-posts":"","theme-transparent-header-meta":"default","adv-header-id-meta":"","stick-header-meta":"default","header-above-stick-meta":"","header-main-stick-meta":"","header-below-stick-meta":"","astra-migrate-meta-layouts":"default","ast-page-background-enabled":"default","ast-page-background-meta":{"desktop":{"background-color":"","background-image":"","background-repeat":"repeat","background-position":"center center","background-size":"auto","background-attachment":"scroll","background-type":"","background-media":"","overlay-type":"","overlay-color":"","overlay-opacity":"","overlay-gradient":""},"tablet":{"background-color":"","background-image":"","background-repeat":"repeat","background-position":"center center","background-size":"auto","background-attachment":"scroll","background-type":"","background-media":"","overlay-type":"","overlay-color":"","overlay-opacity":"","overlay-gradient":""},"mobile":{"background-color":"","background-image":"","background-repeat":"repeat","background-position":"center center","background-size":"auto","background-attachment":"scroll","background-type":"","background-media":"","overlay-type":"","overlay-color":"","overlay-opacity":"","overlay-gradient":""}},"ast-content-background-meta":{"desktop":{"background-color":"var(--ast-global-color-5)","background-image":"","background-repeat":"repeat","background-position":"center center","background-size":"auto","background-attachment":"scroll","background-type":"","background-media":"","overlay-type":"","overlay-color":"","overlay-opacity":"","overlay-gradient":""},"tablet":{"background-color":"var(--ast-global-color-5)","background-image":"","background-repeat":"repeat","background-position":"center center","background-size":"auto","background-attachment":"scroll","background-type":"","background-media":"","overlay-type":"","overlay-color":"","overlay-opacity":"","overlay-gradient":""},"mobile":{"background-color":"var(--ast-global-color-5)","background-image":"","background-repeat":"repeat","background-position":"center center","background-size":"auto","background-attachment":"scroll","background-type":"","background-media":"","overlay-type":"","overlay-color":"","overlay-opacity":"","overlay-gradient":""}}},"product_brand":[],"product_cat":[32,58,36,29],"product_tag":[],"wpstream_actors":[],"wpstream_category":[],"wpstream_movie_rating":[],"class_list":{"0":"post-4149","1":"product","2":"type-product","3":"status-publish","4":"has-post-thumbnail","6":"product_cat-choreography","7":"product_cat-dance-videos","8":"product_cat-technique","9":"product_cat-warm-up","10":"desktop-align-left","11":"tablet-align-left","12":"mobile-align-left","14":"first","15":"instock","16":"sale","17":"shipping-taxable","18":"purchasable","19":"product-type-simple"},"acf":[],"jetpack_sharing_enabled":true,"_links":{"self":[{"href":"https:\/\/worlddancemovement.com\/fr\/wp-json\/wp\/v2\/product\/4149","targetHints":{"allow":["GET"]}}],"collection":[{"href":"https:\/\/worlddancemovement.com\/fr\/wp-json\/wp\/v2\/product"}],"about":[{"href":"https:\/\/worlddancemovement.com\/fr\/wp-json\/wp\/v2\/types\/product"}],"replies":[{"embeddable":true,"href":"https:\/\/worlddancemovement.com\/fr\/wp-json\/wp\/v2\/comments?post=4149"}],"wp:featuredmedia":[{"embeddable":true,"href":"https:\/\/worlddancemovement.com\/fr\/wp-json\/wp\/v2\/media\/4189"}],"wp:attachment":[{"href":"https:\/\/worlddancemovement.com\/fr\/wp-json\/wp\/v2\/media?parent=4149"}],"wp:term":[{"taxonomy":"product_brand","embeddable":true,"href":"https:\/\/worlddancemovement.com\/fr\/wp-json\/wp\/v2\/product_brand?post=4149"},{"taxonomy":"product_cat","embeddable":true,"href":"https:\/\/worlddancemovement.com\/fr\/wp-json\/wp\/v2\/product_cat?post=4149"},{"taxonomy":"product_tag","embeddable":true,"href":"https:\/\/worlddancemovement.com\/fr\/wp-json\/wp\/v2\/product_tag?post=4149"},{"taxonomy":"wpstream_actors","embeddable":true,"href":"https:\/\/worlddancemovement.com\/fr\/wp-json\/wp\/v2\/wpstream_actors?post=4149"},{"taxonomy":"wpstream_category","embeddable":true,"href":"https:\/\/worlddancemovement.com\/fr\/wp-json\/wp\/v2\/wpstream_category?post=4149"},{"taxonomy":"wpstream_movie_rating","embeddable":true,"href":"https:\/\/worlddancemovement.com\/fr\/wp-json\/wp\/v2\/wpstream_movie_rating?post=4149"}],"curies":[{"name":"wp","href":"https:\/\/api.w.org\/{rel}","templated":true}]}}