{"id":4157,"date":"2021-09-13T12:17:32","date_gmt":"2021-09-13T12:17:32","guid":{"rendered":"https:\/\/migrate.worlddancemovement.com\/?post_type=product&#038;p=4157"},"modified":"2022-02-02T17:05:46","modified_gmt":"2022-02-02T17:05:46","slug":"the-complete-assaf-warm-up-music-cd","status":"publish","type":"product","link":"https:\/\/worlddancemovement.com\/fr\/produit\/the-complete-assaf-warm-up-music-cd\/","title":{"rendered":"L\u2019\u00e9chauffement complet d\u2019Assaf \u2013 CD de musique"},"content":{"rendered":"","protected":false},"excerpt":{"rendered":"<p style=\"font-weight: 400;\">Avec les compositeurs\/producteurs de musique Philip Hamilton et Roderick Jackson, Mich\u00e8le Assaf a compos\u00e9 un CD de musique passionn\u00e9, percussif et fluide pour son Jazz Warm-Up.<\/p>\n<p style=\"font-weight: 400;\"><em><strong>Philippe Hamilton<\/strong><\/em>\u00a0est reconnu comme le principal compositeur contemporain de musique pour la danse. R\u00e9cipiendaire du New York Dance and Performance Award (Bessie) 2004 pour son \u0153uvre dans le domaine de la composition pour la danse, Hamilton cr\u00e9e une musique qui fait bouger l&#039;esprit, l&#039;\u00e2me et le corps. Il a compos\u00e9 pour les plus grands chor\u00e9graphes et compagnies de danse du monde, dont le\u00a0<strong>Alvin Ailey American Dance Theatre, Ron Brown, Mia Michaels, Ballet Hispanico, Rennie Harris, Robert Battle<\/strong>\u00a0et\u00a0<strong>Ann Reinking<\/strong>, le chor\u00e9graphe prim\u00e9 aux Tony Awards de\u00a0<strong>Chicago<\/strong>\u00a0et\u00a0<strong>Foss\u00e9<\/strong>.\u00a0<strong>La roue d&#039;\u00c9z\u00e9chiel<\/strong>, le travail de Hamilton acclam\u00e9 par la critique avec\u00a0<strong>Danny Buraczeski\/Jazzdance<\/strong>\u00a0est salu\u00e9 comme \u00ab un chef-d\u2019\u0153uvre moderne \u00bb dans le Minneapolis Star Tribune.<\/p>\n<p style=\"font-weight: 400;\"><em><strong>Roderick Jackson<\/strong><\/em>\u00a0est actuellement directeur musical de\u00a0<strong>Compagnie de danse africaine pour enfants Batoto Yetu.<\/strong>\u00a0\u00a0Il collabore \u00e9galement avec plusieurs compagnies de danse, dont le chor\u00e9graphe \u00ab Fosse \u00bb\u00a0<strong>Ensemble de danse Eight And Ah 1 de Chet Walker<\/strong>,\u00a0<strong>Omar Edwards<\/strong>\u00a0(surtout connu pour son travail dans \u00ab Bring in Da Noise, Bring in Da Funk \u00bb de Broadway)\u00a0<strong>J\u00e9r\u00e9mie Funk Ensemble<\/strong>,\u00a0<strong>David Pleasnat<\/strong>\u00a0<strong>Ensemble de percussions Riddim Athon\u00a0<\/strong>(qui traite de la musique noire am\u00e9ricaine et de la culture Gullah), et\u00a0<strong>Compagnie de danse White Wave Rising de Young Soon Kim.<\/strong>\u00a0Roderick est percussionniste au sein du personnel du\u00a0<strong>\u00c9cole de danse am\u00e9ricaine Alvin Ailey<\/strong>\u00a0et\u00a0<strong>Centre de danse Broadway<\/strong>. Il a enregistr\u00e9 des \u0153uvres pour\u00a0<strong>L&#039;atelier de t\u00e9l\u00e9vision pour enfants<\/strong>,\u00a0<strong>Rue de Sesame<\/strong>,\u00a0<strong>Productions d&#039;oreilles de lapin<\/strong>\u00a0et\u00a0<strong>L&#039;Institut Smithsonian<\/strong>. Il a \u00e9galement aid\u00e9 le r\u00e9alisateur Jonathan Demme \u00e0 d\u00e9velopper la musique de sc\u00e8ne du film.\u00a0<strong>&quot;Bien-aim\u00e9&quot;<\/strong>, avec Oprah Winfrey et Danny Glover. Roderick \u00e9tait la doublure du r\u00f4le de percussionniste principal de<strong>\u00a0&quot;Chaka&quot;<\/strong>, dans la com\u00e9die musicale de Broadway\u00a0<strong>Marie-Christine<\/strong>, avec Audra McDonald.<\/p>\n<p style=\"font-weight: 400;\">Chaque CD audio contient exactement la musique que vous entendrez sur les vid\u00e9os.<\/p>","protected":false},"featured_media":4196,"comment_status":"closed","ping_status":"closed","template":"","meta":{"_acf_changed":false,"site-sidebar-layout":"default","site-content-layout":"default","ast-site-content-layout":"default","site-content-style":"default","site-sidebar-style":"default","ast-global-header-display":"","ast-banner-title-visibility":"","ast-main-header-display":"","ast-hfb-above-header-display":"","ast-hfb-below-header-display":"","ast-hfb-mobile-header-display":"","site-post-title":"","ast-breadcrumbs-content":"","ast-featured-img":"","footer-sml-layout":"","ast-disable-related-posts":"","theme-transparent-header-meta":"default","adv-header-id-meta":"","stick-header-meta":"default","header-above-stick-meta":"","header-main-stick-meta":"","header-below-stick-meta":"","astra-migrate-meta-layouts":"default","ast-page-background-enabled":"default","ast-page-background-meta":{"desktop":{"background-color":"","background-image":"","background-repeat":"repeat","background-position":"center center","background-size":"auto","background-attachment":"scroll","background-type":"","background-media":"","overlay-type":"","overlay-color":"","overlay-opacity":"","overlay-gradient":""},"tablet":{"background-color":"","background-image":"","background-repeat":"repeat","background-position":"center center","background-size":"auto","background-attachment":"scroll","background-type":"","background-media":"","overlay-type":"","overlay-color":"","overlay-opacity":"","overlay-gradient":""},"mobile":{"background-color":"","background-image":"","background-repeat":"repeat","background-position":"center center","background-size":"auto","background-attachment":"scroll","background-type":"","background-media":"","overlay-type":"","overlay-color":"","overlay-opacity":"","overlay-gradient":""}},"ast-content-background-meta":{"desktop":{"background-color":"var(--ast-global-color-5)","background-image":"","background-repeat":"repeat","background-position":"center center","background-size":"auto","background-attachment":"scroll","background-type":"","background-media":"","overlay-type":"","overlay-color":"","overlay-opacity":"","overlay-gradient":""},"tablet":{"background-color":"var(--ast-global-color-5)","background-image":"","background-repeat":"repeat","background-position":"center center","background-size":"auto","background-attachment":"scroll","background-type":"","background-media":"","overlay-type":"","overlay-color":"","overlay-opacity":"","overlay-gradient":""},"mobile":{"background-color":"var(--ast-global-color-5)","background-image":"","background-repeat":"repeat","background-position":"center center","background-size":"auto","background-attachment":"scroll","background-type":"","background-media":"","overlay-type":"","overlay-color":"","overlay-opacity":"","overlay-gradient":""}}},"product_brand":[],"product_cat":[37],"product_tag":[],"wpstream_actors":[],"wpstream_category":[],"wpstream_movie_rating":[],"class_list":{"0":"post-4157","1":"product","2":"type-product","3":"status-publish","4":"has-post-thumbnail","6":"product_cat-music-cds","7":"desktop-align-left","8":"tablet-align-left","9":"mobile-align-left","11":"first","12":"instock","13":"shipping-taxable","14":"purchasable","15":"product-type-simple"},"acf":[],"jetpack_sharing_enabled":true,"_links":{"self":[{"href":"https:\/\/worlddancemovement.com\/fr\/wp-json\/wp\/v2\/product\/4157","targetHints":{"allow":["GET"]}}],"collection":[{"href":"https:\/\/worlddancemovement.com\/fr\/wp-json\/wp\/v2\/product"}],"about":[{"href":"https:\/\/worlddancemovement.com\/fr\/wp-json\/wp\/v2\/types\/product"}],"replies":[{"embeddable":true,"href":"https:\/\/worlddancemovement.com\/fr\/wp-json\/wp\/v2\/comments?post=4157"}],"wp:featuredmedia":[{"embeddable":true,"href":"https:\/\/worlddancemovement.com\/fr\/wp-json\/wp\/v2\/media\/4196"}],"wp:attachment":[{"href":"https:\/\/worlddancemovement.com\/fr\/wp-json\/wp\/v2\/media?parent=4157"}],"wp:term":[{"taxonomy":"product_brand","embeddable":true,"href":"https:\/\/worlddancemovement.com\/fr\/wp-json\/wp\/v2\/product_brand?post=4157"},{"taxonomy":"product_cat","embeddable":true,"href":"https:\/\/worlddancemovement.com\/fr\/wp-json\/wp\/v2\/product_cat?post=4157"},{"taxonomy":"product_tag","embeddable":true,"href":"https:\/\/worlddancemovement.com\/fr\/wp-json\/wp\/v2\/product_tag?post=4157"},{"taxonomy":"wpstream_actors","embeddable":true,"href":"https:\/\/worlddancemovement.com\/fr\/wp-json\/wp\/v2\/wpstream_actors?post=4157"},{"taxonomy":"wpstream_category","embeddable":true,"href":"https:\/\/worlddancemovement.com\/fr\/wp-json\/wp\/v2\/wpstream_category?post=4157"},{"taxonomy":"wpstream_movie_rating","embeddable":true,"href":"https:\/\/worlddancemovement.com\/fr\/wp-json\/wp\/v2\/wpstream_movie_rating?post=4157"}],"curies":[{"name":"wp","href":"https:\/\/api.w.org\/{rel}","templated":true}]}}