{"id":4176,"date":"2021-09-13T12:17:54","date_gmt":"2021-09-13T12:17:54","guid":{"rendered":"https:\/\/migrate.worlddancemovement.com\/?post_type=product&#038;p=4176"},"modified":"2022-01-31T23:57:20","modified_gmt":"2022-01-31T23:57:20","slug":"street-jazz-dvd-with-rhapsody-vhs-pal","status":"publish","type":"product","link":"https:\/\/worlddancemovement.com\/fr\/produit\/street-jazz-dvd-with-rhapsody-vhs-pal\/","title":{"rendered":"DVD Street Jazz avec Rhapsody \u2013 VHS\/PAL"},"content":{"rendered":"","protected":false},"excerpt":{"rendered":"<h3>Ceci est la version VHS\/PAL, PAS LE DVD\u00a0!<\/h3>\n<h3>Si vous voulez \u00eatre au courant des derniers styles de danse hip hop et devenir un danseur et interpr\u00e8te hip-hop plus fort, cette vid\u00e9o est pour VOUS\u00a0! Rhapsody et sa compagnie de danse vous feront d\u00e9couvrir les pas de danse qui balayent le pays. Le Street Jazz fusionne le hip-hop et le jazz et constitue le style signature de Rhapsody et de sa compagnie. Dans ce DVD Street Jazz, vous apprendrez trois routines chaudes pour les danseurs d\u00e9butants, interm\u00e9diaires et avanc\u00e9s. Rhapsody int\u00e8gre l&#039;utilisation de la m\u00e9canique corporelle, de la musicalit\u00e9 et de techniques de performance distinctives pour vous aider \u00e0 devenir un meilleur danseur hip-hop. Si vous aimez le travail acharn\u00e9, le d\u00e9vouement et le plaisir, alors cette vid\u00e9o est faite sur mesure pour vous\u00a0!<\/h3>\n<p>Jouer sur sc\u00e8ne \u00e9tait une grande passion de Rhapsody, mais elle s&#039;est vite rendu compte que pour \u00eatre une grande chor\u00e9graphe, elle devait d&#039;abord \u00eatre une grande enseignante. Rhapsody a commenc\u00e9 \u00e0 enseigner au Broadway Dance Center, o\u00f9 ses cours ont prosp\u00e9r\u00e9, faisant d&#039;elle l&#039;une des professeurs de hip-hop commercial les plus en vogue et les plus populaires aujourd&#039;hui. Rhapsody fait \u00e9galement partie du corps professoral estim\u00e9 de la Monsters of Hip-Hop Dance Convention. La discipline et un environnement d&#039;apprentissage sain sont ce qu&#039;elle promeut dans sa classe, ainsi que le plaisir. Los Angeles, Miami, le Japon, Londres, la Finlande, la Suisse, l&#039;Allemagne et l&#039;Australie ne sont que quelques endroits o\u00f9 Rhapsody a enseign\u00e9.<\/p>\n<p>Aujourd&#039;hui chor\u00e9graphe professionnel dans le secteur de la musique, Rhapsody a notamment jou\u00e9 avec Beyonc\u00e9, les Jonas Brothers, les Pussycat Dolls, les Spice Girls, Cassie, Jay Sean, Donnie Klang, le long m\u00e9trage &quot;Step Up 2: The Streets&quot;, &quot;Making The Band 4, \u00bb ainsi que des publicit\u00e9s pour la loterie de New York, Citeron Car Company et ESPN. En plus d&#039;\u00eatre une enseignante et chor\u00e9graphe de renomm\u00e9e mondiale, Rhapsody est \u00e9galement la directrice artistique\/chor\u00e9graphe de sa propre compagnie de danse appel\u00e9e Rhapsody : The Company. Rhapsody\u00a0: La compagnie se consacre \u00e0 brouiller les fronti\u00e8res entre le hip-hop, le moderne et le jazz avec son style fusion contemporain unique de \u00ab\u00a0street jazz\u00a0\u00bb qui exprime une vision \u00e9clectique de la beaut\u00e9 et de la crudit\u00e9. Gr\u00e2ce \u00e0 une chor\u00e9graphie dynamique affichant une vision de complexit\u00e9 et de drame, cette compagnie vous captivera avec une \u00e9nergie positive qui excite et apaise votre \u00e2me.<\/p>\n<p>Rhapsodie en couverture du Dance Teacher Magazine ! Lire la suite\u00a0: https:\/\/www.dance-teacher.com\/content\/rhapsody-rhythm<\/p>","protected":false},"featured_media":4136,"comment_status":"closed","ping_status":"closed","template":"","meta":{"_acf_changed":false,"site-sidebar-layout":"default","site-content-layout":"default","ast-site-content-layout":"default","site-content-style":"default","site-sidebar-style":"default","ast-global-header-display":"","ast-banner-title-visibility":"","ast-main-header-display":"","ast-hfb-above-header-display":"","ast-hfb-below-header-display":"","ast-hfb-mobile-header-display":"","site-post-title":"","ast-breadcrumbs-content":"","ast-featured-img":"","footer-sml-layout":"","ast-disable-related-posts":"","theme-transparent-header-meta":"default","adv-header-id-meta":"","stick-header-meta":"default","header-above-stick-meta":"","header-main-stick-meta":"","header-below-stick-meta":"","astra-migrate-meta-layouts":"default","ast-page-background-enabled":"default","ast-page-background-meta":{"desktop":{"background-color":"","background-image":"","background-repeat":"repeat","background-position":"center center","background-size":"auto","background-attachment":"scroll","background-type":"","background-media":"","overlay-type":"","overlay-color":"","overlay-opacity":"","overlay-gradient":""},"tablet":{"background-color":"","background-image":"","background-repeat":"repeat","background-position":"center center","background-size":"auto","background-attachment":"scroll","background-type":"","background-media":"","overlay-type":"","overlay-color":"","overlay-opacity":"","overlay-gradient":""},"mobile":{"background-color":"","background-image":"","background-repeat":"repeat","background-position":"center center","background-size":"auto","background-attachment":"scroll","background-type":"","background-media":"","overlay-type":"","overlay-color":"","overlay-opacity":"","overlay-gradient":""}},"ast-content-background-meta":{"desktop":{"background-color":"var(--ast-global-color-5)","background-image":"","background-repeat":"repeat","background-position":"center center","background-size":"auto","background-attachment":"scroll","background-type":"","background-media":"","overlay-type":"","overlay-color":"","overlay-opacity":"","overlay-gradient":""},"tablet":{"background-color":"var(--ast-global-color-5)","background-image":"","background-repeat":"repeat","background-position":"center center","background-size":"auto","background-attachment":"scroll","background-type":"","background-media":"","overlay-type":"","overlay-color":"","overlay-opacity":"","overlay-gradient":""},"mobile":{"background-color":"var(--ast-global-color-5)","background-image":"","background-repeat":"repeat","background-position":"center center","background-size":"auto","background-attachment":"scroll","background-type":"","background-media":"","overlay-type":"","overlay-color":"","overlay-opacity":"","overlay-gradient":""}}},"product_brand":[],"product_cat":[39],"product_tag":[],"wpstream_actors":[],"wpstream_category":[],"wpstream_movie_rating":[],"class_list":{"0":"post-4176","1":"product","2":"type-product","3":"status-publish","4":"has-post-thumbnail","6":"product_cat-pal-eur-systems","7":"desktop-align-left","8":"tablet-align-left","9":"mobile-align-left","11":"first","12":"instock","13":"sale","14":"shipping-taxable","15":"purchasable","16":"product-type-simple"},"acf":[],"jetpack_sharing_enabled":true,"_links":{"self":[{"href":"https:\/\/worlddancemovement.com\/fr\/wp-json\/wp\/v2\/product\/4176","targetHints":{"allow":["GET"]}}],"collection":[{"href":"https:\/\/worlddancemovement.com\/fr\/wp-json\/wp\/v2\/product"}],"about":[{"href":"https:\/\/worlddancemovement.com\/fr\/wp-json\/wp\/v2\/types\/product"}],"replies":[{"embeddable":true,"href":"https:\/\/worlddancemovement.com\/fr\/wp-json\/wp\/v2\/comments?post=4176"}],"wp:featuredmedia":[{"embeddable":true,"href":"https:\/\/worlddancemovement.com\/fr\/wp-json\/wp\/v2\/media\/4136"}],"wp:attachment":[{"href":"https:\/\/worlddancemovement.com\/fr\/wp-json\/wp\/v2\/media?parent=4176"}],"wp:term":[{"taxonomy":"product_brand","embeddable":true,"href":"https:\/\/worlddancemovement.com\/fr\/wp-json\/wp\/v2\/product_brand?post=4176"},{"taxonomy":"product_cat","embeddable":true,"href":"https:\/\/worlddancemovement.com\/fr\/wp-json\/wp\/v2\/product_cat?post=4176"},{"taxonomy":"product_tag","embeddable":true,"href":"https:\/\/worlddancemovement.com\/fr\/wp-json\/wp\/v2\/product_tag?post=4176"},{"taxonomy":"wpstream_actors","embeddable":true,"href":"https:\/\/worlddancemovement.com\/fr\/wp-json\/wp\/v2\/wpstream_actors?post=4176"},{"taxonomy":"wpstream_category","embeddable":true,"href":"https:\/\/worlddancemovement.com\/fr\/wp-json\/wp\/v2\/wpstream_category?post=4176"},{"taxonomy":"wpstream_movie_rating","embeddable":true,"href":"https:\/\/worlddancemovement.com\/fr\/wp-json\/wp\/v2\/wpstream_movie_rating?post=4176"}],"curies":[{"name":"wp","href":"https:\/\/api.w.org\/{rel}","templated":true}]}}