{"id":4177,"date":"2021-09-13T12:17:54","date_gmt":"2021-09-13T12:17:54","guid":{"rendered":"https:\/\/migrate.worlddancemovement.com\/?post_type=product&#038;p=4177"},"modified":"2022-01-31T23:57:34","modified_gmt":"2022-01-31T23:57:34","slug":"active-isolated-flexibility-program-vhs-pal","status":"publish","type":"product","link":"https:\/\/worlddancemovement.com\/fr\/produit\/active-isolated-flexibility-program-vhs-pal\/","title":{"rendered":"Programme de flexibilit\u00e9 actif-isol\u00e9 \u2013 VHS\/PAL"},"content":{"rendered":"","protected":false},"excerpt":{"rendered":"<h3>Remarque : il s&#039;agit de la version VHS\/PAL, pas du DVD.<\/h3>\n<h3>La flexibilit\u00e9 active-isol\u00e9e est une technique d\u2019\u00e9tirement dans laquelle nous identifions, isolons et \u00e9tirons chaque muscle individuel utilis\u00e9 pour atteindre votre plus haut potentiel. Rejoignez la r\u00e9alisatrice, chor\u00e9graphe et ma\u00eetre professeur de renomm\u00e9e internationale Mich\u00e8le Assaf qui vous guidera \u00e0 travers une s\u00e9rie d&#039;\u00e9tirements qui r\u00e9duiront votre charge de travail en supprimant les tensions afin que vous puissiez balancer vos membres plus librement. Ces \u00e9tirements transportent l&#039;oxyg\u00e8ne vers les muscles endoloris et \u00e9liminent rapidement les toxines des muscles, ce qui permet une r\u00e9cup\u00e9ration plus rapide. AI Flexibility fonctionne comme une technique de massage en profondeur car elle active les fibres musculaires lors des \u00e9tirements.<\/h3>\n<p>La vid\u00e9o donne des images en gros plan et des descriptions de tous les exercices ; comment la corde est utilis\u00e9e et quel muscle se contracte pour d\u00e9tendre le muscle cibl\u00e9 en pr\u00e9paration de son \u00e9tirement. Ensuite Mich\u00e8le, avec l&#039;aide de Jim et Phil Wharton, vous guidera \u00e0 travers un cours complet de flexibilit\u00e9 active-isol\u00e9e. Dans ce cours, vous am\u00e9liorerez vos performances, augmenterez votre flexibilit\u00e9 et pr\u00e9venirez les blessures\u2026 vos outils pour la long\u00e9vit\u00e9.<\/p>\n<p>La flexibilit\u00e9 active-isol\u00e9e est la technique r\u00e9volutionnaire d\u00e9velopp\u00e9e par des chercheurs, des entra\u00eeneurs et des formateurs, et lanc\u00e9e par Jim et Phil Wharton.<\/p>\n<p>Jim Wharton, physiologiste de l&#039;exercice connu sous le nom de \u00ab\u00a0m\u00e9canicien\u00a0\u00bb pour sa capacit\u00e9 \u00e0 perfectionner les athl\u00e8tes, et son fils, Phil Wharton, th\u00e9rapeute sportif et coureur de fond de comp\u00e9tition, sont pr\u00e9sident et vice-pr\u00e9sident de Wharton Performance, Inc. a New York. Les Wharton ont form\u00e9 et r\u00e9habilit\u00e9 des sommit\u00e9s sportives, des joueurs de football professionnels aux danseurs de la sc\u00e8ne de Broadway, en passant par les stars de l&#039;athl\u00e9tisme et les m\u00e9daill\u00e9s d&#039;or olympiques. Leur flexibilit\u00e9 r\u00e9volutionnaire Active-Isolated est pratiqu\u00e9e dans les centres de fitness du monde entier.<\/p>","protected":false},"featured_media":4190,"comment_status":"closed","ping_status":"closed","template":"","meta":{"_acf_changed":false,"site-sidebar-layout":"default","site-content-layout":"default","ast-site-content-layout":"default","site-content-style":"default","site-sidebar-style":"default","ast-global-header-display":"","ast-banner-title-visibility":"","ast-main-header-display":"","ast-hfb-above-header-display":"","ast-hfb-below-header-display":"","ast-hfb-mobile-header-display":"","site-post-title":"","ast-breadcrumbs-content":"","ast-featured-img":"","footer-sml-layout":"","ast-disable-related-posts":"","theme-transparent-header-meta":"default","adv-header-id-meta":"","stick-header-meta":"default","header-above-stick-meta":"","header-main-stick-meta":"","header-below-stick-meta":"","astra-migrate-meta-layouts":"default","ast-page-background-enabled":"default","ast-page-background-meta":{"desktop":{"background-color":"","background-image":"","background-repeat":"repeat","background-position":"center center","background-size":"auto","background-attachment":"scroll","background-type":"","background-media":"","overlay-type":"","overlay-color":"","overlay-opacity":"","overlay-gradient":""},"tablet":{"background-color":"","background-image":"","background-repeat":"repeat","background-position":"center center","background-size":"auto","background-attachment":"scroll","background-type":"","background-media":"","overlay-type":"","overlay-color":"","overlay-opacity":"","overlay-gradient":""},"mobile":{"background-color":"","background-image":"","background-repeat":"repeat","background-position":"center center","background-size":"auto","background-attachment":"scroll","background-type":"","background-media":"","overlay-type":"","overlay-color":"","overlay-opacity":"","overlay-gradient":""}},"ast-content-background-meta":{"desktop":{"background-color":"var(--ast-global-color-5)","background-image":"","background-repeat":"repeat","background-position":"center center","background-size":"auto","background-attachment":"scroll","background-type":"","background-media":"","overlay-type":"","overlay-color":"","overlay-opacity":"","overlay-gradient":""},"tablet":{"background-color":"var(--ast-global-color-5)","background-image":"","background-repeat":"repeat","background-position":"center center","background-size":"auto","background-attachment":"scroll","background-type":"","background-media":"","overlay-type":"","overlay-color":"","overlay-opacity":"","overlay-gradient":""},"mobile":{"background-color":"var(--ast-global-color-5)","background-image":"","background-repeat":"repeat","background-position":"center center","background-size":"auto","background-attachment":"scroll","background-type":"","background-media":"","overlay-type":"","overlay-color":"","overlay-opacity":"","overlay-gradient":""}}},"product_brand":[],"product_cat":[39],"product_tag":[],"wpstream_actors":[],"wpstream_category":[],"wpstream_movie_rating":[],"class_list":{"0":"post-4177","1":"product","2":"type-product","3":"status-publish","4":"has-post-thumbnail","6":"product_cat-pal-eur-systems","7":"desktop-align-left","8":"tablet-align-left","9":"mobile-align-left","11":"first","12":"instock","13":"sale","14":"shipping-taxable","15":"purchasable","16":"product-type-simple"},"acf":[],"jetpack_sharing_enabled":true,"_links":{"self":[{"href":"https:\/\/worlddancemovement.com\/fr\/wp-json\/wp\/v2\/product\/4177","targetHints":{"allow":["GET"]}}],"collection":[{"href":"https:\/\/worlddancemovement.com\/fr\/wp-json\/wp\/v2\/product"}],"about":[{"href":"https:\/\/worlddancemovement.com\/fr\/wp-json\/wp\/v2\/types\/product"}],"replies":[{"embeddable":true,"href":"https:\/\/worlddancemovement.com\/fr\/wp-json\/wp\/v2\/comments?post=4177"}],"wp:featuredmedia":[{"embeddable":true,"href":"https:\/\/worlddancemovement.com\/fr\/wp-json\/wp\/v2\/media\/4190"}],"wp:attachment":[{"href":"https:\/\/worlddancemovement.com\/fr\/wp-json\/wp\/v2\/media?parent=4177"}],"wp:term":[{"taxonomy":"product_brand","embeddable":true,"href":"https:\/\/worlddancemovement.com\/fr\/wp-json\/wp\/v2\/product_brand?post=4177"},{"taxonomy":"product_cat","embeddable":true,"href":"https:\/\/worlddancemovement.com\/fr\/wp-json\/wp\/v2\/product_cat?post=4177"},{"taxonomy":"product_tag","embeddable":true,"href":"https:\/\/worlddancemovement.com\/fr\/wp-json\/wp\/v2\/product_tag?post=4177"},{"taxonomy":"wpstream_actors","embeddable":true,"href":"https:\/\/worlddancemovement.com\/fr\/wp-json\/wp\/v2\/wpstream_actors?post=4177"},{"taxonomy":"wpstream_category","embeddable":true,"href":"https:\/\/worlddancemovement.com\/fr\/wp-json\/wp\/v2\/wpstream_category?post=4177"},{"taxonomy":"wpstream_movie_rating","embeddable":true,"href":"https:\/\/worlddancemovement.com\/fr\/wp-json\/wp\/v2\/wpstream_movie_rating?post=4177"}],"curies":[{"name":"wp","href":"https:\/\/api.w.org\/{rel}","templated":true}]}}