{"id":4180,"date":"2021-09-13T12:17:54","date_gmt":"2021-09-13T12:17:54","guid":{"rendered":"https:\/\/migrate.worlddancemovement.com\/?post_type=product&#038;p=4180"},"modified":"2022-01-31T23:58:06","modified_gmt":"2022-01-31T23:58:06","slug":"takes-on-theatre-dance-vhs-pal","status":"publish","type":"product","link":"https:\/\/worlddancemovement.com\/fr\/produit\/takes-on-theatre-dance-vhs-pal\/","title":{"rendered":"\u00ab TAKES \u00bb sur la danse th\u00e9\u00e2trale \u2013 VHS\/PAL"},"content":{"rendered":"","protected":false},"excerpt":{"rendered":"<h3><i>Ceci est la version VHS\/PAL, PAS LE DVD\u00a0!<\/i><\/h3>\n<p><b>Andy Blankenbuehler\u00a0:\u00a0<\/b>Un Vaudeville Charleston est un style de danse th\u00e9\u00e2trale dynamique incorporant l\u2019\u00e9nergie et la performance de la com\u00e9die musicale classique. Cette danse, chor\u00e9graphi\u00e9e par Andy Blankenbuehler, se concentre sur la personnification des accents et des rythmes pointus, humoristiques et passionnants de cette p\u00e9riode musicale particuli\u00e8re. Isolant des coups de tambour serr\u00e9s, s&#039;allongeant \u00e0 travers le long g\u00e9missement d&#039;un trombone ou tremblant pour correspondre \u00e0 la syncope d&#039;un morceau de piano, cette chor\u00e9graphie offre au danseur un mod\u00e8le clair pour construire une performance passionnante des ann\u00e9es 1920. Cette chor\u00e9graphie convient mieux aux danseurs interm\u00e9diaires \u00e0 avanc\u00e9s.<\/p>\n<p><b>Eug\u00e8ne Fleming :<\/b><\/p>\n<p>Profitez de la chor\u00e9graphie innovante d&#039;Eugene Fleming dont la carri\u00e8re \u00e0 Broadway s&#039;\u00e9tend sur plus d&#039;une d\u00e9cennie. Ce Savoy Strut est une combinaison qui capture l\u2019essence m\u00eame de la danse th\u00e9\u00e2trale. Le Strut rappelle les ann\u00e9es 1940, lorsque Harlem \u00e9tait \u00e0 son apog\u00e9e. Ses mouvements fluides, \u00e9pur\u00e9s et serr\u00e9s permettent au danseur d&#039;exprimer l&#039;exub\u00e9rance de l&#039;\u00e9poque. Cette chor\u00e9graphie convient mieux aux danseurs d\u00e9butants \u00e0 interm\u00e9diaires.<\/p>\n<p><b>Danny Herman\u00a0:<\/b><\/p>\n<p>Danny Herman enseigne une combinaison de jazz classique qui rend hommage au l\u00e9gendaire Jack Cole, le chor\u00e9graphe qui a pratiquement invent\u00e9 le langage de la danse jazz th\u00e9\u00e2trale. M. Cole a d\u00e9velopp\u00e9 un style enti\u00e8rement personnel de ballet jazz-ethnique qui s&#039;impose comme l&#039;aspect et la technique dominants de la danse de spectacle am\u00e9ricaine. Le style incomparable de Jack Cole perdure dans le travail de Gwen Verdon, Bob Fosse, Jerome Robbins, Gower Champion, Peter Gennaro, Michael Bennett, Matt Maddox, Tommy Tune et d&#039;innombrables danseurs et chor\u00e9graphes. D\u00e9veloppez vos connaissances, vos comp\u00e9tences, votre discipline, votre enthousiasme, votre endurance, votre force corporelle et votre compr\u00e9hension du mouvement comique. Cette chor\u00e9graphie convient aux danseurs interm\u00e9diaires \u00e0 avanc\u00e9s.<\/p>","protected":false},"featured_media":4219,"comment_status":"closed","ping_status":"closed","template":"","meta":{"_acf_changed":false,"site-sidebar-layout":"default","site-content-layout":"default","ast-site-content-layout":"default","site-content-style":"default","site-sidebar-style":"default","ast-global-header-display":"","ast-banner-title-visibility":"","ast-main-header-display":"","ast-hfb-above-header-display":"","ast-hfb-below-header-display":"","ast-hfb-mobile-header-display":"","site-post-title":"","ast-breadcrumbs-content":"","ast-featured-img":"","footer-sml-layout":"","ast-disable-related-posts":"","theme-transparent-header-meta":"default","adv-header-id-meta":"","stick-header-meta":"default","header-above-stick-meta":"","header-main-stick-meta":"","header-below-stick-meta":"","astra-migrate-meta-layouts":"default","ast-page-background-enabled":"default","ast-page-background-meta":{"desktop":{"background-color":"","background-image":"","background-repeat":"repeat","background-position":"center center","background-size":"auto","background-attachment":"scroll","background-type":"","background-media":"","overlay-type":"","overlay-color":"","overlay-opacity":"","overlay-gradient":""},"tablet":{"background-color":"","background-image":"","background-repeat":"repeat","background-position":"center center","background-size":"auto","background-attachment":"scroll","background-type":"","background-media":"","overlay-type":"","overlay-color":"","overlay-opacity":"","overlay-gradient":""},"mobile":{"background-color":"","background-image":"","background-repeat":"repeat","background-position":"center center","background-size":"auto","background-attachment":"scroll","background-type":"","background-media":"","overlay-type":"","overlay-color":"","overlay-opacity":"","overlay-gradient":""}},"ast-content-background-meta":{"desktop":{"background-color":"var(--ast-global-color-5)","background-image":"","background-repeat":"repeat","background-position":"center center","background-size":"auto","background-attachment":"scroll","background-type":"","background-media":"","overlay-type":"","overlay-color":"","overlay-opacity":"","overlay-gradient":""},"tablet":{"background-color":"var(--ast-global-color-5)","background-image":"","background-repeat":"repeat","background-position":"center center","background-size":"auto","background-attachment":"scroll","background-type":"","background-media":"","overlay-type":"","overlay-color":"","overlay-opacity":"","overlay-gradient":""},"mobile":{"background-color":"var(--ast-global-color-5)","background-image":"","background-repeat":"repeat","background-position":"center center","background-size":"auto","background-attachment":"scroll","background-type":"","background-media":"","overlay-type":"","overlay-color":"","overlay-opacity":"","overlay-gradient":""}}},"product_brand":[],"product_cat":[39],"product_tag":[],"wpstream_actors":[],"wpstream_category":[],"wpstream_movie_rating":[],"class_list":{"0":"post-4180","1":"product","2":"type-product","3":"status-publish","4":"has-post-thumbnail","6":"product_cat-pal-eur-systems","7":"desktop-align-left","8":"tablet-align-left","9":"mobile-align-left","11":"first","12":"instock","13":"sale","14":"shipping-taxable","15":"purchasable","16":"product-type-simple"},"acf":[],"jetpack_sharing_enabled":true,"_links":{"self":[{"href":"https:\/\/worlddancemovement.com\/fr\/wp-json\/wp\/v2\/product\/4180","targetHints":{"allow":["GET"]}}],"collection":[{"href":"https:\/\/worlddancemovement.com\/fr\/wp-json\/wp\/v2\/product"}],"about":[{"href":"https:\/\/worlddancemovement.com\/fr\/wp-json\/wp\/v2\/types\/product"}],"replies":[{"embeddable":true,"href":"https:\/\/worlddancemovement.com\/fr\/wp-json\/wp\/v2\/comments?post=4180"}],"wp:featuredmedia":[{"embeddable":true,"href":"https:\/\/worlddancemovement.com\/fr\/wp-json\/wp\/v2\/media\/4219"}],"wp:attachment":[{"href":"https:\/\/worlddancemovement.com\/fr\/wp-json\/wp\/v2\/media?parent=4180"}],"wp:term":[{"taxonomy":"product_brand","embeddable":true,"href":"https:\/\/worlddancemovement.com\/fr\/wp-json\/wp\/v2\/product_brand?post=4180"},{"taxonomy":"product_cat","embeddable":true,"href":"https:\/\/worlddancemovement.com\/fr\/wp-json\/wp\/v2\/product_cat?post=4180"},{"taxonomy":"product_tag","embeddable":true,"href":"https:\/\/worlddancemovement.com\/fr\/wp-json\/wp\/v2\/product_tag?post=4180"},{"taxonomy":"wpstream_actors","embeddable":true,"href":"https:\/\/worlddancemovement.com\/fr\/wp-json\/wp\/v2\/wpstream_actors?post=4180"},{"taxonomy":"wpstream_category","embeddable":true,"href":"https:\/\/worlddancemovement.com\/fr\/wp-json\/wp\/v2\/wpstream_category?post=4180"},{"taxonomy":"wpstream_movie_rating","embeddable":true,"href":"https:\/\/worlddancemovement.com\/fr\/wp-json\/wp\/v2\/wpstream_movie_rating?post=4180"}],"curies":[{"name":"wp","href":"https:\/\/api.w.org\/{rel}","templated":true}]}}