{"id":4182,"date":"2021-09-13T12:17:54","date_gmt":"2021-09-13T12:17:54","guid":{"rendered":"https:\/\/migrate.worlddancemovement.com\/?post_type=product&#038;p=4182"},"modified":"2022-02-03T04:03:33","modified_gmt":"2022-02-03T04:03:33","slug":"hip-hop-with-dana-foglia-beginner-dvd-series","status":"publish","type":"product","link":"https:\/\/worlddancemovement.com\/fr\/produit\/hip-hop-with-dana-foglia-beginner-dvd-series\/","title":{"rendered":"HIP HOP avec Dana Foglia S\u00e9rie de DVD pour d\u00e9butants"},"content":{"rendered":"","protected":false},"excerpt":{"rendered":"<p><strong>Obtenez les 3 DVD HIP HOP pour d\u00e9butants avec Dana Foglia et <span style=\"color: #ff0000;\">SAUVEZ 40%\u00a0!<\/span><\/strong><\/p>\n<p>Dana et ses danseurs vous enseignent des mouvements de danse de rue innovants cr\u00e9\u00e9s pour les danseurs d\u00e9butants de tout \u00e2ge. Au fur et \u00e0 mesure qu&#039;ils d\u00e9montreront diff\u00e9rents grooves n\u00e9cessaires \u00e0 ce style funky de danse hip hop, vous ajouterez de nouveaux pas \u00e0 votre r\u00e9pertoire. Vous verrez la chor\u00e9graphie sous des angles qui refl\u00e8tent un environnement de classe afin que vous ayez l&#039;impression d&#039;\u00eatre l\u00e0 avec Dana et ses danseurs.<\/p>\n<p>Tout le monde peut danser ! C&#039;est amusant et excitant, alors pr\u00e9parez-vous \u00e0 bouger comme les pros\u00a0!<\/p>\n<h3>PRIX DE D\u00c9TAIL : $47.85 \u2013 PRIX R\u00c9DUIT : <span style=\"color: #ff0000;\">$28.71 \u2013 SAUVEGARDER 40%.<\/span><\/h3>\n<p>Dana Foglia a enseign\u00e9 la danse partout aux \u00c9tats-Unis et dans le monde. Elle s&#039;est form\u00e9e intensivement au ballet et au moderne \u00e0 la Seiskaya Ballet Academy et a ensuite obtenu une bourse compl\u00e8te \u00e0 l&#039;Ailey School. Parall\u00e8lement, elle \u00e9tudie \u00e9galement le Hip-Hop, la pointe, le jazz, les claquettes et l&#039;Africain.<\/p>\n<p>Dana a \u00e9t\u00e9 honor\u00e9e lorsque seuls quelques privil\u00e9gi\u00e9s ont \u00e9t\u00e9 choisis pour se produire avec la Ailey Company \u00e0 Memoria. Elle a tourn\u00e9 et jou\u00e9 avec des artistes de renom, notamment Beyonc\u00e9, Janet Jackson, Rihanna, Kelis, New Kids on the Block, Fantasia et la sensation latine Thalia, entre autres. Dana a travaill\u00e9 avec Beyonc\u00e9 pour sa tourn\u00e9e \u00ab I Am\u2026 2009 \u00bb en tant qu&#039;assistante chor\u00e9graphe, formant et pr\u00e9parant personnellement Beyonc\u00e9 pour cette tourn\u00e9e. Dana a travaill\u00e9 avec de grands chor\u00e9graphes dont Frank Gaston, Brian Friedman, Gil Duldalao, Tony Michaels, Rosaro et d&#039;autres.<\/p>\n<p>Elle a jou\u00e9 dans de nombreuses \u00e9missions t\u00e9l\u00e9vis\u00e9es et de remise de prix, notamment So You Think You Can Dance, Queer Eye for the Straight Guy, MTV VMA Awards, Teen Choice Awards, AMA Awards, World Music Awards, Billboard Awards, All My Children, Regis et Kelly, Le r\u00e9veillon du Nouvel An Rockin de Dick Clark, le Today Show, Good Morning America, BET 106 &amp; Park, le concert du Noble Peace Prize, les spectacles de Jimmy Kimmel, Carson Daly et Jay Leno. Vous l&#039;avez peut-\u00eatre vue danser aux c\u00f4t\u00e9s de Beyonc\u00e9 dans &quot;Single Ladies&quot; aux World Music Awards. Dana est apparue dans de nombreuses publicit\u00e9s, dont Haagen Daaz en tant que danseuse principale et Acura. Dana est \u00e9galement pr\u00e9sent\u00e9e dans une vid\u00e9o p\u00e9dagogique hip-hop produite en partie par le Broadway Dance Center.<br \/>\nDana apporte toujours ses connaissances, son exp\u00e9rience et sa passion pour la danse \u00e0 ses \u00e9l\u00e8ves. Tenez-vous au courant de toutes les nouvelles de Dana en consultant son site Web \u00e0\u00a0<a href=\"https:\/\/www.danafoglia.com\/\" target=\"_blank\" rel=\"noopener\">www.danafoglia.com<\/a><\/p>","protected":false},"featured_media":4220,"comment_status":"closed","ping_status":"closed","template":"","meta":{"_acf_changed":false,"site-sidebar-layout":"default","site-content-layout":"default","ast-site-content-layout":"default","site-content-style":"default","site-sidebar-style":"default","ast-global-header-display":"","ast-banner-title-visibility":"","ast-main-header-display":"","ast-hfb-above-header-display":"","ast-hfb-below-header-display":"","ast-hfb-mobile-header-display":"","site-post-title":"","ast-breadcrumbs-content":"","ast-featured-img":"","footer-sml-layout":"","ast-disable-related-posts":"","theme-transparent-header-meta":"default","adv-header-id-meta":"","stick-header-meta":"default","header-above-stick-meta":"","header-main-stick-meta":"","header-below-stick-meta":"","astra-migrate-meta-layouts":"default","ast-page-background-enabled":"default","ast-page-background-meta":{"desktop":{"background-color":"","background-image":"","background-repeat":"repeat","background-position":"center center","background-size":"auto","background-attachment":"scroll","background-type":"","background-media":"","overlay-type":"","overlay-color":"","overlay-opacity":"","overlay-gradient":""},"tablet":{"background-color":"","background-image":"","background-repeat":"repeat","background-position":"center center","background-size":"auto","background-attachment":"scroll","background-type":"","background-media":"","overlay-type":"","overlay-color":"","overlay-opacity":"","overlay-gradient":""},"mobile":{"background-color":"","background-image":"","background-repeat":"repeat","background-position":"center center","background-size":"auto","background-attachment":"scroll","background-type":"","background-media":"","overlay-type":"","overlay-color":"","overlay-opacity":"","overlay-gradient":""}},"ast-content-background-meta":{"desktop":{"background-color":"var(--ast-global-color-5)","background-image":"","background-repeat":"repeat","background-position":"center center","background-size":"auto","background-attachment":"scroll","background-type":"","background-media":"","overlay-type":"","overlay-color":"","overlay-opacity":"","overlay-gradient":""},"tablet":{"background-color":"var(--ast-global-color-5)","background-image":"","background-repeat":"repeat","background-position":"center center","background-size":"auto","background-attachment":"scroll","background-type":"","background-media":"","overlay-type":"","overlay-color":"","overlay-opacity":"","overlay-gradient":""},"mobile":{"background-color":"var(--ast-global-color-5)","background-image":"","background-repeat":"repeat","background-position":"center center","background-size":"auto","background-attachment":"scroll","background-type":"","background-media":"","overlay-type":"","overlay-color":"","overlay-opacity":"","overlay-gradient":""}}},"product_brand":[],"product_cat":[40],"product_tag":[],"wpstream_actors":[],"wpstream_category":[],"wpstream_movie_rating":[],"class_list":{"0":"post-4182","1":"product","2":"type-product","3":"status-publish","4":"has-post-thumbnail","6":"product_cat-special-collections","7":"desktop-align-left","8":"tablet-align-left","9":"mobile-align-left","11":"first","12":"instock","13":"sale","14":"shipping-taxable","15":"purchasable","16":"product-type-simple"},"acf":[],"jetpack_sharing_enabled":true,"_links":{"self":[{"href":"https:\/\/worlddancemovement.com\/fr\/wp-json\/wp\/v2\/product\/4182","targetHints":{"allow":["GET"]}}],"collection":[{"href":"https:\/\/worlddancemovement.com\/fr\/wp-json\/wp\/v2\/product"}],"about":[{"href":"https:\/\/worlddancemovement.com\/fr\/wp-json\/wp\/v2\/types\/product"}],"replies":[{"embeddable":true,"href":"https:\/\/worlddancemovement.com\/fr\/wp-json\/wp\/v2\/comments?post=4182"}],"wp:featuredmedia":[{"embeddable":true,"href":"https:\/\/worlddancemovement.com\/fr\/wp-json\/wp\/v2\/media\/4220"}],"wp:attachment":[{"href":"https:\/\/worlddancemovement.com\/fr\/wp-json\/wp\/v2\/media?parent=4182"}],"wp:term":[{"taxonomy":"product_brand","embeddable":true,"href":"https:\/\/worlddancemovement.com\/fr\/wp-json\/wp\/v2\/product_brand?post=4182"},{"taxonomy":"product_cat","embeddable":true,"href":"https:\/\/worlddancemovement.com\/fr\/wp-json\/wp\/v2\/product_cat?post=4182"},{"taxonomy":"product_tag","embeddable":true,"href":"https:\/\/worlddancemovement.com\/fr\/wp-json\/wp\/v2\/product_tag?post=4182"},{"taxonomy":"wpstream_actors","embeddable":true,"href":"https:\/\/worlddancemovement.com\/fr\/wp-json\/wp\/v2\/wpstream_actors?post=4182"},{"taxonomy":"wpstream_category","embeddable":true,"href":"https:\/\/worlddancemovement.com\/fr\/wp-json\/wp\/v2\/wpstream_category?post=4182"},{"taxonomy":"wpstream_movie_rating","embeddable":true,"href":"https:\/\/worlddancemovement.com\/fr\/wp-json\/wp\/v2\/wpstream_movie_rating?post=4182"}],"curies":[{"name":"wp","href":"https:\/\/api.w.org\/{rel}","templated":true}]}}