{"id":4204,"date":"2021-09-13T12:18:15","date_gmt":"2021-09-13T12:18:15","guid":{"rendered":"https:\/\/migrate.worlddancemovement.com\/?post_type=product&#038;p=4204"},"modified":"2022-02-02T16:06:56","modified_gmt":"2022-02-02T16:06:56","slug":"live-collectors-set-19-dvds-free-a-i-rope","status":"publish","type":"product","link":"https:\/\/worlddancemovement.com\/fr\/produit\/live-collectors-set-19-dvds-free-a-i-rope\/","title":{"rendered":"COFFRET COLLECTORS LIVE \u2013 19 DVD"},"content":{"rendered":"","protected":false},"excerpt":{"rendered":"<p>Un TEZORO (Tr\u00e9sor) d&#039;informations pr\u00e9cieuses pour vous guider dans votre enseignement et votre apprentissage de la \u00ab\u00a0Vie Dansante\u00a0\u00bb. Du mat\u00e9riel de niveau interm\u00e9diaire \u00e0 avanc\u00e9 avec quelques combos pour d\u00e9butants ajout\u00e9s au m\u00e9lange.<\/p>\n<p>Collectionnez 19 DVD jusqu&#039;\u00e0 \u00e9puisement des stocks (cela n&#039;inclut pas les 15 DVD de la s\u00e9rie D\u00e9butant)<\/p>\n<p><b>Comprend\u00a0;<\/b><br \/>\nFORCE ACTIVE-ISOL\u00c9E AVEC MICHELE ASSAF ET LES WHARTONS<br \/>\nsoyez la musique du HIP HOP AVEC JARED GRIMES<br \/>\nBREAKDANCE AVEC EPHRAT AKA BE-GIRL BOUNCE<br \/>\nDANSE CONTEMPORAINE VOL I AVEC DESMOND RICHARDSON<br \/>\nDANSE CONTEMPORAINE VOL II AVEC DESMOND RICHARDSON<br \/>\nJAZZ CONTEMPORAIN AVEC BRICE MOUSSET<br \/>\n\u00c9CHAUFFEMENT CONTEMPORAIN AVEC BRUNO COLLINET<br \/>\nMOUVEMENT CR\u00c9ATIF POUR LES 3 ET 4 ANS AVEC TONI NOBLETT<br \/>\nDANSE POUR LES ENFANTS AVEC DESMOND RICHARDSON<br \/>\nSOLS VOL II AVEC CALEN KURKA ET CHRIS HALE<br \/>\nHIP HOP FUNK AVEC JERMAINE BROWNE<br \/>\nJAZZ AVEC FRANK HATCHETT<br \/>\nJAZZ LATIN ET INTRO AU PARTENARIAT AVEC MARIA TORRES<br \/>\nASCENSEURS VOL I AVEC JEFF AMSDEN<br \/>\nJAZZ LYRIQUE AVEC JOEY DOWLING<br \/>\nPROGRESSIONS AVEC MANDY MOORE<br \/>\nJAZZ DE RUE AVEC RHAPSODY<br \/>\nLES SOINS ET L&#039;ALIMENTATION D&#039;UNE DANSEUR AVEC TONI BRANNER<br \/>\nTOURNAGES ET COMBOS DE TOURS AVEC MICHELE ASSAF<\/p>\n<h3>PRIX DE D\u00c9TAIL : $380 \u2013 PRIX R\u00c9DUIT : <span style=\"color: #ff0000;\">$228 \u2013 SAUVEGARDER 40%<\/span><\/h3>\n<p>(Jusqu&#039;\u00e0 \u00e9puisement des stocks!)<\/p>","protected":false},"featured_media":4224,"comment_status":"closed","ping_status":"closed","template":"","meta":{"_acf_changed":false,"site-sidebar-layout":"default","site-content-layout":"default","ast-site-content-layout":"default","site-content-style":"default","site-sidebar-style":"default","ast-global-header-display":"","ast-banner-title-visibility":"","ast-main-header-display":"","ast-hfb-above-header-display":"","ast-hfb-below-header-display":"","ast-hfb-mobile-header-display":"","site-post-title":"","ast-breadcrumbs-content":"","ast-featured-img":"","footer-sml-layout":"","ast-disable-related-posts":"","theme-transparent-header-meta":"default","adv-header-id-meta":"","stick-header-meta":"default","header-above-stick-meta":"","header-main-stick-meta":"","header-below-stick-meta":"","astra-migrate-meta-layouts":"default","ast-page-background-enabled":"default","ast-page-background-meta":{"desktop":{"background-color":"","background-image":"","background-repeat":"repeat","background-position":"center center","background-size":"auto","background-attachment":"scroll","background-type":"","background-media":"","overlay-type":"","overlay-color":"","overlay-opacity":"","overlay-gradient":""},"tablet":{"background-color":"","background-image":"","background-repeat":"repeat","background-position":"center center","background-size":"auto","background-attachment":"scroll","background-type":"","background-media":"","overlay-type":"","overlay-color":"","overlay-opacity":"","overlay-gradient":""},"mobile":{"background-color":"","background-image":"","background-repeat":"repeat","background-position":"center center","background-size":"auto","background-attachment":"scroll","background-type":"","background-media":"","overlay-type":"","overlay-color":"","overlay-opacity":"","overlay-gradient":""}},"ast-content-background-meta":{"desktop":{"background-color":"var(--ast-global-color-5)","background-image":"","background-repeat":"repeat","background-position":"center center","background-size":"auto","background-attachment":"scroll","background-type":"","background-media":"","overlay-type":"","overlay-color":"","overlay-opacity":"","overlay-gradient":""},"tablet":{"background-color":"var(--ast-global-color-5)","background-image":"","background-repeat":"repeat","background-position":"center center","background-size":"auto","background-attachment":"scroll","background-type":"","background-media":"","overlay-type":"","overlay-color":"","overlay-opacity":"","overlay-gradient":""},"mobile":{"background-color":"var(--ast-global-color-5)","background-image":"","background-repeat":"repeat","background-position":"center center","background-size":"auto","background-attachment":"scroll","background-type":"","background-media":"","overlay-type":"","overlay-color":"","overlay-opacity":"","overlay-gradient":""}}},"product_brand":[],"product_cat":[40],"product_tag":[],"wpstream_actors":[],"wpstream_category":[],"wpstream_movie_rating":[],"class_list":{"0":"post-4204","1":"product","2":"type-product","3":"status-publish","4":"has-post-thumbnail","6":"product_cat-special-collections","7":"desktop-align-left","8":"tablet-align-left","9":"mobile-align-left","11":"first","12":"instock","13":"sale","14":"shipping-taxable","15":"purchasable","16":"product-type-simple"},"acf":[],"jetpack_sharing_enabled":true,"_links":{"self":[{"href":"https:\/\/worlddancemovement.com\/fr\/wp-json\/wp\/v2\/product\/4204","targetHints":{"allow":["GET"]}}],"collection":[{"href":"https:\/\/worlddancemovement.com\/fr\/wp-json\/wp\/v2\/product"}],"about":[{"href":"https:\/\/worlddancemovement.com\/fr\/wp-json\/wp\/v2\/types\/product"}],"replies":[{"embeddable":true,"href":"https:\/\/worlddancemovement.com\/fr\/wp-json\/wp\/v2\/comments?post=4204"}],"wp:featuredmedia":[{"embeddable":true,"href":"https:\/\/worlddancemovement.com\/fr\/wp-json\/wp\/v2\/media\/4224"}],"wp:attachment":[{"href":"https:\/\/worlddancemovement.com\/fr\/wp-json\/wp\/v2\/media?parent=4204"}],"wp:term":[{"taxonomy":"product_brand","embeddable":true,"href":"https:\/\/worlddancemovement.com\/fr\/wp-json\/wp\/v2\/product_brand?post=4204"},{"taxonomy":"product_cat","embeddable":true,"href":"https:\/\/worlddancemovement.com\/fr\/wp-json\/wp\/v2\/product_cat?post=4204"},{"taxonomy":"product_tag","embeddable":true,"href":"https:\/\/worlddancemovement.com\/fr\/wp-json\/wp\/v2\/product_tag?post=4204"},{"taxonomy":"wpstream_actors","embeddable":true,"href":"https:\/\/worlddancemovement.com\/fr\/wp-json\/wp\/v2\/wpstream_actors?post=4204"},{"taxonomy":"wpstream_category","embeddable":true,"href":"https:\/\/worlddancemovement.com\/fr\/wp-json\/wp\/v2\/wpstream_category?post=4204"},{"taxonomy":"wpstream_movie_rating","embeddable":true,"href":"https:\/\/worlddancemovement.com\/fr\/wp-json\/wp\/v2\/wpstream_movie_rating?post=4204"}],"curies":[{"name":"wp","href":"https:\/\/api.w.org\/{rel}","templated":true}]}}