{"id":4207,"date":"2021-09-13T12:18:15","date_gmt":"2021-09-13T12:18:15","guid":{"rendered":"https:\/\/migrate.worlddancemovement.com\/?post_type=product&#038;p=4207"},"modified":"2022-02-02T16:40:02","modified_gmt":"2022-02-02T16:40:02","slug":"latin-dance-series-with-luis-salgado","status":"publish","type":"product","link":"https:\/\/worlddancemovement.com\/fr\/produit\/latin-dance-series-with-luis-salgado\/","title":{"rendered":"S\u00c9RIE DE DANSE LATINE avec Luis Salgado"},"content":{"rendered":"","protected":false},"excerpt":{"rendered":"<p>La passionnante s\u00e9rie de danses latines de Tezoro, mettant en vedette les styles Plena, Merengue, Cha-Cha Mambo, Salsa et Carnival avec Luis Salgado, est le compl\u00e9ment parfait \u00e0 votre Tezoro. <i>EN DIRECT\u00a0<\/i>collection!<\/p>\n<p>Acc\u00e9dez \u00e0 la s\u00e9rie de 5 pi\u00e8ces de danse latine Spicey sous forme de DVD pour seulement $9,60 chacun<\/p>\n<p>Le large \u00e9ventail d\u2019exercices de danse latine est con\u00e7u pour r\u00e9pondre aux besoins des danseurs qualifi\u00e9s, des professeurs de danse, des mamans et m\u00eame des enfants\u00a0! Les danseurs professionnels peuvent utiliser la s\u00e9rie de danses latines pour \u00e9largir leur r\u00e9pertoire, les couples peuvent apprendre la danse latine ensemble pour pimenter les \u00ab soir\u00e9es en amoureux \u00bb, ou les familles peuvent faire de l&#039;exercice avec une touche latine. Cette s\u00e9rie de danses latines Tezoro est vraiment destin\u00e9e \u00e0 tout le monde\u00a0!<\/p>\n<h3>PRIX DE D\u00c9TAIL : $80 \u2013 PRIX R\u00c9DUIT : <span style=\"color: #ff0000;\">$48 \u2013 \u00c9CONOMISEZ 40%\u00a0!<\/span><\/h3>\n<p>(Jusqu&#039;\u00e0 \u00e9puisement des stocks!)<\/p>\n<p><strong>\u00c0 propos de Luis\u00a0:<\/strong><\/p>\n<p>Luis Salgado joue \u00ab Jos\u00e9 \u00bb et est l&#039;assistant chor\u00e9graphe latin du nouveau succ\u00e8s musical de Broadway \u00ab In The Heights \u2013 MEILLEUR MUSICAL 2008 aux Tony Awards. A d\u00e9m\u00e9nag\u00e9 \u00e0 New York en 2002, r\u00eavant de r\u00e9aliser sa passion de se produire sur une sc\u00e8ne de Broadway. \u00c0 ce jour, Luis a jou\u00e9 dans des spectacles comme The Mambo Kings (Frankie Suarez), Fame on 42nd Street (Joe Vegas u\/s) et Aida, entre autres. Les cr\u00e9dits du film comprennent : Step Up 2 The Streets (Alejandro). Dirty Dancing 2 (Dance Double de Diego Luna), Enchanted, Across the Universe, American Gangster et The Great Observer. En 2007, Luis a chor\u00e9graphi\u00e9 les com\u00e9dies musicales Serenade et The Drop Outs \u00e0 New York et a co-r\u00e9alis\u00e9\/chor\u00e9graphi\u00e9 le spectacle original Mezcla au P\u00e9rou. Luis a \u00e9t\u00e9\u00a0<span class=\"details\">capable d&#039;assister des chor\u00e9graphes comme\u00a0<\/span><span class=\"yshortcuts\">Maria Torres<\/span><span class=\"details\">\u00a0dans le film Enchant\u00e9 ; Jamal Sims dans le film\u00a0<\/span><span class=\"yshortcuts\">Intensifiez 2 les rues<\/span><span class=\"details\">\u00a0et est ravi de repr\u00e9senter sa culture en tant qu&#039;assistant chor\u00e9graphe latin \u00e0 In The Heights.\u00a0<span class=\"yshortcuts\"><u>BroadwayWorld.com<\/u><\/span>\u00a0Gitane du mois et un\u00a0<\/span><span class=\"yshortcuts\">Prix Drama Desk<\/span><span class=\"details\">\u00a0pour Ensemble exceptionnel pour\u00a0<\/span><span class=\"yshortcuts\">Dans les hauteurs<\/span><span class=\"details\">. Luis a coproduit son propre DVD \u00ab Latin Fusion with Luis Salgado \u00bb et est le directeur de R.Evolucion Latina \u2013 DARE TO GO BEYOND !, un mouvement artistique qui c\u00e9l\u00e8bre la vie, les carri\u00e8res, les triomphes et l&#039;existence de tous les artistes latino-am\u00e9ricains. de la\u00a0<\/span><span class=\"yshortcuts\">New York<\/span><span class=\"details\">\u00a0<\/span><span class=\"yshortcuts\">Communaut\u00e9 des arts du spectacle<\/span><span class=\"details\">.<\/span><\/p>\n<p><b><big><small><span class=\"details\">\u00ab Si vous choisissez de suivre le chemin de vos r\u00eaves, engagez-vous sur ce chemin. Acceptez votre chemin.<\/span><\/small><\/big><\/b><\/p>","protected":false},"featured_media":4226,"comment_status":"closed","ping_status":"closed","template":"","meta":{"_acf_changed":false,"site-sidebar-layout":"default","site-content-layout":"default","ast-site-content-layout":"default","site-content-style":"default","site-sidebar-style":"default","ast-global-header-display":"","ast-banner-title-visibility":"","ast-main-header-display":"","ast-hfb-above-header-display":"","ast-hfb-below-header-display":"","ast-hfb-mobile-header-display":"","site-post-title":"","ast-breadcrumbs-content":"","ast-featured-img":"","footer-sml-layout":"","ast-disable-related-posts":"","theme-transparent-header-meta":"default","adv-header-id-meta":"","stick-header-meta":"default","header-above-stick-meta":"","header-main-stick-meta":"","header-below-stick-meta":"","astra-migrate-meta-layouts":"default","ast-page-background-enabled":"default","ast-page-background-meta":{"desktop":{"background-color":"","background-image":"","background-repeat":"repeat","background-position":"center center","background-size":"auto","background-attachment":"scroll","background-type":"","background-media":"","overlay-type":"","overlay-color":"","overlay-opacity":"","overlay-gradient":""},"tablet":{"background-color":"","background-image":"","background-repeat":"repeat","background-position":"center center","background-size":"auto","background-attachment":"scroll","background-type":"","background-media":"","overlay-type":"","overlay-color":"","overlay-opacity":"","overlay-gradient":""},"mobile":{"background-color":"","background-image":"","background-repeat":"repeat","background-position":"center center","background-size":"auto","background-attachment":"scroll","background-type":"","background-media":"","overlay-type":"","overlay-color":"","overlay-opacity":"","overlay-gradient":""}},"ast-content-background-meta":{"desktop":{"background-color":"var(--ast-global-color-5)","background-image":"","background-repeat":"repeat","background-position":"center center","background-size":"auto","background-attachment":"scroll","background-type":"","background-media":"","overlay-type":"","overlay-color":"","overlay-opacity":"","overlay-gradient":""},"tablet":{"background-color":"var(--ast-global-color-5)","background-image":"","background-repeat":"repeat","background-position":"center center","background-size":"auto","background-attachment":"scroll","background-type":"","background-media":"","overlay-type":"","overlay-color":"","overlay-opacity":"","overlay-gradient":""},"mobile":{"background-color":"var(--ast-global-color-5)","background-image":"","background-repeat":"repeat","background-position":"center center","background-size":"auto","background-attachment":"scroll","background-type":"","background-media":"","overlay-type":"","overlay-color":"","overlay-opacity":"","overlay-gradient":""}}},"product_brand":[],"product_cat":[40],"product_tag":[],"wpstream_actors":[],"wpstream_category":[],"wpstream_movie_rating":[],"class_list":{"0":"post-4207","1":"product","2":"type-product","3":"status-publish","4":"has-post-thumbnail","6":"product_cat-special-collections","7":"desktop-align-left","8":"tablet-align-left","9":"mobile-align-left","11":"first","12":"instock","13":"sale","14":"shipping-taxable","15":"purchasable","16":"product-type-simple"},"acf":[],"jetpack_sharing_enabled":true,"_links":{"self":[{"href":"https:\/\/worlddancemovement.com\/fr\/wp-json\/wp\/v2\/product\/4207","targetHints":{"allow":["GET"]}}],"collection":[{"href":"https:\/\/worlddancemovement.com\/fr\/wp-json\/wp\/v2\/product"}],"about":[{"href":"https:\/\/worlddancemovement.com\/fr\/wp-json\/wp\/v2\/types\/product"}],"replies":[{"embeddable":true,"href":"https:\/\/worlddancemovement.com\/fr\/wp-json\/wp\/v2\/comments?post=4207"}],"wp:featuredmedia":[{"embeddable":true,"href":"https:\/\/worlddancemovement.com\/fr\/wp-json\/wp\/v2\/media\/4226"}],"wp:attachment":[{"href":"https:\/\/worlddancemovement.com\/fr\/wp-json\/wp\/v2\/media?parent=4207"}],"wp:term":[{"taxonomy":"product_brand","embeddable":true,"href":"https:\/\/worlddancemovement.com\/fr\/wp-json\/wp\/v2\/product_brand?post=4207"},{"taxonomy":"product_cat","embeddable":true,"href":"https:\/\/worlddancemovement.com\/fr\/wp-json\/wp\/v2\/product_cat?post=4207"},{"taxonomy":"product_tag","embeddable":true,"href":"https:\/\/worlddancemovement.com\/fr\/wp-json\/wp\/v2\/product_tag?post=4207"},{"taxonomy":"wpstream_actors","embeddable":true,"href":"https:\/\/worlddancemovement.com\/fr\/wp-json\/wp\/v2\/wpstream_actors?post=4207"},{"taxonomy":"wpstream_category","embeddable":true,"href":"https:\/\/worlddancemovement.com\/fr\/wp-json\/wp\/v2\/wpstream_category?post=4207"},{"taxonomy":"wpstream_movie_rating","embeddable":true,"href":"https:\/\/worlddancemovement.com\/fr\/wp-json\/wp\/v2\/wpstream_movie_rating?post=4207"}],"curies":[{"name":"wp","href":"https:\/\/api.w.org\/{rel}","templated":true}]}}