{"id":4208,"date":"2021-09-13T12:18:15","date_gmt":"2021-09-13T12:18:15","guid":{"rendered":"https:\/\/migrate.worlddancemovement.com\/?post_type=product&#038;p=4208"},"modified":"2022-02-03T04:20:42","modified_gmt":"2022-02-03T04:20:42","slug":"dancemix-dvd-series","status":"publish","type":"product","link":"https:\/\/worlddancemovement.com\/fr\/produit\/dancemix-dvd-series\/","title":{"rendered":"S\u00e9rie DVD DanceMIX"},"content":{"rendered":"","protected":false},"excerpt":{"rendered":"<p>HOPSDance \/ DanceMIX est un programme p\u00e9dagogique de danse unique qui int\u00e8gre une mise en sc\u00e8ne cr\u00e9ative comme feuille de route pour l&#039;apprentissage. Si vous avez d\u00e9j\u00e0 jou\u00e9 \u00e0 des jeux de plateforme de danse ou si vous souhaitez apprendre \u00e0 danser, vous remarquerez peut-\u00eatre qu&#039;il manque une chose\u2026. INSTRUCTIONS EN DIRECT. C&#039;est l\u00e0 que DanceMIX est unique. Vous recevez des cours de danse EN DIRECT pour vous aider \u00e0 mieux comprendre et apprendre les bases fondamentales de la danse\u00a0!<\/p>\n<p>Id\u00e9al pour le danseur d\u00e9butant et un excellent outil pour enseigner aux enfants, DanceMIX vous fera d\u00e9couvrir diff\u00e9rents styles d&#039;une mani\u00e8re amusante, cr\u00e9ative et facile \u00e0 comprendre. Tyce Diorio et Krista Saab vous feront d\u00e9couvrir des combinaisons de jazz, de hip-hop, de th\u00e9\u00e2tre et de danse latine en utilisant les tapis dans diverses formations pour vous aider \u00e0 guider les pas et vous enseigner la conscience spatiale. Ils vous guideront \u00e9galement \u00e0 travers des progressions de base sur le sol pour introduire certaines techniques fondamentales. Apprenez d&#039;eux et mettez-vous au d\u00e9fi de devenir le chor\u00e9graphe\u00a0! Vous avez la libert\u00e9 de placer les tapis dans de nombreuses formations diff\u00e9rentes et de cr\u00e9er des motifs visuellement \u00e9poustouflants. Id\u00e9al pour les grands groupes\u00a0!<\/p>\n<p>DanceMIX est un programme amusant et \u00e9nergique qui fait augmenter votre fr\u00e9quence cardiaque et fait bouger votre corps d&#039;une mani\u00e8re innovante.<\/p>\n<p>Conform\u00e9ment aux instructions de Tyce et Krista sur le DVD, vous pouvez\u00a0:<\/p>\n<p>1. Utilisez un tapis HOPSports<br \/>\n2. Collez votre sol dans la configuration des tapis ou m\u00eame faites simplement des X sur votre sol<br \/>\n3. Apprenez et ex\u00e9cutez la chor\u00e9graphie sans les limites du tapis.<\/p>\n<p><strong>(REMARQUE\u00a0! Toutes les chor\u00e9graphies peuvent \u00e9galement \u00eatre apprises et ex\u00e9cut\u00e9es sans les tapis HOPSports\u00a0!)\u00a0<\/strong><\/p>\n<p>PRIX DE D\u00c9TAIL : $25.90 \u2013 <span style=\"color: #ff0000;\">PRIX R\u00c9DUIT\u00a0: $18.13 \u2013 \u00c9CONOMISEZ 30%\u00a0! <span style=\"color: #000000;\">(jusqu&#039;\u00e0 \u00e9puisement des stocks!)<\/span><\/span><\/p>\n<p><b><big>\u00c0 propos de Tyce et Krista :<\/big><\/b><\/p>\n<p><i><strong>Tyce Diorio<\/strong> a dans\u00e9 avec des artistes notables tels que Janet Jackson, Paula Abdul, Jennifer Lopez, Samantha Mumba et Ricky Martin. Il a \u00e9t\u00e9 danseur vedette aux American Music Awards, au Oprah Winfrey Show, au Saturday Night Live et s&#039;est produit en tant que soliste dans le spectacle \u00e0 succ\u00e8s de Broadway \u00ab Fosse \u00bb. Certains des cr\u00e9dits t\u00e9l\u00e9vis\u00e9s et cin\u00e9matographiques de Tyce incluent Showgirls, Starsky et Hutch, 13 et 30, et M. et Mme Smith avec Angelina Jolie et Brad Pitt. Il a eu l&#039;occasion de figurer dans la publicit\u00e9 pour iPod de U2 mettant en vedette leur chanson \u00e0 succ\u00e8s \u00ab Vertigo \u00bb. Tyce a \u00e9galement \u00e9t\u00e9 chor\u00e9graphe vedette pour FOX Summer Sensation \u00ab So You Think You Can Dance \u00bb, est le chor\u00e9graphe de Taylor Swift et fait partie du corps professoral de Radix.<\/i><\/p>\n<p><em><strong>Krista Saab<\/strong> est originaire de Toronto, au Canada. Elle est membre de Radio City Rockette \u00e0 New York depuis 5 ans et joue actuellement dans le revival de \u00ab Pal Joey \u00bb \u00e0 Broadway. Certains cr\u00e9dits avec les Rockettes incluent le d\u00e9fil\u00e9 de Thanksgiving de Macy et le spectacle Ellen Degeneres. La carri\u00e8re de Krista dans les concerts de danse et le th\u00e9\u00e2tre l&#039;a amen\u00e9e \u00e0 parcourir le monde dans des spectacles tels que \u00ab Camelot \u2013PBS Live From LincolnCenter \u00bb, \u00ab Carnival \u00bb, \u00ab 42nd St. \u00bb et le casting gagnant du prix Ovation de \u00ab Crazy for You \u00bb. Elle a donn\u00e9 des ateliers au Radio City Music Hall de New York et a travaill\u00e9 avec des artistes l\u00e9gendaires tels que Stevie Wonder, Hinton Battle, Jason Alexander, Stockard Channing et Gabriel Byrne. Krista peut \u00e9galement \u00eatre vue comme danseuse dans les longs m\u00e9trages \u00ab The Great Observer \u00bb et \u00ab American Gangster \u00bb.<\/em><\/p>","protected":false},"featured_media":4227,"comment_status":"closed","ping_status":"closed","template":"","meta":{"_acf_changed":false,"site-sidebar-layout":"default","site-content-layout":"default","ast-site-content-layout":"default","site-content-style":"default","site-sidebar-style":"default","ast-global-header-display":"","ast-banner-title-visibility":"","ast-main-header-display":"","ast-hfb-above-header-display":"","ast-hfb-below-header-display":"","ast-hfb-mobile-header-display":"","site-post-title":"","ast-breadcrumbs-content":"","ast-featured-img":"","footer-sml-layout":"","ast-disable-related-posts":"","theme-transparent-header-meta":"default","adv-header-id-meta":"","stick-header-meta":"default","header-above-stick-meta":"","header-main-stick-meta":"","header-below-stick-meta":"","astra-migrate-meta-layouts":"default","ast-page-background-enabled":"default","ast-page-background-meta":{"desktop":{"background-color":"","background-image":"","background-repeat":"repeat","background-position":"center center","background-size":"auto","background-attachment":"scroll","background-type":"","background-media":"","overlay-type":"","overlay-color":"","overlay-opacity":"","overlay-gradient":""},"tablet":{"background-color":"","background-image":"","background-repeat":"repeat","background-position":"center center","background-size":"auto","background-attachment":"scroll","background-type":"","background-media":"","overlay-type":"","overlay-color":"","overlay-opacity":"","overlay-gradient":""},"mobile":{"background-color":"","background-image":"","background-repeat":"repeat","background-position":"center center","background-size":"auto","background-attachment":"scroll","background-type":"","background-media":"","overlay-type":"","overlay-color":"","overlay-opacity":"","overlay-gradient":""}},"ast-content-background-meta":{"desktop":{"background-color":"var(--ast-global-color-5)","background-image":"","background-repeat":"repeat","background-position":"center center","background-size":"auto","background-attachment":"scroll","background-type":"","background-media":"","overlay-type":"","overlay-color":"","overlay-opacity":"","overlay-gradient":""},"tablet":{"background-color":"var(--ast-global-color-5)","background-image":"","background-repeat":"repeat","background-position":"center center","background-size":"auto","background-attachment":"scroll","background-type":"","background-media":"","overlay-type":"","overlay-color":"","overlay-opacity":"","overlay-gradient":""},"mobile":{"background-color":"var(--ast-global-color-5)","background-image":"","background-repeat":"repeat","background-position":"center center","background-size":"auto","background-attachment":"scroll","background-type":"","background-media":"","overlay-type":"","overlay-color":"","overlay-opacity":"","overlay-gradient":""}}},"product_brand":[],"product_cat":[40],"product_tag":[],"wpstream_actors":[],"wpstream_category":[],"wpstream_movie_rating":[],"class_list":{"0":"post-4208","1":"product","2":"type-product","3":"status-publish","4":"has-post-thumbnail","6":"product_cat-special-collections","7":"desktop-align-left","8":"tablet-align-left","9":"mobile-align-left","11":"first","12":"instock","13":"sale","14":"shipping-taxable","15":"purchasable","16":"product-type-simple"},"acf":[],"jetpack_sharing_enabled":true,"_links":{"self":[{"href":"https:\/\/worlddancemovement.com\/fr\/wp-json\/wp\/v2\/product\/4208","targetHints":{"allow":["GET"]}}],"collection":[{"href":"https:\/\/worlddancemovement.com\/fr\/wp-json\/wp\/v2\/product"}],"about":[{"href":"https:\/\/worlddancemovement.com\/fr\/wp-json\/wp\/v2\/types\/product"}],"replies":[{"embeddable":true,"href":"https:\/\/worlddancemovement.com\/fr\/wp-json\/wp\/v2\/comments?post=4208"}],"wp:featuredmedia":[{"embeddable":true,"href":"https:\/\/worlddancemovement.com\/fr\/wp-json\/wp\/v2\/media\/4227"}],"wp:attachment":[{"href":"https:\/\/worlddancemovement.com\/fr\/wp-json\/wp\/v2\/media?parent=4208"}],"wp:term":[{"taxonomy":"product_brand","embeddable":true,"href":"https:\/\/worlddancemovement.com\/fr\/wp-json\/wp\/v2\/product_brand?post=4208"},{"taxonomy":"product_cat","embeddable":true,"href":"https:\/\/worlddancemovement.com\/fr\/wp-json\/wp\/v2\/product_cat?post=4208"},{"taxonomy":"product_tag","embeddable":true,"href":"https:\/\/worlddancemovement.com\/fr\/wp-json\/wp\/v2\/product_tag?post=4208"},{"taxonomy":"wpstream_actors","embeddable":true,"href":"https:\/\/worlddancemovement.com\/fr\/wp-json\/wp\/v2\/wpstream_actors?post=4208"},{"taxonomy":"wpstream_category","embeddable":true,"href":"https:\/\/worlddancemovement.com\/fr\/wp-json\/wp\/v2\/wpstream_category?post=4208"},{"taxonomy":"wpstream_movie_rating","embeddable":true,"href":"https:\/\/worlddancemovement.com\/fr\/wp-json\/wp\/v2\/wpstream_movie_rating?post=4208"}],"curies":[{"name":"wp","href":"https:\/\/api.w.org\/{rel}","templated":true}]}}