{"id":4248,"date":"2021-09-13T12:18:38","date_gmt":"2021-09-13T12:18:38","guid":{"rendered":"https:\/\/migrate.worlddancemovement.com\/?post_type=product&#038;p=4248"},"modified":"2022-08-15T22:31:18","modified_gmt":"2022-08-15T22:31:18","slug":"wdm-italy-2019-gala-week-2-video-file","status":"publish","type":"product","link":"https:\/\/worlddancemovement.com\/fr\/produit\/wdm-italy-2019-gala-week-2-video-file\/","title":{"rendered":"WDM Italie 2019 \u2013 Gala PERFORMANCE \u2013 Semaine 2 Fichier vid\u00e9o"},"content":{"rendered":"","protected":false},"excerpt":{"rendered":"<div class=\"area offsets-products\">\n<p>\u00a0WORLD DANCE MOUVEMENT 2019 \u2013 PERFORMANCE DE GALA FINAL \u2013 SEMAINE 2<\/p>\n<p>Le FICHIER VID\u00c9O vous sera envoy\u00e9 par e-mail apr\u00e8s le 15 octobre 2019 (ce n&#039;est pas un DVD papier)<\/p>\n<p>Tous les danseurs et professeurs participent au GALA FINAL WDM. Vous interpr\u00e9terez la chor\u00e9graphie apprise dans tous vos cours tout au long de la semaine.<\/p>\n<p>Voici ce que vous recevrez :<\/p>\n<p>Fichier \u00e9lectronique vid\u00e9o \u00e9dit\u00e9 par des professionnels de la PERFORMANCE FINALE DU GALA\u00a0!<\/p>\n<p>SOUVENIRS de tous les diff\u00e9rents styles de chor\u00e9graphie que vous avez appris avec vos professeurs et coll\u00e8gues danseurs internationaux.<\/p>\n<p>BOURSES d\u00e9cern\u00e9es lors du d\u00eener de gala final\u00a0:<\/p>\n<p>Mouvement mondial de la danse<br \/>\nAMDA<br \/>\nUniversit\u00e9 PACE<br \/>\nUniversit\u00e9 du Sacr\u00e9-C\u0153ur<br \/>\nInstitut des Arts de Barcelone<br \/>\nBroadway Dance Center \u00e0 New York<br \/>\nTeints Ballet Contemporain NYC<br \/>\nCentre des arts du spectacle EDGE<br \/>\nComplexe de danse du mill\u00e9naire \u2013 LA<br \/>\nStageDoorAccess.com<br \/>\nExp\u00e9rience de l&#039;industrie<br \/>\nAdr\u00e9naline<br \/>\nDanse Kl\u00e9di<br \/>\nLes Abruzzes sur sc\u00e8ne<br \/>\nMilan en danse<br \/>\nMouvement Flava<br \/>\nRelancer<br \/>\nCentre de p\u00e9ridance<br \/>\n\u00c9TAPES sur Broadway NYC<br \/>\nTanec bez hranic-Prague<br \/>\nStudio International de Danse \u2013 Madrid<br \/>\nET PLUS!!!<\/p>\n<\/div>","protected":false},"featured_media":4281,"comment_status":"closed","ping_status":"closed","template":"","meta":{"_acf_changed":false,"site-sidebar-layout":"default","site-content-layout":"default","ast-site-content-layout":"default","site-content-style":"default","site-sidebar-style":"default","ast-global-header-display":"","ast-banner-title-visibility":"","ast-main-header-display":"","ast-hfb-above-header-display":"","ast-hfb-below-header-display":"","ast-hfb-mobile-header-display":"","site-post-title":"","ast-breadcrumbs-content":"","ast-featured-img":"","footer-sml-layout":"","ast-disable-related-posts":"","theme-transparent-header-meta":"default","adv-header-id-meta":"","stick-header-meta":"default","header-above-stick-meta":"","header-main-stick-meta":"","header-below-stick-meta":"","astra-migrate-meta-layouts":"default","ast-page-background-enabled":"default","ast-page-background-meta":{"desktop":{"background-color":"","background-image":"","background-repeat":"repeat","background-position":"center center","background-size":"auto","background-attachment":"scroll","background-type":"","background-media":"","overlay-type":"","overlay-color":"","overlay-opacity":"","overlay-gradient":""},"tablet":{"background-color":"","background-image":"","background-repeat":"repeat","background-position":"center center","background-size":"auto","background-attachment":"scroll","background-type":"","background-media":"","overlay-type":"","overlay-color":"","overlay-opacity":"","overlay-gradient":""},"mobile":{"background-color":"","background-image":"","background-repeat":"repeat","background-position":"center center","background-size":"auto","background-attachment":"scroll","background-type":"","background-media":"","overlay-type":"","overlay-color":"","overlay-opacity":"","overlay-gradient":""}},"ast-content-background-meta":{"desktop":{"background-color":"var(--ast-global-color-5)","background-image":"","background-repeat":"repeat","background-position":"center center","background-size":"auto","background-attachment":"scroll","background-type":"","background-media":"","overlay-type":"","overlay-color":"","overlay-opacity":"","overlay-gradient":""},"tablet":{"background-color":"var(--ast-global-color-5)","background-image":"","background-repeat":"repeat","background-position":"center center","background-size":"auto","background-attachment":"scroll","background-type":"","background-media":"","overlay-type":"","overlay-color":"","overlay-opacity":"","overlay-gradient":""},"mobile":{"background-color":"var(--ast-global-color-5)","background-image":"","background-repeat":"repeat","background-position":"center center","background-size":"auto","background-attachment":"scroll","background-type":"","background-media":"","overlay-type":"","overlay-color":"","overlay-opacity":"","overlay-gradient":""}}},"product_brand":[],"product_cat":[43],"product_tag":[],"wpstream_actors":[],"wpstream_category":[],"wpstream_movie_rating":[],"class_list":{"0":"post-4248","1":"product","2":"type-product","3":"status-publish","4":"has-post-thumbnail","6":"product_cat-wdm-videos","7":"desktop-align-left","8":"tablet-align-left","9":"mobile-align-left","11":"first","12":"instock","13":"sale","14":"virtual","15":"purchasable","16":"product-type-simple"},"acf":[],"jetpack_sharing_enabled":true,"_links":{"self":[{"href":"https:\/\/worlddancemovement.com\/fr\/wp-json\/wp\/v2\/product\/4248","targetHints":{"allow":["GET"]}}],"collection":[{"href":"https:\/\/worlddancemovement.com\/fr\/wp-json\/wp\/v2\/product"}],"about":[{"href":"https:\/\/worlddancemovement.com\/fr\/wp-json\/wp\/v2\/types\/product"}],"replies":[{"embeddable":true,"href":"https:\/\/worlddancemovement.com\/fr\/wp-json\/wp\/v2\/comments?post=4248"}],"wp:featuredmedia":[{"embeddable":true,"href":"https:\/\/worlddancemovement.com\/fr\/wp-json\/wp\/v2\/media\/4281"}],"wp:attachment":[{"href":"https:\/\/worlddancemovement.com\/fr\/wp-json\/wp\/v2\/media?parent=4248"}],"wp:term":[{"taxonomy":"product_brand","embeddable":true,"href":"https:\/\/worlddancemovement.com\/fr\/wp-json\/wp\/v2\/product_brand?post=4248"},{"taxonomy":"product_cat","embeddable":true,"href":"https:\/\/worlddancemovement.com\/fr\/wp-json\/wp\/v2\/product_cat?post=4248"},{"taxonomy":"product_tag","embeddable":true,"href":"https:\/\/worlddancemovement.com\/fr\/wp-json\/wp\/v2\/product_tag?post=4248"},{"taxonomy":"wpstream_actors","embeddable":true,"href":"https:\/\/worlddancemovement.com\/fr\/wp-json\/wp\/v2\/wpstream_actors?post=4248"},{"taxonomy":"wpstream_category","embeddable":true,"href":"https:\/\/worlddancemovement.com\/fr\/wp-json\/wp\/v2\/wpstream_category?post=4248"},{"taxonomy":"wpstream_movie_rating","embeddable":true,"href":"https:\/\/worlddancemovement.com\/fr\/wp-json\/wp\/v2\/wpstream_movie_rating?post=4248"}],"curies":[{"name":"wp","href":"https:\/\/api.w.org\/{rel}","templated":true}]}}