{"id":4894,"date":"2021-11-02T16:20:20","date_gmt":"2021-11-02T16:20:20","guid":{"rendered":"https:\/\/migrate.worlddancemovement.com\/?post_type=product&#038;p=4894"},"modified":"2022-02-12T18:27:21","modified_gmt":"2022-02-12T18:27:21","slug":"collection-3","status":"publish","type":"product","link":"https:\/\/worlddancemovement.com\/fr\/produit\/collection-3\/","title":{"rendered":"Collection 3"},"content":{"rendered":"<p>Lorem Ipsum est tout simplement un faux texte de l\u2019industrie de l\u2019imprimerie et de la composition. Lorem Ipsum est le texte factice standard de l&#039;industrie depuis les ann\u00e9es 1500, lorsqu&#039;un imprimeur inconnu a pris une galerie de caract\u00e8res et l&#039;a brouill\u00e9e pour en faire un livre de sp\u00e9cimens de caract\u00e8res.<\/p>\n<p><a href=\"https:\/\/s3.amazonaws.com\/s3video.stagedoorworkshops.com\/JA_Lifts_Preview.mp4\">aper\u00e7u de la vid\u00e9o<\/a><br \/>\n<a href=\"https:\/\/s3.amazonaws.com\/s3video.stagedoorworkshops.com\/JA_Lifts_Adv_1_new.mp4\">Vid\u00e9o<\/a><\/p>","protected":false},"excerpt":{"rendered":"<p>Lorem Ipsum est tout simplement un faux texte de l\u2019industrie de l\u2019imprimerie et de la composition. Lorem Ipsum est le texte factice standard de l&#039;industrie depuis les ann\u00e9es 1500, lorsqu&#039;un imprimeur inconnu a pris une galerie de caract\u00e8res et l&#039;a brouill\u00e9e pour en faire un livre de sp\u00e9cimens de caract\u00e8res.<\/p>\n<p><a href=\"https:\/\/s3.amazonaws.com\/s3video.stagedoorworkshops.com\/JA_Lifts_Preview.mp4\">aper\u00e7u de la vid\u00e9o<\/a><br \/>\n<a href=\"https:\/\/s3.amazonaws.com\/s3video.stagedoorworkshops.com\/JA_Lifts_Adv_1_new.mp4\">Vid\u00e9o<\/a><\/p>","protected":false},"featured_media":0,"comment_status":"closed","ping_status":"closed","template":"","meta":{"_acf_changed":false,"site-sidebar-layout":"default","site-content-layout":"default","ast-site-content-layout":"default","site-content-style":"default","site-sidebar-style":"default","ast-global-header-display":"","ast-banner-title-visibility":"","ast-main-header-display":"","ast-hfb-above-header-display":"","ast-hfb-below-header-display":"","ast-hfb-mobile-header-display":"","site-post-title":"","ast-breadcrumbs-content":"","ast-featured-img":"","footer-sml-layout":"","ast-disable-related-posts":"","theme-transparent-header-meta":"default","adv-header-id-meta":"","stick-header-meta":"default","header-above-stick-meta":"","header-main-stick-meta":"","header-below-stick-meta":"","astra-migrate-meta-layouts":"default","ast-page-background-enabled":"default","ast-page-background-meta":{"desktop":{"background-color":"","background-image":"","background-repeat":"repeat","background-position":"center center","background-size":"auto","background-attachment":"scroll","background-type":"","background-media":"","overlay-type":"","overlay-color":"","overlay-opacity":"","overlay-gradient":""},"tablet":{"background-color":"","background-image":"","background-repeat":"repeat","background-position":"center center","background-size":"auto","background-attachment":"scroll","background-type":"","background-media":"","overlay-type":"","overlay-color":"","overlay-opacity":"","overlay-gradient":""},"mobile":{"background-color":"","background-image":"","background-repeat":"repeat","background-position":"center center","background-size":"auto","background-attachment":"scroll","background-type":"","background-media":"","overlay-type":"","overlay-color":"","overlay-opacity":"","overlay-gradient":""}},"ast-content-background-meta":{"desktop":{"background-color":"var(--ast-global-color-5)","background-image":"","background-repeat":"repeat","background-position":"center center","background-size":"auto","background-attachment":"scroll","background-type":"","background-media":"","overlay-type":"","overlay-color":"","overlay-opacity":"","overlay-gradient":""},"tablet":{"background-color":"var(--ast-global-color-5)","background-image":"","background-repeat":"repeat","background-position":"center center","background-size":"auto","background-attachment":"scroll","background-type":"","background-media":"","overlay-type":"","overlay-color":"","overlay-opacity":"","overlay-gradient":""},"mobile":{"background-color":"var(--ast-global-color-5)","background-image":"","background-repeat":"repeat","background-position":"center center","background-size":"auto","background-attachment":"scroll","background-type":"","background-media":"","overlay-type":"","overlay-color":"","overlay-opacity":"","overlay-gradient":""}}},"product_brand":[],"product_cat":[24],"product_tag":[],"wpstream_actors":[],"wpstream_category":[],"wpstream_movie_rating":[],"class_list":{"0":"post-4894","1":"product","2":"type-product","3":"status-publish","5":"product_cat-wdm-products","6":"desktop-align-left","7":"tablet-align-left","8":"mobile-align-left","10":"first","11":"instock","12":"downloadable","13":"virtual","14":"purchasable","15":"product-type-simple"},"acf":[],"jetpack_sharing_enabled":true,"_links":{"self":[{"href":"https:\/\/worlddancemovement.com\/fr\/wp-json\/wp\/v2\/product\/4894","targetHints":{"allow":["GET"]}}],"collection":[{"href":"https:\/\/worlddancemovement.com\/fr\/wp-json\/wp\/v2\/product"}],"about":[{"href":"https:\/\/worlddancemovement.com\/fr\/wp-json\/wp\/v2\/types\/product"}],"replies":[{"embeddable":true,"href":"https:\/\/worlddancemovement.com\/fr\/wp-json\/wp\/v2\/comments?post=4894"}],"wp:attachment":[{"href":"https:\/\/worlddancemovement.com\/fr\/wp-json\/wp\/v2\/media?parent=4894"}],"wp:term":[{"taxonomy":"product_brand","embeddable":true,"href":"https:\/\/worlddancemovement.com\/fr\/wp-json\/wp\/v2\/product_brand?post=4894"},{"taxonomy":"product_cat","embeddable":true,"href":"https:\/\/worlddancemovement.com\/fr\/wp-json\/wp\/v2\/product_cat?post=4894"},{"taxonomy":"product_tag","embeddable":true,"href":"https:\/\/worlddancemovement.com\/fr\/wp-json\/wp\/v2\/product_tag?post=4894"},{"taxonomy":"wpstream_actors","embeddable":true,"href":"https:\/\/worlddancemovement.com\/fr\/wp-json\/wp\/v2\/wpstream_actors?post=4894"},{"taxonomy":"wpstream_category","embeddable":true,"href":"https:\/\/worlddancemovement.com\/fr\/wp-json\/wp\/v2\/wpstream_category?post=4894"},{"taxonomy":"wpstream_movie_rating","embeddable":true,"href":"https:\/\/worlddancemovement.com\/fr\/wp-json\/wp\/v2\/wpstream_movie_rating?post=4894"}],"curies":[{"name":"wp","href":"https:\/\/api.w.org\/{rel}","templated":true}]}}