{"id":10057,"date":"2022-08-17T00:33:14","date_gmt":"2022-08-17T00:33:14","guid":{"rendered":"https:\/\/worlddancemovement.com\/?page_id=10057"},"modified":"2023-10-05T23:56:30","modified_gmt":"2023-10-05T23:56:30","slug":"tyce-diorio","status":"publish","type":"page","link":"https:\/\/worlddancemovement.com\/it_it\/faculty-italy\/tyce-diorio\/","title":{"rendered":"TYCE DIORIO"},"content":{"rendered":"<div data-elementor-type=\"wp-page\" data-elementor-id=\"10057\" class=\"elementor elementor-10057\" data-elementor-post-type=\"page\">\n\t\t\t\t\t\t<section class=\"elementor-section elementor-top-section elementor-element elementor-element-94ec49d elementor-section-full_width elementor-section-height-min-height elementor-section-height-default elementor-section-items-middle\" data-id=\"94ec49d\" data-element_type=\"section\" data-e-type=\"section\" data-settings=\"{&quot;background_background&quot;:&quot;classic&quot;}\">\n\t\t\t\t\t\t\t<div class=\"elementor-background-overlay\"><\/div>\n\t\t\t\t\t\t\t<div class=\"elementor-container elementor-column-gap-no\">\n\t\t\t\t\t<div class=\"elementor-column elementor-col-100 elementor-top-column elementor-element elementor-element-8268956\" data-id=\"8268956\" data-element_type=\"column\" data-e-type=\"column\">\n\t\t\t<div class=\"elementor-widget-wrap elementor-element-populated\">\n\t\t\t\t\t\t<div class=\"elementor-element elementor-element-5016628 elementor-widget elementor-widget-heading\" data-id=\"5016628\" data-element_type=\"widget\" data-e-type=\"widget\" data-widget_type=\"heading.default\">\n\t\t\t\t<div class=\"elementor-widget-container\">\n\t\t\t\t\t<h2 class=\"elementor-heading-title elementor-size-default\">TYCE DIORIO<\/h2>\t\t\t\t<\/div>\n\t\t\t\t<\/div>\n\t\t\t\t<div class=\"elementor-element elementor-element-a86216f elementor-widget-divider--view-line elementor-widget elementor-widget-divider\" data-id=\"a86216f\" data-element_type=\"widget\" data-e-type=\"widget\" data-widget_type=\"divider.default\">\n\t\t\t\t<div class=\"elementor-widget-container\">\n\t\t\t\t\t\t\t<div class=\"elementor-divider\">\n\t\t\t<span class=\"elementor-divider-separator\">\n\t\t\t\t\t\t<\/span>\n\t\t<\/div>\n\t\t\t\t\t\t<\/div>\n\t\t\t\t<\/div>\n\t\t\t\t\t<\/div>\n\t\t<\/div>\n\t\t\t\t\t<\/div>\n\t\t<\/section>\n\t\t\t\t<section class=\"elementor-section elementor-top-section elementor-element elementor-element-a2d6cca elementor-section-full_width elementor-section-height-default elementor-section-height-default\" data-id=\"a2d6cca\" data-element_type=\"section\" data-e-type=\"section\">\n\t\t\t\t\t\t<div class=\"elementor-container elementor-column-gap-default\">\n\t\t\t\t\t<div class=\"elementor-column elementor-col-100 elementor-top-column elementor-element elementor-element-a45c6d3\" data-id=\"a45c6d3\" data-element_type=\"column\" data-e-type=\"column\">\n\t\t\t<div class=\"elementor-widget-wrap elementor-element-populated\">\n\t\t\t\t\t\t<div class=\"elementor-element elementor-element-f854b1f elementor-widget elementor-widget-heading\" data-id=\"f854b1f\" data-element_type=\"widget\" data-e-type=\"widget\" data-widget_type=\"heading.default\">\n\t\t\t\t<div class=\"elementor-widget-container\">\n\t\t\t\t\t<h2 class=\"elementor-heading-title elementor-size-default\">Tyce Diorio \u2013 Los Angeles, California (Stati Uniti)\n<\/h2>\t\t\t\t<\/div>\n\t\t\t\t<\/div>\n\t\t\t\t\t<\/div>\n\t\t<\/div>\n\t\t\t\t\t<\/div>\n\t\t<\/section>\n\t\t\t\t<section class=\"elementor-section elementor-top-section elementor-element elementor-element-f5b32bd elementor-section-full_width elementor-section-height-default elementor-section-height-default\" data-id=\"f5b32bd\" data-element_type=\"section\" data-e-type=\"section\">\n\t\t\t\t\t\t<div class=\"elementor-container elementor-column-gap-default\">\n\t\t\t\t\t<div class=\"elementor-column elementor-col-100 elementor-top-column elementor-element elementor-element-5014bc3\" data-id=\"5014bc3\" data-element_type=\"column\" data-e-type=\"column\">\n\t\t\t<div class=\"elementor-widget-wrap elementor-element-populated\">\n\t\t\t\t\t\t<div class=\"elementor-element elementor-element-714f52d elementor-widget elementor-widget-text-editor\" data-id=\"714f52d\" data-element_type=\"widget\" data-e-type=\"widget\" data-widget_type=\"text-editor.default\">\n\t\t\t\t<div class=\"elementor-widget-container\">\n\t\t\t\t\t\t\t\t\t<h4>CLASSE:<\/h4><p>Fusione Contemporanea<\/p><ul><li>La pi\u00f9 grande passione di Tyce Diorio nella vita \u00e8 raccontare storie attraverso la danza. Il suo entusiasmo e amore per questa forma d&#039;arte lo hanno portato a coreografare opere pluripremiate per la televisione, il cinema e il teatro. Essendo uno dei coreografi pi\u00f9 riconoscibili dello show di successo della Fox Television, \u201cSo You Think You Can Dance\u201d, dove \u00e8 stato anche giudice ospite per sei stagioni, Diorio \u00e8 diventato noto come uno dei coreografi pi\u00f9 versatili del settore. In quanto innovatore dietro gli album Red, 1989 e Reputation di Taylor Swift, le esibizioni dal vivo e i tour mondiali, Tyce \u00e8 diventato uno dei coreografi pi\u00f9 ricercati di Hollywood, contando &quot;Shake it Off&quot; e &quot;Look What You Made Me Do&quot;. &quot;video musicali come alcuni dei suoi lavori pi\u00f9 popolari.<\/li><li>La conoscenza di Diorio della storia della danza e la capacit\u00e0 di portare il pubblico in un viaggio sono diventate parte del suo stile distintivo, guadagnandosi il rispetto dei suoi colleghi e un ambito Emmy\u00ae Award. Continua ad evolversi nei mezzi della televisione, dei concerti, degli spot pubblicitari e dei film, rimanendo al passo con i cambiamenti del mercato e lasciando il segno come trend setter. La sua capacit\u00e0 di navigare tra generi diversi come i video di &quot;Greenlight&quot; di Lorde e &quot;Can&#039;t Feel My Face&quot; di The Weeknd, fino a programmi televisivi come Grey&#039;s Anatomy e Drop Dead Diva, fino a film come il sequel di prossima uscita di &quot;High Strung \u201dfilm di danza, parla della sua creativit\u00e0.\u00a0<\/li><li>Ha completato la sua carriera coreografando spot pubblicitari nazionali per Nike, I Can&#039;t Believe It&#039;s Not Butter, Gillette e molti altri, e programmi TV che includono Drop Dead Diva, Carrie Underwood&#039;s Christmas Special, Bones, Grey&#039;s Anatomy, American Idol, e Ballando con le stelle con l&#039;incomparabile Annie Lennox e Jewel.<\/li><li>Tyce ha un talento unico nel coltivare l&#039;affinit\u00e0 con gli attori con cui lavora e ha avuto grande successo come coach e coreografo per celebrit\u00e0 come Cameron Diaz, Megan Mullally, Katie Holmes, Christina Applegate, Tom Cruise, Queen Latifah, Tobey Maguire e Laverne Cox. La sua esperienza come ballerino professionista, lavorando con alcuni degli artisti pi\u00f9 iconici della musica tra cui Janet Jackson, Jennifer Lopez, Ricky Martin, Mya, *NSYNC, Paula Abdul, Kelly Osbourne e Toni Braxton, gli ha fornito una profonda conoscenza di base da cui partire.<\/li><li>Broadway \u00e8 stato il primo amore di Tyce e, da adolescente e appassionato appassionato, \u00e8 probabile che abbia visto tutti gli spettacoli mai prodotti, a volte vedendo i suoi preferiti fino a dieci volte. Lui stesso ha calcato il palco di Broadway negli spettacoli vincitori del Tony Award Chicago e Fosse, e continua a portare la sua competenza e il suo profondo affetto in ogni spettacolo dal vivo a cui d\u00e0 vita.<\/li><li>Diorio ha avuto l&#039;onore di coreografare \u201cSweet Smell Of Success\u201d dell&#039;Hudson&#039;s Theatre, un tributo a Marvin Hamlisch, con Lindsey Mendez e Jeremy Jordan. Pi\u00f9 recentemente, sta lavorando a &quot;Music City&quot;, un musical country moderno diretto da Mary Kate Burke, che debutter\u00e0 al Cape Fear Theatre nell&#039;autunno del 2018. Attende con impazienza il suo successo e si impegna ad espandere i confini del teatro e dell&#039;arte.<\/li><li>Le cose migliori di Tyce Diorio non sono la sua impareggiabile etica del lavoro o la sua indiscutibile passione per la danza, ma piuttosto il suo acuto senso dell&#039;umorismo e la capacit\u00e0 di non prendersi troppo sul serio. Il suo lavoro parla da solo. Coloro che conoscono, rispettano e amano Tyce canteranno le sue lodi ogni giorno.<\/li><\/ul>\t\t\t\t\t\t\t\t<\/div>\n\t\t\t\t<\/div>\n\t\t\t\t\t<\/div>\n\t\t<\/div>\n\t\t\t\t\t<\/div>\n\t\t<\/section>\n\t\t\t\t<\/div>","protected":false},"excerpt":{"rendered":"<p>TYCE DIORIO Tyce Diorio &#8211; Los Angeles, California (USA) CLASS: Contemporary Fusion Tyce Diorio\u2019s greatest passion in life is telling stories through dance. His enthusiasm and love of the art form have led him to choreograph award-winning works for television, film, and stage. As one of the most recognizable choreographers on Fox Television\u2019s hit show, [&hellip;]<\/p>\n","protected":false},"author":6,"featured_media":0,"parent":329,"menu_order":0,"comment_status":"closed","ping_status":"closed","template":"","meta":{"_acf_changed":false,"site-sidebar-layout":"no-sidebar","site-content-layout":"page-builder","ast-site-content-layout":"default","site-content-style":"default","site-sidebar-style":"default","ast-global-header-display":"","ast-banner-title-visibility":"","ast-main-header-display":"","ast-hfb-above-header-display":"","ast-hfb-below-header-display":"","ast-hfb-mobile-header-display":"","site-post-title":"disabled","ast-breadcrumbs-content":"","ast-featured-img":"disabled","footer-sml-layout":"","ast-disable-related-posts":"","theme-transparent-header-meta":"default","adv-header-id-meta":"","stick-header-meta":"default","header-above-stick-meta":"","header-main-stick-meta":"","header-below-stick-meta":"","astra-migrate-meta-layouts":"default","ast-page-background-enabled":"default","ast-page-background-meta":{"desktop":{"background-color":"","background-image":"","background-repeat":"repeat","background-position":"center center","background-size":"auto","background-attachment":"scroll","background-type":"","background-media":"","overlay-type":"","overlay-color":"","overlay-opacity":"","overlay-gradient":""},"tablet":{"background-color":"","background-image":"","background-repeat":"repeat","background-position":"center center","background-size":"auto","background-attachment":"scroll","background-type":"","background-media":"","overlay-type":"","overlay-color":"","overlay-opacity":"","overlay-gradient":""},"mobile":{"background-color":"","background-image":"","background-repeat":"repeat","background-position":"center center","background-size":"auto","background-attachment":"scroll","background-type":"","background-media":"","overlay-type":"","overlay-color":"","overlay-opacity":"","overlay-gradient":""}},"ast-content-background-meta":{"desktop":{"background-color":"var(--ast-global-color-5)","background-image":"","background-repeat":"repeat","background-position":"center center","background-size":"auto","background-attachment":"scroll","background-type":"","background-media":"","overlay-type":"","overlay-color":"","overlay-opacity":"","overlay-gradient":""},"tablet":{"background-color":"var(--ast-global-color-5)","background-image":"","background-repeat":"repeat","background-position":"center center","background-size":"auto","background-attachment":"scroll","background-type":"","background-media":"","overlay-type":"","overlay-color":"","overlay-opacity":"","overlay-gradient":""},"mobile":{"background-color":"var(--ast-global-color-5)","background-image":"","background-repeat":"repeat","background-position":"center center","background-size":"auto","background-attachment":"scroll","background-type":"","background-media":"","overlay-type":"","overlay-color":"","overlay-opacity":"","overlay-gradient":""}},"footnotes":""},"class_list":["post-10057","page","type-page","status-publish","hentry"],"acf":[],"jetpack_sharing_enabled":true,"_links":{"self":[{"href":"https:\/\/worlddancemovement.com\/it_it\/wp-json\/wp\/v2\/pages\/10057","targetHints":{"allow":["GET"]}}],"collection":[{"href":"https:\/\/worlddancemovement.com\/it_it\/wp-json\/wp\/v2\/pages"}],"about":[{"href":"https:\/\/worlddancemovement.com\/it_it\/wp-json\/wp\/v2\/types\/page"}],"author":[{"embeddable":true,"href":"https:\/\/worlddancemovement.com\/it_it\/wp-json\/wp\/v2\/users\/6"}],"replies":[{"embeddable":true,"href":"https:\/\/worlddancemovement.com\/it_it\/wp-json\/wp\/v2\/comments?post=10057"}],"version-history":[{"count":10,"href":"https:\/\/worlddancemovement.com\/it_it\/wp-json\/wp\/v2\/pages\/10057\/revisions"}],"predecessor-version":[{"id":13455,"href":"https:\/\/worlddancemovement.com\/it_it\/wp-json\/wp\/v2\/pages\/10057\/revisions\/13455"}],"up":[{"embeddable":true,"href":"https:\/\/worlddancemovement.com\/it_it\/wp-json\/wp\/v2\/pages\/329"}],"wp:attachment":[{"href":"https:\/\/worlddancemovement.com\/it_it\/wp-json\/wp\/v2\/media?parent=10057"}],"curies":[{"name":"parola chiave","href":"https:\/\/api.w.org\/{rel}","templated":true}]}}