{"id":12904,"date":"2023-09-26T17:33:02","date_gmt":"2023-09-26T17:33:02","guid":{"rendered":"https:\/\/worlddancemovement.com\/?page_id=12904"},"modified":"2026-02-21T00:23:07","modified_gmt":"2026-02-21T00:23:07","slug":"rws-global-auditions","status":"publish","type":"page","link":"https:\/\/worlddancemovement.com\/it_it\/rws-global-auditions\/","title":{"rendered":"AUDIZIONI RWS GLOBAL"},"content":{"rendered":"<div data-elementor-type=\"wp-page\" data-elementor-id=\"12904\" class=\"elementor elementor-12904\" data-elementor-post-type=\"page\">\n\t\t\t\t\t\t<section class=\"elementor-section elementor-top-section elementor-element elementor-element-3a1c807 elementor-section-full_width elementor-section-height-default elementor-section-height-default\" data-id=\"3a1c807\" data-element_type=\"section\" data-e-type=\"section\">\n\t\t\t\t\t\t<div class=\"elementor-container elementor-column-gap-default\">\n\t\t\t\t\t<div class=\"elementor-column elementor-col-100 elementor-top-column elementor-element elementor-element-b3ce9ab\" data-id=\"b3ce9ab\" data-element_type=\"column\" data-e-type=\"column\">\n\t\t\t<div class=\"elementor-widget-wrap elementor-element-populated\">\n\t\t\t\t\t\t<div class=\"elementor-element elementor-element-8ac59d4 elementor-widget elementor-widget-video\" data-id=\"8ac59d4\" data-element_type=\"widget\" data-e-type=\"widget\" data-settings=\"{&quot;video_type&quot;:&quot;hosted&quot;,&quot;controls&quot;:&quot;yes&quot;}\" data-widget_type=\"video.default\">\n\t\t\t\t<div class=\"elementor-widget-container\">\n\t\t\t\t\t\t\t<div class=\"e-hosted-video elementor-wrapper elementor-open-inline\">\n\t\t\t\t\t<video class=\"elementor-video\" src=\"https:\/\/worlddancemovement.com\/wp-content\/uploads\/2026\/02\/WDM-Casting-Sizzle.mov\" controls=\"\" preload=\"metadata\" controlslist=\"nodownload\"><\/video>\n\t\t\t\t<\/div>\n\t\t\t\t\t\t<\/div>\n\t\t\t\t<\/div>\n\t\t\t\t<div class=\"elementor-element elementor-element-e75d4d6 elementor-widget elementor-widget-heading\" data-id=\"e75d4d6\" data-element_type=\"widget\" data-e-type=\"widget\" data-widget_type=\"heading.default\">\n\t\t\t\t<div class=\"elementor-widget-container\">\n\t\t\t\t\t<h2 class=\"elementor-heading-title elementor-size-medium\">WDM ITALIA - Il Festival Internazionale  2026 - CASTING \"In presenza\"<\/h2>\t\t\t\t<\/div>\n\t\t\t\t<\/div>\n\t\t\t\t<div class=\"elementor-element elementor-element-febdb13 elementor-widget-divider--view-line_icon elementor-view-default elementor-widget-divider--element-align-center elementor-widget elementor-widget-divider\" data-id=\"febdb13\" data-element_type=\"widget\" data-e-type=\"widget\" data-widget_type=\"divider.default\">\n\t\t\t\t<div class=\"elementor-widget-container\">\n\t\t\t\t\t\t\t<div class=\"elementor-divider\">\n\t\t\t<span class=\"elementor-divider-separator\">\n\t\t\t\t\t\t\t<div class=\"elementor-icon elementor-divider__element\">\n\t\t\t\t\t<i aria-hidden=\"true\" class=\"fas fa-star-of-life\"><\/i><\/div>\n\t\t\t\t\t\t<\/span>\n\t\t<\/div>\n\t\t\t\t\t\t<\/div>\n\t\t\t\t<\/div>\n\t\t\t\t<div class=\"elementor-element elementor-element-04ccd3a elementor-widget__width-inherit elementor-widget elementor-widget-image-box\" data-id=\"04ccd3a\" data-element_type=\"widget\" data-e-type=\"widget\" data-widget_type=\"image-box.default\">\n\t\t\t\t<div class=\"elementor-widget-container\">\n\t\t\t\t\t<div class=\"elementor-image-box-wrapper\"><div class=\"elementor-image-box-content\"><h3 class=\"elementor-image-box-title\">LA DESTINAZIONE LEADER MONDIALE PER I TALENTI <\/h3><p class=\"elementor-image-box-description\">Un ruolo apre le porte al tuo futuro. Il tuo primo incarico presso RWS Global \u00e8 la porta d&#039;accesso a un&#039;intera carriera. Sotto un unico tetto, troverai opportunit\u00e0 in parchi e resort, navi da crociera, spot televisivi, spettacoli di Broadway e altro ancora. Se hai le competenze e la motivazione necessarie, il tuo prossimo ruolo ti aspetta sempre.<\/p><\/div><\/div>\t\t\t\t<\/div>\n\t\t\t\t<\/div>\n\t\t\t\t<div class=\"elementor-element elementor-element-1fcd75b elementor-widget elementor-widget-image\" data-id=\"1fcd75b\" data-element_type=\"widget\" data-e-type=\"widget\" data-widget_type=\"image.default\">\n\t\t\t\t<div class=\"elementor-widget-container\">\n\t\t\t\t\t\t\t\t\t\t\t\t\t\t\t<img fetchpriority=\"high\" decoding=\"async\" width=\"1536\" height=\"640\" src=\"https:\/\/worlddancemovement.com\/wp-content\/uploads\/2026\/02\/World-Dance-Movement-1536x640.png\" class=\"attachment-1536x1536 size-1536x1536 wp-image-19685\" alt=\"\" srcset=\"https:\/\/worlddancemovement.com\/wp-content\/uploads\/2026\/02\/World-Dance-Movement-1536x640.png 1536w, https:\/\/worlddancemovement.com\/wp-content\/uploads\/2026\/02\/World-Dance-Movement-300x125.png 300w, https:\/\/worlddancemovement.com\/wp-content\/uploads\/2026\/02\/World-Dance-Movement-1024x427.png 1024w, https:\/\/worlddancemovement.com\/wp-content\/uploads\/2026\/02\/World-Dance-Movement-768x320.png 768w, https:\/\/worlddancemovement.com\/wp-content\/uploads\/2026\/02\/World-Dance-Movement-2048x853.png 2048w, https:\/\/worlddancemovement.com\/wp-content\/uploads\/2026\/02\/World-Dance-Movement-18x8.png 18w, https:\/\/worlddancemovement.com\/wp-content\/uploads\/2026\/02\/World-Dance-Movement-1320x550.png 1320w, https:\/\/worlddancemovement.com\/wp-content\/uploads\/2026\/02\/World-Dance-Movement-scaled.png 1200w\" sizes=\"(max-width: 1536px) 100vw, 1536px\" \/>\t\t\t\t\t\t\t\t\t\t\t\t\t\t\t<\/div>\n\t\t\t\t<\/div>\n\t\t\t\t<div class=\"elementor-element elementor-element-3a7e523 elementor-widget__width-initial elementor-widget elementor-widget-text-editor\" data-id=\"3a7e523\" data-element_type=\"widget\" data-e-type=\"widget\" data-widget_type=\"text-editor.default\">\n\t\t\t\t<div class=\"elementor-widget-container\">\n\t\t\t\t\t\t\t\t\t<p><strong>AERIALISTI<\/strong><\/p><ul><li>DATA: venerd\u00ec 10 luglio 2026<\/li><li>ORARIO: 10:00-13:00<\/li><li>DOVE: Palestra Comunale \u201dAngiulli\u201d, via Carlo Poerio, 31, 70013 Castellana Grotte (BA), Puglia<\/li><\/ul><p><strong>DANZATORI<\/strong><\/p><ul><li>DATA: sabato 11 luglio 2026<\/li><li>ORARIO: 10:00-13:00<\/li><li>DOVE: Palestra Comunale \u201dAngiulli\u201d, via Carlo Poerio, 31, 70013 Castellana Grotte (BA), Puglia<\/li><\/ul><p><strong>I direttori del casting globale di RWS esamineranno anche tutte le lezioni al WDM Italia 2026.<\/strong><\/p>\t\t\t\t\t\t\t\t<\/div>\n\t\t\t\t<\/div>\n\t\t\t\t<div class=\"elementor-element elementor-element-1fe1b73 elementor-widget-divider--view-line_icon elementor-view-default elementor-widget-divider--element-align-center elementor-widget elementor-widget-divider\" data-id=\"1fe1b73\" data-element_type=\"widget\" data-e-type=\"widget\" data-widget_type=\"divider.default\">\n\t\t\t\t<div class=\"elementor-widget-container\">\n\t\t\t\t\t\t\t<div class=\"elementor-divider\">\n\t\t\t<span class=\"elementor-divider-separator\">\n\t\t\t\t\t\t\t<div class=\"elementor-icon elementor-divider__element\">\n\t\t\t\t\t<i aria-hidden=\"true\" class=\"fas fa-star-of-life\"><\/i><\/div>\n\t\t\t\t\t\t<\/span>\n\t\t<\/div>\n\t\t\t\t\t\t<\/div>\n\t\t\t\t<\/div>\n\t\t\t\t<div class=\"elementor-element elementor-element-25d9718 elementor-widget elementor-widget-heading\" data-id=\"25d9718\" data-element_type=\"widget\" data-e-type=\"widget\" data-widget_type=\"heading.default\">\n\t\t\t\t<div class=\"elementor-widget-container\">\n\t\t\t\t\t<h2 class=\"elementor-heading-title elementor-size-default\">COME ISCRIVERSI<\/h2>\t\t\t\t<\/div>\n\t\t\t\t<\/div>\n\t\t\t\t<div class=\"elementor-element elementor-element-d5504ae elementor-widget elementor-widget-text-editor\" data-id=\"d5504ae\" data-element_type=\"widget\" data-e-type=\"widget\" data-widget_type=\"text-editor.default\">\n\t\t\t\t<div class=\"elementor-widget-container\">\n\t\t\t\t\t\t\t\t\t<h3><a href=\"https:\/\/forms.gle\/GV3beK1NB7oJohtP6\"><strong>CLICCA QUI PER EFFETTUARE L'ISCRIZIONE<\/strong><\/a><\/h3>\t\t\t\t\t\t\t\t<\/div>\n\t\t\t\t<\/div>\n\t\t\t\t<div class=\"elementor-element elementor-element-a0097c4 elementor-icon-list--layout-traditional elementor-list-item-link-full_width elementor-widget elementor-widget-icon-list\" data-id=\"a0097c4\" data-element_type=\"widget\" data-e-type=\"widget\" data-widget_type=\"icon-list.default\">\n\t\t\t\t<div class=\"elementor-widget-container\">\n\t\t\t\t\t\t\t<ul class=\"elementor-icon-list-items\">\n\t\t\t\t\t\t\t<li class=\"elementor-icon-list-item\">\n\t\t\t\t\t\t\t\t\t\t\t<span class=\"elementor-icon-list-icon\">\n\t\t\t\t\t\t\t<i aria-hidden=\"true\" class=\"fas fa-dot-circle\"><\/i>\t\t\t\t\t\t<\/span>\n\t\t\t\t\t\t\t\t\t\t<span class=\"elementor-icon-list-text\">Si prega di portare il proprio CV e foto all'audizione.<\/span>\n\t\t\t\t\t\t\t\t\t<\/li>\n\t\t\t\t\t\t\t\t<li class=\"elementor-icon-list-item\">\n\t\t\t\t\t\t\t\t\t\t\t<span class=\"elementor-icon-list-icon\">\n\t\t\t\t\t\t\t<i aria-hidden=\"true\" class=\"fas fa-dot-circle\"><\/i>\t\t\t\t\t\t<\/span>\n\t\t\t\t\t\t\t\t\t\t<span class=\"elementor-icon-list-text\">Et\u00e0 minima 18 anni. Sono freferiri esperienza teatrale o in eventi live.<\/span>\n\t\t\t\t\t\t\t\t\t<\/li>\n\t\t\t\t\t\t\t\t<li class=\"elementor-icon-list-item\">\n\t\t\t\t\t\t\t\t\t\t\t<span class=\"elementor-icon-list-icon\">\n\t\t\t\t\t\t\t<i aria-hidden=\"true\" class=\"fas fa-dot-circle\"><\/i>\t\t\t\t\t\t<\/span>\n\t\t\t\t\t\t\t\t\t\t<span class=\"elementor-icon-list-text\">L'audizione \u00e8 aperta a tutte le etnie e identit\u00e0 di genere.<\/span>\n\t\t\t\t\t\t\t\t\t<\/li>\n\t\t\t\t\t\t\t\t<li class=\"elementor-icon-list-item\">\n\t\t\t\t\t\t\t\t\t\t\t<span class=\"elementor-icon-list-icon\">\n\t\t\t\t\t\t\t<i aria-hidden=\"true\" class=\"fas fa-dot-circle\"><\/i>\t\t\t\t\t\t<\/span>\n\t\t\t\t\t\t\t\t\t\t<span class=\"elementor-icon-list-text\">SCADENZA per iscriversi alle audizioni RWS Global presso WDM Italia: 1 luglio 2026 per gli acrobati e 6 luglio 2026 per i ballerini.<\/span>\n\t\t\t\t\t\t\t\t\t<\/li>\n\t\t\t\t\t\t<\/ul>\n\t\t\t\t\t\t<\/div>\n\t\t\t\t<\/div>\n\t\t\t\t<div class=\"elementor-element elementor-element-2b7fca2 elementor-widget elementor-widget-heading\" data-id=\"2b7fca2\" data-element_type=\"widget\" data-e-type=\"widget\" data-widget_type=\"heading.default\">\n\t\t\t\t<div class=\"elementor-widget-container\">\n\t\t\t\t\t<h2 class=\"elementor-heading-title elementor-size-default\">INFORMAZIONI SULL'AUDIZIONE<\/h2>\t\t\t\t<\/div>\n\t\t\t\t<\/div>\n\t\t\t\t<div class=\"elementor-element elementor-element-56b257a elementor-list-item-link-full_width elementor-widget elementor-widget-icon-list\" data-id=\"56b257a\" data-element_type=\"widget\" data-e-type=\"widget\" data-widget_type=\"icon-list.default\">\n\t\t\t\t<div class=\"elementor-widget-container\">\n\t\t\t\t\t\t\t<ul class=\"elementor-icon-list-items\">\n\t\t\t\t\t\t\t<li class=\"elementor-icon-list-item\">\n\t\t\t\t\t\t\t\t\t\t\t<span class=\"elementor-icon-list-icon\">\n\t\t\t\t\t\t\t<i aria-hidden=\"true\" class=\"fas fa-dot-circle\"><\/i>\t\t\t\t\t\t<\/span>\n\t\t\t\t\t\t\t\t\t\t<span class=\"elementor-icon-list-text\">RWS Global collabora con World Dance Movement per scovare nuovi talenti emergenti.<\/span>\n\t\t\t\t\t\t\t\t\t<\/li>\n\t\t\t\t\t\t\t\t<li class=\"elementor-icon-list-item\">\n\t\t\t\t\t\t\t\t\t\t\t<span class=\"elementor-icon-list-icon\">\n\t\t\t\t\t\t\t<i aria-hidden=\"true\" class=\"fas fa-dot-circle\"><\/i>\t\t\t\t\t\t<\/span>\n\t\t\t\t\t\t\t\t\t\t<span class=\"elementor-icon-list-text\">Audizioni aperte per acrobati e ballerini. Consulta il programma delle audizioni per i dettagli.<\/span>\n\t\t\t\t\t\t\t\t\t<\/li>\n\t\t\t\t\t\t\t\t<li class=\"elementor-icon-list-item\">\n\t\t\t\t\t\t\t\t\t\t\t<span class=\"elementor-icon-list-icon\">\n\t\t\t\t\t\t\t<i aria-hidden=\"true\" class=\"fas fa-dot-circle\"><\/i>\t\t\t\t\t\t<\/span>\n\t\t\t\t\t\t\t\t\t\t<span class=\"elementor-icon-list-text\">RWS Global sta organizzando audizioni per la ricerca di artisti per \u2026 &amp; COMPANY a bordo della HOLLAND AMERICA LINE.<\/span>\n\t\t\t\t\t\t\t\t\t<\/li>\n\t\t\t\t\t\t\t\t<li class=\"elementor-icon-list-item\">\n\t\t\t\t\t\t\t\t\t\t\t<span class=\"elementor-icon-list-icon\">\n\t\t\t\t\t\t\t<i aria-hidden=\"true\" class=\"fas fa-dot-circle\"><\/i>\t\t\t\t\t\t<\/span>\n\t\t\t\t\t\t\t\t\t\t<span class=\"elementor-icon-list-text\">Si prega di notare che queste opportunit\u00e0 sono &quot;Produzioni di livello mondiale in tutto il mondo, sulla terraferma e in mare&quot;. \u00c8 richiesto lo spostamento.<\/span>\n\t\t\t\t\t\t\t\t\t<\/li>\n\t\t\t\t\t\t<\/ul>\n\t\t\t\t\t\t<\/div>\n\t\t\t\t<\/div>\n\t\t\t\t<div class=\"elementor-element elementor-element-7e1f6ac elementor-widget elementor-widget-heading\" data-id=\"7e1f6ac\" data-element_type=\"widget\" data-e-type=\"widget\" data-widget_type=\"heading.default\">\n\t\t\t\t<div class=\"elementor-widget-container\">\n\t\t\t\t\t<h2 class=\"elementor-heading-title elementor-size-default\"><b><u>RWS OFFRE<\/u><\/b><\/h2>\t\t\t\t<\/div>\n\t\t\t\t<\/div>\n\t\t\t\t<div class=\"elementor-element elementor-element-0554b1d elementor-icon-list--layout-traditional elementor-list-item-link-full_width elementor-widget elementor-widget-icon-list\" data-id=\"0554b1d\" data-element_type=\"widget\" data-e-type=\"widget\" data-widget_type=\"icon-list.default\">\n\t\t\t\t<div class=\"elementor-widget-container\">\n\t\t\t\t\t\t\t<ul class=\"elementor-icon-list-items\">\n\t\t\t\t\t\t\t<li class=\"elementor-icon-list-item\">\n\t\t\t\t\t\t\t\t\t\t\t<span class=\"elementor-icon-list-icon\">\n\t\t\t\t\t\t\t<i aria-hidden=\"true\" class=\"fas fa-dot-circle\"><\/i>\t\t\t\t\t\t<\/span>\n\t\t\t\t\t\t\t\t\t\t<span class=\"elementor-icon-list-text\">Date di inizio variabili fino al 2027.<\/span>\n\t\t\t\t\t\t\t\t\t<\/li>\n\t\t\t\t\t\t\t\t<li class=\"elementor-icon-list-item\">\n\t\t\t\t\t\t\t\t\t\t\t<span class=\"elementor-icon-list-icon\">\n\t\t\t\t\t\t\t<i aria-hidden=\"true\" class=\"fas fa-dot-circle\"><\/i>\t\t\t\t\t\t<\/span>\n\t\t\t\t\t\t\t\t\t\t<span class=\"elementor-icon-list-text\">Ambiente lavorativo professionale<\/span>\n\t\t\t\t\t\t\t\t\t<\/li>\n\t\t\t\t\t\t\t\t<li class=\"elementor-icon-list-item\">\n\t\t\t\t\t\t\t\t\t\t\t<span class=\"elementor-icon-list-icon\">\n\t\t\t\t\t\t\t<i aria-hidden=\"true\" class=\"fas fa-dot-circle\"><\/i>\t\t\t\t\t\t<\/span>\n\t\t\t\t\t\t\t\t\t\t<span class=\"elementor-icon-list-text\">Produzioni originali su palcoscenico, aeree, su ghiaccio e in acqua<\/span>\n\t\t\t\t\t\t\t\t\t<\/li>\n\t\t\t\t\t\t\t\t<li class=\"elementor-icon-list-item\">\n\t\t\t\t\t\t\t\t\t\t\t<span class=\"elementor-icon-list-icon\">\n\t\t\t\t\t\t\t<i aria-hidden=\"true\" class=\"fas fa-dot-circle\"><\/i>\t\t\t\t\t\t<\/span>\n\t\t\t\t\t\t\t\t\t\t<span class=\"elementor-icon-list-text\">Viaggio, alloggio, e stipendio competitivo<\/span>\n\t\t\t\t\t\t\t\t\t<\/li>\n\t\t\t\t\t\t\t\t<li class=\"elementor-icon-list-item\">\n\t\t\t\t\t\t\t\t\t\t\t<span class=\"elementor-icon-list-icon\">\n\t\t\t\t\t\t\t<i aria-hidden=\"true\" class=\"fas fa-dot-circle\"><\/i>\t\t\t\t\t\t<\/span>\n\t\t\t\t\t\t\t\t\t\t<span class=\"elementor-icon-list-text\">Tutti gli artisti devono avere un passaporto valido o avere la possibilit\u00e0 di richiederne uno.<\/span>\n\t\t\t\t\t\t\t\t\t<\/li>\n\t\t\t\t\t\t<\/ul>\n\t\t\t\t\t\t<\/div>\n\t\t\t\t<\/div>\n\t\t\t\t<div class=\"elementor-element elementor-element-31636e1 elementor-widget elementor-widget-text-editor\" data-id=\"31636e1\" data-element_type=\"widget\" data-e-type=\"widget\" data-widget_type=\"text-editor.default\">\n\t\t\t\t<div class=\"elementor-widget-container\">\n\t\t\t\t\t\t\t\t\t<p>Per maggiori informazioni su RWS, visita il sito:<a href=\"https:\/\/www.rwsglobal.com\/auditions-gigs\">\u00a0<strong>RWSGLOBAL.COM<\/strong><\/a><\/p>\t\t\t\t\t\t\t\t<\/div>\n\t\t\t\t<\/div>\n\t\t\t\t<div class=\"elementor-element elementor-element-9123da7 elementor-widget-divider--view-line_icon elementor-view-default elementor-widget-divider--element-align-center elementor-widget elementor-widget-divider\" data-id=\"9123da7\" data-element_type=\"widget\" data-e-type=\"widget\" data-widget_type=\"divider.default\">\n\t\t\t\t<div class=\"elementor-widget-container\">\n\t\t\t\t\t\t\t<div class=\"elementor-divider\">\n\t\t\t<span class=\"elementor-divider-separator\">\n\t\t\t\t\t\t\t<div class=\"elementor-icon elementor-divider__element\">\n\t\t\t\t\t<i aria-hidden=\"true\" class=\"fas fa-star-of-life\"><\/i><\/div>\n\t\t\t\t\t\t<\/span>\n\t\t<\/div>\n\t\t\t\t\t\t<\/div>\n\t\t\t\t<\/div>\n\t\t\t\t<div class=\"elementor-element elementor-element-b790ffe elementor-widget elementor-widget-heading\" data-id=\"b790ffe\" data-element_type=\"widget\" data-e-type=\"widget\" data-widget_type=\"heading.default\">\n\t\t\t\t<div class=\"elementor-widget-container\">\n\t\t\t\t\t<h4 class=\"elementor-heading-title elementor-size-default\">INFORMAZIONI PER GLI AERIALISTI:<\/h4>\t\t\t\t<\/div>\n\t\t\t\t<\/div>\n\t\t\t\t<div class=\"elementor-element elementor-element-d2aac6d elementor-widget elementor-widget-text-editor\" data-id=\"d2aac6d\" data-element_type=\"widget\" data-e-type=\"widget\" data-widget_type=\"text-editor.default\">\n\t\t\t\t<div class=\"elementor-widget-container\">\n\t\t\t\t\t\t\t\t\t<ul><li>RWS Global \u00e8 alla ricerca di acrobati esperti, con esperienza professionale in spettacoli teatrali (ad esempio, teatro, concerti, navi, ecc.). La versatilit\u00e0 nell&#039;uso degli attrezzi costituisce un plus.<\/li><li>Verrano forniti tessuti e cerchi durante l'audizione, masi pu\u00f2 scegliere di portare i propri.\u00a0<\/li><li style=\"font-size: 18px;\">Il WDM fornir\u00e0 3 tessuti. Lunghezza: 8 metri, certificazione Unicycle (Cerchi).<\/li><li>INFORMAZIONI SUI PUNTI DI SOSPENSIONE: una trave di sostegno (lunga 10 metri e alta 7 metri) con n. 3 punti.\u00a0<\/li><\/ul><p><em>Registrandoti all'audizione o inviando i tuoi materiali online riconosci di essere pronto e disposto a svolgere i compiti fisici del ruolo per il quale stai facendo l'audizione. Ci\u00f2 pu\u00f2 includere, senza limitazioni, il sollevamento di pesi fino a 50 libbre, lo svolgimento di attivit\u00e0 fisica durante l'orario di lavoro e il lavoro in un ambiente frenetico che richiede elevati livelli di adattabilit\u00e0. Inoltre, riconosci che il ruolo potrebbe richiedere di imparare e implementare coreografie ed elementi di spettacolo\/sceneggiatura in brevi periodi di tempo senza assistenza.\u00a0<\/em><\/p>\t\t\t\t\t\t\t\t<\/div>\n\t\t\t\t<\/div>\n\t\t\t\t<div class=\"elementor-element elementor-element-f07e62c elementor-widget elementor-widget-heading\" data-id=\"f07e62c\" data-element_type=\"widget\" data-e-type=\"widget\" data-widget_type=\"heading.default\">\n\t\t\t\t<div class=\"elementor-widget-container\">\n\t\t\t\t\t<h4 class=\"elementor-heading-title elementor-size-default\">INFORMAZIONI PER I DANZATORI:<\/h4>\t\t\t\t<\/div>\n\t\t\t\t<\/div>\n\t\t\t\t<div class=\"elementor-element elementor-element-a5aebb8 elementor-widget elementor-widget-text-editor\" data-id=\"a5aebb8\" data-element_type=\"widget\" data-e-type=\"widget\" data-widget_type=\"text-editor.default\">\n\t\t\t\t<div class=\"elementor-widget-container\">\n\t\t\t\t\t\t\t\t\t<ul><li>RWS \u00e8 alla ricerca di danzatori  forti, professionali, esperti e versatili dai 18 anni in su con stili che includono contemporaneo, jazz, danza teatrale, showgirl e hip hop<\/li><li>I candidati devono essere disponibili e disposti a viaggiare a livello internazionale<\/li><li>Tutti i candidati all&#039;audizione si presenteranno alle 10:00.\u00a0<\/li><li>I dettagli sull'audizione e i link verranno inviati via email dopo l'iscrizione<\/li><li>Arrivare gi\u00e0 riscaldati e pronti a danzare\u00a0<\/li><li>Portare CV con allegato foto\u00a0<\/li><li>Indossare abiti aderenti che mostrino linee ed estetica\u00a0<\/li><li>Portare scarpe da jazz e danza classica. Gli artisti che si identificano come donne devono porte anche scarpe col tacco<\/li><\/ul><div><em>Registrandoti all&#039;audizione o inviando il tuo materiale online, dichiari di essere pronto e disposto a svolgere le mansioni fisiche richieste per il ruolo per cui ti stai candidando. Queste possono includere, a titolo esemplificativo ma non esaustivo, sollevare pesi fino a 22,5 kg, svolgere attivit\u00e0 fisica durante l&#039;orario di lavoro e lavorare in un ambiente frenetico che richiede elevati livelli di adattabilit\u00e0. Inoltre, riconosci che il ruolo potrebbe richiedere di apprendere e implementare elementi coreografici e di spettacolo\/sceneggiatura in tempi brevi e senza assistenza.<\/em><\/div>\t\t\t\t\t\t\t\t<\/div>\n\t\t\t\t<\/div>\n\t\t\t\t<div class=\"elementor-element elementor-element-85a770f elementor-widget-divider--view-line_icon elementor-view-default elementor-widget-divider--element-align-center elementor-widget elementor-widget-divider\" data-id=\"85a770f\" data-element_type=\"widget\" data-e-type=\"widget\" data-widget_type=\"divider.default\">\n\t\t\t\t<div class=\"elementor-widget-container\">\n\t\t\t\t\t\t\t<div class=\"elementor-divider\">\n\t\t\t<span class=\"elementor-divider-separator\">\n\t\t\t\t\t\t\t<div class=\"elementor-icon elementor-divider__element\">\n\t\t\t\t\t<i aria-hidden=\"true\" class=\"fas fa-star-of-life\"><\/i><\/div>\n\t\t\t\t\t\t<\/span>\n\t\t<\/div>\n\t\t\t\t\t\t<\/div>\n\t\t\t\t<\/div>\n\t\t\t\t\t<\/div>\n\t\t<\/div>\n\t\t\t\t\t<\/div>\n\t\t<\/section>\n\t\t\t\t<\/div>","protected":false},"excerpt":{"rendered":"<p>https:\/\/worlddancemovement.com\/wp-content\/uploads\/2026\/02\/WDM-Casting-Sizzle.mov WDM ITALY &#8211; The International Festival 2026 &#8211; OPEN &#8220;In person&#8221; CASTING CALL THE LEADING GLOBAL DESTINATION FOR TALENT One role unlocks your future. Your first gig at RWS Global is a doorway to a whole career. Under one umbrella, you\u2019ll find opportunities in parks and resorts, cruise ships, TV commercials, Broadway shows and [&hellip;]<\/p>\n","protected":false},"author":6,"featured_media":0,"parent":0,"menu_order":0,"comment_status":"closed","ping_status":"closed","template":"","meta":{"_acf_changed":false,"site-sidebar-layout":"no-sidebar","site-content-layout":"page-builder","ast-site-content-layout":"default","site-content-style":"default","site-sidebar-style":"default","ast-global-header-display":"","ast-banner-title-visibility":"","ast-main-header-display":"","ast-hfb-above-header-display":"","ast-hfb-below-header-display":"","ast-hfb-mobile-header-display":"","site-post-title":"disabled","ast-breadcrumbs-content":"","ast-featured-img":"disabled","footer-sml-layout":"","ast-disable-related-posts":"","theme-transparent-header-meta":"default","adv-header-id-meta":"","stick-header-meta":"default","header-above-stick-meta":"","header-main-stick-meta":"","header-below-stick-meta":"","astra-migrate-meta-layouts":"default","ast-page-background-enabled":"default","ast-page-background-meta":{"desktop":{"background-color":"","background-image":"","background-repeat":"repeat","background-position":"center center","background-size":"auto","background-attachment":"scroll","background-type":"","background-media":"","overlay-type":"","overlay-color":"","overlay-opacity":"","overlay-gradient":""},"tablet":{"background-color":"","background-image":"","background-repeat":"repeat","background-position":"center center","background-size":"auto","background-attachment":"scroll","background-type":"","background-media":"","overlay-type":"","overlay-color":"","overlay-opacity":"","overlay-gradient":""},"mobile":{"background-color":"","background-image":"","background-repeat":"repeat","background-position":"center center","background-size":"auto","background-attachment":"scroll","background-type":"","background-media":"","overlay-type":"","overlay-color":"","overlay-opacity":"","overlay-gradient":""}},"ast-content-background-meta":{"desktop":{"background-color":"var(--ast-global-color-5)","background-image":"","background-repeat":"repeat","background-position":"center center","background-size":"auto","background-attachment":"scroll","background-type":"","background-media":"","overlay-type":"","overlay-color":"","overlay-opacity":"","overlay-gradient":""},"tablet":{"background-color":"var(--ast-global-color-5)","background-image":"","background-repeat":"repeat","background-position":"center center","background-size":"auto","background-attachment":"scroll","background-type":"","background-media":"","overlay-type":"","overlay-color":"","overlay-opacity":"","overlay-gradient":""},"mobile":{"background-color":"var(--ast-global-color-5)","background-image":"","background-repeat":"repeat","background-position":"center center","background-size":"auto","background-attachment":"scroll","background-type":"","background-media":"","overlay-type":"","overlay-color":"","overlay-opacity":"","overlay-gradient":""}},"footnotes":""},"class_list":["post-12904","page","type-page","status-publish","hentry"],"acf":[],"jetpack_sharing_enabled":true,"_links":{"self":[{"href":"https:\/\/worlddancemovement.com\/it_it\/wp-json\/wp\/v2\/pages\/12904","targetHints":{"allow":["GET"]}}],"collection":[{"href":"https:\/\/worlddancemovement.com\/it_it\/wp-json\/wp\/v2\/pages"}],"about":[{"href":"https:\/\/worlddancemovement.com\/it_it\/wp-json\/wp\/v2\/types\/page"}],"author":[{"embeddable":true,"href":"https:\/\/worlddancemovement.com\/it_it\/wp-json\/wp\/v2\/users\/6"}],"replies":[{"embeddable":true,"href":"https:\/\/worlddancemovement.com\/it_it\/wp-json\/wp\/v2\/comments?post=12904"}],"version-history":[{"count":10,"href":"https:\/\/worlddancemovement.com\/it_it\/wp-json\/wp\/v2\/pages\/12904\/revisions"}],"predecessor-version":[{"id":19688,"href":"https:\/\/worlddancemovement.com\/it_it\/wp-json\/wp\/v2\/pages\/12904\/revisions\/19688"}],"wp:attachment":[{"href":"https:\/\/worlddancemovement.com\/it_it\/wp-json\/wp\/v2\/media?parent=12904"}],"curies":[{"name":"parola chiave","href":"https:\/\/api.w.org\/{rel}","templated":true}]}}