{"id":13777,"date":"2023-10-20T00:38:09","date_gmt":"2023-10-20T00:38:09","guid":{"rendered":"https:\/\/worlddancemovement.com\/?page_id=13777"},"modified":"2024-05-15T16:08:39","modified_gmt":"2024-05-15T16:08:39","slug":"humanhood-2","status":"publish","type":"page","link":"https:\/\/worlddancemovement.com\/it_it\/faculty-italy\/humanhood-2\/","title":{"rendered":"UMANI"},"content":{"rendered":"<div data-elementor-type=\"wp-page\" data-elementor-id=\"13777\" class=\"elementor elementor-13777\" data-elementor-post-type=\"page\">\n\t\t\t\t\t\t<section class=\"elementor-section elementor-top-section elementor-element elementor-element-94ec49d elementor-section-full_width elementor-section-height-min-height elementor-section-height-default elementor-section-items-middle\" data-id=\"94ec49d\" data-element_type=\"section\" data-e-type=\"section\" data-settings=\"{&quot;background_background&quot;:&quot;classic&quot;}\">\n\t\t\t\t\t\t\t<div class=\"elementor-background-overlay\"><\/div>\n\t\t\t\t\t\t\t<div class=\"elementor-container elementor-column-gap-no\">\n\t\t\t\t\t<div class=\"elementor-column elementor-col-100 elementor-top-column elementor-element elementor-element-8268956\" data-id=\"8268956\" data-element_type=\"column\" data-e-type=\"column\">\n\t\t\t<div class=\"elementor-widget-wrap elementor-element-populated\">\n\t\t\t\t\t\t<div class=\"elementor-element elementor-element-5016628 elementor-widget elementor-widget-heading\" data-id=\"5016628\" data-element_type=\"widget\" data-e-type=\"widget\" data-widget_type=\"heading.default\">\n\t\t\t\t<div class=\"elementor-widget-container\">\n\t\t\t\t\t<h2 class=\"elementor-heading-title elementor-size-default\">HUMANHOOD - Romee van de Meent<br><\/h2>\t\t\t\t<\/div>\n\t\t\t\t<\/div>\n\t\t\t\t<div class=\"elementor-element elementor-element-a86216f elementor-widget-divider--view-line elementor-widget elementor-widget-divider\" data-id=\"a86216f\" data-element_type=\"widget\" data-e-type=\"widget\" data-widget_type=\"divider.default\">\n\t\t\t\t<div class=\"elementor-widget-container\">\n\t\t\t\t\t\t\t<div class=\"elementor-divider\">\n\t\t\t<span class=\"elementor-divider-separator\">\n\t\t\t\t\t\t<\/span>\n\t\t<\/div>\n\t\t\t\t\t\t<\/div>\n\t\t\t\t<\/div>\n\t\t\t\t\t<\/div>\n\t\t<\/div>\n\t\t\t\t\t<\/div>\n\t\t<\/section>\n\t\t\t\t<section class=\"elementor-section elementor-top-section elementor-element elementor-element-a2d6cca elementor-section-full_width elementor-section-height-default elementor-section-height-default\" data-id=\"a2d6cca\" data-element_type=\"section\" data-e-type=\"section\">\n\t\t\t\t\t\t<div class=\"elementor-container elementor-column-gap-default\">\n\t\t\t\t\t<div class=\"elementor-column elementor-col-100 elementor-top-column elementor-element elementor-element-a45c6d3\" data-id=\"a45c6d3\" data-element_type=\"column\" data-e-type=\"column\">\n\t\t\t<div class=\"elementor-widget-wrap elementor-element-populated\">\n\t\t\t\t\t\t<div class=\"elementor-element elementor-element-f854b1f elementor-widget elementor-widget-heading\" data-id=\"f854b1f\" data-element_type=\"widget\" data-e-type=\"widget\" data-widget_type=\"heading.default\">\n\t\t\t\t<div class=\"elementor-widget-container\">\n\t\t\t\t\t<h2 class=\"elementor-heading-title elementor-size-default\">HUMANHOOD - ROMEE VAN DE MEENT - \ud83c\uddec\ud83c\udde7 UK<br>LEZIONE: LABORATORIO COREOGRAFICO DI HUMANHOOD\n<\/h2>\t\t\t\t<\/div>\n\t\t\t\t<\/div>\n\t\t\t\t<div class=\"elementor-element elementor-element-6a167fb elementor-widget elementor-widget-gallery\" data-id=\"6a167fb\" data-element_type=\"widget\" data-e-type=\"widget\" data-settings=\"{&quot;gap&quot;:{&quot;unit&quot;:&quot;px&quot;,&quot;size&quot;:9,&quot;sizes&quot;:[]},&quot;lazyload&quot;:&quot;yes&quot;,&quot;gallery_layout&quot;:&quot;grid&quot;,&quot;columns&quot;:4,&quot;columns_tablet&quot;:2,&quot;columns_mobile&quot;:1,&quot;gap_tablet&quot;:{&quot;unit&quot;:&quot;px&quot;,&quot;size&quot;:10,&quot;sizes&quot;:[]},&quot;gap_mobile&quot;:{&quot;unit&quot;:&quot;px&quot;,&quot;size&quot;:10,&quot;sizes&quot;:[]},&quot;link_to&quot;:&quot;file&quot;,&quot;aspect_ratio&quot;:&quot;3:2&quot;,&quot;overlay_background&quot;:&quot;yes&quot;,&quot;content_hover_animation&quot;:&quot;fade-in&quot;}\" data-widget_type=\"gallery.default\">\n\t\t\t\t<div class=\"elementor-widget-container\">\n\t\t\t\t\t\t\t<div class=\"elementor-gallery__container\">\n\t\t\t\t\t\t\t<a class=\"e-gallery-item elementor-gallery-item elementor-animated-content\" href=\"https:\/\/worlddancemovement.com\/wp-content\/uploads\/2023\/10\/Romee-Van-De-Meent_-1x1-1.jpg\" data-elementor-open-lightbox=\"yes\" data-elementor-lightbox-slideshow=\"6a167fb\" data-elementor-lightbox-title=\"Romee Van De Meent_ 1x1\" data-e-action-hash=\"#elementor-action%3Aaction%3Dlightbox%26settings%3DeyJpZCI6MTM4MjIsInVybCI6Imh0dHBzOlwvXC93b3JsZGRhbmNlbW92ZW1lbnQuY29tXC93cC1jb250ZW50XC91cGxvYWRzXC8yMDIzXC8xMFwvUm9tZWUtVmFuLURlLU1lZW50Xy0xeDEtMS5qcGciLCJzbGlkZXNob3ciOiI2YTE2N2ZiIn0%3D\">\n\t\t\t\t\t<div class=\"e-gallery-image elementor-gallery-item__image\" data-thumbnail=\"https:\/\/worlddancemovement.com\/wp-content\/uploads\/2023\/10\/Romee-Van-De-Meent_-1x1-1.jpg\" data-width=\"1000\" data-height=\"1000\" aria-label=\"\" role=\"img\" ><\/div>\n\t\t\t\t\t\t\t\t\t\t\t<div class=\"elementor-gallery-item__overlay\"><\/div>\n\t\t\t\t\t\t\t\t\t\t\t\t\t\t<\/a>\n\t\t\t\t\t\t\t<a class=\"e-gallery-item elementor-gallery-item elementor-animated-content\" href=\"https:\/\/worlddancemovement.com\/wp-content\/uploads\/2023\/11\/Humanhood_Portraits_6841-scaled.jpg\" data-elementor-open-lightbox=\"yes\" data-elementor-lightbox-slideshow=\"6a167fb\" data-elementor-lightbox-title=\"Humanhood_Portraits_6841\" data-e-action-hash=\"#elementor-action%3Aaction%3Dlightbox%26settings%3DeyJpZCI6MTQxMjYsInVybCI6Imh0dHBzOlwvXC93b3JsZGRhbmNlbW92ZW1lbnQuY29tXC93cC1jb250ZW50XC91cGxvYWRzXC8yMDIzXC8xMVwvSHVtYW5ob29kX1BvcnRyYWl0c182ODQxLXNjYWxlZC5qcGciLCJzbGlkZXNob3ciOiI2YTE2N2ZiIn0%3D\">\n\t\t\t\t\t<div class=\"e-gallery-image elementor-gallery-item__image\" data-thumbnail=\"https:\/\/worlddancemovement.com\/wp-content\/uploads\/2023\/11\/Humanhood_Portraits_6841-731x1024.jpg\" data-width=\"731\" data-height=\"1024\" aria-label=\"\" role=\"img\" ><\/div>\n\t\t\t\t\t\t\t\t\t\t\t<div class=\"elementor-gallery-item__overlay\"><\/div>\n\t\t\t\t\t\t\t\t\t\t\t\t\t\t<\/a>\n\t\t\t\t\t\t\t<a class=\"e-gallery-item elementor-gallery-item elementor-animated-content\" href=\"https:\/\/worlddancemovement.com\/wp-content\/uploads\/2023\/10\/Humanhood2-scaled.jpg\" data-elementor-open-lightbox=\"yes\" data-elementor-lightbox-slideshow=\"6a167fb\" data-elementor-lightbox-title=\"Humanhood2\" data-e-action-hash=\"#elementor-action%3Aaction%3Dlightbox%26settings%3DeyJpZCI6MTM4MTksInVybCI6Imh0dHBzOlwvXC93b3JsZGRhbmNlbW92ZW1lbnQuY29tXC93cC1jb250ZW50XC91cGxvYWRzXC8yMDIzXC8xMFwvSHVtYW5ob29kMi1zY2FsZWQuanBnIiwic2xpZGVzaG93IjoiNmExNjdmYiJ9\">\n\t\t\t\t\t<div class=\"e-gallery-image elementor-gallery-item__image\" data-thumbnail=\"https:\/\/worlddancemovement.com\/wp-content\/uploads\/2023\/10\/Humanhood2-1024x910.jpg\" data-width=\"1024\" data-height=\"910\" aria-label=\"\" role=\"img\" ><\/div>\n\t\t\t\t\t\t\t\t\t\t\t<div class=\"elementor-gallery-item__overlay\"><\/div>\n\t\t\t\t\t\t\t\t\t\t\t\t\t\t<\/a>\n\t\t\t\t\t\t\t<a class=\"e-gallery-item elementor-gallery-item elementor-animated-content\" href=\"https:\/\/worlddancemovement.com\/wp-content\/uploads\/2023\/10\/Humanhood-scaled.jpg\" data-elementor-open-lightbox=\"yes\" data-elementor-lightbox-slideshow=\"6a167fb\" data-elementor-lightbox-title=\"Humanhood\" data-e-action-hash=\"#elementor-action%3Aaction%3Dlightbox%26settings%3DeyJpZCI6MTM4MTgsInVybCI6Imh0dHBzOlwvXC93b3JsZGRhbmNlbW92ZW1lbnQuY29tXC93cC1jb250ZW50XC91cGxvYWRzXC8yMDIzXC8xMFwvSHVtYW5ob29kLXNjYWxlZC5qcGciLCJzbGlkZXNob3ciOiI2YTE2N2ZiIn0%3D\">\n\t\t\t\t\t<div class=\"e-gallery-image elementor-gallery-item__image\" data-thumbnail=\"https:\/\/worlddancemovement.com\/wp-content\/uploads\/2023\/10\/Humanhood-576x1024.jpg\" data-width=\"576\" data-height=\"1024\" aria-label=\"\" role=\"img\" ><\/div>\n\t\t\t\t\t\t\t\t\t\t\t<div class=\"elementor-gallery-item__overlay\"><\/div>\n\t\t\t\t\t\t\t\t\t\t\t\t\t\t<\/a>\n\t\t\t\t\t<\/div>\n\t\t\t\t\t<\/div>\n\t\t\t\t<\/div>\n\t\t\t\t<div class=\"elementor-element elementor-element-54d4613 elementor-widget elementor-widget-text-editor\" data-id=\"54d4613\" data-element_type=\"widget\" data-e-type=\"widget\" data-widget_type=\"text-editor.default\">\n\t\t\t\t<div class=\"elementor-widget-container\">\n\t\t\t\t\t\t\t\t\t<h4><strong>Romee van de Meent<\/strong><\/h4><p>Romee van de Meent, dai Paesi Bassi, \u00e8 una danzatrice professionista entrata a far parte di HUMANHOOD nell'agosto 2021 e si \u00e8 esibita nelle produzioni della compagnia \u221e {Infinite} e Sphera. Ha tenuto laboratori in giro per l'Europa di persona e ha formato online molti professionisti come parte del programma di formazione per danzatori di HUMANHOOD.'<\/p><p>\u00a0<\/p><h4><strong>INFORMAZIONI SU HUMANHOOD<\/strong><\/h4><h4><strong>La Compagnia di Danza<\/strong><\/h4><p>'HUMANHOOD \u00e8 una compagnia di danza che esiste per aumentare la coscienza umana e il potenziale umano attraverso produzioni di danza mistiche e colossali, in tutto il mondo. Fondata e guidata artisticamente dai visionari e creativi Julia Robert e Rudi Cole, la compagnia sta tracciando un percorso radioso nella scena internazionale, creando meditazioni di teatro-danza dal potere energetico per la nuova era.<\/p><p>Con un impegno per la crescita personale e l&#039;espressione artistica, il lavoro di HUMANHOOD combina lo stile coreografico e l&#039;eccezionale fisicit\u00e0 di Julia e Rudi con la ricerca scientifica in fisica e astrofisica, insieme a un focus sul misticismo orientale, per esplorare come questi mondi apparentemente diversi possano unirsi per modellare il nostro esperienze umane.<\/p><p>Queste esplorazioni hanno portato gli artisti di tutto il mondo a lavorare con una vasta gamma di artisti multidisciplinari, praticanti spirituali, sciamani e trib\u00f9 indigene, per mettere in scena produzioni di alti livelli di complessit\u00e0 artistica e risonanza spirituale, fondendo suoni, luci e suoni che cambiano energia. movimento che trasporta il pubblico in un luogo oltre i sensi. L&#039;azienda collabora anche con scienziati, incluso il gruppo di ricerca del dipartimento di fisica e astrofisica dell&#039;Universit\u00e0 di Birmingham.<\/p>\t\t\t\t\t\t\t\t<\/div>\n\t\t\t\t<\/div>\n\t\t\t\t<div class=\"elementor-element elementor-element-0d5469a elementor-widget elementor-widget-video\" data-id=\"0d5469a\" data-element_type=\"widget\" data-e-type=\"widget\" data-settings=\"{&quot;youtube_url&quot;:&quot;https:\\\/\\\/www.youtube.com\\\/watch?v=NtzsMkZapRA&quot;,&quot;video_type&quot;:&quot;youtube&quot;,&quot;controls&quot;:&quot;yes&quot;}\" data-widget_type=\"video.default\">\n\t\t\t\t<div class=\"elementor-widget-container\">\n\t\t\t\t\t\t\t<div class=\"elementor-wrapper elementor-open-inline\">\n\t\t\t<div class=\"elementor-video\"><\/div>\t\t<\/div>\n\t\t\t\t\t\t<\/div>\n\t\t\t\t<\/div>\n\t\t\t\t<div class=\"elementor-element elementor-element-05cdd24 elementor-widget elementor-widget-text-editor\" data-id=\"05cdd24\" data-element_type=\"widget\" data-e-type=\"widget\" data-widget_type=\"text-editor.default\">\n\t\t\t\t<div class=\"elementor-widget-container\">\n\t\t\t\t\t\t\t\t\t<h4><strong>Coreografa\/Co-direttrice artistica \u2013 Julia Robert<\/strong><\/h4><p>Julia ha ballato fin da piccola su questo pianeta esprimendo la sua innata fluidit\u00e0 e grazia. Affascinata dalle meraviglie dell&#039;Universo, ha continuato a studiare Fisica presso l&#039;Universitat de Barcelona per un semestre. Tuttavia, si rese conto che questo percorso non era in linea con lo scopo della sua anima. Da quel momento, Julia ha spostato tutta la sua attenzione sulla danza, diplomandosi alla London Contemporary Dance School nel 2011 ed esibendosi in alcuni dei teatri pi\u00f9 rinomati del mondo. \u00c8 passata dalla teoria alla pratica, approfondendo questioni esistenziali e accedendo al movimento del corpo come portale verso stati di coscienza pi\u00f9 elevati. Il suo approccio olistico alla vita e al movimento l&#039;ha portata ad allenarsi in diverse modalit\u00e0 di guarigione ed energetiche tra cui la comunicazione animale, la bioneuroemozione, lo sciamanesimo tra molte altre.<\/p><h4><strong>Coreografo\/Co-direttore artistico \u2013 Rudi Cole<\/strong><\/h4><p>Proveniente da una famiglia di artisti con un innato senso per il ritmo, la musicalit\u00e0 e un occhio acuto per la qualit\u00e0 del movimento, Rudi ha identificato nella danza la sua passione fin dai suoi primi anni. Si \u00e8 diplomato alla Northern School of Contemporary Dance e ha avuto una carriera prolifica come ballerino professionista, inclusa l&#039;esibizione ai Giochi Olimpici di Londra del 2012. \u00c8 un devoto praticante delle arti marziali interne che fonde il potere energetico del corpo con la qualit\u00e0 del movimento della compagnia. La sua curiosit\u00e0 infantile lo ha portato a ricercare pratiche antiche e sciamaniche in tutto il mondo, espandendo il potenziale della fisicit\u00e0 umana.<\/p><h4><strong>Julia e Rudi (HUMANHOOD)<\/strong><\/h4><p>Julia e Rudi fondano HUMANHOOD nel 2016 con la visione di creare un movimento mondiale per l&#039;espansione della coscienza umana. Sin dalla creazione del loro primo duetto ZERO, hanno stabilito un chiaro linguaggio coreografico che esprime una sublime sensibilit\u00e0 spirituale dell&#039;UMANIT\u00c0 che ha portato l&#039;interesse e il seguito del settore della danza e non solo, comprese le comunit\u00e0 del benessere e olistiche. Il loro lavoro pluripremiato \u00e8 stato eseguito in alcune delle sedi pi\u00f9 prestigiose (Sadler&#039;s Wells e Mercat de les Flors) e festival (Festival Grec e Biennale di Venezia) nel mondo.<\/p><p>Insieme, sono anche i fondatori di weflowexperience.com, una piattaforma online che consente a persone di ogni provenienza di connettersi con il potere del movimento. Tengono anche ritiri e seminari di movimento olistico Weflow per coloro che desiderano connettersi con la propria essenza energetica e potere espressivo attraverso il movimento e la danza.\u00a0<\/p><p>Nel 2021, hanno iniziato a offrire programmi di coaching trasformativi online, condividendo le loro pratiche mistiche e guidando migliaia di individui creativi a realizzare la loro visione. Credono che sia giunto il momento per tutti di occupare il vero palcoscenico, il fondamento della Terra nella vita di tutti i giorni, e di diventare una luce nel futuro dell&#039;umanit\u00e0.<\/p><p>Il dottor Jean Houston, ricercatore leader nel campo delle capacit\u00e0 umane e uno dei pi\u00f9 importanti pensatori e operatori visionari del nostro tempo, afferma: <em>&quot;La coppia mistica... Julia e Rudi riportano le persone alla loro sostanza originale, al loro essere originale... sia attraverso la danza, sia attraverso le parole, sia attraverso la bellezza radicale che entrambi condividono insieme e individualmente.&quot;<\/em><\/p><h4><b>Per Uteriori Informazioni<\/b><\/h4><p><a href=\"https:\/\/www.weflowexperience.com\/\">SITO WEB DELL&#039;UMANIT\u00c0<\/a><\/p><p><a href=\"https:\/\/www.facebook.com\/groups\/embodyingyourtruepower\">PAGINA FACEBOOK DI HUMANHOOD<\/a><\/p><p><a href=\"https:\/\/www.instagram.com\/humanhooddanceco\/\">PAGINA INSTAGRAM DI HUMANHOOD<\/a><\/p><p><a href=\"https:\/\/www.instagram.com\/romeevdmeent\/\">INSTAGRAM DI ROMEE VAN DE MEENT<\/a><\/p>\t\t\t\t\t\t\t\t<\/div>\n\t\t\t\t<\/div>\n\t\t\t\t\t<\/div>\n\t\t<\/div>\n\t\t\t\t\t<\/div>\n\t\t<\/section>\n\t\t\t\t<\/div>","protected":false},"excerpt":{"rendered":"<p>HUMANHOOD &#8211; Romee van de Meent HUMANHOOD &#8211; ROMEE VAN DE MEENT &#8211; \ud83c\uddec\ud83c\udde7 UKCLASS: HUMANHOOD CHOREOGRAPHIC WORKSHOP Romee van de Meent Romee van de Meent, from the Netherlands, is a professional dancer who joined HUMANHOOD in August 2021, and has performed in the company&#8217;s productions \u221e {Infinite} and Sphera. She has delivered workshops around [&hellip;]<\/p>\n","protected":false},"author":6,"featured_media":0,"parent":329,"menu_order":0,"comment_status":"closed","ping_status":"closed","template":"","meta":{"_acf_changed":false,"site-sidebar-layout":"no-sidebar","site-content-layout":"page-builder","ast-site-content-layout":"default","site-content-style":"default","site-sidebar-style":"default","ast-global-header-display":"","ast-banner-title-visibility":"","ast-main-header-display":"","ast-hfb-above-header-display":"","ast-hfb-below-header-display":"","ast-hfb-mobile-header-display":"","site-post-title":"disabled","ast-breadcrumbs-content":"","ast-featured-img":"disabled","footer-sml-layout":"","ast-disable-related-posts":"","theme-transparent-header-meta":"default","adv-header-id-meta":"","stick-header-meta":"default","header-above-stick-meta":"","header-main-stick-meta":"","header-below-stick-meta":"","astra-migrate-meta-layouts":"default","ast-page-background-enabled":"default","ast-page-background-meta":{"desktop":{"background-color":"","background-image":"","background-repeat":"repeat","background-position":"center center","background-size":"auto","background-attachment":"scroll","background-type":"","background-media":"","overlay-type":"","overlay-color":"","overlay-opacity":"","overlay-gradient":""},"tablet":{"background-color":"","background-image":"","background-repeat":"repeat","background-position":"center center","background-size":"auto","background-attachment":"scroll","background-type":"","background-media":"","overlay-type":"","overlay-color":"","overlay-opacity":"","overlay-gradient":""},"mobile":{"background-color":"","background-image":"","background-repeat":"repeat","background-position":"center center","background-size":"auto","background-attachment":"scroll","background-type":"","background-media":"","overlay-type":"","overlay-color":"","overlay-opacity":"","overlay-gradient":""}},"ast-content-background-meta":{"desktop":{"background-color":"var(--ast-global-color-5)","background-image":"","background-repeat":"repeat","background-position":"center center","background-size":"auto","background-attachment":"scroll","background-type":"","background-media":"","overlay-type":"","overlay-color":"","overlay-opacity":"","overlay-gradient":""},"tablet":{"background-color":"var(--ast-global-color-5)","background-image":"","background-repeat":"repeat","background-position":"center center","background-size":"auto","background-attachment":"scroll","background-type":"","background-media":"","overlay-type":"","overlay-color":"","overlay-opacity":"","overlay-gradient":""},"mobile":{"background-color":"var(--ast-global-color-5)","background-image":"","background-repeat":"repeat","background-position":"center center","background-size":"auto","background-attachment":"scroll","background-type":"","background-media":"","overlay-type":"","overlay-color":"","overlay-opacity":"","overlay-gradient":""}},"footnotes":""},"class_list":["post-13777","page","type-page","status-publish","hentry"],"acf":[],"jetpack_sharing_enabled":true,"_links":{"self":[{"href":"https:\/\/worlddancemovement.com\/it_it\/wp-json\/wp\/v2\/pages\/13777","targetHints":{"allow":["GET"]}}],"collection":[{"href":"https:\/\/worlddancemovement.com\/it_it\/wp-json\/wp\/v2\/pages"}],"about":[{"href":"https:\/\/worlddancemovement.com\/it_it\/wp-json\/wp\/v2\/types\/page"}],"author":[{"embeddable":true,"href":"https:\/\/worlddancemovement.com\/it_it\/wp-json\/wp\/v2\/users\/6"}],"replies":[{"embeddable":true,"href":"https:\/\/worlddancemovement.com\/it_it\/wp-json\/wp\/v2\/comments?post=13777"}],"version-history":[{"count":10,"href":"https:\/\/worlddancemovement.com\/it_it\/wp-json\/wp\/v2\/pages\/13777\/revisions"}],"predecessor-version":[{"id":15583,"href":"https:\/\/worlddancemovement.com\/it_it\/wp-json\/wp\/v2\/pages\/13777\/revisions\/15583"}],"up":[{"embeddable":true,"href":"https:\/\/worlddancemovement.com\/it_it\/wp-json\/wp\/v2\/pages\/329"}],"wp:attachment":[{"href":"https:\/\/worlddancemovement.com\/it_it\/wp-json\/wp\/v2\/media?parent=13777"}],"curies":[{"name":"parola chiave","href":"https:\/\/api.w.org\/{rel}","templated":true}]}}