{"id":1574,"date":"2021-01-01T12:27:00","date_gmt":"2021-01-01T12:27:00","guid":{"rendered":"https:\/\/migrate.worlddancemovement.com\/?page_id=1574"},"modified":"2021-01-23T20:03:42","modified_gmt":"2021-01-23T20:03:42","slug":"sidi-larbi-cherkaoui","status":"publish","type":"page","link":"https:\/\/worlddancemovement.com\/it_it\/faculty\/sidi-larbi-cherkaoui\/","title":{"rendered":"Sidi Larbi Cherkaoui"},"content":{"rendered":"<div data-elementor-type=\"wp-page\" data-elementor-id=\"1574\" class=\"elementor elementor-1574\" data-elementor-post-type=\"page\">\n\t\t\t\t\t\t<section class=\"elementor-section elementor-top-section elementor-element elementor-element-94ec49d elementor-section-full_width elementor-section-height-min-height elementor-section-height-default elementor-section-items-middle\" data-id=\"94ec49d\" data-element_type=\"section\" data-e-type=\"section\" data-settings=\"{&quot;background_background&quot;:&quot;classic&quot;}\">\n\t\t\t\t\t\t\t<div class=\"elementor-background-overlay\"><\/div>\n\t\t\t\t\t\t\t<div class=\"elementor-container elementor-column-gap-no\">\n\t\t\t\t\t<div class=\"elementor-column elementor-col-100 elementor-top-column elementor-element elementor-element-8268956\" data-id=\"8268956\" data-element_type=\"column\" data-e-type=\"column\">\n\t\t\t<div class=\"elementor-widget-wrap elementor-element-populated\">\n\t\t\t\t\t\t<div class=\"elementor-element elementor-element-5016628 elementor-widget elementor-widget-heading\" data-id=\"5016628\" data-element_type=\"widget\" data-e-type=\"widget\" data-widget_type=\"heading.default\">\n\t\t\t\t<div class=\"elementor-widget-container\">\n\t\t\t\t\t<h2 class=\"elementor-heading-title elementor-size-default\">SIDI LARBI CHERKAOUI<\/h2>\t\t\t\t<\/div>\n\t\t\t\t<\/div>\n\t\t\t\t<div class=\"elementor-element elementor-element-a86216f elementor-widget-divider--view-line elementor-widget elementor-widget-divider\" data-id=\"a86216f\" data-element_type=\"widget\" data-e-type=\"widget\" data-widget_type=\"divider.default\">\n\t\t\t\t<div class=\"elementor-widget-container\">\n\t\t\t\t\t\t\t<div class=\"elementor-divider\">\n\t\t\t<span class=\"elementor-divider-separator\">\n\t\t\t\t\t\t<\/span>\n\t\t<\/div>\n\t\t\t\t\t\t<\/div>\n\t\t\t\t<\/div>\n\t\t\t\t\t<\/div>\n\t\t<\/div>\n\t\t\t\t\t<\/div>\n\t\t<\/section>\n\t\t\t\t<section class=\"elementor-section elementor-top-section elementor-element elementor-element-a2d6cca elementor-section-full_width elementor-section-height-default elementor-section-height-default\" data-id=\"a2d6cca\" data-element_type=\"section\" data-e-type=\"section\">\n\t\t\t\t\t\t<div class=\"elementor-container elementor-column-gap-default\">\n\t\t\t\t\t<div class=\"elementor-column elementor-col-100 elementor-top-column elementor-element elementor-element-a45c6d3\" data-id=\"a45c6d3\" data-element_type=\"column\" data-e-type=\"column\">\n\t\t\t<div class=\"elementor-widget-wrap elementor-element-populated\">\n\t\t\t\t\t\t<div class=\"elementor-element elementor-element-f854b1f elementor-widget elementor-widget-heading\" data-id=\"f854b1f\" data-element_type=\"widget\" data-e-type=\"widget\" data-widget_type=\"heading.default\">\n\t\t\t\t<div class=\"elementor-widget-container\">\n\t\t\t\t\t<h2 class=\"elementor-heading-title elementor-size-default\">WORKSHOP COREOGRAFICO - BELGIO \n\n\n\n\n\n\n\n<\/h2>\t\t\t\t<\/div>\n\t\t\t\t<\/div>\n\t\t\t\t<div class=\"elementor-element elementor-element-3947f8e elementor-widget elementor-widget-text-editor\" data-id=\"3947f8e\" data-element_type=\"widget\" data-e-type=\"widget\" data-widget_type=\"text-editor.default\">\n\t\t\t\t<div class=\"elementor-widget-container\">\n\t\t\t\t\t\t\t\t\t<p>Il debutto di Sidi Larbi Cherkaoui come coreografo \u00e8 avvenuto nel 1999 con il musical contemporaneo di Andrew Wale, Anonymous Society. Da allora ha realizzato oltre 50 pezzi coreografici a tutti gli effetti e ha vinto numerosi premi, tra cui due Olivier Awards, due premi Ballet Tanz come miglior coreografo (2008, 2011) e il Premio Kairos (2009) per la sua visione artistica e la sua ricerca del dialogo interculturale.<\/p><p>I primi pezzi di Cherkaoui sono stati realizzati presso Les Ballets C. de la B. \u2013 Rien de Rien (2000), Foi (2003) e Tempus Fugit (2004). Ha intrapreso progetti paralleli che hanno ampliato e consolidato la sua visione artistica; D&#039;avant (2002) con il partner artistico di lunga data Damien Jalet presso la compagnia Sasha Waltz &amp; Guest e Zero Degrees (2005) con Akram Khan. Ha lavorato con diversi teatri, teatri d&#039;opera e compagnie di balletto. Dal 2004 al 2009 Cherkaoui ha vissuto ad Anversa come artista residente presso Toneelhuis, che ha prodotto Myth (2007) e Origine (2008).<\/p><p>Nel 2008 Cherkaoui ha presentato in anteprima Sutra al Sadler&#039;s Wells. Questa pluripremiata collaborazione con l&#039;artista Antony Gormley e i monaci Shaolin continua a girare il mondo con grande successo di critica. Dopo il suo primo pezzo commissionato in Nord America, Orbo Novo (Cedar Lake Contemporary Ballet) e una serie di duetti come Faun (che ha debuttato al Sadler&#039;s Wells come parte di In the Spirit of Diaghilev) e Dunas con la ballerina di flamenco Mar\u00eda Pag\u00e9s (entrambi nel 2009 ), ha lanciato la propria compagnia Eastman, residente al deSingel International Arts Campus (Anversa)<\/p><p>La primavera del 2010 lo ha visto riunirsi con il coreografo Damien Jalet e Antony Gormley per realizzare Babel(words) che ha vinto un Olivier. Nello stesso anno ha creato Rein, un duetto con Guro Nagelhus Schia e Vebj\u00f8rn Sundby, cos\u00ec come Play, un duetto con la danseuse Kuchipudi Shantala Shivalingappa e Bound, un duetto per Shanell Winlock e Gregory Maqoma come parte di Southern Bound Comfort. Nel 2011 ha creato TeZukA e Labyrinth (per il Dutch National Ballet). Nel 2012 crea Puz\/zle, regalandogli un secondo Olivier. Quell&#039;anno ha anche collaborato con Joe Wright nel suo film Anna Karenina, per il quale Cherkaoui ha diretto la coreografia.<\/p><p>Il 2013 ha visto la prima di 4D e \u751f\u957fgenesis (Eastman), Bol\u00e9ro (co-creato con Damien Jalet e Marina Abramovi\u0107, per il Balletto dell&#039;Opera di Parigi) e m\u00a1longa (Sadler&#039;s Wells). Si \u00e8 riunito con Joe Wright per co-dirigere A Season in the Congo presso The Young Vic. Nel 2014 ha creato Noetic per la G\u00f6teborgsOperans Danskompani, Mercy (from Solo for Two) per Natalia Osipova e Ivan Vasiliev, che hanno rappresentato al London Coliseum e ha diretto la sua prima opera, Shell Shock, per La Monnaie, con musiche di Nicholas Obiettivo e testo di Nick Cave.<\/p><p>Nel 2015, Cherkaoui ha diretto la sua prima produzione teatrale Pluto, basata sulla pluripremiata serie manga di Naoki Urasawa e Takashi Nagasaki al Bunkamura di Tokyo, dando vita sul palco all&#039;amato personaggio manga Astro Boy, ed \u00e8 stato direttore del movimento per Lyndsey. L&#039;Amleto di Turner con Benedict Cumberbatch al Barbican Centre di Londra. Ha anche realizzato il trio Harbour Me commissionato dal LA Dance Project e ha coreografato un nuovo Firebird per lo Stuttgart Ballet. Nello stesso anno, Cherkaoui ha creato una nuova produzione Fractus V per la sua compagnia Eastman, nella quale si esibisce anche lui.<\/p><p>Dal 2015, Cherkaoui ha assunto il ruolo di direttore artistico presso il Royal Ballet of Flanders, dove ha creato Fall (2015), Pictures at an Exhibition (2016) e Requiem (2017). Unisce questa funzione al titolo di direttore artistico della Eastman e continua a creare nuovi lavori insieme all&#039;entourage artistico di questa compagnia, ad esempio Qutb (2016), un trio commissionato da Natalia Osipova, le opere Les Indes Galantes (2016) per la Bayerische Staatsoper e Satyagraha (2017) per il Theater Basel, Icon (2016) per la G\u00f6teborgsOperans Danskompani e Mosaic (2017) per la Martha Graham Dance Company. Sidi Larbi Cherkaoui \u00e8 anche artista associato presso Sadler&#039;s Wells, Londra.<\/p><p>Musica aggiuntiva<br \/>\u751f\u957fgenesi<\/p><p>Coreografia<br \/>Pell\u00e9as et M\u00e9lisande, Sirena, Memento Mori, Satyagraha, Qutb, Mosaico, Requiem, Icona, Les Indes Galantes, Babel 7.16, Esposizione, Fractus V, Der Feuervogel, Noetic, \u751f\u957fgenesis, Puz\/zle, m\u00a1longa, Bol\u00e9ro, 4D , G\u00f6tterd\u00e4mmerung, Apocrifu, Siegfried, D&#039;avant, Sutra, Tezuka, Babel(parole), Anna Karenina, Fauno, Dunas, Constellation, Automaton, Orbo Novo, Bound, Labyrinth, It 3.0, Das Rheingold, Foi, Myth, Rein, 49-jae, Adam&#039;s Appels, La casa delle belle addormentate, Origine, L&#039;homme De Bois, Intermezzo, La Zon-mai, End, Mea Culpa, Aleko, Corpus Bach, Zero Degrees, Some Girls Are Bigger Than Others, Loin, In Memoriam, Tempus Fugit, It, Ook, Rien de Rien, Afwezen (fatalidad), Anonymous Society, Michael Jackson ONE, Valtari<\/p><p>Coreografia e direzione<br \/>Scossa del guscio<\/p><p>Progettazione di costumi<br \/>Automa<\/p><p>Danza<br \/>Fractus V, Play, Apocrifu, D&#039;avant, Sutra, Dunas, It 3.0, La Zon-mai, Corpus Bach, Zero Degrees, Tempus Fugit, It, Rien de Rien, Iets Op Bach, Best Belgian Dancesolo<\/p><p>Direttore<br \/>Play, Bound, It 3.0, Foi, La Zon-mai, Zero Degrees, Tempus Fugit, Rien de Rien, Best Belgian Dancesolo<\/p><p>Composizione musicale<br \/>Fratto V<\/p><p>Scenografia<br \/>Satyagraha, Les Indes Galantes<\/p><p>Scenografia<br \/>Requiem, Fractus V, Puz\/zle, Mito, Tempus Fugit<\/p>\t\t\t\t\t\t\t\t<\/div>\n\t\t\t\t<\/div>\n\t\t\t\t\t<\/div>\n\t\t<\/div>\n\t\t\t\t\t<\/div>\n\t\t<\/section>\n\t\t\t\t<\/div>","protected":false},"excerpt":{"rendered":"<p>SIDI LARBI CHERKAOUI CHOREOGRAFIC WORKSHOP &#8211; BELGIUM Sidi Larbi Cherkaoui&#8217;s debut as a choreographer was in 1999 with Andrew Wale&#8217;s contemporary musical, Anonymous Society. Since then he has made over 50 full-fledged choreographic pieces and picked up a slew of awards, including two Olivier Awards, two Ballet Tanz awards for best choreographer (2008, 2011) and [&hellip;]<\/p>\n","protected":false},"author":6,"featured_media":0,"parent":1562,"menu_order":0,"comment_status":"closed","ping_status":"closed","template":"","meta":{"_acf_changed":false,"site-sidebar-layout":"no-sidebar","site-content-layout":"page-builder","ast-site-content-layout":"default","site-content-style":"default","site-sidebar-style":"default","ast-global-header-display":"","ast-banner-title-visibility":"","ast-main-header-display":"","ast-hfb-above-header-display":"","ast-hfb-below-header-display":"","ast-hfb-mobile-header-display":"","site-post-title":"disabled","ast-breadcrumbs-content":"","ast-featured-img":"disabled","footer-sml-layout":"","ast-disable-related-posts":"","theme-transparent-header-meta":"default","adv-header-id-meta":"","stick-header-meta":"default","header-above-stick-meta":"","header-main-stick-meta":"","header-below-stick-meta":"","astra-migrate-meta-layouts":"default","ast-page-background-enabled":"default","ast-page-background-meta":{"desktop":{"background-color":"","background-image":"","background-repeat":"repeat","background-position":"center center","background-size":"auto","background-attachment":"scroll","background-type":"","background-media":"","overlay-type":"","overlay-color":"","overlay-opacity":"","overlay-gradient":""},"tablet":{"background-color":"","background-image":"","background-repeat":"repeat","background-position":"center center","background-size":"auto","background-attachment":"scroll","background-type":"","background-media":"","overlay-type":"","overlay-color":"","overlay-opacity":"","overlay-gradient":""},"mobile":{"background-color":"","background-image":"","background-repeat":"repeat","background-position":"center center","background-size":"auto","background-attachment":"scroll","background-type":"","background-media":"","overlay-type":"","overlay-color":"","overlay-opacity":"","overlay-gradient":""}},"ast-content-background-meta":{"desktop":{"background-color":"var(--ast-global-color-5)","background-image":"","background-repeat":"repeat","background-position":"center center","background-size":"auto","background-attachment":"scroll","background-type":"","background-media":"","overlay-type":"","overlay-color":"","overlay-opacity":"","overlay-gradient":""},"tablet":{"background-color":"var(--ast-global-color-5)","background-image":"","background-repeat":"repeat","background-position":"center center","background-size":"auto","background-attachment":"scroll","background-type":"","background-media":"","overlay-type":"","overlay-color":"","overlay-opacity":"","overlay-gradient":""},"mobile":{"background-color":"var(--ast-global-color-5)","background-image":"","background-repeat":"repeat","background-position":"center center","background-size":"auto","background-attachment":"scroll","background-type":"","background-media":"","overlay-type":"","overlay-color":"","overlay-opacity":"","overlay-gradient":""}},"footnotes":""},"class_list":["post-1574","page","type-page","status-publish","hentry"],"acf":[],"jetpack_sharing_enabled":true,"_links":{"self":[{"href":"https:\/\/worlddancemovement.com\/it_it\/wp-json\/wp\/v2\/pages\/1574","targetHints":{"allow":["GET"]}}],"collection":[{"href":"https:\/\/worlddancemovement.com\/it_it\/wp-json\/wp\/v2\/pages"}],"about":[{"href":"https:\/\/worlddancemovement.com\/it_it\/wp-json\/wp\/v2\/types\/page"}],"author":[{"embeddable":true,"href":"https:\/\/worlddancemovement.com\/it_it\/wp-json\/wp\/v2\/users\/6"}],"replies":[{"embeddable":true,"href":"https:\/\/worlddancemovement.com\/it_it\/wp-json\/wp\/v2\/comments?post=1574"}],"version-history":[{"count":10,"href":"https:\/\/worlddancemovement.com\/it_it\/wp-json\/wp\/v2\/pages\/1574\/revisions"}],"predecessor-version":[{"id":3243,"href":"https:\/\/worlddancemovement.com\/it_it\/wp-json\/wp\/v2\/pages\/1574\/revisions\/3243"}],"up":[{"embeddable":true,"href":"https:\/\/worlddancemovement.com\/it_it\/wp-json\/wp\/v2\/pages\/1562"}],"wp:attachment":[{"href":"https:\/\/worlddancemovement.com\/it_it\/wp-json\/wp\/v2\/media?parent=1574"}],"curies":[{"name":"parola chiave","href":"https:\/\/api.w.org\/{rel}","templated":true}]}}