{"id":1658,"date":"2021-01-01T13:32:10","date_gmt":"2021-01-01T13:32:10","guid":{"rendered":"https:\/\/migrate.worlddancemovement.com\/?page_id=1658"},"modified":"2025-03-27T18:40:10","modified_gmt":"2025-03-27T18:40:10","slug":"eva-sanchez-martz","status":"publish","type":"page","link":"https:\/\/worlddancemovement.com\/it_it\/faculty\/eva-sanchez-martz\/","title":{"rendered":"EVA S\u00c1NCHEZ MARTZ"},"content":{"rendered":"<div data-elementor-type=\"wp-page\" data-elementor-id=\"1658\" class=\"elementor elementor-1658\" data-elementor-post-type=\"page\">\n\t\t\t\t\t\t<section class=\"elementor-section elementor-top-section elementor-element elementor-element-94ec49d elementor-section-full_width elementor-section-height-min-height elementor-section-height-default elementor-section-items-middle\" data-id=\"94ec49d\" data-element_type=\"section\" data-e-type=\"section\" data-settings=\"{&quot;background_background&quot;:&quot;classic&quot;}\">\n\t\t\t\t\t\t\t<div class=\"elementor-background-overlay\"><\/div>\n\t\t\t\t\t\t\t<div class=\"elementor-container elementor-column-gap-no\">\n\t\t\t\t\t<div class=\"elementor-column elementor-col-100 elementor-top-column elementor-element elementor-element-8268956\" data-id=\"8268956\" data-element_type=\"column\" data-e-type=\"column\">\n\t\t\t<div class=\"elementor-widget-wrap elementor-element-populated\">\n\t\t\t\t\t\t<div class=\"elementor-element elementor-element-5016628 elementor-widget elementor-widget-heading\" data-id=\"5016628\" data-element_type=\"widget\" data-e-type=\"widget\" data-widget_type=\"heading.default\">\n\t\t\t\t<div class=\"elementor-widget-container\">\n\t\t\t\t\t<h2 class=\"elementor-heading-title elementor-size-default\">Eva Sanchez Martz\n<\/h2>\t\t\t\t<\/div>\n\t\t\t\t<\/div>\n\t\t\t\t<div class=\"elementor-element elementor-element-a86216f elementor-widget-divider--view-line elementor-widget elementor-widget-divider\" data-id=\"a86216f\" data-element_type=\"widget\" data-e-type=\"widget\" data-widget_type=\"divider.default\">\n\t\t\t\t<div class=\"elementor-widget-container\">\n\t\t\t\t\t\t\t<div class=\"elementor-divider\">\n\t\t\t<span class=\"elementor-divider-separator\">\n\t\t\t\t\t\t<\/span>\n\t\t<\/div>\n\t\t\t\t\t\t<\/div>\n\t\t\t\t<\/div>\n\t\t\t\t\t<\/div>\n\t\t<\/div>\n\t\t\t\t\t<\/div>\n\t\t<\/section>\n\t\t\t\t<section class=\"elementor-section elementor-top-section elementor-element elementor-element-a2d6cca elementor-section-full_width elementor-section-height-default elementor-section-height-default\" data-id=\"a2d6cca\" data-element_type=\"section\" data-e-type=\"section\">\n\t\t\t\t\t\t<div class=\"elementor-container elementor-column-gap-default\">\n\t\t\t\t\t<div class=\"elementor-column elementor-col-100 elementor-top-column elementor-element elementor-element-a45c6d3\" data-id=\"a45c6d3\" data-element_type=\"column\" data-e-type=\"column\">\n\t\t\t<div class=\"elementor-widget-wrap elementor-element-populated\">\n\t\t\t\t\t\t<div class=\"elementor-element elementor-element-f854b1f elementor-widget elementor-widget-heading\" data-id=\"f854b1f\" data-element_type=\"widget\" data-e-type=\"widget\" data-widget_type=\"heading.default\">\n\t\t\t\t<div class=\"elementor-widget-container\">\n\t\t\t\t\t<h2 class=\"elementor-heading-title elementor-size-default\">EVA S\u00c1NCHEZ MARTZ - \ud83c\uddea\ud83c\uddf8 SPAGNA\n<br>LEZIONE: WORKSHOP DI DANZA CONTEMPORANEA\n\n\n\n\n\n\n\n\n\n<\/h2>\t\t\t\t<\/div>\n\t\t\t\t<\/div>\n\t\t\t\t<div class=\"elementor-element elementor-element-1463d24 elementor-widget elementor-widget-gallery\" data-id=\"1463d24\" data-element_type=\"widget\" data-e-type=\"widget\" data-settings=\"{&quot;columns&quot;:3,&quot;lazyload&quot;:&quot;yes&quot;,&quot;gallery_layout&quot;:&quot;grid&quot;,&quot;columns_tablet&quot;:2,&quot;columns_mobile&quot;:1,&quot;gap&quot;:{&quot;unit&quot;:&quot;px&quot;,&quot;size&quot;:10,&quot;sizes&quot;:[]},&quot;gap_tablet&quot;:{&quot;unit&quot;:&quot;px&quot;,&quot;size&quot;:10,&quot;sizes&quot;:[]},&quot;gap_mobile&quot;:{&quot;unit&quot;:&quot;px&quot;,&quot;size&quot;:10,&quot;sizes&quot;:[]},&quot;link_to&quot;:&quot;file&quot;,&quot;aspect_ratio&quot;:&quot;3:2&quot;,&quot;overlay_background&quot;:&quot;yes&quot;,&quot;content_hover_animation&quot;:&quot;fade-in&quot;}\" data-widget_type=\"gallery.default\">\n\t\t\t\t<div class=\"elementor-widget-container\">\n\t\t\t\t\t\t\t<div class=\"elementor-gallery__container\">\n\t\t\t\t\t\t\t<a class=\"e-gallery-item elementor-gallery-item elementor-animated-content\" href=\"https:\/\/worlddancemovement.com\/wp-content\/uploads\/2025\/03\/Eva-Sanchez-Martz-Contemporary-Dance-e1743100544164.png\" data-elementor-open-lightbox=\"yes\" data-elementor-lightbox-slideshow=\"1463d24\" data-elementor-lightbox-title=\"Eva Sanchez Martz - Contemporary Dance\" data-e-action-hash=\"#elementor-action%3Aaction%3Dlightbox%26settings%3DeyJpZCI6MTgyMzgsInVybCI6Imh0dHBzOlwvXC93b3JsZGRhbmNlbW92ZW1lbnQuY29tXC93cC1jb250ZW50XC91cGxvYWRzXC8yMDI1XC8wM1wvRXZhLVNhbmNoZXotTWFydHotQ29udGVtcG9yYXJ5LURhbmNlLWUxNzQzMTAwNTQ0MTY0LnBuZyIsInNsaWRlc2hvdyI6IjE0NjNkMjQifQ%3D%3D\">\n\t\t\t\t\t<div class=\"e-gallery-image elementor-gallery-item__image\" data-thumbnail=\"https:\/\/worlddancemovement.com\/wp-content\/uploads\/2025\/03\/Eva-Sanchez-Martz-Contemporary-Dance-815x1024.png\" data-width=\"815\" data-height=\"1024\" aria-label=\"Eva Sanchez Martz - Danza contemporanea\" role=\"img\" ><\/div>\n\t\t\t\t\t\t\t\t\t\t\t<div class=\"elementor-gallery-item__overlay\"><\/div>\n\t\t\t\t\t\t\t\t\t\t\t\t\t\t<\/a>\n\t\t\t\t\t\t\t<a class=\"e-gallery-item elementor-gallery-item elementor-animated-content\" href=\"https:\/\/worlddancemovement.com\/wp-content\/uploads\/2020\/12\/The-fabulous-Eva-Sanchez-Martz.jpg\" data-elementor-open-lightbox=\"yes\" data-elementor-lightbox-slideshow=\"1463d24\" data-elementor-lightbox-title=\"The fabulous Eva Sanchez Martz!\" data-e-action-hash=\"#elementor-action%3Aaction%3Dlightbox%26settings%3DeyJpZCI6NjE2LCJ1cmwiOiJodHRwczpcL1wvd29ybGRkYW5jZW1vdmVtZW50LmNvbVwvd3AtY29udGVudFwvdXBsb2Fkc1wvMjAyMFwvMTJcL1RoZS1mYWJ1bG91cy1FdmEtU2FuY2hlei1NYXJ0ei5qcGciLCJzbGlkZXNob3ciOiIxNDYzZDI0In0%3D\">\n\t\t\t\t\t<div class=\"e-gallery-image elementor-gallery-item__image\" data-thumbnail=\"https:\/\/worlddancemovement.com\/wp-content\/uploads\/2020\/12\/The-fabulous-Eva-Sanchez-Martz.jpg\" data-width=\"889\" data-height=\"500\" aria-label=\"Eva Sanchez Martz\" role=\"img\" ><\/div>\n\t\t\t\t\t\t\t\t\t\t\t<div class=\"elementor-gallery-item__overlay\"><\/div>\n\t\t\t\t\t\t\t\t\t\t\t\t\t\t<\/a>\n\t\t\t\t\t\t\t<a class=\"e-gallery-item elementor-gallery-item elementor-animated-content\" href=\"https:\/\/worlddancemovement.com\/wp-content\/uploads\/2025\/03\/Eva-Sanchez-Marts-Contemporary-Dance-Workshop.png\" data-elementor-open-lightbox=\"yes\" data-elementor-lightbox-slideshow=\"1463d24\" data-elementor-lightbox-title=\"Eva Sanchez Marts - Contemporary Dance Workshop\" data-e-action-hash=\"#elementor-action%3Aaction%3Dlightbox%26settings%3DeyJpZCI6MTgyMzksInVybCI6Imh0dHBzOlwvXC93b3JsZGRhbmNlbW92ZW1lbnQuY29tXC93cC1jb250ZW50XC91cGxvYWRzXC8yMDI1XC8wM1wvRXZhLVNhbmNoZXotTWFydHMtQ29udGVtcG9yYXJ5LURhbmNlLVdvcmtzaG9wLnBuZyIsInNsaWRlc2hvdyI6IjE0NjNkMjQifQ%3D%3D\">\n\t\t\t\t\t<div class=\"e-gallery-image elementor-gallery-item__image\" data-thumbnail=\"https:\/\/worlddancemovement.com\/wp-content\/uploads\/2025\/03\/Eva-Sanchez-Marts-Contemporary-Dance-Workshop.png\" data-width=\"592\" data-height=\"646\" aria-label=\"Eva Sanchez Marts - Laboratorio di danza contemporanea\" role=\"img\" ><\/div>\n\t\t\t\t\t\t\t\t\t\t\t<div class=\"elementor-gallery-item__overlay\"><\/div>\n\t\t\t\t\t\t\t\t\t\t\t\t\t\t<\/a>\n\t\t\t\t\t<\/div>\n\t\t\t\t\t<\/div>\n\t\t\t\t<\/div>\n\t\t\t\t<div class=\"elementor-element elementor-element-3947f8e elementor-widget elementor-widget-text-editor\" data-id=\"3947f8e\" data-element_type=\"widget\" data-e-type=\"widget\" data-widget_type=\"text-editor.default\">\n\t\t\t\t<div class=\"elementor-widget-container\">\n\t\t\t\t\t\t\t\t\t<p>Nata a Madrid nel 1980, frequenta il suo primo corso di danza classica nel 1985. Tuttavia non \u00e8 stata la danza ma la musica ad affascinarla, e ad essa si \u00e8 dedicata studiando al Real Conservatorio di Musica di Madrid. Fu solo nel 1998 che abbandon\u00f2 il pianoforte e scelse la danza come professione. Da quel momento in poi nulla \u00e8 stato pi\u00f9 sufficiente.<\/p><p>La ginnastica acrobatica ha dato vita ad un viaggio che avrebbe cambiato tutta la sua carriera. Con \u201cCirque du Soliel\u201d ha intrapreso un viaggio di trasformazione, ha iniziato a sentire che ogni minuto che passava era un minuto in meno che le rimaneva e ha scelto Regno Unito, Italia e Stati Uniti per completare la sua formazione. Un&#039;avventura continua che spera duri tutta la vita.<\/p><p>Dedita all&#039;insegnamento, ha fondato nel 2003 la propria scuola: \u201cInternational Dance Studio\u201d e \u201cClub de gymnasia Acrob\u00e1tica Madrid\u201d. Nel 2006 ha iniziato a sviluppare il suo lavoro coreografico. Il suo punto di vista specifico e unico riguardo all&#039;arte della coreografia \u00e8 trasferibile a qualsiasi campo o contesto audiovisivo. Ha prodotto i suoi primi lavori tramite Acrodance SL, collaborando al contempo a un&#039;ampia variet\u00e0 di progetti in cui ha messo a disposizione degli altri la sua competenza ed esperienza.<\/p><p>Laureata in Psicologia e impegnata socialmente, le sue opere sono intese come veicoli di comunicazione, ricercando costantemente l&#039;equilibrio tra il proprio linguaggio personale e la lotta contro prospettive commerciali e puriste.<\/p><h4 style=\"font-size: 1.111111rem; font-style: normal;\"><b>Per saperne di pi\u00f9:<\/b><\/h4><p style=\"font-size: 18px; font-style: normal; caret-color: #000000; color: #000000; font-family: Oswald, sans-serif;\"><a style=\"font-size: 18px; transition-property: all;\" href=\"https:\/\/www.evamartz.com\" target=\"_blank\" rel=\"noopener\">IL SITO DI EVA<\/a><\/p><p style=\"font-size: 18px; font-style: normal; caret-color: #000000; color: #000000; font-family: Oswald, sans-serif;\"><a style=\"font-size: 18px; transition-property: all;\" href=\"https:\/\/www.instagram.com\/evasanchezmartz\/\" target=\"_blank\" rel=\"noopener\">SEGUI EVA SU INSTAGRAM<\/a><\/p>\t\t\t\t\t\t\t\t<\/div>\n\t\t\t\t<\/div>\n\t\t\t\t\t<\/div>\n\t\t<\/div>\n\t\t\t\t\t<\/div>\n\t\t<\/section>\n\t\t\t\t<\/div>","protected":false},"excerpt":{"rendered":"<p>Eva S\u00e1nchez Martz EVA S\u00c1NCHEZ MARTZ &#8211; \ud83c\uddea\ud83c\uddf8 SPAIN CLASS: CONTEMPORARY WORKSHOP Born in Madrid in 1980, she attends her first ballet class in 1985. Nevertheless it was not dancing but music what enthralled her, and she devoted herself to it, studying at the Real Conservatory of Music in Madrid. It was not until in [&hellip;]<\/p>\n","protected":false},"author":6,"featured_media":0,"parent":1562,"menu_order":0,"comment_status":"closed","ping_status":"closed","template":"","meta":{"_acf_changed":false,"site-sidebar-layout":"no-sidebar","site-content-layout":"page-builder","ast-site-content-layout":"default","site-content-style":"default","site-sidebar-style":"default","ast-global-header-display":"","ast-banner-title-visibility":"","ast-main-header-display":"","ast-hfb-above-header-display":"","ast-hfb-below-header-display":"","ast-hfb-mobile-header-display":"","site-post-title":"disabled","ast-breadcrumbs-content":"","ast-featured-img":"disabled","footer-sml-layout":"","ast-disable-related-posts":"","theme-transparent-header-meta":"default","adv-header-id-meta":"","stick-header-meta":"default","header-above-stick-meta":"","header-main-stick-meta":"","header-below-stick-meta":"","astra-migrate-meta-layouts":"default","ast-page-background-enabled":"default","ast-page-background-meta":{"desktop":{"background-color":"","background-image":"","background-repeat":"repeat","background-position":"center center","background-size":"auto","background-attachment":"scroll","background-type":"","background-media":"","overlay-type":"","overlay-color":"","overlay-opacity":"","overlay-gradient":""},"tablet":{"background-color":"","background-image":"","background-repeat":"repeat","background-position":"center center","background-size":"auto","background-attachment":"scroll","background-type":"","background-media":"","overlay-type":"","overlay-color":"","overlay-opacity":"","overlay-gradient":""},"mobile":{"background-color":"","background-image":"","background-repeat":"repeat","background-position":"center center","background-size":"auto","background-attachment":"scroll","background-type":"","background-media":"","overlay-type":"","overlay-color":"","overlay-opacity":"","overlay-gradient":""}},"ast-content-background-meta":{"desktop":{"background-color":"var(--ast-global-color-5)","background-image":"","background-repeat":"repeat","background-position":"center center","background-size":"auto","background-attachment":"scroll","background-type":"","background-media":"","overlay-type":"","overlay-color":"","overlay-opacity":"","overlay-gradient":""},"tablet":{"background-color":"var(--ast-global-color-5)","background-image":"","background-repeat":"repeat","background-position":"center center","background-size":"auto","background-attachment":"scroll","background-type":"","background-media":"","overlay-type":"","overlay-color":"","overlay-opacity":"","overlay-gradient":""},"mobile":{"background-color":"var(--ast-global-color-5)","background-image":"","background-repeat":"repeat","background-position":"center center","background-size":"auto","background-attachment":"scroll","background-type":"","background-media":"","overlay-type":"","overlay-color":"","overlay-opacity":"","overlay-gradient":""}},"footnotes":""},"class_list":["post-1658","page","type-page","status-publish","hentry"],"acf":[],"jetpack_sharing_enabled":true,"_links":{"self":[{"href":"https:\/\/worlddancemovement.com\/it_it\/wp-json\/wp\/v2\/pages\/1658","targetHints":{"allow":["GET"]}}],"collection":[{"href":"https:\/\/worlddancemovement.com\/it_it\/wp-json\/wp\/v2\/pages"}],"about":[{"href":"https:\/\/worlddancemovement.com\/it_it\/wp-json\/wp\/v2\/types\/page"}],"author":[{"embeddable":true,"href":"https:\/\/worlddancemovement.com\/it_it\/wp-json\/wp\/v2\/users\/6"}],"replies":[{"embeddable":true,"href":"https:\/\/worlddancemovement.com\/it_it\/wp-json\/wp\/v2\/comments?post=1658"}],"version-history":[{"count":10,"href":"https:\/\/worlddancemovement.com\/it_it\/wp-json\/wp\/v2\/pages\/1658\/revisions"}],"predecessor-version":[{"id":18251,"href":"https:\/\/worlddancemovement.com\/it_it\/wp-json\/wp\/v2\/pages\/1658\/revisions\/18251"}],"up":[{"embeddable":true,"href":"https:\/\/worlddancemovement.com\/it_it\/wp-json\/wp\/v2\/pages\/1562"}],"wp:attachment":[{"href":"https:\/\/worlddancemovement.com\/it_it\/wp-json\/wp\/v2\/media?parent=1658"}],"curies":[{"name":"parola chiave","href":"https:\/\/api.w.org\/{rel}","templated":true}]}}