{"id":1660,"date":"2021-01-01T13:32:37","date_gmt":"2021-01-01T13:32:37","guid":{"rendered":"https:\/\/migrate.worlddancemovement.com\/?page_id=1660"},"modified":"2023-10-05T05:31:09","modified_gmt":"2023-10-05T05:31:09","slug":"desmond-richardson","status":"publish","type":"page","link":"https:\/\/worlddancemovement.com\/it_it\/faculty\/desmond-richardson\/","title":{"rendered":"DESMOND RICHARDSON"},"content":{"rendered":"<div data-elementor-type=\"wp-page\" data-elementor-id=\"1660\" class=\"elementor elementor-1660\" data-elementor-post-type=\"page\">\n\t\t\t\t\t\t<section class=\"elementor-section elementor-top-section elementor-element elementor-element-94ec49d elementor-section-full_width elementor-section-height-min-height elementor-section-height-default elementor-section-items-middle\" data-id=\"94ec49d\" data-element_type=\"section\" data-e-type=\"section\" data-settings=\"{&quot;background_background&quot;:&quot;classic&quot;}\">\n\t\t\t\t\t\t\t<div class=\"elementor-background-overlay\"><\/div>\n\t\t\t\t\t\t\t<div class=\"elementor-container elementor-column-gap-no\">\n\t\t\t\t\t<div class=\"elementor-column elementor-col-100 elementor-top-column elementor-element elementor-element-8268956\" data-id=\"8268956\" data-element_type=\"column\" data-e-type=\"column\">\n\t\t\t<div class=\"elementor-widget-wrap elementor-element-populated\">\n\t\t\t\t\t\t<div class=\"elementor-element elementor-element-5016628 elementor-widget elementor-widget-heading\" data-id=\"5016628\" data-element_type=\"widget\" data-e-type=\"widget\" data-widget_type=\"heading.default\">\n\t\t\t\t<div class=\"elementor-widget-container\">\n\t\t\t\t\t<h2 class=\"elementor-heading-title elementor-size-default\">DESMOND RICHARDSON\n<\/h2>\t\t\t\t<\/div>\n\t\t\t\t<\/div>\n\t\t\t\t<div class=\"elementor-element elementor-element-a86216f elementor-widget-divider--view-line elementor-widget elementor-widget-divider\" data-id=\"a86216f\" data-element_type=\"widget\" data-e-type=\"widget\" data-widget_type=\"divider.default\">\n\t\t\t\t<div class=\"elementor-widget-container\">\n\t\t\t\t\t\t\t<div class=\"elementor-divider\">\n\t\t\t<span class=\"elementor-divider-separator\">\n\t\t\t\t\t\t<\/span>\n\t\t<\/div>\n\t\t\t\t\t\t<\/div>\n\t\t\t\t<\/div>\n\t\t\t\t\t<\/div>\n\t\t<\/div>\n\t\t\t\t\t<\/div>\n\t\t<\/section>\n\t\t\t\t<section class=\"elementor-section elementor-top-section elementor-element elementor-element-a2d6cca elementor-section-full_width elementor-section-height-default elementor-section-height-default\" data-id=\"a2d6cca\" data-element_type=\"section\" data-e-type=\"section\">\n\t\t\t\t\t\t<div class=\"elementor-container elementor-column-gap-default\">\n\t\t\t\t\t<div class=\"elementor-column elementor-col-100 elementor-top-column elementor-element elementor-element-a45c6d3\" data-id=\"a45c6d3\" data-element_type=\"column\" data-e-type=\"column\">\n\t\t\t<div class=\"elementor-widget-wrap elementor-element-populated\">\n\t\t\t\t\t\t<div class=\"elementor-element elementor-element-f854b1f elementor-widget elementor-widget-heading\" data-id=\"f854b1f\" data-element_type=\"widget\" data-e-type=\"widget\" data-widget_type=\"heading.default\">\n\t\t\t\t<div class=\"elementor-widget-container\">\n\t\t\t\t\t<h2 class=\"elementor-heading-title elementor-size-default\">BALLETTO, WORKSHOP DI TECNICA DELL&#039;INCARNATO - USA \n\n\n\n\n\n\n\n\n\n\n<\/h2>\t\t\t\t<\/div>\n\t\t\t\t<\/div>\n\t\t\t\t<div class=\"elementor-element elementor-element-3947f8e elementor-widget elementor-widget-text-editor\" data-id=\"3947f8e\" data-element_type=\"widget\" data-e-type=\"widget\" data-widget_type=\"text-editor.default\">\n\t\t\t\t<div class=\"elementor-widget-container\">\n\t\t\t\t\t\t\t\t\t<p>Salutato dal New York Times come &quot;Uno dei pi\u00f9 grandi ballerini moderni del suo tempo&quot;, Desmond Richardson \u00e8 un artista dai molteplici talenti che ha padroneggiato una vasta gamma di generi di danza dalle sue radici nell&#039;hip hop, nel balletto classico, moderno e contemporaneo. Elogiato per la sua danza potente e la singolare qualit\u00e0 della performance, Richardson \u00e8 stato l&#039;artista simbolo che ha plasmato l&#039;essenza dello stile Complexions.<\/p><p>Come ballerino principale e artista ospite di compagnie importanti come Alvin Ailey, Frankfurt Ballet, American Ballet Theatre, Teatro al La Scala, Royal Swedish Opera Ballet, San Francisco Ballet, Washington Ballet, North Carolina Dance Theatre, Austin ballet, Aspen Santa Fe Ballet, Orlando Ballet, Teatro Massimo e Complexions Contemporary Ballet hanno contribuito a plasmare la sua arte.<\/p><p>Quando Richardson danz\u00f2 il ruolo principale nella produzione dell&#039;American Ballet Theatre di &quot;Otello&quot;, il New York Times lo descrisse come &quot;Uno dei ballerini pi\u00f9 maestosi che abbia mai calcato il palco del Metropolitan Opera House&quot;.<\/p><p>Lavorando in televisione, film e video negli Stati Uniti e all&#039;estero, Richardson si \u00e8 esibito con artisti musicali come Michael Jackson, Prince, Aretha Franklin, En Vogue e Madonna.<\/p><p>Ha fatto il suo debutto come cantante a Broadway nella rivista musicale Burt Bacarach\/Hal David.<\/p><p>&quot;The Look Of Love&quot; (Ann Reinking \/Scott Ellis) 2003, Cast nel ruolo principale di &#039;Tony&#039; nel musical di successo di Twyla Tharp &quot;Moving Out&quot; 2004. Richardson \u00e8 apparso in film come il film premio Oscar &quot;Chicago&quot;, cantando in \u201cPreaching to the Choir\u201d di Charles Randolph Wright, nel film di Patrick Swayze\/Lisa Niemi \u201cOne Last Dance\u201d e nel film di Julie Taymor \u201cAcross The Universe\u201d, oltre a ballare il ruolo principale di \u201cBeowulf\u201d nell&#039;adattamento di Ms. Taymor di \u201cGrendel\u201d alla LA Opera e al New York State Theatre. Pu\u00f2 anche essere visto in DVD nell&#039;Opera del Teatro alla Scala \u201cMoise e Pharone\u201d condividendo il palco con il sensazionale ballerino Roberto Bolle diretto dal Maestro Riccardo Muti.<\/p><p>Tra i suoi numerosi riconoscimenti ricordiamo il Bessie Award, il Benois De la Danse (nominato) Monarch Award, l&#039;Ailey Apex Award, il Presidential Scholar in the Arts Award, l&#039;NFAA Alumni Award. Lui e il collaboratore Dwight Rhoden hanno collaborato con la Prima Ballerina Diana Vishneva per il suo spettacolo personale &quot;Beauty In motion&quot; al centro di New York, all&#039;Orange County Performing Arts Center e a Mosca, in Russia. Richardson \u00e8 recentemente tornato in Russia come artista ospite invitato a collaborare con l&#039;incomparabile Diana Vishneva per il festival White Nights al Teatro Mariinsky in un pas de deux creato per Richardson e la signora Vishneva intitolato &quot;Three Point Turn&quot;.<\/p><p>Richardson \u00e8 stato artista ospite nel tour mondiale di &quot;Kings Of Dance&quot; (Ardani Artists), \u00e8 apparso nello show di successo della Fox Television &quot;So You Think You Can Dance&quot; come celebrit\u00e0 ospite e coreografo con Dwight Rhoden e nello show Hit Television. \u201cAmici di Maria de Filippi\u201d in Italia.<\/p><p>Puoi acquistare i suoi DVD didattici di danza TezoroLIVE <a href=\"https:\/\/worlddancemovement.com\/it_it\/categoria-prodotto\/dance-videos\/contemporary\/\">QUI<\/a> e trasmetti in streaming le sue lezioni online <a href=\"https:\/\/worlddancemovement.com\/it_it\/categoria-prodotto\/streaming\/\">QUI<\/a>\u00a0<\/p>\t\t\t\t\t\t\t\t<\/div>\n\t\t\t\t<\/div>\n\t\t\t\t\t<\/div>\n\t\t<\/div>\n\t\t\t\t\t<\/div>\n\t\t<\/section>\n\t\t\t\t<\/div>","protected":false},"excerpt":{"rendered":"<p>DESMOND RICHARDSON BALLET, COMPLEXIONS TECHNIQUE WORKSHOP &#8211; USA Hailed by the New York Times as \u201cOne of the great modern dancers of his time&#8221; Desmond Richardson is a multi-talented artist who has mastered a wide range of dance genres from his roots in hip hop, classical, modern and contemporary ballet. Praised for his powerful dancing [&hellip;]<\/p>\n","protected":false},"author":6,"featured_media":0,"parent":1562,"menu_order":0,"comment_status":"closed","ping_status":"closed","template":"","meta":{"_acf_changed":false,"site-sidebar-layout":"no-sidebar","site-content-layout":"page-builder","ast-site-content-layout":"default","site-content-style":"default","site-sidebar-style":"default","ast-global-header-display":"","ast-banner-title-visibility":"","ast-main-header-display":"","ast-hfb-above-header-display":"","ast-hfb-below-header-display":"","ast-hfb-mobile-header-display":"","site-post-title":"disabled","ast-breadcrumbs-content":"","ast-featured-img":"disabled","footer-sml-layout":"","ast-disable-related-posts":"","theme-transparent-header-meta":"default","adv-header-id-meta":"","stick-header-meta":"default","header-above-stick-meta":"","header-main-stick-meta":"","header-below-stick-meta":"","astra-migrate-meta-layouts":"default","ast-page-background-enabled":"default","ast-page-background-meta":{"desktop":{"background-color":"","background-image":"","background-repeat":"repeat","background-position":"center center","background-size":"auto","background-attachment":"scroll","background-type":"","background-media":"","overlay-type":"","overlay-color":"","overlay-opacity":"","overlay-gradient":""},"tablet":{"background-color":"","background-image":"","background-repeat":"repeat","background-position":"center center","background-size":"auto","background-attachment":"scroll","background-type":"","background-media":"","overlay-type":"","overlay-color":"","overlay-opacity":"","overlay-gradient":""},"mobile":{"background-color":"","background-image":"","background-repeat":"repeat","background-position":"center center","background-size":"auto","background-attachment":"scroll","background-type":"","background-media":"","overlay-type":"","overlay-color":"","overlay-opacity":"","overlay-gradient":""}},"ast-content-background-meta":{"desktop":{"background-color":"var(--ast-global-color-5)","background-image":"","background-repeat":"repeat","background-position":"center center","background-size":"auto","background-attachment":"scroll","background-type":"","background-media":"","overlay-type":"","overlay-color":"","overlay-opacity":"","overlay-gradient":""},"tablet":{"background-color":"var(--ast-global-color-5)","background-image":"","background-repeat":"repeat","background-position":"center center","background-size":"auto","background-attachment":"scroll","background-type":"","background-media":"","overlay-type":"","overlay-color":"","overlay-opacity":"","overlay-gradient":""},"mobile":{"background-color":"var(--ast-global-color-5)","background-image":"","background-repeat":"repeat","background-position":"center center","background-size":"auto","background-attachment":"scroll","background-type":"","background-media":"","overlay-type":"","overlay-color":"","overlay-opacity":"","overlay-gradient":""}},"footnotes":""},"class_list":["post-1660","page","type-page","status-publish","hentry"],"acf":[],"jetpack_sharing_enabled":true,"_links":{"self":[{"href":"https:\/\/worlddancemovement.com\/it_it\/wp-json\/wp\/v2\/pages\/1660","targetHints":{"allow":["GET"]}}],"collection":[{"href":"https:\/\/worlddancemovement.com\/it_it\/wp-json\/wp\/v2\/pages"}],"about":[{"href":"https:\/\/worlddancemovement.com\/it_it\/wp-json\/wp\/v2\/types\/page"}],"author":[{"embeddable":true,"href":"https:\/\/worlddancemovement.com\/it_it\/wp-json\/wp\/v2\/users\/6"}],"replies":[{"embeddable":true,"href":"https:\/\/worlddancemovement.com\/it_it\/wp-json\/wp\/v2\/comments?post=1660"}],"version-history":[{"count":10,"href":"https:\/\/worlddancemovement.com\/it_it\/wp-json\/wp\/v2\/pages\/1660\/revisions"}],"predecessor-version":[{"id":13247,"href":"https:\/\/worlddancemovement.com\/it_it\/wp-json\/wp\/v2\/pages\/1660\/revisions\/13247"}],"up":[{"embeddable":true,"href":"https:\/\/worlddancemovement.com\/it_it\/wp-json\/wp\/v2\/pages\/1562"}],"wp:attachment":[{"href":"https:\/\/worlddancemovement.com\/it_it\/wp-json\/wp\/v2\/media?parent=1660"}],"curies":[{"name":"parola chiave","href":"https:\/\/api.w.org\/{rel}","templated":true}]}}