{"id":1674,"date":"2021-01-01T13:49:30","date_gmt":"2021-01-01T13:49:30","guid":{"rendered":"https:\/\/migrate.worlddancemovement.com\/?page_id=1674"},"modified":"2023-10-05T22:09:57","modified_gmt":"2023-10-05T22:09:57","slug":"ac-ciulla","status":"publish","type":"page","link":"https:\/\/worlddancemovement.com\/it_it\/faculty\/ac-ciulla\/","title":{"rendered":"AC CIULLA"},"content":{"rendered":"<div data-elementor-type=\"wp-page\" data-elementor-id=\"1674\" class=\"elementor elementor-1674\" data-elementor-post-type=\"page\">\n\t\t\t\t\t\t<section class=\"elementor-section elementor-top-section elementor-element elementor-element-94ec49d elementor-section-full_width elementor-section-height-min-height elementor-section-height-default elementor-section-items-middle\" data-id=\"94ec49d\" data-element_type=\"section\" data-e-type=\"section\" data-settings=\"{&quot;background_background&quot;:&quot;classic&quot;}\">\n\t\t\t\t\t\t\t<div class=\"elementor-background-overlay\"><\/div>\n\t\t\t\t\t\t\t<div class=\"elementor-container elementor-column-gap-no\">\n\t\t\t\t\t<div class=\"elementor-column elementor-col-100 elementor-top-column elementor-element elementor-element-8268956\" data-id=\"8268956\" data-element_type=\"column\" data-e-type=\"column\">\n\t\t\t<div class=\"elementor-widget-wrap elementor-element-populated\">\n\t\t\t\t\t\t<div class=\"elementor-element elementor-element-5016628 elementor-widget elementor-widget-heading\" data-id=\"5016628\" data-element_type=\"widget\" data-e-type=\"widget\" data-widget_type=\"heading.default\">\n\t\t\t\t<div class=\"elementor-widget-container\">\n\t\t\t\t\t<h2 class=\"elementor-heading-title elementor-size-default\">AC CIULLA\n<\/h2>\t\t\t\t<\/div>\n\t\t\t\t<\/div>\n\t\t\t\t<div class=\"elementor-element elementor-element-a86216f elementor-widget-divider--view-line elementor-widget elementor-widget-divider\" data-id=\"a86216f\" data-element_type=\"widget\" data-e-type=\"widget\" data-widget_type=\"divider.default\">\n\t\t\t\t<div class=\"elementor-widget-container\">\n\t\t\t\t\t\t\t<div class=\"elementor-divider\">\n\t\t\t<span class=\"elementor-divider-separator\">\n\t\t\t\t\t\t<\/span>\n\t\t<\/div>\n\t\t\t\t\t\t<\/div>\n\t\t\t\t<\/div>\n\t\t\t\t\t<\/div>\n\t\t<\/div>\n\t\t\t\t\t<\/div>\n\t\t<\/section>\n\t\t\t\t<section class=\"elementor-section elementor-top-section elementor-element elementor-element-a2d6cca elementor-section-full_width elementor-section-height-default elementor-section-height-default\" data-id=\"a2d6cca\" data-element_type=\"section\" data-e-type=\"section\">\n\t\t\t\t\t\t<div class=\"elementor-container elementor-column-gap-default\">\n\t\t\t\t\t<div class=\"elementor-column elementor-col-100 elementor-top-column elementor-element elementor-element-a45c6d3\" data-id=\"a45c6d3\" data-element_type=\"column\" data-e-type=\"column\">\n\t\t\t<div class=\"elementor-widget-wrap elementor-element-populated\">\n\t\t\t\t\t\t<div class=\"elementor-element elementor-element-f854b1f elementor-widget elementor-widget-heading\" data-id=\"f854b1f\" data-element_type=\"widget\" data-e-type=\"widget\" data-widget_type=\"heading.default\">\n\t\t\t\t<div class=\"elementor-widget-container\">\n\t\t\t\t\t<h2 class=\"elementor-heading-title elementor-size-default\">USA - TEATRO DANZA\n\n\n\n\n\n\n\n\n\n\n<\/h2>\t\t\t\t<\/div>\n\t\t\t\t<\/div>\n\t\t\t\t<div class=\"elementor-element elementor-element-3947f8e elementor-widget elementor-widget-text-editor\" data-id=\"3947f8e\" data-element_type=\"widget\" data-e-type=\"widget\" data-widget_type=\"text-editor.default\">\n\t\t\t\t<div class=\"elementor-widget-container\">\n\t\t\t\t\t\t\t\t\t<p>Vincitore dell&#039;EMMY Award e nominato al TONY coreografo, AC Ciulla ha goduto di una carriera eclettica che abbraccia una vasta gamma di lavori in diverse arene creative.<\/p><p>AC \u00e8 stato nominato per il TONY Award per la migliore coreografia per il musical di successo di Broadway Footloose, e ha coreografato\/diretto numerose produzioni sia a livello nazionale che all&#039;estero. Off-Broadway, AC ha coreografato Lucky Guy (nomination al Callaway Award), The Bubbly Black Girl\u2026 (nomination a Lucille Lortel), Ghetto Superstar con Billy Porter, vincitore di TONY, e Last Smoker In America.<\/p><p>A livello regionale, AC ha coreografato Chess at the Ford Amphitheatre con Matthew Morrison (della serie di successo della Fox Glee), Being Alive di Stephen Sondheim, The Plexiglass Slipper, The Yiddish Coming, Barrio Babies e La Sirenetta. Vices: A Love Story, una sofisticata esplorazione delle relazioni raccontate attraverso la musica e la danza, ha fruttato ad AC il Carbonell Award 2010 per la &quot;Miglior coreografia&quot;.<\/p><p>AC ha co-creato\/coreografato il grande successo di Toni Braxton &quot;Revealed&quot; (Flamingo, Las Vegas), nonch\u00e9 il Libra Tour dell&#039;artista vincitore del Grammy Award e la performance dal vivo dell&#039;NBA All-Star. Altri artisti discografici includono spettacoli dal vivo per Eden&#039;s Crush con Nicole Scherzinger, la band vocale Duwende e video per Freedom Williams (C&amp;C Music Factory) e il cantante R&amp;B Billy Porter.<\/p><p>Ciulla ha messo in scena Signed, Sealed, Delivered - A Musical Celebration of Stevie Wonder con Chaka Khan (Venetian, Las Vegas) e ha diretto\/coreografato Nights on Broadway II &amp; III (Caesars, Atlantic City) con molte delle nuove star di Broadway. Numerosi crediti cinematografici, televisivi e commerciali includono la vittoria dell&#039;Emmy Award nel 2003 per &quot;Coreografia eccezionale di uno speciale televisivo&quot; per Stars on Ice. AC \u00e8 apparso come coreografo ospite in So You Think You Can Dance (UA) nelle ultime tre stagioni e ha fatto un&#039;apparizione speciale in Dance Moms di Lifetime.<\/p><p>Come artista, AC ha fatto il suo debutto a Broadway in Starlight Express all&#039;et\u00e0 di 19 anni, \u00e8 stato otto volte vincitore e semifinalista di Star Search, ed \u00e8 stato in tourn\u00e9e come solista con la famosa Jazz Dance Company Waves. \u00c8 stato in tourn\u00e9e negli Stati Uniti con il sensazionale gruppo dance C&amp;C Music Factory, ha ballato agli MTV Video Music Awards e ha avuto l&#039;onore di ballare al fianco di Michael Jackson.<\/p>\t\t\t\t\t\t\t\t<\/div>\n\t\t\t\t<\/div>\n\t\t\t\t\t<\/div>\n\t\t<\/div>\n\t\t\t\t\t<\/div>\n\t\t<\/section>\n\t\t\t\t<\/div>","protected":false},"excerpt":{"rendered":"<p>AC CIULLA USA &#8211; THEATRE DANCE EMMY Award winning, TONY nominated choreographer, AC Ciulla has enjoyed an eclectic career spanning a wide range of work in different creative arenas. AC was nominated for the TONY Award for Best Choreography for Broadway\u2019s hit musical Footloose, and has choreographed\/directed numerous productions both nationally and abroad. Off-Broadway, AC [&hellip;]<\/p>\n","protected":false},"author":6,"featured_media":0,"parent":1562,"menu_order":0,"comment_status":"closed","ping_status":"closed","template":"","meta":{"_acf_changed":false,"site-sidebar-layout":"no-sidebar","site-content-layout":"page-builder","ast-site-content-layout":"default","site-content-style":"default","site-sidebar-style":"default","ast-global-header-display":"","ast-banner-title-visibility":"","ast-main-header-display":"","ast-hfb-above-header-display":"","ast-hfb-below-header-display":"","ast-hfb-mobile-header-display":"","site-post-title":"disabled","ast-breadcrumbs-content":"","ast-featured-img":"disabled","footer-sml-layout":"","ast-disable-related-posts":"","theme-transparent-header-meta":"default","adv-header-id-meta":"","stick-header-meta":"default","header-above-stick-meta":"","header-main-stick-meta":"","header-below-stick-meta":"","astra-migrate-meta-layouts":"default","ast-page-background-enabled":"default","ast-page-background-meta":{"desktop":{"background-color":"","background-image":"","background-repeat":"repeat","background-position":"center center","background-size":"auto","background-attachment":"scroll","background-type":"","background-media":"","overlay-type":"","overlay-color":"","overlay-opacity":"","overlay-gradient":""},"tablet":{"background-color":"","background-image":"","background-repeat":"repeat","background-position":"center center","background-size":"auto","background-attachment":"scroll","background-type":"","background-media":"","overlay-type":"","overlay-color":"","overlay-opacity":"","overlay-gradient":""},"mobile":{"background-color":"","background-image":"","background-repeat":"repeat","background-position":"center center","background-size":"auto","background-attachment":"scroll","background-type":"","background-media":"","overlay-type":"","overlay-color":"","overlay-opacity":"","overlay-gradient":""}},"ast-content-background-meta":{"desktop":{"background-color":"var(--ast-global-color-5)","background-image":"","background-repeat":"repeat","background-position":"center center","background-size":"auto","background-attachment":"scroll","background-type":"","background-media":"","overlay-type":"","overlay-color":"","overlay-opacity":"","overlay-gradient":""},"tablet":{"background-color":"var(--ast-global-color-5)","background-image":"","background-repeat":"repeat","background-position":"center center","background-size":"auto","background-attachment":"scroll","background-type":"","background-media":"","overlay-type":"","overlay-color":"","overlay-opacity":"","overlay-gradient":""},"mobile":{"background-color":"var(--ast-global-color-5)","background-image":"","background-repeat":"repeat","background-position":"center center","background-size":"auto","background-attachment":"scroll","background-type":"","background-media":"","overlay-type":"","overlay-color":"","overlay-opacity":"","overlay-gradient":""}},"footnotes":""},"class_list":["post-1674","page","type-page","status-publish","hentry"],"acf":[],"jetpack_sharing_enabled":true,"_links":{"self":[{"href":"https:\/\/worlddancemovement.com\/it_it\/wp-json\/wp\/v2\/pages\/1674","targetHints":{"allow":["GET"]}}],"collection":[{"href":"https:\/\/worlddancemovement.com\/it_it\/wp-json\/wp\/v2\/pages"}],"about":[{"href":"https:\/\/worlddancemovement.com\/it_it\/wp-json\/wp\/v2\/types\/page"}],"author":[{"embeddable":true,"href":"https:\/\/worlddancemovement.com\/it_it\/wp-json\/wp\/v2\/users\/6"}],"replies":[{"embeddable":true,"href":"https:\/\/worlddancemovement.com\/it_it\/wp-json\/wp\/v2\/comments?post=1674"}],"version-history":[{"count":10,"href":"https:\/\/worlddancemovement.com\/it_it\/wp-json\/wp\/v2\/pages\/1674\/revisions"}],"predecessor-version":[{"id":13343,"href":"https:\/\/worlddancemovement.com\/it_it\/wp-json\/wp\/v2\/pages\/1674\/revisions\/13343"}],"up":[{"embeddable":true,"href":"https:\/\/worlddancemovement.com\/it_it\/wp-json\/wp\/v2\/pages\/1562"}],"wp:attachment":[{"href":"https:\/\/worlddancemovement.com\/it_it\/wp-json\/wp\/v2\/media?parent=1674"}],"curies":[{"name":"parola chiave","href":"https:\/\/api.w.org\/{rel}","templated":true}]}}