{"id":1679,"date":"2021-01-01T13:51:20","date_gmt":"2021-01-01T13:51:20","guid":{"rendered":"https:\/\/migrate.worlddancemovement.com\/?page_id=1679"},"modified":"2023-10-05T22:10:56","modified_gmt":"2023-10-05T22:10:56","slug":"marco-cavalloro","status":"publish","type":"page","link":"https:\/\/worlddancemovement.com\/it_it\/faculty\/marco-cavalloro\/","title":{"rendered":"MARCO CAVALLORO"},"content":{"rendered":"<div data-elementor-type=\"wp-page\" data-elementor-id=\"1679\" class=\"elementor elementor-1679\" data-elementor-post-type=\"page\">\n\t\t\t\t\t\t<section class=\"elementor-section elementor-top-section elementor-element elementor-element-94ec49d elementor-section-full_width elementor-section-height-min-height elementor-section-height-default elementor-section-items-middle\" data-id=\"94ec49d\" data-element_type=\"section\" data-e-type=\"section\" data-settings=\"{&quot;background_background&quot;:&quot;classic&quot;}\">\n\t\t\t\t\t\t\t<div class=\"elementor-background-overlay\"><\/div>\n\t\t\t\t\t\t\t<div class=\"elementor-container elementor-column-gap-no\">\n\t\t\t\t\t<div class=\"elementor-column elementor-col-100 elementor-top-column elementor-element elementor-element-8268956\" data-id=\"8268956\" data-element_type=\"column\" data-e-type=\"column\">\n\t\t\t<div class=\"elementor-widget-wrap elementor-element-populated\">\n\t\t\t\t\t\t<div class=\"elementor-element elementor-element-5016628 elementor-widget elementor-widget-heading\" data-id=\"5016628\" data-element_type=\"widget\" data-e-type=\"widget\" data-widget_type=\"heading.default\">\n\t\t\t\t<div class=\"elementor-widget-container\">\n\t\t\t\t\t<h2 class=\"elementor-heading-title elementor-size-default\">MARCO CAVALLORO\n<\/h2>\t\t\t\t<\/div>\n\t\t\t\t<\/div>\n\t\t\t\t<div class=\"elementor-element elementor-element-a86216f elementor-widget-divider--view-line elementor-widget elementor-widget-divider\" data-id=\"a86216f\" data-element_type=\"widget\" data-e-type=\"widget\" data-widget_type=\"divider.default\">\n\t\t\t\t<div class=\"elementor-widget-container\">\n\t\t\t\t\t\t\t<div class=\"elementor-divider\">\n\t\t\t<span class=\"elementor-divider-separator\">\n\t\t\t\t\t\t<\/span>\n\t\t<\/div>\n\t\t\t\t\t\t<\/div>\n\t\t\t\t<\/div>\n\t\t\t\t\t<\/div>\n\t\t<\/div>\n\t\t\t\t\t<\/div>\n\t\t<\/section>\n\t\t\t\t<section class=\"elementor-section elementor-top-section elementor-element elementor-element-a2d6cca elementor-section-full_width elementor-section-height-default elementor-section-height-default\" data-id=\"a2d6cca\" data-element_type=\"section\" data-e-type=\"section\">\n\t\t\t\t\t\t<div class=\"elementor-container elementor-column-gap-default\">\n\t\t\t\t\t<div class=\"elementor-column elementor-col-100 elementor-top-column elementor-element elementor-element-a45c6d3\" data-id=\"a45c6d3\" data-element_type=\"column\" data-e-type=\"column\">\n\t\t\t<div class=\"elementor-widget-wrap elementor-element-populated\">\n\t\t\t\t\t\t<div class=\"elementor-element elementor-element-f854b1f elementor-widget elementor-widget-heading\" data-id=\"f854b1f\" data-element_type=\"widget\" data-e-type=\"widget\" data-widget_type=\"heading.default\">\n\t\t\t\t<div class=\"elementor-widget-container\">\n\t\t\t\t\t<h2 class=\"elementor-heading-title elementor-size-default\">ITALIA \/ Classe: Hip Hop\n\n\n\n\n\n\n\n\n\n\n\n<\/h2>\t\t\t\t<\/div>\n\t\t\t\t<\/div>\n\t\t\t\t<div class=\"elementor-element elementor-element-3947f8e elementor-widget elementor-widget-text-editor\" data-id=\"3947f8e\" data-element_type=\"widget\" data-e-type=\"widget\" data-widget_type=\"text-editor.default\">\n\t\t\t\t<div class=\"elementor-widget-container\">\n\t\t\t\t\t\t\t\t\t<p>Marco \u00e8 nato nel 1983 a Montalto di Castro, Italia.<\/p><p>Nel 1994 all&#039;et\u00e0 di 11 anni si rec\u00f2 per la prima volta a Los Angeles, negli Stati Uniti, dove incontr\u00f2 il suo primo insegnante, Milo Levell e dove inizi\u00f2 a ballare Hip Hop. Ha continuato a ballare mentre studiava al liceo e poi all&#039;universit\u00e0.<\/p><p>Come ballerino inizia un&#039;attenta ricerca di un movimento pulito, espressivo e tecnicamente corretto e diventa un appassionato ascoltatore di musica Hip Hop e R&amp;B.<\/p><p>Ha continuato a viaggiare negli Stati Uniti ogni anno studiando in alcuni dei pi\u00f9 prestigiosi studi di danza negli Stati Uniti: Los Angeles (Millenium Dance Complex, Debbie Reynold&#039;s, The Edge\u2026), New York (Broadway Dance Center). Ha ballato con ballerini di fama mondiale come Brian Green, Ejoe Wilson, Superdave, Popin Pete, Mr Wiggles, Link, Loose Joint, Dante, Marty Kudelka, Jayson Wright, RoRo Tabor, Rino, Dave Scott, Shane Sparks, Misha Gabriel, solo per citarne alcuni.<\/p><p>Nel 1996, all&#039;et\u00e0 di 13 anni, Marco diventa assistente di Milo e lavora con lui sia in Europa che in America. Questa esperienza gli ha permesso di apprendere l&#039;importanza di un metodo di insegnamento efficace e di un rapporto positivo con gli studenti.<\/p><p>Nel 1998 ha iniziato ad insegnare a Jesolo, in Italia, alla convention internazionale Fitnesslandia organizzata da Cruisin&#039;. Ha iniziato inoltre a insegnare in prestigiosi convegni in tutta Europa: Madrid, Barcellona, Chiasso, Saint Tropez, Lisbona, Zurigo, Basilea, Amsterdam.<\/p><p>Durante il viaggio durante il fine settimana Marco insegnava nella sua scuola di danza durante la settimana. I suoi allievi hanno partecipato a concorsi e convegni nazionali ed internazionali. Lavorando nel suo studio di danza Marco \u00e8 stato in grado di comprendere i problemi reali che gli studenti affrontano quando prendono lezioni ed \u00e8 stato in grado di connettersi con gli studenti a livello personale.<\/p><p>Tra il 1999 e il 2000 Marco ha avuto le sue prime esperienze lavorative negli Stati Uniti come insegnante di italiano presso la International Hip Hop School di Madonna Grimes a Los Angeles.<\/p><p>Nel 2006 insieme a Cruisin&#039; Marco ha creato la R&amp;B Dance School, una masterclass itinerante di fine settimana che si \u00e8 svolta a Milano, Pordenone, Mantova, Montalto di Castro, Venezia, Mirandola.<\/p><p>Nel 2011 Marco \u00e8 stato invitato ad insegnare all&#039;Amsterdam Dance Center per 15 giorni. Negli ultimi anni Marco si \u00e8 concentrato sull&#039;allenamento e sul miglioramento delle sue tecniche di freestyle.<\/p><p>Nel 2013 e 2014 partecipa con successo a diversi contest: Abruzzo Hip Hop Festival 2013, Jambo 2013, Give It Up 2013, Special One 2014.<\/p>\t\t\t\t\t\t\t\t<\/div>\n\t\t\t\t<\/div>\n\t\t\t\t\t<\/div>\n\t\t<\/div>\n\t\t\t\t\t<\/div>\n\t\t<\/section>\n\t\t\t\t<\/div>","protected":false},"excerpt":{"rendered":"<p>MARCO CAVALLORO ITALY \/ Class: Hip Hop Marco was born in 1983 in Montalto di Castro, Italy. In 1994 at the age 11 he traveled to Los Angeles, USA for the firs time where he met his first teacher, Milo Levell and where he started dancing Hip Hop. He continued dancing while studying in high [&hellip;]<\/p>\n","protected":false},"author":6,"featured_media":0,"parent":1562,"menu_order":0,"comment_status":"closed","ping_status":"closed","template":"","meta":{"_acf_changed":false,"site-sidebar-layout":"no-sidebar","site-content-layout":"page-builder","ast-site-content-layout":"default","site-content-style":"default","site-sidebar-style":"default","ast-global-header-display":"","ast-banner-title-visibility":"","ast-main-header-display":"","ast-hfb-above-header-display":"","ast-hfb-below-header-display":"","ast-hfb-mobile-header-display":"","site-post-title":"disabled","ast-breadcrumbs-content":"","ast-featured-img":"disabled","footer-sml-layout":"","ast-disable-related-posts":"","theme-transparent-header-meta":"default","adv-header-id-meta":"","stick-header-meta":"default","header-above-stick-meta":"","header-main-stick-meta":"","header-below-stick-meta":"","astra-migrate-meta-layouts":"default","ast-page-background-enabled":"default","ast-page-background-meta":{"desktop":{"background-color":"","background-image":"","background-repeat":"repeat","background-position":"center center","background-size":"auto","background-attachment":"scroll","background-type":"","background-media":"","overlay-type":"","overlay-color":"","overlay-opacity":"","overlay-gradient":""},"tablet":{"background-color":"","background-image":"","background-repeat":"repeat","background-position":"center center","background-size":"auto","background-attachment":"scroll","background-type":"","background-media":"","overlay-type":"","overlay-color":"","overlay-opacity":"","overlay-gradient":""},"mobile":{"background-color":"","background-image":"","background-repeat":"repeat","background-position":"center center","background-size":"auto","background-attachment":"scroll","background-type":"","background-media":"","overlay-type":"","overlay-color":"","overlay-opacity":"","overlay-gradient":""}},"ast-content-background-meta":{"desktop":{"background-color":"var(--ast-global-color-5)","background-image":"","background-repeat":"repeat","background-position":"center center","background-size":"auto","background-attachment":"scroll","background-type":"","background-media":"","overlay-type":"","overlay-color":"","overlay-opacity":"","overlay-gradient":""},"tablet":{"background-color":"var(--ast-global-color-5)","background-image":"","background-repeat":"repeat","background-position":"center center","background-size":"auto","background-attachment":"scroll","background-type":"","background-media":"","overlay-type":"","overlay-color":"","overlay-opacity":"","overlay-gradient":""},"mobile":{"background-color":"var(--ast-global-color-5)","background-image":"","background-repeat":"repeat","background-position":"center center","background-size":"auto","background-attachment":"scroll","background-type":"","background-media":"","overlay-type":"","overlay-color":"","overlay-opacity":"","overlay-gradient":""}},"footnotes":""},"class_list":["post-1679","page","type-page","status-publish","hentry"],"acf":[],"jetpack_sharing_enabled":true,"_links":{"self":[{"href":"https:\/\/worlddancemovement.com\/it_it\/wp-json\/wp\/v2\/pages\/1679","targetHints":{"allow":["GET"]}}],"collection":[{"href":"https:\/\/worlddancemovement.com\/it_it\/wp-json\/wp\/v2\/pages"}],"about":[{"href":"https:\/\/worlddancemovement.com\/it_it\/wp-json\/wp\/v2\/types\/page"}],"author":[{"embeddable":true,"href":"https:\/\/worlddancemovement.com\/it_it\/wp-json\/wp\/v2\/users\/6"}],"replies":[{"embeddable":true,"href":"https:\/\/worlddancemovement.com\/it_it\/wp-json\/wp\/v2\/comments?post=1679"}],"version-history":[{"count":10,"href":"https:\/\/worlddancemovement.com\/it_it\/wp-json\/wp\/v2\/pages\/1679\/revisions"}],"predecessor-version":[{"id":13346,"href":"https:\/\/worlddancemovement.com\/it_it\/wp-json\/wp\/v2\/pages\/1679\/revisions\/13346"}],"up":[{"embeddable":true,"href":"https:\/\/worlddancemovement.com\/it_it\/wp-json\/wp\/v2\/pages\/1562"}],"wp:attachment":[{"href":"https:\/\/worlddancemovement.com\/it_it\/wp-json\/wp\/v2\/media?parent=1679"}],"curies":[{"name":"parola chiave","href":"https:\/\/api.w.org\/{rel}","templated":true}]}}