{"id":1692,"date":"2021-01-01T14:03:09","date_gmt":"2021-01-01T14:03:09","guid":{"rendered":"https:\/\/migrate.worlddancemovement.com\/?page_id=1692"},"modified":"2023-10-05T22:26:31","modified_gmt":"2023-10-05T22:26:31","slug":"susanna-odevaine","status":"publish","type":"page","link":"https:\/\/worlddancemovement.com\/it_it\/faculty\/susanna-odevaine\/","title":{"rendered":"SUSANNA ODEVAINE"},"content":{"rendered":"<div data-elementor-type=\"wp-page\" data-elementor-id=\"1692\" class=\"elementor elementor-1692\" data-elementor-post-type=\"page\">\n\t\t\t\t\t\t<section class=\"elementor-section elementor-top-section elementor-element elementor-element-94ec49d elementor-section-full_width elementor-section-height-min-height elementor-section-height-default elementor-section-items-middle\" data-id=\"94ec49d\" data-element_type=\"section\" data-e-type=\"section\" data-settings=\"{&quot;background_background&quot;:&quot;classic&quot;}\">\n\t\t\t\t\t\t\t<div class=\"elementor-background-overlay\"><\/div>\n\t\t\t\t\t\t\t<div class=\"elementor-container elementor-column-gap-no\">\n\t\t\t\t\t<div class=\"elementor-column elementor-col-100 elementor-top-column elementor-element elementor-element-8268956\" data-id=\"8268956\" data-element_type=\"column\" data-e-type=\"column\">\n\t\t\t<div class=\"elementor-widget-wrap elementor-element-populated\">\n\t\t\t\t\t\t<div class=\"elementor-element elementor-element-5016628 elementor-widget elementor-widget-heading\" data-id=\"5016628\" data-element_type=\"widget\" data-e-type=\"widget\" data-widget_type=\"heading.default\">\n\t\t\t\t<div class=\"elementor-widget-container\">\n\t\t\t\t\t<h2 class=\"elementor-heading-title elementor-size-default\">SUSANNA ODEVAINE\n<\/h2>\t\t\t\t<\/div>\n\t\t\t\t<\/div>\n\t\t\t\t<div class=\"elementor-element elementor-element-a86216f elementor-widget-divider--view-line elementor-widget elementor-widget-divider\" data-id=\"a86216f\" data-element_type=\"widget\" data-e-type=\"widget\" data-widget_type=\"divider.default\">\n\t\t\t\t<div class=\"elementor-widget-container\">\n\t\t\t\t\t\t\t<div class=\"elementor-divider\">\n\t\t\t<span class=\"elementor-divider-separator\">\n\t\t\t\t\t\t<\/span>\n\t\t<\/div>\n\t\t\t\t\t\t<\/div>\n\t\t\t\t<\/div>\n\t\t\t\t\t<\/div>\n\t\t<\/div>\n\t\t\t\t\t<\/div>\n\t\t<\/section>\n\t\t\t\t<section class=\"elementor-section elementor-top-section elementor-element elementor-element-a2d6cca elementor-section-full_width elementor-section-height-default elementor-section-height-default\" data-id=\"a2d6cca\" data-element_type=\"section\" data-e-type=\"section\">\n\t\t\t\t\t\t<div class=\"elementor-container elementor-column-gap-default\">\n\t\t\t\t\t<div class=\"elementor-column elementor-col-100 elementor-top-column elementor-element elementor-element-a45c6d3\" data-id=\"a45c6d3\" data-element_type=\"column\" data-e-type=\"column\">\n\t\t\t<div class=\"elementor-widget-wrap elementor-element-populated\">\n\t\t\t\t\t\t<div class=\"elementor-element elementor-element-f854b1f elementor-widget elementor-widget-heading\" data-id=\"f854b1f\" data-element_type=\"widget\" data-e-type=\"widget\" data-widget_type=\"heading.default\">\n\t\t\t\t<div class=\"elementor-widget-container\">\n\t\t\t\t\t<h2 class=\"elementor-heading-title elementor-size-default\">ITALIA \/ Lezione: Elementi di Pedagogia Artistica \n\n\n\n\n\n\n\n\n\n\n\n<\/h2>\t\t\t\t<\/div>\n\t\t\t\t<\/div>\n\t\t\t\t<div class=\"elementor-element elementor-element-85d28df elementor-widget elementor-widget-heading\" data-id=\"85d28df\" data-element_type=\"widget\" data-e-type=\"widget\" data-widget_type=\"heading.default\">\n\t\t\t\t<div class=\"elementor-widget-container\">\n\t\t\t\t\t<h2 class=\"elementor-heading-title elementor-size-default\">Il bambino e la sua danza:\n\n<\/h2>\t\t\t\t<\/div>\n\t\t\t\t<\/div>\n\t\t\t\t<div class=\"elementor-element elementor-element-3947f8e elementor-widget elementor-widget-text-editor\" data-id=\"3947f8e\" data-element_type=\"widget\" data-e-type=\"widget\" data-widget_type=\"text-editor.default\">\n\t\t\t\t<div class=\"elementor-widget-container\">\n\t\t\t\t\t\t\t\t\t<p>La danza \u00e8 l&#039;arte del movimento. Il seminario offre un punto di vista sull&#039;arte dell&#039;educazione alla danza nelle sue dimensioni corporee, sociali e simboliche.<\/p><p>L&#039;insegnante di danza ha il compito di coltivare la sensibilit\u00e0, la creativit\u00e0 e il senso estetico del bambino permettendogli di vivere tutte le fasi del processo artistico di creazione. La danza del bambino contiene gi\u00e0 tutti gli elementi del gioco coreografico: esplorare, improvvisare, comporre, osservare. La qualit\u00e0 dell&#039;atto \u00e8 direttamente correlata all&#039;intenzionalit\u00e0 espressiva dell&#039;atto, deve poter emergere in ogni movimento durante il graduale sviluppo delle capacit\u00e0 tecniche.<\/p><p>Questa idea di danza lascia uno spazio aperto alla ricerca, in cui l&#039;idea stessa di tecnica si estende alla materia dell&#039;ascolto, della relazione, dell&#039;immaginario e dell&#039;esperienza sensoriale.<\/p><p>Le lezioni propongono esempi pratici di laboratori rivolti ai bambini, con riferimento alle diverse fasce di et\u00e0 comprese tra i 3 e gli 8 anni. Ogni partecipante potr\u00e0 rielaborare i contenuti suggeriti in base alle proprie esigenze e personalit\u00e0.<\/p><p>Il progetto prevede diverse fasi: esperienza pratica, analisi del lavoro (scopo, contenuto, riferimenti metodologici), ipotesi di lavoro aggiuntive (discussione tra i partecipanti su come sviluppare e applicare questa metodologia).<\/p><p><strong>BIOGRAFIA<\/strong><\/p><p>Susanna Odevaine si \u00e8 diplomata all&#039;Institut de Formation Professionnelle pour l&#039;Enseignement de la Danse Contemporaine diretto da Fran\u00e7oise Dupuy (RIDC, Parigi 1983-87). Ha ballato con diverse compagnie italiane in Italia e all&#039;estero.<\/p><p>Nel 2003 inizia un&#039;intensa attivit\u00e0 di insegnamento della danza nelle scuole pubbliche. Ha conseguito il Certificato di Danzeducatore\u00ae presso Mousik\u00e9 di Bologna, e il Certificato di DanceAbility Teacher Trainer presso DanceAbility\u00ae International.<\/p><p>Dal 2006 al 2012 \u00e8 stata membro del Consiglio Direttivo della National Dance Education Society, DES.<\/p><p>\u00c8 stata docente presso l&#039;Universit\u00e0 degli Studi di Scienze Motorie (IUMS, Roma) nell&#039;ambito del progetto L&#039;Insegnamento della Danza nelle Scuole; Corso biennale di Musicoterapia Gabriel Marcel a Palermo e presso il Consorzio Universitario Orientale di Noto, MT Academy.<\/p><p>Forma gli insegnanti delle scuole materne ed elementari.<\/p><p>\u00c8 docente universitaria nel Master \u201cLe Artiterapie: metodi e tecniche d&#039;intervento\u201d presso l&#039;Universit\u00e0 Roma Tre in Italia. Autrice di articoli e relatrice in diversi convegni, \u00e8 Presidente del Progetto Educativo Choronde e Direttrice del Corso di Formazione in Pedagogia del Movimento La Danza Va a Scuola.<\/p>\t\t\t\t\t\t\t\t<\/div>\n\t\t\t\t<\/div>\n\t\t\t\t\t<\/div>\n\t\t<\/div>\n\t\t\t\t\t<\/div>\n\t\t<\/section>\n\t\t\t\t<\/div>","protected":false},"excerpt":{"rendered":"<p>SUSANNA ODEVAINE ITALY \/ Class: Elements of Artistic Pedagogy The child and his\/her dance: Dance is the art of movement. The seminar offers a point of view regarding the art of dance education in its body, social and symbolic dimensions. The dance teacher is responsible for cultivating sensitivity, creativity and the aesthetic sense of the [&hellip;]<\/p>\n","protected":false},"author":6,"featured_media":0,"parent":1562,"menu_order":0,"comment_status":"closed","ping_status":"closed","template":"","meta":{"_acf_changed":false,"site-sidebar-layout":"no-sidebar","site-content-layout":"page-builder","ast-site-content-layout":"default","site-content-style":"default","site-sidebar-style":"default","ast-global-header-display":"","ast-banner-title-visibility":"","ast-main-header-display":"","ast-hfb-above-header-display":"","ast-hfb-below-header-display":"","ast-hfb-mobile-header-display":"","site-post-title":"disabled","ast-breadcrumbs-content":"","ast-featured-img":"disabled","footer-sml-layout":"","ast-disable-related-posts":"","theme-transparent-header-meta":"default","adv-header-id-meta":"","stick-header-meta":"default","header-above-stick-meta":"","header-main-stick-meta":"","header-below-stick-meta":"","astra-migrate-meta-layouts":"default","ast-page-background-enabled":"default","ast-page-background-meta":{"desktop":{"background-color":"","background-image":"","background-repeat":"repeat","background-position":"center center","background-size":"auto","background-attachment":"scroll","background-type":"","background-media":"","overlay-type":"","overlay-color":"","overlay-opacity":"","overlay-gradient":""},"tablet":{"background-color":"","background-image":"","background-repeat":"repeat","background-position":"center center","background-size":"auto","background-attachment":"scroll","background-type":"","background-media":"","overlay-type":"","overlay-color":"","overlay-opacity":"","overlay-gradient":""},"mobile":{"background-color":"","background-image":"","background-repeat":"repeat","background-position":"center center","background-size":"auto","background-attachment":"scroll","background-type":"","background-media":"","overlay-type":"","overlay-color":"","overlay-opacity":"","overlay-gradient":""}},"ast-content-background-meta":{"desktop":{"background-color":"var(--ast-global-color-5)","background-image":"","background-repeat":"repeat","background-position":"center center","background-size":"auto","background-attachment":"scroll","background-type":"","background-media":"","overlay-type":"","overlay-color":"","overlay-opacity":"","overlay-gradient":""},"tablet":{"background-color":"var(--ast-global-color-5)","background-image":"","background-repeat":"repeat","background-position":"center center","background-size":"auto","background-attachment":"scroll","background-type":"","background-media":"","overlay-type":"","overlay-color":"","overlay-opacity":"","overlay-gradient":""},"mobile":{"background-color":"var(--ast-global-color-5)","background-image":"","background-repeat":"repeat","background-position":"center center","background-size":"auto","background-attachment":"scroll","background-type":"","background-media":"","overlay-type":"","overlay-color":"","overlay-opacity":"","overlay-gradient":""}},"footnotes":""},"class_list":["post-1692","page","type-page","status-publish","hentry"],"acf":[],"jetpack_sharing_enabled":true,"_links":{"self":[{"href":"https:\/\/worlddancemovement.com\/it_it\/wp-json\/wp\/v2\/pages\/1692","targetHints":{"allow":["GET"]}}],"collection":[{"href":"https:\/\/worlddancemovement.com\/it_it\/wp-json\/wp\/v2\/pages"}],"about":[{"href":"https:\/\/worlddancemovement.com\/it_it\/wp-json\/wp\/v2\/types\/page"}],"author":[{"embeddable":true,"href":"https:\/\/worlddancemovement.com\/it_it\/wp-json\/wp\/v2\/users\/6"}],"replies":[{"embeddable":true,"href":"https:\/\/worlddancemovement.com\/it_it\/wp-json\/wp\/v2\/comments?post=1692"}],"version-history":[{"count":10,"href":"https:\/\/worlddancemovement.com\/it_it\/wp-json\/wp\/v2\/pages\/1692\/revisions"}],"predecessor-version":[{"id":13361,"href":"https:\/\/worlddancemovement.com\/it_it\/wp-json\/wp\/v2\/pages\/1692\/revisions\/13361"}],"up":[{"embeddable":true,"href":"https:\/\/worlddancemovement.com\/it_it\/wp-json\/wp\/v2\/pages\/1562"}],"wp:attachment":[{"href":"https:\/\/worlddancemovement.com\/it_it\/wp-json\/wp\/v2\/media?parent=1692"}],"curies":[{"name":"parola chiave","href":"https:\/\/api.w.org\/{rel}","templated":true}]}}